{"id":28520,"date":"2021-08-05T17:40:16","date_gmt":"2021-08-05T17:40:16","guid":{"rendered":"https:\/\/www.thebeach-tulum.com\/where-we-are\/"},"modified":"2025-02-06T08:05:10","modified_gmt":"2025-02-06T08:05:10","slug":"where-we-are","status":"publish","type":"page","link":"https:\/\/www.thebeach-tulum.com\/es\/where-we-are\/","title":{"rendered":"D\u00f3nde estamos"},"content":{"rendered":"<div class=\"gb-container gb-container-24fd7f57 bt-hero\"><div class=\"gb-inside-container\">\n<div class=\"gb-container gb-container-9c9260d8 bt-hero__image\"><div class=\"gb-inside-container\">\n\n<figure class=\"wp-block-image size-full\"><img decoding=\"async\" width=\"1920\" height=\"1280\" src=\"https:\/\/www.thebeach-tulum.com\/wp-content\/uploads\/2025\/01\/where-we-are.jpg\" alt=\"The Beach tulum Hotel location\" class=\"wp-image-35519\" srcset=\"https:\/\/www.thebeach-tulum.com\/wp-content\/uploads\/2025\/01\/where-we-are.jpg 1920w, https:\/\/www.thebeach-tulum.com\/wp-content\/uploads\/2025\/01\/where-we-are-300x200.jpg 300w, https:\/\/www.thebeach-tulum.com\/wp-content\/uploads\/2025\/01\/where-we-are-768x512.jpg 768w, https:\/\/www.thebeach-tulum.com\/wp-content\/uploads\/2025\/01\/where-we-are-50x33.jpg 50w, https:\/\/www.thebeach-tulum.com\/wp-content\/uploads\/2025\/01\/where-we-are-1600x1067.jpg 1600w, https:\/\/www.thebeach-tulum.com\/wp-content\/uploads\/2025\/01\/where-we-are-1536x1024.jpg 1536w, https:\/\/www.thebeach-tulum.com\/wp-content\/uploads\/2025\/01\/where-we-are-600x400.jpg 600w, https:\/\/www.thebeach-tulum.com\/wp-content\/uploads\/2025\/01\/where-we-are-1024x683.jpg 1024w, https:\/\/www.thebeach-tulum.com\/wp-content\/uploads\/2025\/01\/where-we-are-1200x800.jpg 1200w\" sizes=\"(max-width: 1920px) 100vw, 1920px\" \/><figcaption class=\"wp-element-caption\">default<\/figcaption><\/figure>\n\n<\/div><\/div>\n<\/div><\/div>\n\n<div class=\"gb-container gb-container-5d006a5d bt-hero bt-gutter\"><div class=\"gb-inside-container\">\n<div class=\"gb-container gb-container-a99fd402\"><div class=\"gb-inside-container\">\n<div class=\"yoast-breadcrumbs\"><span><span><a href=\"https:\/\/www.thebeach-tulum.com\/es\/\">Home<\/a><\/span> &gt; <span class=\"breadcrumb_last\" aria-current=\"page\">D\u00f3nde estamos<\/span><\/span><\/div>\n\n\n<h1 class=\"gb-headline gb-headline-bf7e627e gb-headline-text\">D\u00f3nde estamos<\/h1>\n\n\n\n<p>The Beach Tulum es el hotel boutique por excelencia en Tulum, uno de los lugares m\u00e1s cotizados de M\u00e9xico: la Riviera Maya, el Caribe mexicano. Tulum se encuentra en el estado de Quintana Roo, en la parte oriental de la pen\u00ednsula de Yucat\u00e1n: la espectacular costa de Yucat\u00e1n permite admirar tanto el mar Caribe (al este) como el golfo de M\u00e9xico (al norte).<\/p>\n\n\n\n<p>Tulum no solo es el sitio de una ciudad amurallada maya precolombina considerada un puerto importante para Cob\u00e1, sino tambi\u00e9n una de las \u00faltimas \u00e1reas habitadas por los mayas. Hoy en d\u00eda, es uno de los sitios mayas costeros mejor conservados de M\u00e9xico.<\/p>\n\n\n\n<div style=\"height:24px\" aria-hidden=\"true\" class=\"wp-block-spacer\"><\/div>\n\n<\/div><\/div>\n<\/div><\/div>\n\n\n<div class=\"wp-block-columns is-layout-flex wp-container-core-columns-is-layout-28f84493 wp-block-columns-is-layout-flex\">\n<div class=\"wp-block-column is-layout-flow wp-block-column-is-layout-flow\">\t\t\t<div \n\t\t\tclass=\"wp-block-uagb-google-map uagb-google-map__wrap uagb-block-e1541258     \"\n\t\t\tstyle=\"\" >\n\t\t\t\t<embed\n\t\t\t\t\tclass=\"uagb-google-map__iframe\"\n\t\t\t\t\ttitle=\"Mapa de Google de\"\n\t\t\t\t\tsrc=\"https:\/\/maps.google.com\/maps?q=The%20Beach%20Tulum%20Hotel&#038;z=6&#038;hl=en&#038;t=m&#038;output=embed&#038;iwloc=near\"\n\t\t\t\t\twidth=\"640\"\n\t\t\t\t\theight=\"500\"\n\t\t\t\t\tloading=\"lazy\"\n\t\t\t\t><\/embed>\n\t\t\t<\/div>\n\t\t\t<\/div>\n\n\n\n<div class=\"wp-block-column is-layout-flow wp-block-column-is-layout-flow\"><div class=\"gb-container gb-container-43104842\"><div class=\"gb-inside-container\">\n\n<h2 class=\"gb-headline gb-headline-5bbcca2d gb-headline-text\">C\u00f3mo llegar al Hotel The Beach Tulum<\/h2>\n\n\n\n<p>Encontrar\u00e1s el Hotel The Beach Tulum sobre la Carretera Tulum-Boca Paila al km 7.2 de la Zona Hotelera de Tulum. Puedes llegar al hotel desde Playa del Carmen, el Aeropuerto Internacional de Canc\u00fan o el Aeropuerto Internacional de Tulum tomando la \u00fanica carretera disponible en direcci\u00f3n sur\/norte (307). Solo tendr\u00e1s que seguir las se\u00f1ales a lo largo del camino y tener en cuenta que el hotel se encuentra a unas dos horas en coche desde el aeropuerto de Cancun y a unos 40 minutos desde el aeropuerto de Tulum.<\/p>\n\n\n\n<p>En el cruce con la Avenida Coba (hay un 7 Eleven) gira en el sem\u00e1foro hacia la Zona Hotelera de Tulum por la Avenida Coba. Sigue recto por esta carretera. Ver\u00e1s algunos edificios y tiendas a lo largo de esta ruta, como la Cruz Roja y la Estaci\u00f3n de Polic\u00eda de Tulum. Contin\u00faa por unos tres kil\u00f3metros y en la bifurcaci\u00f3n, mantente a la derecha. Sigue conduciendo unos tres kil\u00f3metros m\u00e1s por esta carretera de playa. En tu camino, ver\u00e1s algunas tiendas y hoteles. Ver\u00e1 una tienda de conveniencia llamada \u201cGoMart\u201d a su derecha. Una vez que la pase, se encontrar\u00e1 con un tope de velocidad. Comience a disminuir la velocidad ya que la entrada a The Beach Tulum Hotel estar\u00e1 a unos 200 pies, despu\u00e9s del tope de velocidad a su derecha.<\/p>\n\n\n\n<p>Encontrar\u00e1 los letreros de Cabanas Tulum, Fresco\u2019s, Ziggy Beach Club, Ziggy\u2019s Restaurant.<\/p>\n\n\n\n<p>\u00a1Has llegado, bienvenido a The Beach Tulum Hotel!<\/p>\n\n<\/div><\/div><\/div>\n<\/div>\n\n\n<div class=\"gb-container gb-container-3c4813e1 bt-tripadvisor-block\"><div class=\"gb-inside-container\">\n\n<div style=\"width:166px;margin: 0 auto;\"><div id=\"TA_tchotel941\" class=\"TA_tchotel\"><ul id=\"LnbgHoH\" class=\"TA_links egGC2Y\"><li id=\"z1XaoGBv\" class=\"bK012uAA7osq\"><a target=\"_blank\" href=\"https:\/\/www.tripadvisor.com\/Hotel_Review-g23240074-d3979959-Reviews-The_Beach_Tulum_Hotel-Tulum_Beach_Tulum_Yucatan_Peninsula.html\"><img decoding=\"async\" src=\"https:\/\/static.tacdn.com\/img2\/travelers_choice\/widgets\/tchotel_bob_2025_L.png\" alt=\"Tripadvisor\" class=\"false\" id=\"false\"\/><\/a><\/li><\/ul><\/div><script async src=\"https:\/\/www.jscache.com\/wejs?wtype=tchotel&amp;uniq=941&amp;locationId=3979959&amp;lang=en_US&amp;year=2025&amp;display_version=2\" data-loadtrk onload=\"this.loadtrk=true\"><\/script><\/div>\n\n\n\n<p class=\"has-text-align-center\"><a href=\"https:\/\/www.tripadvisor.com\/Hotel_Review-g23240074-d3979959-Reviews-The_Beach_Tulum_Hotel-Tulum_Beach_Tulum_Yucatan_Peninsula.html\" class=\"bt-button--line\" target=\"_blank\" rel=\"noopener\">Encu\u00e9ntranos en Tripadvisor<\/a><\/p>\n\n<\/div><\/div>","protected":false},"excerpt":{"rendered":"<p>D\u00f3nde estamos The Beach Tulum es el hotel boutique por excelencia en Tulum, uno de los lugares m\u00e1s cotizados de M\u00e9xico: la Riviera Maya, el Caribe mexicano. Tulum se encuentra en el estado de Quintana Roo, en la parte oriental de la pen\u00ednsula de Yucat\u00e1n: la espectacular costa de Yucat\u00e1n permite admirar tanto el mar [&hellip;]<\/p>\n","protected":false},"author":5,"featured_media":0,"parent":0,"menu_order":109,"comment_status":"closed","ping_status":"closed","template":"","meta":{"_acf_changed":false,"_uag_custom_page_level_css":"","site-sidebar-layout":"default","site-content-layout":"default","ast-site-content-layout":"default","site-content-style":"default","site-sidebar-style":"default","ast-global-header-display":"","ast-banner-title-visibility":"","ast-main-header-display":"","ast-hfb-above-header-display":"","ast-hfb-below-header-display":"","ast-hfb-mobile-header-display":"","site-post-title":"disabled","ast-breadcrumbs-content":"","ast-featured-img":"","footer-sml-layout":"","theme-transparent-header-meta":"enabled","adv-header-id-meta":"","stick-header-meta":"default","header-above-stick-meta":"","header-main-stick-meta":"","header-below-stick-meta":"","astra-migrate-meta-layouts":"set","ast-page-background-enabled":"default","ast-page-background-meta":{"desktop":{"background-color":"","background-image":"","background-repeat":"repeat","background-position":"center center","background-size":"auto","background-attachment":"scroll","background-type":"","background-media":"","overlay-type":"","overlay-color":"","overlay-opacity":"","overlay-gradient":""},"tablet":{"background-color":"","background-image":"","background-repeat":"repeat","background-position":"center center","background-size":"auto","background-attachment":"scroll","background-type":"","background-media":"","overlay-type":"","overlay-color":"","overlay-opacity":"","overlay-gradient":""},"mobile":{"background-color":"","background-image":"","background-repeat":"repeat","background-position":"center center","background-size":"auto","background-attachment":"scroll","background-type":"","background-media":"","overlay-type":"","overlay-color":"","overlay-opacity":"","overlay-gradient":""}},"ast-content-background-meta":{"desktop":{"background-color":"var(--ast-global-color-5)","background-image":"","background-repeat":"repeat","background-position":"center center","background-size":"auto","background-attachment":"scroll","background-type":"","background-media":"","overlay-type":"","overlay-color":"","overlay-opacity":"","overlay-gradient":""},"tablet":{"background-color":"var(--ast-global-color-5)","background-image":"","background-repeat":"repeat","background-position":"center center","background-size":"auto","background-attachment":"scroll","background-type":"","background-media":"","overlay-type":"","overlay-color":"","overlay-opacity":"","overlay-gradient":""},"mobile":{"background-color":"var(--ast-global-color-5)","background-image":"","background-repeat":"repeat","background-position":"center center","background-size":"auto","background-attachment":"scroll","background-type":"","background-media":"","overlay-type":"","overlay-color":"","overlay-opacity":"","overlay-gradient":""}},"pgc_sgb_lightbox_settings":"","footnotes":""},"class_list":["post-28520","page","type-page","status-publish","hentry"],"acf":[],"yoast_head":"<!-- This site is optimized with the Yoast SEO plugin v24.2 - https:\/\/yoast.com\/wordpress\/plugins\/seo\/ -->\n<title>Where we are | THE BEACH TULUM HOTEL<\/title>\n<meta name=\"description\" content=\"The Beach Tulum is the ultimate boutique hotel waiting for you in Tulum\" \/>\n<meta name=\"robots\" content=\"index, follow, max-snippet:-1, max-image-preview:large, max-video-preview:-1\" \/>\n<link rel=\"canonical\" href=\"https:\/\/www.thebeach-tulum.com\/es\/where-we-are\/\" \/>\n<meta property=\"og:locale\" content=\"es_ES\" \/>\n<meta property=\"og:type\" content=\"article\" \/>\n<meta property=\"og:title\" content=\"Where we are | THE BEACH TULUM HOTEL\" \/>\n<meta property=\"og:description\" content=\"The Beach Tulum is the ultimate boutique hotel waiting for you in Tulum\" \/>\n<meta property=\"og:url\" content=\"https:\/\/www.thebeach-tulum.com\/es\/where-we-are\/\" \/>\n<meta property=\"og:site_name\" content=\"The Beach Tulum Hotel\" \/>\n<meta property=\"article:modified_time\" content=\"2025-02-06T08:05:10+00:00\" \/>\n<meta property=\"og:image\" content=\"https:\/\/www.thebeach-tulum.com\/wp-content\/uploads\/2025\/01\/where-we-are.jpg\" \/>\n<meta name=\"twitter:card\" content=\"summary_large_image\" \/>\n<meta name=\"twitter:label1\" content=\"Tiempo de lectura\" \/>\n\t<meta name=\"twitter:data1\" content=\"2 minutos\" \/>\n<!-- \/ Yoast SEO plugin. -->","yoast_head_json":{"title":"Where we are | THE BEACH TULUM HOTEL","description":"The Beach Tulum is the ultimate boutique hotel waiting for you in Tulum","robots":{"index":"index","follow":"follow","max-snippet":"max-snippet:-1","max-image-preview":"max-image-preview:large","max-video-preview":"max-video-preview:-1"},"canonical":"https:\/\/www.thebeach-tulum.com\/es\/where-we-are\/","og_locale":"es_ES","og_type":"article","og_title":"Where we are | THE BEACH TULUM HOTEL","og_description":"The Beach Tulum is the ultimate boutique hotel waiting for you in Tulum","og_url":"https:\/\/www.thebeach-tulum.com\/es\/where-we-are\/","og_site_name":"The Beach Tulum Hotel","article_modified_time":"2025-02-06T08:05:10+00:00","og_image":[{"url":"https:\/\/www.thebeach-tulum.com\/wp-content\/uploads\/2025\/01\/where-we-are.jpg","type":"","width":"","height":""}],"twitter_card":"summary_large_image","twitter_misc":{"Tiempo de lectura":"2 minutos"},"schema":{"@context":"https:\/\/schema.org","@graph":[{"@type":"WebPage","@id":"https:\/\/www.thebeach-tulum.com\/es\/where-we-are\/","url":"https:\/\/www.thebeach-tulum.com\/es\/where-we-are\/","name":"Where we are | THE BEACH TULUM HOTEL","isPartOf":{"@id":"https:\/\/www.thebeach-tulum.com\/es\/#website"},"primaryImageOfPage":{"@id":"https:\/\/www.thebeach-tulum.com\/es\/where-we-are\/#primaryimage"},"image":{"@id":"https:\/\/www.thebeach-tulum.com\/es\/where-we-are\/#primaryimage"},"thumbnailUrl":"https:\/\/www.thebeach-tulum.com\/wp-content\/uploads\/2025\/01\/where-we-are.jpg","datePublished":"2021-08-05T17:40:16+00:00","dateModified":"2025-02-06T08:05:10+00:00","description":"The Beach Tulum is the ultimate boutique hotel waiting for you in Tulum","breadcrumb":{"@id":"https:\/\/www.thebeach-tulum.com\/es\/where-we-are\/#breadcrumb"},"inLanguage":"es","potentialAction":[{"@type":"ReadAction","target":["https:\/\/www.thebeach-tulum.com\/es\/where-we-are\/"]}]},{"@type":"ImageObject","inLanguage":"es","@id":"https:\/\/www.thebeach-tulum.com\/es\/where-we-are\/#primaryimage","url":"https:\/\/www.thebeach-tulum.com\/wp-content\/uploads\/2025\/01\/where-we-are.jpg","contentUrl":"https:\/\/www.thebeach-tulum.com\/wp-content\/uploads\/2025\/01\/where-we-are.jpg"},{"@type":"BreadcrumbList","@id":"https:\/\/www.thebeach-tulum.com\/es\/where-we-are\/#breadcrumb","itemListElement":[{"@type":"ListItem","position":1,"name":"Home","item":"https:\/\/www.thebeach-tulum.com\/es\/"},{"@type":"ListItem","position":2,"name":"D\u00f3nde estamos"}]},{"@type":"WebSite","@id":"https:\/\/www.thebeach-tulum.com\/es\/#website","url":"https:\/\/www.thebeach-tulum.com\/es\/","name":"The Beach Tulum Hotel","description":"Adult only Hotel in Tulum, Riviera Maya","publisher":{"@id":"https:\/\/www.thebeach-tulum.com\/es\/#organization"},"potentialAction":[{"@type":"SearchAction","target":{"@type":"EntryPoint","urlTemplate":"https:\/\/www.thebeach-tulum.com\/es\/?s={search_term_string}"},"query-input":{"@type":"PropertyValueSpecification","valueRequired":true,"valueName":"search_term_string"}}],"inLanguage":"es"},{"@type":"Organization","@id":"https:\/\/www.thebeach-tulum.com\/es\/#organization","name":"The Beach Tulum Hotel","url":"https:\/\/www.thebeach-tulum.com\/es\/","logo":{"@type":"ImageObject","inLanguage":"es","@id":"https:\/\/www.thebeach-tulum.com\/es\/#\/schema\/logo\/image\/","url":"https:\/\/www.thebeach-tulum.com\/wp-content\/uploads\/2021\/05\/the-beach-tulum_logo_blue.png","contentUrl":"https:\/\/www.thebeach-tulum.com\/wp-content\/uploads\/2021\/05\/the-beach-tulum_logo_blue.png","width":295,"height":100,"caption":"The Beach Tulum Hotel"},"image":{"@id":"https:\/\/www.thebeach-tulum.com\/es\/#\/schema\/logo\/image\/"}}]}},"uagb_featured_image_src":{"full":false,"thumbnail":false,"medium":false,"medium_large":false,"large":false,"gs-tiny":false,"xl":false,"xxl":false,"xxxl":false,"xxxxl":false,"xxxxxl":false,"1536x1536":false,"2048x2048":false,"es_600":false,"es_1024":false,"es_1200":false,"blog":false,"gallery_es":false},"uagb_author_info":{"display_name":"TheBeachTulum","author_link":"https:\/\/www.thebeach-tulum.com\/es\/author\/thebeachtulum\/"},"uagb_comment_info":0,"uagb_excerpt":"D\u00f3nde estamos The Beach Tulum es el hotel boutique por excelencia en Tulum, uno de los lugares m\u00e1s cotizados de M\u00e9xico: la Riviera Maya, el Caribe mexicano. Tulum se encuentra en el estado de Quintana Roo, en la parte oriental de la pen\u00ednsula de Yucat\u00e1n: la espectacular costa de Yucat\u00e1n permite admirar tanto el mar&hellip;","_links":{"self":[{"href":"https:\/\/www.thebeach-tulum.com\/es\/wp-json\/wp\/v2\/pages\/28520","targetHints":{"allow":["GET"]}}],"collection":[{"href":"https:\/\/www.thebeach-tulum.com\/es\/wp-json\/wp\/v2\/pages"}],"about":[{"href":"https:\/\/www.thebeach-tulum.com\/es\/wp-json\/wp\/v2\/types\/page"}],"author":[{"embeddable":true,"href":"https:\/\/www.thebeach-tulum.com\/es\/wp-json\/wp\/v2\/users\/5"}],"replies":[{"embeddable":true,"href":"https:\/\/www.thebeach-tulum.com\/es\/wp-json\/wp\/v2\/comments?post=28520"}],"version-history":[{"count":1,"href":"https:\/\/www.thebeach-tulum.com\/es\/wp-json\/wp\/v2\/pages\/28520\/revisions"}],"predecessor-version":[{"id":36222,"href":"https:\/\/www.thebeach-tulum.com\/es\/wp-json\/wp\/v2\/pages\/28520\/revisions\/36222"}],"wp:attachment":[{"href":"https:\/\/www.thebeach-tulum.com\/es\/wp-json\/wp\/v2\/media?parent=28520"}],"curies":[{"name":"wp","href":"https:\/\/api.w.org\/{rel}","templated":true}]}}