{"id":7053,"date":"2021-10-29T15:07:14","date_gmt":"2021-10-29T15:07:14","guid":{"rendered":"\/\/www.thebeach-tulum.com\/?page_id=7053"},"modified":"2026-03-23T16:32:59","modified_gmt":"2026-03-23T16:32:59","slug":"ofertas","status":"publish","type":"page","link":"https:\/\/www.thebeach-tulum.com\/es\/ofertas\/","title":{"rendered":"Ofertas"},"content":{"rendered":"<div class=\"gb-container gb-container-a8082979 bt-hero\"><div class=\"gb-inside-container\">\n<div class=\"gb-container gb-container-4472ad32 bt-hero__image\"><div class=\"gb-inside-container\">\n\n<figure class=\"wp-block-image size-full\"><img decoding=\"async\" width=\"1920\" height=\"1280\" src=\"https:\/\/www.thebeach-tulum.com\/wp-content\/uploads\/2021\/09\/offers-header.jpg\" alt=\"\" class=\"wp-image-3273\" srcset=\"https:\/\/www.thebeach-tulum.com\/wp-content\/uploads\/2021\/09\/offers-header.jpg 1920w, https:\/\/www.thebeach-tulum.com\/wp-content\/uploads\/2021\/09\/offers-header-300x200.jpg 300w, https:\/\/www.thebeach-tulum.com\/wp-content\/uploads\/2021\/09\/offers-header-768x512.jpg 768w, https:\/\/www.thebeach-tulum.com\/wp-content\/uploads\/2021\/09\/offers-header-1600x1067.jpg 1600w, https:\/\/www.thebeach-tulum.com\/wp-content\/uploads\/2021\/09\/offers-header-1536x1024.jpg 1536w, https:\/\/www.thebeach-tulum.com\/wp-content\/uploads\/2021\/09\/offers-header-1024x683.jpg 1024w\" sizes=\"(max-width: 1920px) 100vw, 1920px\" \/><\/figure>\n\n<\/div><\/div>\n\n<div class=\"yoast-breadcrumbs bt-gutter--left\"><span><span><a href=\"https:\/\/www.thebeach-tulum.com\/es\/\">Home<\/a><\/span> &gt; <span class=\"breadcrumb_last\" aria-current=\"page\">Ofertas<\/span><\/span><\/div>\n\n\n<h1 class=\"gb-headline gb-headline-59bcaf21 gb-headline-text bt-gutter--left\">Ofertas<\/h1>\n\n\n\n<h2 class=\"gb-headline gb-headline-240b9dfc gb-headline-text bt-gutter--left\">The best deals to experience The Beach Tulum Hotel!<\/h2>\n\n<\/div><\/div>\n\n<div class=\"gb-container gb-container-45f0d437 bt-gutter\"><div class=\"gb-inside-container\">\n<div class=\"gb-container gb-container-85dcb45f\"><div class=\"gb-inside-container\">\n\n<p>Elija su oferta de acuerdo con la duraci\u00f3n de la estad\u00eda, las pol\u00edticas de pago y cancelaci\u00f3n que mejor se adapten a sus planes de viaje.<br>Haga clic en la pesta\u00f1a de detalles para ver la oferta.<br>Todas las ofertas son v\u00e1lidas individualmente por reserva y no se pueden combinar.<br>Para grupos de 5 o m\u00e1s habitaciones, env\u00edenos un correo electr\u00f3nico para conocer las tarifas, pol\u00edticas de pago y cancelaci\u00f3n.<br>Consulte nuestro calendario en l\u00ednea para conocer la disponibilidad de las ofertas en tiempo real.<\/p>\n\n<\/div><\/div>\n\n<div class=\"gb-container gb-container-78516efb bt-gutter--top\"><div class=\"gb-inside-container\">\n<div class=\"gb-button-wrapper gb-button-wrapper-30b0316a\">\n\n<a class=\"gb-button gb-button-40699b69 gb-button-text\" href=\"\/es\/reservacion\/\">Contactenos<\/a>\n\n<\/div>\n<\/div><\/div>\n<\/div><\/div>\n\n<div class=\"gb-container gb-container-7afac967 bt-gutter\"><div class=\"gb-inside-container\">\n<div class=\"gb-grid-wrapper gb-grid-wrapper-7becd888\">\n<div class=\"gb-grid-column gb-grid-column-a435f8cb\"><div class=\"gb-container gb-container-a435f8cb\"><div class=\"gb-inside-container\">\n\n<figure class=\"wp-block-image size-full\"><img decoding=\"async\" width=\"1920\" height=\"1279\" src=\"https:\/\/www.thebeach-tulum.com\/wp-content\/uploads\/2025\/01\/the-beach-tulum-drone.jpg\" alt=\"The Beach Tulum Hotel\" class=\"wp-image-35640\" srcset=\"https:\/\/www.thebeach-tulum.com\/wp-content\/uploads\/2025\/01\/the-beach-tulum-drone.jpg 1920w, https:\/\/www.thebeach-tulum.com\/wp-content\/uploads\/2025\/01\/the-beach-tulum-drone-300x200.jpg 300w, https:\/\/www.thebeach-tulum.com\/wp-content\/uploads\/2025\/01\/the-beach-tulum-drone-768x512.jpg 768w, https:\/\/www.thebeach-tulum.com\/wp-content\/uploads\/2025\/01\/the-beach-tulum-drone-50x33.jpg 50w, https:\/\/www.thebeach-tulum.com\/wp-content\/uploads\/2025\/01\/the-beach-tulum-drone-1600x1066.jpg 1600w, https:\/\/www.thebeach-tulum.com\/wp-content\/uploads\/2025\/01\/the-beach-tulum-drone-1536x1023.jpg 1536w, https:\/\/www.thebeach-tulum.com\/wp-content\/uploads\/2025\/01\/the-beach-tulum-drone-600x400.jpg 600w, https:\/\/www.thebeach-tulum.com\/wp-content\/uploads\/2025\/01\/the-beach-tulum-drone-1024x683.jpg 1024w, https:\/\/www.thebeach-tulum.com\/wp-content\/uploads\/2025\/01\/the-beach-tulum-drone-1200x799.jpg 1200w\" sizes=\"(max-width: 1920px) 100vw, 1920px\" \/><\/figure>\n\n\n\n<h3 class=\"gb-headline gb-headline-c821a25a gb-headline-text\">Mejor Tarifa Diaria<\/h3>\n\n\n\n<div class=\"wp-block-pb-accordion-item c-accordion__item js-accordion-item no-js\" data-initially-open=\"false\" data-click-to-close=\"true\" data-auto-close=\"true\" data-scroll=\"false\" data-scroll-offset=\"0\"><h5 id=\"at-70530\" class=\"c-accordion__title js-accordion-controller\" role=\"button\">Detalles<\/h5><div id=\"ac-70530\" class=\"c-accordion__content\">\n<ul class=\"wp-block-list\">\n<li><strong>No se requiere estad\u00eda m\u00ednima<\/strong>.<\/li>\n\n\n\n<li>Incluye desayuno, wifi, limpieza y cobertura diaria, agua&nbsp;embotellada, cama de playa privada, toallas de playa, bolsa de playa,&nbsp;chanclas.<\/li>\n\n\n\n<li>Consulte las pol\u00edticas de pago y cancelaci\u00f3n para las fechas de su viaje, las cuales pueden variar.<\/li>\n<\/ul>\n\n\n\n<h5 class=\"wp-block-heading\">Consulte nuestro calendario en l\u00ednea para conocer la disponibilidad de la oferta en tiempo real.<\/h5>\n\n\n<div class=\"gb-button-wrapper gb-button-wrapper-4f327686\">\n\n<a class=\"gb-button gb-button-63835f8c gb-button-text\" href=\"https:\/\/reservations.thebeach-tulum.com\/premium\/index.html?id_stile=16543&amp;lingua_int=eng&amp;id_albergo=19624&amp;dc=4301\" target=\"_blank\" rel=\"noopener noreferrer\">Reservacion<\/a>\n\n<\/div><\/div><\/div>\n\n<\/div><\/div><\/div>\n\n<div class=\"gb-grid-column gb-grid-column-2ddb34ae\"><div class=\"gb-container gb-container-2ddb34ae\"><div class=\"gb-inside-container\">\n\n<figure class=\"wp-block-image size-full\"><img decoding=\"async\" width=\"1500\" height=\"1000\" src=\"https:\/\/www.thebeach-tulum.com\/wp-content\/uploads\/2021\/10\/offers-the-long-stay-special_1.jpg\" alt=\"\" class=\"wp-image-28157\" srcset=\"https:\/\/www.thebeach-tulum.com\/wp-content\/uploads\/2021\/10\/offers-the-long-stay-special_1.jpg 1500w, https:\/\/www.thebeach-tulum.com\/wp-content\/uploads\/2021\/10\/offers-the-long-stay-special_1-300x200.jpg 300w, https:\/\/www.thebeach-tulum.com\/wp-content\/uploads\/2021\/10\/offers-the-long-stay-special_1-768x512.jpg 768w, https:\/\/www.thebeach-tulum.com\/wp-content\/uploads\/2021\/10\/offers-the-long-stay-special_1-600x400.jpg 600w, https:\/\/www.thebeach-tulum.com\/wp-content\/uploads\/2021\/10\/offers-the-long-stay-special_1-1024x683.jpg 1024w, https:\/\/www.thebeach-tulum.com\/wp-content\/uploads\/2021\/10\/offers-the-long-stay-special_1-1200x800.jpg 1200w\" sizes=\"(max-width: 1500px) 100vw, 1500px\" \/><\/figure>\n\n\n\n<h3 class=\"gb-headline gb-headline-bcdd5d06 gb-headline-text\">No reembolsable<\/h3>\n\n\n\n<div class=\"wp-block-pb-accordion-item c-accordion__item js-accordion-item no-js\" data-initially-open=\"false\" data-click-to-close=\"true\" data-auto-close=\"true\" data-scroll=\"false\" data-scroll-offset=\"0\"><h5 id=\"at-70531\" class=\"c-accordion__title js-accordion-controller\" role=\"button\">Detalles<\/h5><div id=\"ac-70531\" class=\"c-accordion__content\">\n<ul class=\"wp-block-list\">\n<li><strong>No se requiere estad\u00eda m\u00ednima<\/strong>.<\/li>\n\n\n\n<li>Incluye desayuno, wifi, limpieza y cobertura diaria, agua&nbsp;embotellada, cama de playa privada, toallas de playa, bolsa de playa,&nbsp;chanclas.<\/li>\n\n\n\n<li>Se requiere el pago total al momento de la reserva. Impuestos a pagar al momento del check-in. <\/li>\n<\/ul>\n\n\n\n<h5 class=\"wp-block-heading\">Consulte nuestro calendario en l\u00ednea para conocer la disponibilidad de la oferta en tiempo real.<\/h5>\n\n\n<div class=\"gb-button-wrapper gb-button-wrapper-28cb9a02\">\n\n<a class=\"gb-button gb-button-b5b102fb gb-button-text\" href=\"https:\/\/reservations.thebeach-tulum.com\/premium\/index.html?id_stile=16543&amp;lingua_int=eng&amp;id_albergo=19624&amp;dc=4301\" target=\"_blank\" rel=\"noopener noreferrer\">Reservacion<\/a>\n\n<\/div><\/div><\/div>\n\n<\/div><\/div><\/div>\n\n<div class=\"gb-grid-column gb-grid-column-2f2dadb4\"><div class=\"gb-container gb-container-2f2dadb4\"><div class=\"gb-inside-container\">\n\n<figure class=\"wp-block-image size-full\"><img decoding=\"async\" width=\"1500\" height=\"1000\" src=\"https:\/\/www.thebeach-tulum.com\/wp-content\/uploads\/2024\/04\/group-rate.jpg\" alt=\"\" class=\"wp-image-31871\" srcset=\"https:\/\/www.thebeach-tulum.com\/wp-content\/uploads\/2024\/04\/group-rate.jpg 1500w, https:\/\/www.thebeach-tulum.com\/wp-content\/uploads\/2024\/04\/group-rate-300x200.jpg 300w, https:\/\/www.thebeach-tulum.com\/wp-content\/uploads\/2024\/04\/group-rate-768x512.jpg 768w, https:\/\/www.thebeach-tulum.com\/wp-content\/uploads\/2024\/04\/group-rate-50x33.jpg 50w, https:\/\/www.thebeach-tulum.com\/wp-content\/uploads\/2024\/04\/group-rate-600x400.jpg 600w, https:\/\/www.thebeach-tulum.com\/wp-content\/uploads\/2024\/04\/group-rate-1024x683.jpg 1024w, https:\/\/www.thebeach-tulum.com\/wp-content\/uploads\/2024\/04\/group-rate-1200x800.jpg 1200w\" sizes=\"(max-width: 1500px) 100vw, 1500px\" \/><\/figure>\n\n\n\n<h3 class=\"gb-headline gb-headline-fb18726f gb-headline-text\">Especial para grupos<\/h3>\n\n\n\n<div class=\"wp-block-pb-accordion-item c-accordion__item js-accordion-item no-js\" data-initially-open=\"false\" data-click-to-close=\"true\" data-auto-close=\"true\" data-scroll=\"false\" data-scroll-offset=\"0\"><h5 id=\"at-70532\" class=\"c-accordion__title js-accordion-controller\" role=\"button\">Detalles<\/h5><div id=\"ac-70532\" class=\"c-accordion__content\">\n<ul class=\"wp-block-list\">\n<li><strong>De<\/strong> <strong>8 cuartos<\/strong>.<\/li>\n\n\n\n<li>Incluye desayuno, wifi, limpieza y cobertura diaria, agua&nbsp;embotellada, cama de playa privada, toallas de playa, bolsa de playa,&nbsp;chanclas.<\/li>\n\n\n\n<li>&nbsp;Se requiere 1 noche de dep\u00f3sito, no reembolsable, en el momento de la reserva. Saldo 60d\u00edas antes de la llegada.<\/li>\n<\/ul>\n\n\n\n<h5 class=\"wp-block-heading\">Cont\u00e1ctenos para recibir nuestra mejor tarifa para sus fechas de viaje.<\/h5>\n<\/div><\/div>\n\n<\/div><\/div><\/div>\n<\/div>\n<\/div><\/div>\n\n<div class=\"gb-container gb-container-112afa16 bt-padding--double bt-testimonials__container\"><div class=\"gb-inside-container\">\n\n<h2 class=\"gb-headline gb-headline-b1d2fce3 gb-headline-text\">Lo que dicen nuestros hu\u00e9spedes<\/h2>\n\n\n\n<div class=\"wp-block-uagb-testimonial bt-testimonials-block uagb-slick-carousel uagb-tm__arrow-outside uagb-block-b5318930\"><div class=\"is-carousel uagb-tm__columns-1 uagb-tm__items\"><div class=\"uagb-testimonial__wrap  uagb-tm__imgicon-style-circle uagb-tm__image-position-bottom uagb-tm__bg-type-none \"><div class=\"uagb-tm__content\"><div class=\"uagb-tm__overlay\"><\/div><div class=\"uagb-tm__text-wrap\"><div class=\"uagb-tm__desc\"><meta charset=\"utf-8\">Pasamos nuestro aniversario en este incre\u00edble hotel. Me encant\u00f3 porque a pesar de mantener lo r\u00fastico de los hoteles de Tulum, el hotel tiene todas la comodidades y est\u00e1 impecable. Los cuartos amplios en frente de la playa (la cual limpian todas las ma\u00f1anas por lo que es de las mejores en la zona), room service de dos restaurantes diferentes (uno muy &#8220;healthy&#8221; y &#8220;vegan&#8221; y otro m\u00e1s de antojitos mexicanos) con comida deliciosa en los dos.<\/div><div class=\"uagb-tm__meta-inner\"><div class=\"uagb-testimonial-details\"><span class=\"uagb-tm__author-name\"><meta charset=\"utf-8\">Dan R<\/span><span class=\"uagb-tm__company\">Company1<\/span><\/div><\/div><\/div><\/div><\/div><div class=\"uagb-testimonial__wrap  uagb-tm__imgicon-style-circle uagb-tm__image-position-bottom uagb-tm__bg-type-none \"><div class=\"uagb-tm__content\"><div class=\"uagb-tm__overlay\"><\/div><div class=\"uagb-tm__text-wrap\"><div class=\"uagb-tm__desc\"><meta charset=\"utf-8\">Este hotel nos dej\u00f3 impactado con todo, servicio, comida, atenciones, vista, cuartos, todos son muy amables, Israel del bar, las muchachas del front desk, cada persona que trabaja ah\u00ed, los muchachos que trabajan en la playa! bueno tanto que decir de este lugar que me quedo corta, definitivamente volvemos pronto!<\/div><div class=\"uagb-tm__meta-inner\"><div class=\"uagb-testimonial-details\"><span class=\"uagb-tm__author-name\"><meta charset=\"utf-8\">adesantana5<\/span><span class=\"uagb-tm__company\">Company2<\/span><\/div><\/div><\/div><\/div><\/div><div class=\"uagb-testimonial__wrap  uagb-tm__imgicon-style-circle uagb-tm__image-position-bottom uagb-tm__bg-type-none \"><div class=\"uagb-tm__content\"><div class=\"uagb-tm__overlay\"><\/div><div class=\"uagb-tm__text-wrap\"><div class=\"uagb-tm__desc\"><meta charset=\"utf-8\">El hotel est\u00e1 muy bien ubicado. La atenci\u00f3n del personal es sobresaliente. Las habitaciones est\u00e1n muy bien dise\u00f1adas y decoradas, b\u00e1sicas pero con todo lo necesario. La comida es excelente. El ambiente es genial, muy rom\u00e1ntico para ir en parejas.<\/div><div class=\"uagb-tm__meta-inner\"><div class=\"uagb-testimonial-details\"><span class=\"uagb-tm__author-name\"><meta charset=\"utf-8\">pedroelviajero007<\/span><span class=\"uagb-tm__company\">Company3<\/span><\/div><\/div><\/div><\/div><\/div><\/div><\/div>\n\n<\/div><\/div>\n\n<div class=\"gb-container gb-container-3c4813e1 bt-tripadvisor-block\"><div class=\"gb-inside-container\">\n\n<div style=\"width:166px;margin: 0 auto;\"><div id=\"TA_tchotel941\" class=\"TA_tchotel\"><ul id=\"LnbgHoH\" class=\"TA_links egGC2Y\"><li id=\"z1XaoGBv\" class=\"bK012uAA7osq\"><a target=\"_blank\" href=\"https:\/\/www.tripadvisor.com\/Hotel_Review-g23240074-d3979959-Reviews-The_Beach_Tulum_Hotel-Tulum_Beach_Tulum_Yucatan_Peninsula.html\"><img decoding=\"async\" src=\"https:\/\/static.tacdn.com\/img2\/travelers_choice\/widgets\/tchotel_bob_2025_L.png\" alt=\"Tripadvisor\" class=\"false\" id=\"false\"\/><\/a><\/li><\/ul><\/div><script async src=\"https:\/\/www.jscache.com\/wejs?wtype=tchotel&amp;uniq=941&amp;locationId=3979959&amp;lang=en_US&amp;year=2025&amp;display_version=2\" data-loadtrk onload=\"this.loadtrk=true\"><\/script><\/div>\n\n\n\n<p class=\"has-text-align-center\"><a href=\"https:\/\/www.tripadvisor.com\/Hotel_Review-g23240074-d3979959-Reviews-The_Beach_Tulum_Hotel-Tulum_Beach_Tulum_Yucatan_Peninsula.html\" class=\"bt-button--line\" target=\"_blank\" rel=\"noopener\">Encu\u00e9ntranos en Tripadvisor<\/a><\/p>\n\n<\/div><\/div>","protected":false},"excerpt":{"rendered":"<p>Ofertas The best deals to experience The Beach Tulum Hotel! Elija su oferta de acuerdo con la duraci\u00f3n de la estad\u00eda, las pol\u00edticas de pago y cancelaci\u00f3n que mejor se adapten a sus planes de viaje.Haga clic en la pesta\u00f1a de detalles para ver la oferta.Todas las ofertas son v\u00e1lidas individualmente por reserva y no [&hellip;]<\/p>\n","protected":false},"author":5,"featured_media":0,"parent":0,"menu_order":26,"comment_status":"closed","ping_status":"closed","template":"","meta":{"_acf_changed":false,"_uag_custom_page_level_css":"","site-sidebar-layout":"default","site-content-layout":"default","ast-site-content-layout":"default","site-content-style":"default","site-sidebar-style":"default","ast-global-header-display":"","ast-banner-title-visibility":"","ast-main-header-display":"","ast-hfb-above-header-display":"","ast-hfb-below-header-display":"","ast-hfb-mobile-header-display":"","site-post-title":"disabled","ast-breadcrumbs-content":"","ast-featured-img":"","footer-sml-layout":"","theme-transparent-header-meta":"enabled","adv-header-id-meta":"","stick-header-meta":"default","header-above-stick-meta":"","header-main-stick-meta":"","header-below-stick-meta":"","astra-migrate-meta-layouts":"set","ast-page-background-enabled":"default","ast-page-background-meta":{"desktop":{"background-color":"","background-image":"","background-repeat":"repeat","background-position":"center center","background-size":"auto","background-attachment":"scroll","background-type":"","background-media":"","overlay-type":"","overlay-color":"","overlay-opacity":"","overlay-gradient":""},"tablet":{"background-color":"","background-image":"","background-repeat":"repeat","background-position":"center center","background-size":"auto","background-attachment":"scroll","background-type":"","background-media":"","overlay-type":"","overlay-color":"","overlay-opacity":"","overlay-gradient":""},"mobile":{"background-color":"","background-image":"","background-repeat":"repeat","background-position":"center center","background-size":"auto","background-attachment":"scroll","background-type":"","background-media":"","overlay-type":"","overlay-color":"","overlay-opacity":"","overlay-gradient":""}},"ast-content-background-meta":{"desktop":{"background-color":"var(--ast-global-color-5)","background-image":"","background-repeat":"repeat","background-position":"center center","background-size":"auto","background-attachment":"scroll","background-type":"","background-media":"","overlay-type":"","overlay-color":"","overlay-opacity":"","overlay-gradient":""},"tablet":{"background-color":"var(--ast-global-color-5)","background-image":"","background-repeat":"repeat","background-position":"center center","background-size":"auto","background-attachment":"scroll","background-type":"","background-media":"","overlay-type":"","overlay-color":"","overlay-opacity":"","overlay-gradient":""},"mobile":{"background-color":"var(--ast-global-color-5)","background-image":"","background-repeat":"repeat","background-position":"center center","background-size":"auto","background-attachment":"scroll","background-type":"","background-media":"","overlay-type":"","overlay-color":"","overlay-opacity":"","overlay-gradient":""}},"pgc_sgb_lightbox_settings":"","footnotes":""},"class_list":["post-7053","page","type-page","status-publish","hentry"],"acf":[],"yoast_head":"<!-- This site is optimized with the Yoast SEO plugin v24.2 - https:\/\/yoast.com\/wordpress\/plugins\/seo\/ -->\n<title>Ofertas y Paquetes | THE BEACH TULUM HOTEL<\/title>\n<meta name=\"description\" content=\"En esta p\u00e1gina usted encontrar\u00e1 Paquetes y Ofertas \u00faltima hora.\" \/>\n<meta name=\"robots\" content=\"index, follow, max-snippet:-1, max-image-preview:large, max-video-preview:-1\" \/>\n<link rel=\"canonical\" href=\"https:\/\/www.thebeach-tulum.com\/es\/ofertas\/\" \/>\n<meta property=\"og:locale\" content=\"es_ES\" \/>\n<meta property=\"og:type\" content=\"article\" \/>\n<meta property=\"og:title\" content=\"Ofertas y Paquetes | THE BEACH TULUM HOTEL\" \/>\n<meta property=\"og:description\" content=\"En esta p\u00e1gina usted encontrar\u00e1 Paquetes y Ofertas \u00faltima hora.\" \/>\n<meta property=\"og:url\" content=\"https:\/\/www.thebeach-tulum.com\/es\/ofertas\/\" \/>\n<meta property=\"og:site_name\" content=\"The Beach Tulum Hotel\" \/>\n<meta property=\"article:modified_time\" content=\"2026-03-23T16:32:59+00:00\" \/>\n<meta property=\"og:image\" content=\"https:\/\/www.thebeach-tulum.com\/wp-content\/uploads\/2021\/09\/offers-header.jpg\" \/>\n\t<meta property=\"og:image:width\" content=\"1920\" \/>\n\t<meta property=\"og:image:height\" content=\"1280\" \/>\n\t<meta property=\"og:image:type\" content=\"image\/jpeg\" \/>\n<meta name=\"twitter:card\" content=\"summary_large_image\" \/>\n<meta name=\"twitter:label1\" content=\"Tiempo de lectura\" \/>\n\t<meta name=\"twitter:data1\" content=\"4 minutos\" \/>\n<!-- \/ Yoast SEO plugin. -->","yoast_head_json":{"title":"Ofertas y Paquetes | THE BEACH TULUM HOTEL","description":"En esta p\u00e1gina usted encontrar\u00e1 Paquetes y Ofertas \u00faltima hora.","robots":{"index":"index","follow":"follow","max-snippet":"max-snippet:-1","max-image-preview":"max-image-preview:large","max-video-preview":"max-video-preview:-1"},"canonical":"https:\/\/www.thebeach-tulum.com\/es\/ofertas\/","og_locale":"es_ES","og_type":"article","og_title":"Ofertas y Paquetes | THE BEACH TULUM HOTEL","og_description":"En esta p\u00e1gina usted encontrar\u00e1 Paquetes y Ofertas \u00faltima hora.","og_url":"https:\/\/www.thebeach-tulum.com\/es\/ofertas\/","og_site_name":"The Beach Tulum Hotel","article_modified_time":"2026-03-23T16:32:59+00:00","og_image":[{"width":1920,"height":1280,"url":"https:\/\/www.thebeach-tulum.com\/wp-content\/uploads\/2021\/09\/offers-header.jpg","type":"image\/jpeg"}],"twitter_card":"summary_large_image","twitter_misc":{"Tiempo de lectura":"4 minutos"},"schema":{"@context":"https:\/\/schema.org","@graph":[{"@type":"WebPage","@id":"https:\/\/www.thebeach-tulum.com\/es\/ofertas\/","url":"https:\/\/www.thebeach-tulum.com\/es\/ofertas\/","name":"Ofertas y Paquetes | THE BEACH TULUM HOTEL","isPartOf":{"@id":"https:\/\/www.thebeach-tulum.com\/es\/#website"},"primaryImageOfPage":{"@id":"https:\/\/www.thebeach-tulum.com\/es\/ofertas\/#primaryimage"},"image":{"@id":"https:\/\/www.thebeach-tulum.com\/es\/ofertas\/#primaryimage"},"thumbnailUrl":"https:\/\/www.thebeach-tulum.com\/wp-content\/uploads\/2021\/09\/offers-header.jpg","datePublished":"2021-10-29T15:07:14+00:00","dateModified":"2026-03-23T16:32:59+00:00","description":"En esta p\u00e1gina usted encontrar\u00e1 Paquetes y Ofertas \u00faltima hora.","breadcrumb":{"@id":"https:\/\/www.thebeach-tulum.com\/es\/ofertas\/#breadcrumb"},"inLanguage":"es","potentialAction":[{"@type":"ReadAction","target":["https:\/\/www.thebeach-tulum.com\/es\/ofertas\/"]}]},{"@type":"ImageObject","inLanguage":"es","@id":"https:\/\/www.thebeach-tulum.com\/es\/ofertas\/#primaryimage","url":"https:\/\/www.thebeach-tulum.com\/wp-content\/uploads\/2021\/09\/offers-header.jpg","contentUrl":"https:\/\/www.thebeach-tulum.com\/wp-content\/uploads\/2021\/09\/offers-header.jpg"},{"@type":"BreadcrumbList","@id":"https:\/\/www.thebeach-tulum.com\/es\/ofertas\/#breadcrumb","itemListElement":[{"@type":"ListItem","position":1,"name":"Home","item":"https:\/\/www.thebeach-tulum.com\/es\/"},{"@type":"ListItem","position":2,"name":"Ofertas"}]},{"@type":"WebSite","@id":"https:\/\/www.thebeach-tulum.com\/es\/#website","url":"https:\/\/www.thebeach-tulum.com\/es\/","name":"The Beach Tulum Hotel","description":"Adult only Hotel in Tulum, Riviera Maya","publisher":{"@id":"https:\/\/www.thebeach-tulum.com\/es\/#organization"},"potentialAction":[{"@type":"SearchAction","target":{"@type":"EntryPoint","urlTemplate":"https:\/\/www.thebeach-tulum.com\/es\/?s={search_term_string}"},"query-input":{"@type":"PropertyValueSpecification","valueRequired":true,"valueName":"search_term_string"}}],"inLanguage":"es"},{"@type":"Organization","@id":"https:\/\/www.thebeach-tulum.com\/es\/#organization","name":"The Beach Tulum Hotel","url":"https:\/\/www.thebeach-tulum.com\/es\/","logo":{"@type":"ImageObject","inLanguage":"es","@id":"https:\/\/www.thebeach-tulum.com\/es\/#\/schema\/logo\/image\/","url":"https:\/\/www.thebeach-tulum.com\/wp-content\/uploads\/2021\/05\/the-beach-tulum_logo_blue.png","contentUrl":"https:\/\/www.thebeach-tulum.com\/wp-content\/uploads\/2021\/05\/the-beach-tulum_logo_blue.png","width":295,"height":100,"caption":"The Beach Tulum Hotel"},"image":{"@id":"https:\/\/www.thebeach-tulum.com\/es\/#\/schema\/logo\/image\/"}}]}},"uagb_featured_image_src":{"full":false,"thumbnail":false,"medium":false,"medium_large":false,"large":false,"gs-tiny":false,"xl":false,"xxl":false,"xxxl":false,"xxxxl":false,"xxxxxl":false,"1536x1536":false,"2048x2048":false,"es_600":false,"es_1024":false,"es_1200":false,"blog":false,"gallery_es":false},"uagb_author_info":{"display_name":"TheBeachTulum","author_link":"https:\/\/www.thebeach-tulum.com\/es\/author\/thebeachtulum\/"},"uagb_comment_info":0,"uagb_excerpt":"Ofertas The best deals to experience The Beach Tulum Hotel! Elija su oferta de acuerdo con la duraci\u00f3n de la estad\u00eda, las pol\u00edticas de pago y cancelaci\u00f3n que mejor se adapten a sus planes de viaje.Haga clic en la pesta\u00f1a de detalles para ver la oferta.Todas las ofertas son v\u00e1lidas individualmente por reserva y no&hellip;","_links":{"self":[{"href":"https:\/\/www.thebeach-tulum.com\/es\/wp-json\/wp\/v2\/pages\/7053","targetHints":{"allow":["GET"]}}],"collection":[{"href":"https:\/\/www.thebeach-tulum.com\/es\/wp-json\/wp\/v2\/pages"}],"about":[{"href":"https:\/\/www.thebeach-tulum.com\/es\/wp-json\/wp\/v2\/types\/page"}],"author":[{"embeddable":true,"href":"https:\/\/www.thebeach-tulum.com\/es\/wp-json\/wp\/v2\/users\/5"}],"replies":[{"embeddable":true,"href":"https:\/\/www.thebeach-tulum.com\/es\/wp-json\/wp\/v2\/comments?post=7053"}],"version-history":[{"count":5,"href":"https:\/\/www.thebeach-tulum.com\/es\/wp-json\/wp\/v2\/pages\/7053\/revisions"}],"predecessor-version":[{"id":40433,"href":"https:\/\/www.thebeach-tulum.com\/es\/wp-json\/wp\/v2\/pages\/7053\/revisions\/40433"}],"wp:attachment":[{"href":"https:\/\/www.thebeach-tulum.com\/es\/wp-json\/wp\/v2\/media?parent=7053"}],"curies":[{"name":"wp","href":"https:\/\/api.w.org\/{rel}","templated":true}]}}