{"id":7168,"date":"2021-10-06T16:16:18","date_gmt":"2021-10-06T16:16:18","guid":{"rendered":"\/\/www.thebeach-tulum.com\/terms-and-conditions\/"},"modified":"2023-01-30T09:46:12","modified_gmt":"2023-01-30T09:46:12","slug":"terminos-y-condiciones","status":"publish","type":"page","link":"https:\/\/www.thebeach-tulum.com\/es\/terminos-y-condiciones\/","title":{"rendered":"T\u00e9rminos y Condiciones"},"content":{"rendered":"<div class=\"gb-container gb-container-cb700838 bt-hero\"><div class=\"gb-inside-container\">\n<div class=\"gb-container gb-container-eed77efe bt-hero__image\"><div class=\"gb-inside-container\">\n\n<figure class=\"wp-block-image size-full\"><img decoding=\"async\" width=\"1798\" height=\"1200\" src=\"https:https:https:\/\/www.thebeach-tulum.com\/wp-content\/uploads\/2021\/10\/faq_1.jpg\" alt=\"\" class=\"wp-image-4041\" srcset=\"https:\/\/www.thebeach-tulum.com\/wp-content\/uploads\/2021\/10\/faq_1.jpg 1798w, https:\/\/www.thebeach-tulum.com\/wp-content\/uploads\/2021\/10\/faq_1-300x200.jpg 300w, https:\/\/www.thebeach-tulum.com\/wp-content\/uploads\/2021\/10\/faq_1-768x513.jpg 768w, https:\/\/www.thebeach-tulum.com\/wp-content\/uploads\/2021\/10\/faq_1-1600x1068.jpg 1600w, https:\/\/www.thebeach-tulum.com\/wp-content\/uploads\/2021\/10\/faq_1-1536x1025.jpg 1536w, https:\/\/www.thebeach-tulum.com\/wp-content\/uploads\/2021\/10\/faq_1-1024x683.jpg 1024w\" sizes=\"(max-width: 1798px) 100vw, 1798px\" \/><\/figure>\n\n<\/div><\/div>\n\n<div class=\"yoast-breadcrumbs bt-gutter--left\"><span><span><a href=\"https:\/\/www.thebeach-tulum.com\/es\/\">Home<\/a><\/span> &gt; <span class=\"breadcrumb_last\" aria-current=\"page\">T\u00e9rminos y Condiciones<\/span><\/span><\/div>\n\n\n<h1 class=\"gb-headline gb-headline-af1ab22e gb-headline-text bt-gutter--left\">T\u00e9rminos y Condiciones<\/h1>\n\n<\/div><\/div>\n\n<div class=\"gb-container gb-container-047e9928 bt-gutter\"><div class=\"gb-inside-container\">\n<div class=\"gb-container gb-container-5d725c83 bt-columns--two\"><div class=\"gb-inside-container\">\n\n<h2 class=\"gb-headline gb-headline-695ceb6d gb-headline-text\">Condiciones de reserva<\/h2>\n\n\n\n<ol class=\"wp-block-list\">\n<li>La hora de entrada es a las 15:00 horas; La hora de salida es a las 12:00. Si su habitaci\u00f3n est\u00e0 disponible antes de 15.00 hrs estaremos encantados de que el registro sea inmediato, de lo contrario vamos a guardar su equipaje y darle toallas para que mientras tanto pueda relajarse en la playa. Las solicitudes de salidas tard\u00edas tienen que ser confirmadas por nuestro equipo de conserjer\u00eda y est\u00e1n sujetas a la disponibilidad de habitaciones<\/li>\n\n\n\n<li>No se permiten mascotas en las instalaciones del hotel.All offers are valid individually per reservation and cannot be combined.<\/li>\n\n\n\n<li>Todas las ofertas son v\u00e1lidas de forma individual por cada reservacion y no se pueden combinar.Minimum age at check-in is 18 years old. Guests accompanied by children will not be checked in or allowed to stay in any of the hotel\u2019s public areas.<br>The only exception to the above policy is when there is a total buy-out of the 28 rooms. In case of guests arriving accompanied by children without<br>the hotel buy-out, check-in will not be possible and no refund will apply.<\/li>\n\n\n\n<li>Se solicita un dep\u00f3sito de seguridad con tarjeta de cr\u00e9dito en su entrada al hotel para cubrir toda la longitud de su estancia que ser\u00e0 devuelto a su salida.<\/li>\n\n\n\n<li>La edad m\u00ednima para registrarse es de 18 a\u00f1os de edad. Los hu\u00e9spedes acompa\u00f1ados por ni\u00f1os no ser\u00e1n aceptados ni se les permitir\u00e1 permanecer en cualquiera de las zonas comunes del hotel. La \u00fanica excepci\u00f3n a la pol\u00edtica anterior es cuando se renten en su totalidad las 28 habitaciones. En caso de que los hu\u00e9spedes lleguen acompa\u00f1ados de ni\u00f1os, sin haber rentado el total de las 28 habitaciones, la entrada al hotel no ser\u00e1 posible y no se aplicar\u00e1 ning\u00fan reembolso.<\/li>\n\n\n\n<li>Recomendamos a todos nuestros clientes adquirir un seguro de viaje en caso de la cancelaci\u00f3n de sus pasajes a\u00e9reos, especialmente durante la temporada de huracanes.<\/li>\n<\/ol>\n\n<\/div><\/div>\n<\/div><\/div>\n\n<div class=\"gb-container gb-container-631b2c1d bt-gutter\"><div class=\"gb-inside-container\">\n<div class=\"gb-container gb-container-2b9ddc4b bt-columns--two\"><div class=\"gb-inside-container\">\n\n<h2 class=\"gb-headline gb-headline-2ab3c02e gb-headline-text\"><meta charset=\"utf-8\">Pol\u00edtica de cancelaci\u00f3n<\/h2>\n\n\n\n<p><strong>Somos un hotel peque\u00f1o, si usted desea o necesita cambiar su fechas de viaje le pedimos el favor de avisarnos lo mas pronto que pueda para no tener que aplicar cargos de cancelaci\u00f3n. <\/strong>S\u00f3lo para reservaciones individuales. En caso de cancelaci\u00f3n grupal, por favor, p\u00f3ngase en contacto con nuestra oficina de reservaciones.<\/p>\n\n\n\n<ol class=\"wp-block-list\">\n<li>Para que una cancelaci\u00f3n sea v\u00e1lida, necesitamos por su parte una solicitud por escrito, y usted recibir\u00e1 de nosotros una confirmaci\u00f3n de cancelaci\u00f3n por escrito. Las cancelaciones realizadas por tel\u00e9fono no son v\u00e1lidas.<\/li>\n\n\n\n<li>Se aplican las cancelaciones de acuerdo a su correo de confirmaci\u00f3n y tarifa.<\/li>\n\n\n\n<li>En caso de reprogramaci\u00f3n de fechas los precios de las habitaciones ser\u00e1n ajustados de acuerdo a tarifas de temporada y nuevas reservaciones.Any changes to your confirmed reservation must be sent by a written request to <a class=\"bt-links--accent\" href=\"mailto:info@thebeach-tulum.com\">info@thebeach-tulum.com<\/a> and must be confirmed by email from our reservation staff. Any changes requested after the first confirmation email are subject to the Hotel availability.<\/li>\n\n\n\n<li>En caso de reservaciones grupales favor de consultar su confirmaci\u00f3n de reservaci\u00f3n.<\/li>\n\n\n\n<li>Tarifas no reembolsables: no hay reembolso en caso de tarifas no reembolsable. En caso de que usted no est\u00e9 seguro de sus fechas de viaje, seleccione un plan tarifario mas flexiblo o tome en consideraci\u00f3n comprar un seguro de viaje.<\/li>\n\n\n\n<li>REEMBOLSO: para todas las reservas con prepago hay un gasto de reembolso de $ 40 USD a agregar al monto especificado en su confirmaci\u00f3n.<\/li>\n\n\n\n<li>No hay reembolsos o cr\u00e9ditos por cancelaciones de vuelo, debido a cualquier circunstancia. Por favor, vea nuestra recomendaci\u00f3n para el seguro de viaje para evitar cualquier inconveniente con respecto a los retrasos de vuelo o en otras situaciones.<\/li>\n\n\n\n<li>Para cualquier cambio en su reservaci\u00f3n confirmada, deber\u00e1 enviar por escrito una solicitud a <a href=\"mailto:info@thebeach-tulum.com\">info@thebeach-tulum.com<\/a> y ser\u00e1n recibidas y confirmadas por nuestro equipo de reservas mediante correo electr\u00f3nico. Todos los cambios solicitados despu\u00e9s del primer correo electr\u00f3nico de confirmaci\u00f3n est\u00e1n sujetas a la disponibilidad del hotel.<\/li>\n\n\n\n<li>No hay reembolsos o devoluciones por salida antes de la fecha acordada, o en caso de no llegar. En case de que se emite un cr\u00e9dito, nuestra oficina de reservas le enviar\u00e1 por correo electr\u00f3nico su validez y restricciones.<\/li>\n<\/ol>\n\n<\/div><\/div>\n<\/div><\/div>\n\n<div class=\"gb-container gb-container-5cef54dc bt-gutter\"><div class=\"gb-inside-container\">\n<div class=\"gb-container gb-container-3c925c75 bt-columns--two\"><div class=\"gb-inside-container\">\n\n<h2 class=\"gb-headline gb-headline-ada238db gb-headline-text\"><meta charset=\"utf-8\">Pol\u00edtica de responsabilidad<\/h2>\n\n\n\n<p>S\u00f3lo para reservaciones individuales. Para reservaciones de grupos por favor, p\u00f3ngase en contacto con nuestra oficina de reservaciones.<\/p>\n\n\n\n<ol class=\"wp-block-list\">\n<li>Cualquier retraso o cancelaci\u00f3n durante las vacaciones o eventos por enfermedad los gastos m\u00e9dicos y hospitalarios ser\u00e1n responsabilidad del viajero. Por favor, vea nuestra recomendaci\u00f3n para el seguro de viaje para evitar cualquier inconveniente.<\/li>\n\n\n\n<li>The Hotel is not liable for any other costs, evacuation or inconveniences caused by a tropical storm or hurricane or of any event which lies beyond the Hotels\u2019 or the supplier\u2019s reasonable control, including but not limited to acts of Nature (e.g. hurricanes, mudslides, flooding and earthquakes.). Please see our recommendation for&nbsp;<strong>Travel Insurance<\/strong>&nbsp;to avoid any inconveniences with regards to the above situations.<\/li>\n\n\n\n<li>El hotel no se hace responsable de cualquier otro gasto, evacuaci\u00f3n o inconvenientes causados por una tormenta tropical o un hurac\u00e1n o de cualquier acontecimiento que se encuentre fuera de nuestro control, incluyendo actos de la naturaleza (por ejemplo, huracanes, deslizamientos de tierra, inundaciones y terremotos.). Por favor, vea nuestra recomendaci\u00f3n para el seguro de viaje para evitar cualquier inconveniente con respecto a las situaciones anteriores.<\/li>\n\n\n\n<li>En caso de calamidades de fuerza mayor o emergencias nacionales que no dependen del hotel, no hay devoluci\u00f3n, pero el pago por la reservaci\u00f3n se aplicar\u00e1 a una nueva reservaci\u00f3n con el cambio de fechas; las llegadas con menos de 30 d\u00edas est\u00e1n sujetas a una tarifa por reprogramaci\u00f3n, comun\u00edquese con nuestro equipo de reservas. Esta pol\u00edtica no se aplica a las reservas de grupo. Por favor, vea nuestra recomendaci\u00f3n para el seguro de viaje para evitar cualquier inconveniente con respecto a las situaciones anteriores.<\/li>\n\n\n\n<li>No hay reembolsos o cr\u00e9ditos por cancelaciones de vuelo, debido a cualquier circunstancia. Por favor, vea nuestra recomendaci\u00f3n para el seguro de viaje para evitar cualquier inconveniente con respecto a los retrasos de vuelo o en otras situaciones.<\/li>\n\n\n\n<li>El hotel no se hace responsable de la p\u00e9rdida de objetos personales que se dejan en la habitaci\u00f3n, o por las p\u00e9rdidas sufridas en las instalaciones del hotel. Por favor, utilice la caja fuerte de la habitaci\u00f3n para el almacenamiento de objetos de valor.<\/li>\n<\/ol>\n\n<\/div><\/div>\n<\/div><\/div>\n\n<div class=\"gb-container gb-container-3c4813e1 bt-tripadvisor-block\"><div class=\"gb-inside-container\">\n\n<div style=\"width:166px;margin: 0 auto;\"><div id=\"TA_tchotel941\" class=\"TA_tchotel\"><ul id=\"LnbgHoH\" class=\"TA_links egGC2Y\"><li id=\"z1XaoGBv\" class=\"bK012uAA7osq\"><a target=\"_blank\" href=\"https:\/\/www.tripadvisor.com\/Hotel_Review-g23240074-d3979959-Reviews-The_Beach_Tulum_Hotel-Tulum_Beach_Tulum_Yucatan_Peninsula.html\"><img decoding=\"async\" src=\"https:\/\/static.tacdn.com\/img2\/travelers_choice\/widgets\/tchotel_bob_2025_L.png\" alt=\"Tripadvisor\" class=\"false\" id=\"false\"\/><\/a><\/li><\/ul><\/div><script async src=\"https:\/\/www.jscache.com\/wejs?wtype=tchotel&amp;uniq=941&amp;locationId=3979959&amp;lang=en_US&amp;year=2025&amp;display_version=2\" data-loadtrk onload=\"this.loadtrk=true\"><\/script><\/div>\n\n\n\n<p class=\"has-text-align-center\"><a href=\"https:\/\/www.tripadvisor.com\/Hotel_Review-g23240074-d3979959-Reviews-The_Beach_Tulum_Hotel-Tulum_Beach_Tulum_Yucatan_Peninsula.html\" class=\"bt-button--line\" target=\"_blank\" rel=\"noopener\">Encu\u00e9ntranos en Tripadvisor<\/a><\/p>\n\n<\/div><\/div>","protected":false},"excerpt":{"rendered":"<p>T\u00e9rminos y Condiciones Condiciones de reserva Pol\u00edtica de cancelaci\u00f3n Somos un hotel peque\u00f1o, si usted desea o necesita cambiar su fechas de viaje le pedimos el favor de avisarnos lo mas pronto que pueda para no tener que aplicar cargos de cancelaci\u00f3n. S\u00f3lo para reservaciones individuales. En caso de cancelaci\u00f3n grupal, por favor, p\u00f3ngase en [&hellip;]<\/p>\n","protected":false},"author":6,"featured_media":0,"parent":0,"menu_order":140,"comment_status":"closed","ping_status":"closed","template":"","meta":{"_acf_changed":false,"_uag_custom_page_level_css":"","site-sidebar-layout":"default","site-content-layout":"default","ast-site-content-layout":"","site-content-style":"default","site-sidebar-style":"default","ast-global-header-display":"","ast-banner-title-visibility":"","ast-main-header-display":"","ast-hfb-above-header-display":"","ast-hfb-below-header-display":"","ast-hfb-mobile-header-display":"","site-post-title":"disabled","ast-breadcrumbs-content":"","ast-featured-img":"","footer-sml-layout":"","theme-transparent-header-meta":"enabled","adv-header-id-meta":"","stick-header-meta":"default","header-above-stick-meta":"","header-main-stick-meta":"","header-below-stick-meta":"","astra-migrate-meta-layouts":"default","ast-page-background-enabled":"default","ast-page-background-meta":{"desktop":{"background-color":"","background-image":"","background-repeat":"repeat","background-position":"center center","background-size":"auto","background-attachment":"scroll","background-type":"","background-media":"","overlay-type":"","overlay-color":"","overlay-opacity":"","overlay-gradient":""},"tablet":{"background-color":"","background-image":"","background-repeat":"repeat","background-position":"center center","background-size":"auto","background-attachment":"scroll","background-type":"","background-media":"","overlay-type":"","overlay-color":"","overlay-opacity":"","overlay-gradient":""},"mobile":{"background-color":"","background-image":"","background-repeat":"repeat","background-position":"center center","background-size":"auto","background-attachment":"scroll","background-type":"","background-media":"","overlay-type":"","overlay-color":"","overlay-opacity":"","overlay-gradient":""}},"ast-content-background-meta":{"desktop":{"background-color":"var(--ast-global-color-5)","background-image":"","background-repeat":"repeat","background-position":"center center","background-size":"auto","background-attachment":"scroll","background-type":"","background-media":"","overlay-type":"","overlay-color":"","overlay-opacity":"","overlay-gradient":""},"tablet":{"background-color":"var(--ast-global-color-5)","background-image":"","background-repeat":"repeat","background-position":"center center","background-size":"auto","background-attachment":"scroll","background-type":"","background-media":"","overlay-type":"","overlay-color":"","overlay-opacity":"","overlay-gradient":""},"mobile":{"background-color":"var(--ast-global-color-5)","background-image":"","background-repeat":"repeat","background-position":"center center","background-size":"auto","background-attachment":"scroll","background-type":"","background-media":"","overlay-type":"","overlay-color":"","overlay-opacity":"","overlay-gradient":""}},"pgc_sgb_lightbox_settings":"","footnotes":""},"class_list":["post-7168","page","type-page","status-publish","hentry"],"acf":[],"yoast_head":"<!-- This site is optimized with the Yoast SEO plugin v24.2 - https:\/\/yoast.com\/wordpress\/plugins\/seo\/ -->\n<title>T\u00e9rminos y Condiciones | The Beach Tulum Hotel<\/title>\n<meta name=\"description\" content=\"Se solicita un dep\u00f3sito de seguridad con tarjeta de cr\u00e9dito en su entrada al hotel para cubrir toda la longitud de su estancia que ser\u00e0 devuelto a su salida.\" \/>\n<meta name=\"robots\" content=\"index, follow, max-snippet:-1, max-image-preview:large, max-video-preview:-1\" \/>\n<link rel=\"canonical\" href=\"https:\/\/www.thebeach-tulum.com\/es\/terminos-y-condiciones\/\" \/>\n<meta property=\"og:locale\" content=\"es_ES\" \/>\n<meta property=\"og:type\" content=\"article\" \/>\n<meta property=\"og:title\" content=\"T\u00e9rminos y Condiciones | The Beach Tulum Hotel\" \/>\n<meta property=\"og:description\" content=\"Se solicita un dep\u00f3sito de seguridad con tarjeta de cr\u00e9dito en su entrada al hotel para cubrir toda la longitud de su estancia que ser\u00e0 devuelto a su salida.\" \/>\n<meta property=\"og:url\" content=\"https:\/\/www.thebeach-tulum.com\/es\/terminos-y-condiciones\/\" \/>\n<meta property=\"og:site_name\" content=\"The Beach Tulum Hotel\" \/>\n<meta property=\"article:modified_time\" content=\"2023-01-30T09:46:12+00:00\" \/>\n<meta name=\"twitter:card\" content=\"summary_large_image\" \/>\n<meta name=\"twitter:label1\" content=\"Tiempo de lectura\" \/>\n\t<meta name=\"twitter:data1\" content=\"5 minutos\" \/>\n<!-- \/ Yoast SEO plugin. -->","yoast_head_json":{"title":"T\u00e9rminos y Condiciones | The Beach Tulum Hotel","description":"Se solicita un dep\u00f3sito de seguridad con tarjeta de cr\u00e9dito en su entrada al hotel para cubrir toda la longitud de su estancia que ser\u00e0 devuelto a su salida.","robots":{"index":"index","follow":"follow","max-snippet":"max-snippet:-1","max-image-preview":"max-image-preview:large","max-video-preview":"max-video-preview:-1"},"canonical":"https:\/\/www.thebeach-tulum.com\/es\/terminos-y-condiciones\/","og_locale":"es_ES","og_type":"article","og_title":"T\u00e9rminos y Condiciones | The Beach Tulum Hotel","og_description":"Se solicita un dep\u00f3sito de seguridad con tarjeta de cr\u00e9dito en su entrada al hotel para cubrir toda la longitud de su estancia que ser\u00e0 devuelto a su salida.","og_url":"https:\/\/www.thebeach-tulum.com\/es\/terminos-y-condiciones\/","og_site_name":"The Beach Tulum Hotel","article_modified_time":"2023-01-30T09:46:12+00:00","twitter_card":"summary_large_image","twitter_misc":{"Tiempo de lectura":"5 minutos"},"schema":{"@context":"https:\/\/schema.org","@graph":[{"@type":"WebPage","@id":"https:\/\/www.thebeach-tulum.com\/es\/terminos-y-condiciones\/","url":"https:\/\/www.thebeach-tulum.com\/es\/terminos-y-condiciones\/","name":"T\u00e9rminos y Condiciones | The Beach Tulum Hotel","isPartOf":{"@id":"https:\/\/www.thebeach-tulum.com\/es\/#website"},"datePublished":"2021-10-06T16:16:18+00:00","dateModified":"2023-01-30T09:46:12+00:00","description":"Se solicita un dep\u00f3sito de seguridad con tarjeta de cr\u00e9dito en su entrada al hotel para cubrir toda la longitud de su estancia que ser\u00e0 devuelto a su salida.","breadcrumb":{"@id":"https:\/\/www.thebeach-tulum.com\/es\/terminos-y-condiciones\/#breadcrumb"},"inLanguage":"es","potentialAction":[{"@type":"ReadAction","target":["https:\/\/www.thebeach-tulum.com\/es\/terminos-y-condiciones\/"]}]},{"@type":"BreadcrumbList","@id":"https:\/\/www.thebeach-tulum.com\/es\/terminos-y-condiciones\/#breadcrumb","itemListElement":[{"@type":"ListItem","position":1,"name":"Home","item":"https:\/\/www.thebeach-tulum.com\/es\/"},{"@type":"ListItem","position":2,"name":"T\u00e9rminos y Condiciones"}]},{"@type":"WebSite","@id":"https:\/\/www.thebeach-tulum.com\/es\/#website","url":"https:\/\/www.thebeach-tulum.com\/es\/","name":"The Beach Tulum Hotel","description":"Adult only Hotel in Tulum, Riviera Maya","publisher":{"@id":"https:\/\/www.thebeach-tulum.com\/es\/#organization"},"potentialAction":[{"@type":"SearchAction","target":{"@type":"EntryPoint","urlTemplate":"https:\/\/www.thebeach-tulum.com\/es\/?s={search_term_string}"},"query-input":{"@type":"PropertyValueSpecification","valueRequired":true,"valueName":"search_term_string"}}],"inLanguage":"es"},{"@type":"Organization","@id":"https:\/\/www.thebeach-tulum.com\/es\/#organization","name":"The Beach Tulum Hotel","url":"https:\/\/www.thebeach-tulum.com\/es\/","logo":{"@type":"ImageObject","inLanguage":"es","@id":"https:\/\/www.thebeach-tulum.com\/es\/#\/schema\/logo\/image\/","url":"https:\/\/www.thebeach-tulum.com\/wp-content\/uploads\/2021\/05\/the-beach-tulum_logo_blue.png","contentUrl":"https:\/\/www.thebeach-tulum.com\/wp-content\/uploads\/2021\/05\/the-beach-tulum_logo_blue.png","width":295,"height":100,"caption":"The Beach Tulum Hotel"},"image":{"@id":"https:\/\/www.thebeach-tulum.com\/es\/#\/schema\/logo\/image\/"}}]}},"uagb_featured_image_src":{"full":false,"thumbnail":false,"medium":false,"medium_large":false,"large":false,"gs-tiny":false,"xl":false,"xxl":false,"xxxl":false,"xxxxl":false,"xxxxxl":false,"1536x1536":false,"2048x2048":false,"es_600":false,"es_1024":false,"es_1200":false,"blog":false,"gallery_es":false},"uagb_author_info":{"display_name":"Naxa","author_link":"https:\/\/www.thebeach-tulum.com\/es\/author\/luca\/"},"uagb_comment_info":0,"uagb_excerpt":"T\u00e9rminos y Condiciones Condiciones de reserva Pol\u00edtica de cancelaci\u00f3n Somos un hotel peque\u00f1o, si usted desea o necesita cambiar su fechas de viaje le pedimos el favor de avisarnos lo mas pronto que pueda para no tener que aplicar cargos de cancelaci\u00f3n. S\u00f3lo para reservaciones individuales. En caso de cancelaci\u00f3n grupal, por favor, p\u00f3ngase en&hellip;","_links":{"self":[{"href":"https:\/\/www.thebeach-tulum.com\/es\/wp-json\/wp\/v2\/pages\/7168","targetHints":{"allow":["GET"]}}],"collection":[{"href":"https:\/\/www.thebeach-tulum.com\/es\/wp-json\/wp\/v2\/pages"}],"about":[{"href":"https:\/\/www.thebeach-tulum.com\/es\/wp-json\/wp\/v2\/types\/page"}],"author":[{"embeddable":true,"href":"https:\/\/www.thebeach-tulum.com\/es\/wp-json\/wp\/v2\/users\/6"}],"replies":[{"embeddable":true,"href":"https:\/\/www.thebeach-tulum.com\/es\/wp-json\/wp\/v2\/comments?post=7168"}],"version-history":[{"count":0,"href":"https:\/\/www.thebeach-tulum.com\/es\/wp-json\/wp\/v2\/pages\/7168\/revisions"}],"wp:attachment":[{"href":"https:\/\/www.thebeach-tulum.com\/es\/wp-json\/wp\/v2\/media?parent=7168"}],"curies":[{"name":"wp","href":"https:\/\/api.w.org\/{rel}","templated":true}]}}