{"id":7177,"date":"2021-11-02T08:18:48","date_gmt":"2021-11-02T08:18:48","guid":{"rendered":"\/\/www.thebeach-tulum.com\/?page_id=7177"},"modified":"2026-03-02T19:07:10","modified_gmt":"2026-03-02T19:07:10","slug":"frescos","status":"publish","type":"page","link":"https:\/\/www.thebeach-tulum.com\/es\/frescos\/","title":{"rendered":"Fresco&#8217;s"},"content":{"rendered":"<div class=\"gb-container gb-container-dbe3042d bt-hero\"><div class=\"gb-inside-container\">\n<div class=\"gb-container gb-container-163a25bd bt-hero__image\"><div class=\"gb-inside-container\">\n\n<figure class=\"wp-block-image size-full\"><img decoding=\"async\" width=\"1920\" height=\"1280\" src=\"https:\/\/thebeach-tulum.com\/wp-content\/uploads\/2025\/01\/frescos.jpg\" alt=\"Fresco's Tulum\" class=\"wp-image-35512\" srcset=\"https:\/\/www.thebeach-tulum.com\/wp-content\/uploads\/2025\/01\/frescos.jpg 1920w, https:\/\/www.thebeach-tulum.com\/wp-content\/uploads\/2025\/01\/frescos-300x200.jpg 300w, https:\/\/www.thebeach-tulum.com\/wp-content\/uploads\/2025\/01\/frescos-768x512.jpg 768w, https:\/\/www.thebeach-tulum.com\/wp-content\/uploads\/2025\/01\/frescos-50x33.jpg 50w, https:\/\/www.thebeach-tulum.com\/wp-content\/uploads\/2025\/01\/frescos-1600x1067.jpg 1600w, https:\/\/www.thebeach-tulum.com\/wp-content\/uploads\/2025\/01\/frescos-1536x1024.jpg 1536w, https:\/\/www.thebeach-tulum.com\/wp-content\/uploads\/2025\/01\/frescos-600x400.jpg 600w, https:\/\/www.thebeach-tulum.com\/wp-content\/uploads\/2025\/01\/frescos-1024x683.jpg 1024w, https:\/\/www.thebeach-tulum.com\/wp-content\/uploads\/2025\/01\/frescos-1200x800.jpg 1200w\" sizes=\"(max-width: 1920px) 100vw, 1920px\" \/><\/figure>\n\n<\/div><\/div>\n\n<div class=\"yoast-breadcrumbs bt-gutter--left\"><span><span><a href=\"https:\/\/www.thebeach-tulum.com\/es\/\">Home<\/a><\/span> &gt; <span class=\"breadcrumb_last\" aria-current=\"page\">Fresco&#8217;s<\/span><\/span><\/div>\n\n\n<h1 class=\"gb-headline gb-headline-cd2db322 gb-headline-text bt-gutter--left\">Fresco&#8217;s<\/h1>\n\n\n\n<h2 class=\"gb-headline gb-headline-403c99f0 gb-headline-text bt-gutter--left\">Deliciosa comida org\u00e1nica<\/h2>\n\n<\/div><\/div>\n\n<div class=\"gb-container gb-container-45f0d437 bt-gutter\"><div class=\"gb-inside-container\">\n<div class=\"gb-container gb-container-85dcb45f\"><div class=\"gb-inside-container\">\n\n<p>\u00a1T\u00f3mate el tiempo para hacer lo que hace feliz a tu alma! Como dijo un cliente, \u201cagradable a la vista y al paladar\u201d.<\/p>\n\n\n\n<p>Bienvenido a Fresco&#8217;s, su opci\u00f3n de alimentos saludables para el desayuno o el almuerzo. Color, sabor, textura y creatividad en todas nuestras recetas. \u00danase a nosotros para el desayuno, el almuerzo o una cena informal.<\/p>\n\n\n\n<p>Opciones para personas al\u00e9rgicas al gluten y a los l\u00e1cteos, vegetarianas y veganas.<\/p>\n\n<\/div><\/div>\n\n<div class=\"gb-container gb-container-78516efb bt-gutter--top\"><div class=\"gb-inside-container\"><\/div><\/div>\n<\/div><\/div>\n\n<div class=\"gb-container gb-container-7afac967 bt-gutter\"><div class=\"gb-inside-container\">\n<div class=\"gb-grid-wrapper gb-grid-wrapper-7becd888\">\n<div class=\"gb-grid-column gb-grid-column-a435f8cb\"><div class=\"gb-container gb-container-a435f8cb\"><div class=\"gb-inside-container\">\n\n<figure class=\"wp-block-image size-full\"><img decoding=\"async\" width=\"1600\" height=\"1067\" src=\"https:\/\/www.thebeach-tulum.com\/wp-content\/uploads\/2021\/11\/box-breakfast-tb.jpg\" alt=\"\" class=\"wp-image-9096\" srcset=\"https:\/\/www.thebeach-tulum.com\/wp-content\/uploads\/2021\/11\/box-breakfast-tb.jpg 1600w, https:\/\/www.thebeach-tulum.com\/wp-content\/uploads\/2021\/11\/box-breakfast-tb-300x200.jpg 300w, https:\/\/www.thebeach-tulum.com\/wp-content\/uploads\/2021\/11\/box-breakfast-tb-768x512.jpg 768w, https:\/\/www.thebeach-tulum.com\/wp-content\/uploads\/2021\/11\/box-breakfast-tb-1536x1024.jpg 1536w, https:\/\/www.thebeach-tulum.com\/wp-content\/uploads\/2021\/11\/box-breakfast-tb-1024x683.jpg 1024w\" sizes=\"(max-width: 1600px) 100vw, 1600px\" \/><\/figure>\n\n\n\n<h3 class=\"gb-headline gb-headline-c821a25a gb-headline-text\">Desayuno<\/h3>\n\n\n\n<p>Una opci\u00f3n m\u00e1s para tu desayuno incluido mientras te hospedas en The Beach Tulum.&nbsp;<\/p>\n\n\n\n<p>El men\u00fa de Fresco&#8217;s incluye pan y mermeladas hechos en casa, as\u00ed como avena con frutas, sandwiches dulces y salados. Pancakes reci\u00e9n hechos con frutas frescas, batidos refrescantes y saludables y jugos combinados. Alternativas veganas como pud\u00edn de matcha y ch\u00eda, leche de avena casera, y m\u00e1s.<\/p>\n\n\n\n<p class=\"has-text-color btn-download\"><a href=\"http:\/\/www.frescostulum.com\/desayuno\/\" target=\"_blank\" rel=\"noreferrer noopener\">Desayuno<\/a><\/p>\n\n<\/div><\/div><\/div>\n\n<div class=\"gb-grid-column gb-grid-column-2ddb34ae\"><div class=\"gb-container gb-container-2ddb34ae\"><div class=\"gb-inside-container\">\n\n<figure class=\"wp-block-image size-full\"><img decoding=\"async\" width=\"2560\" height=\"1704\" src=\"https:\/\/www.thebeach-tulum.com\/wp-content\/uploads\/2025\/11\/salmon-scaled.jpg\" alt=\"salmon on wild rice, with avocado and parsil at Fresco's Tulum\" class=\"wp-image-39434\" srcset=\"https:\/\/www.thebeach-tulum.com\/wp-content\/uploads\/2025\/11\/salmon-scaled.jpg 2560w, https:\/\/www.thebeach-tulum.com\/wp-content\/uploads\/2025\/11\/salmon-300x200.jpg 300w, https:\/\/www.thebeach-tulum.com\/wp-content\/uploads\/2025\/11\/salmon-1920x1278.jpg 1920w, https:\/\/www.thebeach-tulum.com\/wp-content\/uploads\/2025\/11\/salmon-768x511.jpg 768w, https:\/\/www.thebeach-tulum.com\/wp-content\/uploads\/2025\/11\/salmon-50x33.jpg 50w, https:\/\/www.thebeach-tulum.com\/wp-content\/uploads\/2025\/11\/salmon-1600x1065.jpg 1600w, https:\/\/www.thebeach-tulum.com\/wp-content\/uploads\/2025\/11\/salmon-1536x1022.jpg 1536w, https:\/\/www.thebeach-tulum.com\/wp-content\/uploads\/2025\/11\/salmon-2048x1363.jpg 2048w, https:\/\/www.thebeach-tulum.com\/wp-content\/uploads\/2025\/11\/salmon-600x399.jpg 600w, https:\/\/www.thebeach-tulum.com\/wp-content\/uploads\/2025\/11\/salmon-1024x683.jpg 1024w, https:\/\/www.thebeach-tulum.com\/wp-content\/uploads\/2025\/11\/salmon-1200x799.jpg 1200w\" sizes=\"(max-width: 2560px) 100vw, 2560px\" \/><\/figure>\n\n\n\n<h3 class=\"gb-headline gb-headline-bcdd5d06 gb-headline-text\">Comida\/cena<\/h3>\n\n\n\n<p>El lugar ideal para un snack o almuerzo ligero al medio d\u00eda o por la tarde\/noche. Con opciones vegetarianas, veganas, libres de gluten y l\u00e1cteos. Presentando tacos, tostadas y ceviches, ensaladas y platillos frescos del mar.&nbsp;<\/p>\n\n\n\n<p>Todo est\u00e1 elaborado con los ingredientes m\u00e1s frescos y de la mejor calidad, de origen local. Opciones veganas y vegetarianas disponibles.<\/p>\n\n\n\n<p class=\"has-text-color btn-download\"><a href=\"https:\/\/www.thebeach-tulum.com\/wp-content\/uploads\/2026\/03\/Frescos-Almuerzo-y-cena.pdf\" target=\"_blank\" rel=\"noreferrer noopener\">Almuerzo y cena <\/a><\/p>\n\n\n\n<p class=\"has-text-color btn-download\"><a href=\"http:\/\/www.frescostulum.com\/postres\/\" target=\"_blank\" rel=\"noreferrer noopener\">Postres<\/a><\/p>\n\n<\/div><\/div><\/div>\n\n<div class=\"gb-grid-column gb-grid-column-2f2dadb4\"><div class=\"gb-container gb-container-2f2dadb4\"><div class=\"gb-inside-container\">\n\n<figure class=\"wp-block-image size-full\"><img decoding=\"async\" width=\"1600\" height=\"1067\" src=\"https:\/\/www.thebeach-tulum.com\/wp-content\/uploads\/2021\/11\/box-brunch-tb.jpg\" alt=\"\" class=\"wp-image-9099\" srcset=\"https:\/\/www.thebeach-tulum.com\/wp-content\/uploads\/2021\/11\/box-brunch-tb.jpg 1600w, https:\/\/www.thebeach-tulum.com\/wp-content\/uploads\/2021\/11\/box-brunch-tb-300x200.jpg 300w, https:\/\/www.thebeach-tulum.com\/wp-content\/uploads\/2021\/11\/box-brunch-tb-768x512.jpg 768w, https:\/\/www.thebeach-tulum.com\/wp-content\/uploads\/2021\/11\/box-brunch-tb-1536x1024.jpg 1536w, https:\/\/www.thebeach-tulum.com\/wp-content\/uploads\/2021\/11\/box-brunch-tb-1024x683.jpg 1024w\" sizes=\"(max-width: 1600px) 100vw, 1600px\" \/><\/figure>\n\n\n\n<h3 class=\"gb-headline gb-headline-fb18726f gb-headline-text\">Brunch<\/h3>\n\n\n\n<p>Fresco\u2019s se ha convertido en el lugar favorito en Tulum para el brunch, disponible de <strong>viernes a domingo de 11 am a 3 pm<\/strong> ofreciendo especiales diferentes cada semana. Platillos cl\u00e1sicos&nbsp;de brunch como huevos benedictinos, tostada de salm\u00f3n y m\u00e1s, y tres especiales diferentes cada fin de semana. Combine su brunch con bebidas cl\u00e1sicas como Mimosa, Kir Royal o uno de nuestros c\u00f3cteles exclusivos.<\/p>\n\n\n\n<p class=\"has-text-color btn-download\"><a href=\"https:\/\/frescostulum.com\/wp-content\/uploads\/2026\/01\/MENU-DE-BEBIDAS-FRESCOS-2026.pdf\" target=\"_blank\" rel=\"noreferrer noopener\">Bebidas <\/a><\/p>\n\n\n\n<p class=\"has-text-color btn-download\"><a href=\"http:\/\/www.frescostulum.com\/wine-list\/\" target=\"_blank\" rel=\"noreferrer noopener\"> Lista de vinos<\/a><\/p>\n\n<\/div><\/div><\/div>\n<\/div>\n<\/div><\/div>\n\n<div class=\"gb-container gb-container-69f1322e\"><div class=\"gb-inside-container\">\n<div class=\"gb-grid-wrapper gb-grid-wrapper-b8d078f3\">\n<div class=\"gb-grid-column gb-grid-column-61e491e2\"><div class=\"gb-container gb-container-61e491e2\"><div class=\"gb-inside-container\">\n<div class=\"gb-container gb-container-89060e51\"><div class=\"gb-inside-container\">\n\n<p><script type=\"text\/javascript\" src=\"\/\/www.opentable.com.mx\/widget\/reservation\/loader?rid=1054714&amp;type=standard&amp;theme=standard&amp;iframe=true&amp;domain=commx&amp;lang=es-MX&amp;newtab=false&amp;ot_source=Restaurant%20website\"><\/script><\/p>\n\n<\/div><\/div>\n<\/div><\/div><\/div>\n\n<div class=\"gb-grid-column gb-grid-column-9e881a00\"><div class=\"gb-container gb-container-9e881a00\"><div class=\"gb-inside-container\"><\/div><\/div><\/div>\n<\/div>\n<\/div><\/div>\n\n<div class=\"gb-container gb-container-49057e2d bt-room-gallery bt-half-gutter--top\"><div class=\"gb-inside-container\"><\/div><\/div>\n\n<div class=\"gb-container gb-container-112afa16 bt-padding--double bt-testimonials__container\"><div class=\"gb-inside-container\">\n\n<h2 class=\"gb-headline gb-headline-b1d2fce3 gb-headline-text\">Lo que dicen nuestros hu\u00e9spedes<\/h2>\n\n\n\n<div class=\"wp-block-uagb-testimonial bt-testimonials-block uagb-slick-carousel uagb-tm__arrow-outside uagb-block-b5318930\"><div class=\"is-carousel uagb-tm__columns-1 uagb-tm__items\"><div class=\"uagb-testimonial__wrap  uagb-tm__imgicon-style-circle uagb-tm__image-position-bottom uagb-tm__bg-type-none \"><div class=\"uagb-tm__content\"><div class=\"uagb-tm__overlay\"><\/div><div class=\"uagb-tm__text-wrap\"><div class=\"uagb-tm__desc\"><meta charset=\"utf-8\">Pasamos nuestro aniversario en este incre\u00edble hotel. Me encant\u00f3 porque a pesar de mantener lo r\u00fastico de los hoteles de Tulum, el hotel tiene todas la comodidades y est\u00e1 impecable. Los cuartos amplios en frente de la playa (la cual limpian todas las ma\u00f1anas por lo que es de las mejores en la zona), room service de dos restaurantes diferentes (uno muy &#8220;healthy&#8221; y &#8220;vegan&#8221; y otro m\u00e1s de antojitos mexicanos) con comida deliciosa en los dos.<\/div><div class=\"uagb-tm__meta-inner\"><div class=\"uagb-testimonial-details\"><span class=\"uagb-tm__author-name\"><meta charset=\"utf-8\">Dan R<\/span><span class=\"uagb-tm__company\">Company1<\/span><\/div><\/div><\/div><\/div><\/div><div class=\"uagb-testimonial__wrap  uagb-tm__imgicon-style-circle uagb-tm__image-position-bottom uagb-tm__bg-type-none \"><div class=\"uagb-tm__content\"><div class=\"uagb-tm__overlay\"><\/div><div class=\"uagb-tm__text-wrap\"><div class=\"uagb-tm__desc\"><meta charset=\"utf-8\">Este hotel nos dej\u00f3 impactado con todo, servicio, comida, atenciones, vista, cuartos, todos son muy amables, Israel del bar, las muchachas del front desk, cada persona que trabaja ah\u00ed, los muchachos que trabajan en la playa! bueno tanto que decir de este lugar que me quedo corta, definitivamente volvemos pronto!<\/div><div class=\"uagb-tm__meta-inner\"><div class=\"uagb-testimonial-details\"><span class=\"uagb-tm__author-name\"><meta charset=\"utf-8\">adesantana5<\/span><span class=\"uagb-tm__company\">Company2<\/span><\/div><\/div><\/div><\/div><\/div><div class=\"uagb-testimonial__wrap  uagb-tm__imgicon-style-circle uagb-tm__image-position-bottom uagb-tm__bg-type-none \"><div class=\"uagb-tm__content\"><div class=\"uagb-tm__overlay\"><\/div><div class=\"uagb-tm__text-wrap\"><div class=\"uagb-tm__desc\"><meta charset=\"utf-8\">El hotel est\u00e1 muy bien ubicado. La atenci\u00f3n del personal es sobresaliente. Las habitaciones est\u00e1n muy bien dise\u00f1adas y decoradas, b\u00e1sicas pero con todo lo necesario. La comida es excelente. El ambiente es genial, muy rom\u00e1ntico para ir en parejas.<\/div><div class=\"uagb-tm__meta-inner\"><div class=\"uagb-testimonial-details\"><span class=\"uagb-tm__author-name\"><meta charset=\"utf-8\">pedroelviajero007<\/span><span class=\"uagb-tm__company\">Company3<\/span><\/div><\/div><\/div><\/div><\/div><\/div><\/div>\n\n<\/div><\/div>\n\n<div class=\"gb-container gb-container-3c4813e1 bt-tripadvisor-block\"><div class=\"gb-inside-container\">\n\n<div style=\"width:166px;margin: 0 auto;\"><div id=\"TA_tchotel941\" class=\"TA_tchotel\"><ul id=\"LnbgHoH\" class=\"TA_links egGC2Y\"><li id=\"z1XaoGBv\" class=\"bK012uAA7osq\"><a target=\"_blank\" href=\"https:\/\/www.tripadvisor.com\/Hotel_Review-g23240074-d3979959-Reviews-The_Beach_Tulum_Hotel-Tulum_Beach_Tulum_Yucatan_Peninsula.html\"><img decoding=\"async\" src=\"https:\/\/static.tacdn.com\/img2\/travelers_choice\/widgets\/tchotel_bob_2025_L.png\" alt=\"Tripadvisor\" class=\"false\" id=\"false\"\/><\/a><\/li><\/ul><\/div><script async src=\"https:\/\/www.jscache.com\/wejs?wtype=tchotel&amp;uniq=941&amp;locationId=3979959&amp;lang=en_US&amp;year=2025&amp;display_version=2\" data-loadtrk onload=\"this.loadtrk=true\"><\/script><\/div>\n\n\n\n<p class=\"has-text-align-center\"><a href=\"https:\/\/www.tripadvisor.com\/Hotel_Review-g23240074-d3979959-Reviews-The_Beach_Tulum_Hotel-Tulum_Beach_Tulum_Yucatan_Peninsula.html\" class=\"bt-button--line\" target=\"_blank\" rel=\"noopener\">Encu\u00e9ntranos en Tripadvisor<\/a><\/p>\n\n<\/div><\/div>","protected":false},"excerpt":{"rendered":"<p>Fresco&#8217;s Deliciosa comida org\u00e1nica \u00a1T\u00f3mate el tiempo para hacer lo que hace feliz a tu alma! Como dijo un cliente, \u201cagradable a la vista y al paladar\u201d. Bienvenido a Fresco&#8217;s, su opci\u00f3n de alimentos saludables para el desayuno o el almuerzo. Color, sabor, textura y creatividad en todas nuestras recetas. \u00danase a nosotros para el [&hellip;]<\/p>\n","protected":false},"author":5,"featured_media":0,"parent":0,"menu_order":51,"comment_status":"closed","ping_status":"closed","template":"","meta":{"_acf_changed":false,"_uag_custom_page_level_css":"","site-sidebar-layout":"default","site-content-layout":"default","ast-site-content-layout":"default","site-content-style":"default","site-sidebar-style":"default","ast-global-header-display":"","ast-banner-title-visibility":"","ast-main-header-display":"","ast-hfb-above-header-display":"","ast-hfb-below-header-display":"","ast-hfb-mobile-header-display":"","site-post-title":"disabled","ast-breadcrumbs-content":"","ast-featured-img":"","footer-sml-layout":"","theme-transparent-header-meta":"enabled","adv-header-id-meta":"","stick-header-meta":"default","header-above-stick-meta":"","header-main-stick-meta":"","header-below-stick-meta":"","astra-migrate-meta-layouts":"set","ast-page-background-enabled":"default","ast-page-background-meta":{"desktop":{"background-color":"","background-image":"","background-repeat":"repeat","background-position":"center center","background-size":"auto","background-attachment":"scroll","background-type":"","background-media":"","overlay-type":"","overlay-color":"","overlay-opacity":"","overlay-gradient":""},"tablet":{"background-color":"","background-image":"","background-repeat":"repeat","background-position":"center center","background-size":"auto","background-attachment":"scroll","background-type":"","background-media":"","overlay-type":"","overlay-color":"","overlay-opacity":"","overlay-gradient":""},"mobile":{"background-color":"","background-image":"","background-repeat":"repeat","background-position":"center center","background-size":"auto","background-attachment":"scroll","background-type":"","background-media":"","overlay-type":"","overlay-color":"","overlay-opacity":"","overlay-gradient":""}},"ast-content-background-meta":{"desktop":{"background-color":"var(--ast-global-color-5)","background-image":"","background-repeat":"repeat","background-position":"center center","background-size":"auto","background-attachment":"scroll","background-type":"","background-media":"","overlay-type":"","overlay-color":"","overlay-opacity":"","overlay-gradient":""},"tablet":{"background-color":"var(--ast-global-color-5)","background-image":"","background-repeat":"repeat","background-position":"center center","background-size":"auto","background-attachment":"scroll","background-type":"","background-media":"","overlay-type":"","overlay-color":"","overlay-opacity":"","overlay-gradient":""},"mobile":{"background-color":"var(--ast-global-color-5)","background-image":"","background-repeat":"repeat","background-position":"center center","background-size":"auto","background-attachment":"scroll","background-type":"","background-media":"","overlay-type":"","overlay-color":"","overlay-opacity":"","overlay-gradient":""}},"pgc_sgb_lightbox_settings":"","footnotes":""},"class_list":["post-7177","page","type-page","status-publish","hentry"],"acf":[],"yoast_head":"<!-- This site is optimized with the Yoast SEO plugin v24.2 - https:\/\/yoast.com\/wordpress\/plugins\/seo\/ -->\n<title>Restaurante Fresco&#039;s | THE BEACH TULUM HOTEL<\/title>\n<meta name=\"description\" content=\"\u00a1Estamos felices de poder darle la bienvenida a nuestro nuevo restaurante de comida saludable, Fresco\u2019s!\" \/>\n<meta name=\"robots\" content=\"index, follow, max-snippet:-1, max-image-preview:large, max-video-preview:-1\" \/>\n<link rel=\"canonical\" href=\"https:\/\/www.thebeach-tulum.com\/es\/frescos\/\" \/>\n<meta property=\"og:locale\" content=\"es_ES\" \/>\n<meta property=\"og:type\" content=\"article\" \/>\n<meta property=\"og:title\" content=\"Restaurante Fresco&#039;s | THE BEACH TULUM HOTEL\" \/>\n<meta property=\"og:description\" content=\"\u00a1Estamos felices de poder darle la bienvenida a nuestro nuevo restaurante de comida saludable, Fresco\u2019s!\" \/>\n<meta property=\"og:url\" content=\"https:\/\/www.thebeach-tulum.com\/es\/frescos\/\" \/>\n<meta property=\"og:site_name\" content=\"The Beach Tulum Hotel\" \/>\n<meta property=\"article:modified_time\" content=\"2026-03-02T19:07:10+00:00\" \/>\n<meta property=\"og:image\" content=\"https:\/\/www.thebeach-tulum.com\/wp-content\/uploads\/2025\/01\/frescos.jpg\" \/>\n\t<meta property=\"og:image:width\" content=\"1920\" \/>\n\t<meta property=\"og:image:height\" content=\"1280\" \/>\n\t<meta property=\"og:image:type\" content=\"image\/jpeg\" \/>\n<meta name=\"twitter:card\" content=\"summary_large_image\" \/>\n<meta name=\"twitter:label1\" content=\"Tiempo de lectura\" \/>\n\t<meta name=\"twitter:data1\" content=\"6 minutos\" \/>\n<!-- \/ Yoast SEO plugin. -->","yoast_head_json":{"title":"Restaurante Fresco's | THE BEACH TULUM HOTEL","description":"\u00a1Estamos felices de poder darle la bienvenida a nuestro nuevo restaurante de comida saludable, Fresco\u2019s!","robots":{"index":"index","follow":"follow","max-snippet":"max-snippet:-1","max-image-preview":"max-image-preview:large","max-video-preview":"max-video-preview:-1"},"canonical":"https:\/\/www.thebeach-tulum.com\/es\/frescos\/","og_locale":"es_ES","og_type":"article","og_title":"Restaurante Fresco's | THE BEACH TULUM HOTEL","og_description":"\u00a1Estamos felices de poder darle la bienvenida a nuestro nuevo restaurante de comida saludable, Fresco\u2019s!","og_url":"https:\/\/www.thebeach-tulum.com\/es\/frescos\/","og_site_name":"The Beach Tulum Hotel","article_modified_time":"2026-03-02T19:07:10+00:00","og_image":[{"width":1920,"height":1280,"url":"https:\/\/www.thebeach-tulum.com\/wp-content\/uploads\/2025\/01\/frescos.jpg","type":"image\/jpeg"}],"twitter_card":"summary_large_image","twitter_misc":{"Tiempo de lectura":"6 minutos"},"schema":{"@context":"https:\/\/schema.org","@graph":[{"@type":"WebPage","@id":"https:\/\/www.thebeach-tulum.com\/es\/frescos\/","url":"https:\/\/www.thebeach-tulum.com\/es\/frescos\/","name":"Restaurante Fresco's | THE BEACH TULUM HOTEL","isPartOf":{"@id":"https:\/\/www.thebeach-tulum.com\/es\/#website"},"primaryImageOfPage":{"@id":"https:\/\/www.thebeach-tulum.com\/es\/frescos\/#primaryimage"},"image":{"@id":"https:\/\/www.thebeach-tulum.com\/es\/frescos\/#primaryimage"},"thumbnailUrl":"https:\/\/thebeach-tulum.com\/wp-content\/uploads\/2025\/01\/frescos.jpg","datePublished":"2021-11-02T08:18:48+00:00","dateModified":"2026-03-02T19:07:10+00:00","description":"\u00a1Estamos felices de poder darle la bienvenida a nuestro nuevo restaurante de comida saludable, Fresco\u2019s!","breadcrumb":{"@id":"https:\/\/www.thebeach-tulum.com\/es\/frescos\/#breadcrumb"},"inLanguage":"es","potentialAction":[{"@type":"ReadAction","target":["https:\/\/www.thebeach-tulum.com\/es\/frescos\/"]}]},{"@type":"ImageObject","inLanguage":"es","@id":"https:\/\/www.thebeach-tulum.com\/es\/frescos\/#primaryimage","url":"https:\/\/thebeach-tulum.com\/wp-content\/uploads\/2025\/01\/frescos.jpg","contentUrl":"https:\/\/thebeach-tulum.com\/wp-content\/uploads\/2025\/01\/frescos.jpg"},{"@type":"BreadcrumbList","@id":"https:\/\/www.thebeach-tulum.com\/es\/frescos\/#breadcrumb","itemListElement":[{"@type":"ListItem","position":1,"name":"Home","item":"https:\/\/www.thebeach-tulum.com\/es\/"},{"@type":"ListItem","position":2,"name":"Fresco&#8217;s"}]},{"@type":"WebSite","@id":"https:\/\/www.thebeach-tulum.com\/es\/#website","url":"https:\/\/www.thebeach-tulum.com\/es\/","name":"The Beach Tulum Hotel","description":"Adult only Hotel in Tulum, Riviera Maya","publisher":{"@id":"https:\/\/www.thebeach-tulum.com\/es\/#organization"},"potentialAction":[{"@type":"SearchAction","target":{"@type":"EntryPoint","urlTemplate":"https:\/\/www.thebeach-tulum.com\/es\/?s={search_term_string}"},"query-input":{"@type":"PropertyValueSpecification","valueRequired":true,"valueName":"search_term_string"}}],"inLanguage":"es"},{"@type":"Organization","@id":"https:\/\/www.thebeach-tulum.com\/es\/#organization","name":"The Beach Tulum Hotel","url":"https:\/\/www.thebeach-tulum.com\/es\/","logo":{"@type":"ImageObject","inLanguage":"es","@id":"https:\/\/www.thebeach-tulum.com\/es\/#\/schema\/logo\/image\/","url":"https:\/\/www.thebeach-tulum.com\/wp-content\/uploads\/2021\/05\/the-beach-tulum_logo_blue.png","contentUrl":"https:\/\/www.thebeach-tulum.com\/wp-content\/uploads\/2021\/05\/the-beach-tulum_logo_blue.png","width":295,"height":100,"caption":"The Beach Tulum Hotel"},"image":{"@id":"https:\/\/www.thebeach-tulum.com\/es\/#\/schema\/logo\/image\/"}}]}},"uagb_featured_image_src":{"full":false,"thumbnail":false,"medium":false,"medium_large":false,"large":false,"gs-tiny":false,"xl":false,"xxl":false,"xxxl":false,"xxxxl":false,"xxxxxl":false,"1536x1536":false,"2048x2048":false,"es_600":false,"es_1024":false,"es_1200":false,"blog":false,"gallery_es":false},"uagb_author_info":{"display_name":"TheBeachTulum","author_link":"https:\/\/www.thebeach-tulum.com\/es\/author\/thebeachtulum\/"},"uagb_comment_info":0,"uagb_excerpt":"Fresco&#8217;s Deliciosa comida org\u00e1nica \u00a1T\u00f3mate el tiempo para hacer lo que hace feliz a tu alma! Como dijo un cliente, \u201cagradable a la vista y al paladar\u201d. Bienvenido a Fresco&#8217;s, su opci\u00f3n de alimentos saludables para el desayuno o el almuerzo. Color, sabor, textura y creatividad en todas nuestras recetas. \u00danase a nosotros para el&hellip;","_links":{"self":[{"href":"https:\/\/www.thebeach-tulum.com\/es\/wp-json\/wp\/v2\/pages\/7177","targetHints":{"allow":["GET"]}}],"collection":[{"href":"https:\/\/www.thebeach-tulum.com\/es\/wp-json\/wp\/v2\/pages"}],"about":[{"href":"https:\/\/www.thebeach-tulum.com\/es\/wp-json\/wp\/v2\/types\/page"}],"author":[{"embeddable":true,"href":"https:\/\/www.thebeach-tulum.com\/es\/wp-json\/wp\/v2\/users\/5"}],"replies":[{"embeddable":true,"href":"https:\/\/www.thebeach-tulum.com\/es\/wp-json\/wp\/v2\/comments?post=7177"}],"version-history":[{"count":9,"href":"https:\/\/www.thebeach-tulum.com\/es\/wp-json\/wp\/v2\/pages\/7177\/revisions"}],"predecessor-version":[{"id":40359,"href":"https:\/\/www.thebeach-tulum.com\/es\/wp-json\/wp\/v2\/pages\/7177\/revisions\/40359"}],"wp:attachment":[{"href":"https:\/\/www.thebeach-tulum.com\/es\/wp-json\/wp\/v2\/media?parent=7177"}],"curies":[{"name":"wp","href":"https:\/\/api.w.org\/{rel}","templated":true}]}}