{"id":7219,"date":"2021-10-06T15:42:31","date_gmt":"2021-10-06T15:42:31","guid":{"rendered":"\/\/www.thebeach-tulum.com\/cancellation-policy\/"},"modified":"2023-01-30T09:44:19","modified_gmt":"2023-01-30T09:44:19","slug":"politica-de-cancelacion","status":"publish","type":"page","link":"https:\/\/www.thebeach-tulum.com\/es\/politica-de-cancelacion\/","title":{"rendered":"Pol\u00edtica de cancelaci\u00f3n"},"content":{"rendered":"<div class=\"gb-container gb-container-c2892fe9 bt-hero\"><div class=\"gb-inside-container\">\n<div class=\"gb-container gb-container-89eccbba bt-hero__image\"><div class=\"gb-inside-container\">\n\n<figure class=\"wp-block-image size-full\"><img decoding=\"async\" width=\"1798\" height=\"1200\" src=\"https:https:https:\/\/www.thebeach-tulum.com\/wp-content\/uploads\/2021\/10\/faq_1.jpg\" alt=\"\" class=\"wp-image-4041\" srcset=\"https:\/\/www.thebeach-tulum.com\/wp-content\/uploads\/2021\/10\/faq_1.jpg 1798w, https:\/\/www.thebeach-tulum.com\/wp-content\/uploads\/2021\/10\/faq_1-300x200.jpg 300w, https:\/\/www.thebeach-tulum.com\/wp-content\/uploads\/2021\/10\/faq_1-768x513.jpg 768w, https:\/\/www.thebeach-tulum.com\/wp-content\/uploads\/2021\/10\/faq_1-1600x1068.jpg 1600w, https:\/\/www.thebeach-tulum.com\/wp-content\/uploads\/2021\/10\/faq_1-1536x1025.jpg 1536w, https:\/\/www.thebeach-tulum.com\/wp-content\/uploads\/2021\/10\/faq_1-1024x683.jpg 1024w\" sizes=\"(max-width: 1798px) 100vw, 1798px\" \/><\/figure>\n\n<\/div><\/div>\n\n<div class=\"yoast-breadcrumbs bt-gutter--left\"><span><span><a href=\"https:\/\/www.thebeach-tulum.com\/es\/\">Home<\/a><\/span> &gt; <span class=\"breadcrumb_last\" aria-current=\"page\">Pol\u00edtica de cancelaci\u00f3n<\/span><\/span><\/div>\n\n\n<h1 class=\"gb-headline gb-headline-a3c6ac95 gb-headline-text bt-gutter--left\">Pol\u00edtica de cancelaci\u00f3n<\/h1>\n\n<\/div><\/div>\n\n<div class=\"gb-container gb-container-047e9928 bt-gutter\"><div class=\"gb-inside-container\">\n<div class=\"gb-container gb-container-5d725c83 bt-columns--two\"><div class=\"gb-inside-container\">\n\n<p>Somos un hotel peque\u00f1o, si usted desea o necesita cambiar su fechas de viaje le pedimos el favor de avisarnos lo mas pronto que pueda para no tener que aplicar cargos de cancelaci\u00f3n. S\u00f3lo para reservaciones individuales. En caso de cancelaci\u00f3n grupal, por favor, p\u00f3ngase en contacto con nuestra oficina de reservaciones.<\/p>\n\n\n\n<ol class=\"wp-block-list\">\n<li>Para que una cancelaci\u00f3n sea v\u00e1lida, necesitamos por su parte una solicitud por escrito, y usted recibir\u00e1 de nosotros una confirmaci\u00f3n de cancelaci\u00f3n por escrito. Las cancelaciones realizadas por tel\u00e9fono no son v\u00e1lidas.<\/li>\n\n\n\n<li>Se aplican las cancelaciones de acuerdo a su correo de confirmaci\u00f3n y tarifa.<\/li>\n\n\n\n<li>En caso de reprogramaci\u00f3n de fechas los precios de las habitaciones ser\u00e1n ajustados de acuerdo a tarifas de temporada y nuevas reservaciones.<\/li>\n\n\n\n<li>En caso de reservaciones grupales favor de consultar su confirmaci\u00f3n de reservaci\u00f3n.<\/li>\n\n\n\n<li>Tarifas no reembolsables: no hay reembolso en caso de tarifas no reembolsable. En caso de que usted no est\u00e9 seguro de sus fechas de viaje, seleccione un plan tarifario mas flexiblo o tome en consideraci\u00f3n comprar un seguro de viaje. <\/li>\n\n\n\n<li>REEMBOLSO: para todas las reservas con prepago hay un gasto de reembolso de $ 40 USD a agregar al monto especificado en su confirmaci\u00f3n.<\/li>\n\n\n\n<li>No hay reembolsos o cr\u00e9ditos por cancelaciones de vuelo, debido a cualquier circunstancia. Por favor, vea nuestra recomendaci\u00f3n para el seguro de viaje para evitar cualquier inconveniente con respecto a los retrasos de vuelo o en otras situaciones.<\/li>\n\n\n\n<li>Para cualquier cambio en su reservaci\u00f3n confirmada, deber\u00e1 enviar por escrito una solicitud a <a href=\"mailto:info@thebeach-tulum.com\">info@thebeach-tulum.com<\/a> y ser\u00e1n recibidas y confirmadas por nuestro equipo de reservas mediante correo electr\u00f3nico. Todos los cambios solicitados despu\u00e9s del primer correo electr\u00f3nico de confirmaci\u00f3n est\u00e1n sujetas a la disponibilidad del hotel.<\/li>\n\n\n\n<li>No hay reembolsos o devoluciones por salida antes de la fecha acordada, o en caso de no llegar. En case de que se emite un cr\u00e9dito, nuestra oficina de reservas le enviar\u00e1 por correo electr\u00f3nico su validez y restricciones.<\/li>\n<\/ol>\n\n<\/div><\/div>\n<\/div><\/div>\n\n<div class=\"gb-container gb-container-b5085311 bt-gutter\"><div class=\"gb-inside-container\">\n\n<h4 class=\"gb-headline gb-headline-e8162707 gb-headline-text\">See also:<\/h4>\n\n\n\n<p class=\"has-text-color\"><a class=\"bt-button--line\" href=\"\/es\/condiciones-de-reserva\/\">Condiciones de reserva<\/a><\/p>\n\n\n\n<p class=\"has-text-color\"><a class=\"bt-button--line\" href=\"\/es\/politica-de-responsabilidad\/\">Politica de responsabilidad<\/a><\/p>\n\n\n\n<p class=\"has-text-color\"><a class=\"bt-button--line\" href=\"\/travel-insurance\/\">Travel Insurance<\/a><\/p>\n\n<\/div><\/div>\n\n<div class=\"gb-container gb-container-3c4813e1 bt-tripadvisor-block\"><div class=\"gb-inside-container\">\n\n<div style=\"width:166px;margin: 0 auto;\"><div id=\"TA_tchotel941\" class=\"TA_tchotel\"><ul id=\"LnbgHoH\" class=\"TA_links egGC2Y\"><li id=\"z1XaoGBv\" class=\"bK012uAA7osq\"><a target=\"_blank\" href=\"https:\/\/www.tripadvisor.com\/Hotel_Review-g23240074-d3979959-Reviews-The_Beach_Tulum_Hotel-Tulum_Beach_Tulum_Yucatan_Peninsula.html\"><img decoding=\"async\" src=\"https:\/\/static.tacdn.com\/img2\/travelers_choice\/widgets\/tchotel_bob_2025_L.png\" alt=\"Tripadvisor\" class=\"false\" id=\"false\"\/><\/a><\/li><\/ul><\/div><script async src=\"https:\/\/www.jscache.com\/wejs?wtype=tchotel&amp;uniq=941&amp;locationId=3979959&amp;lang=en_US&amp;year=2025&amp;display_version=2\" data-loadtrk onload=\"this.loadtrk=true\"><\/script><\/div>\n\n\n\n<p class=\"has-text-align-center\"><a href=\"https:\/\/www.tripadvisor.com\/Hotel_Review-g23240074-d3979959-Reviews-The_Beach_Tulum_Hotel-Tulum_Beach_Tulum_Yucatan_Peninsula.html\" class=\"bt-button--line\" target=\"_blank\" rel=\"noopener\">Encu\u00e9ntranos en Tripadvisor<\/a><\/p>\n\n<\/div><\/div>","protected":false},"excerpt":{"rendered":"<p>Pol\u00edtica de cancelaci\u00f3n Somos un hotel peque\u00f1o, si usted desea o necesita cambiar su fechas de viaje le pedimos el favor de avisarnos lo mas pronto que pueda para no tener que aplicar cargos de cancelaci\u00f3n. S\u00f3lo para reservaciones individuales. En caso de cancelaci\u00f3n grupal, por favor, p\u00f3ngase en contacto con nuestra oficina de reservaciones. [&hellip;]<\/p>\n","protected":false},"author":6,"featured_media":0,"parent":0,"menu_order":120,"comment_status":"closed","ping_status":"closed","template":"","meta":{"_acf_changed":false,"_uag_custom_page_level_css":"","site-sidebar-layout":"default","site-content-layout":"default","ast-site-content-layout":"","site-content-style":"default","site-sidebar-style":"default","ast-global-header-display":"","ast-banner-title-visibility":"","ast-main-header-display":"","ast-hfb-above-header-display":"","ast-hfb-below-header-display":"","ast-hfb-mobile-header-display":"","site-post-title":"disabled","ast-breadcrumbs-content":"","ast-featured-img":"","footer-sml-layout":"","theme-transparent-header-meta":"enabled","adv-header-id-meta":"","stick-header-meta":"default","header-above-stick-meta":"","header-main-stick-meta":"","header-below-stick-meta":"","astra-migrate-meta-layouts":"default","ast-page-background-enabled":"default","ast-page-background-meta":{"desktop":{"background-color":"","background-image":"","background-repeat":"repeat","background-position":"center center","background-size":"auto","background-attachment":"scroll","background-type":"","background-media":"","overlay-type":"","overlay-color":"","overlay-opacity":"","overlay-gradient":""},"tablet":{"background-color":"","background-image":"","background-repeat":"repeat","background-position":"center center","background-size":"auto","background-attachment":"scroll","background-type":"","background-media":"","overlay-type":"","overlay-color":"","overlay-opacity":"","overlay-gradient":""},"mobile":{"background-color":"","background-image":"","background-repeat":"repeat","background-position":"center center","background-size":"auto","background-attachment":"scroll","background-type":"","background-media":"","overlay-type":"","overlay-color":"","overlay-opacity":"","overlay-gradient":""}},"ast-content-background-meta":{"desktop":{"background-color":"var(--ast-global-color-5)","background-image":"","background-repeat":"repeat","background-position":"center center","background-size":"auto","background-attachment":"scroll","background-type":"","background-media":"","overlay-type":"","overlay-color":"","overlay-opacity":"","overlay-gradient":""},"tablet":{"background-color":"var(--ast-global-color-5)","background-image":"","background-repeat":"repeat","background-position":"center center","background-size":"auto","background-attachment":"scroll","background-type":"","background-media":"","overlay-type":"","overlay-color":"","overlay-opacity":"","overlay-gradient":""},"mobile":{"background-color":"var(--ast-global-color-5)","background-image":"","background-repeat":"repeat","background-position":"center center","background-size":"auto","background-attachment":"scroll","background-type":"","background-media":"","overlay-type":"","overlay-color":"","overlay-opacity":"","overlay-gradient":""}},"pgc_sgb_lightbox_settings":"","footnotes":""},"class_list":["post-7219","page","type-page","status-publish","hentry"],"acf":[],"yoast_head":"<!-- This site is optimized with the Yoast SEO plugin v24.2 - https:\/\/yoast.com\/wordpress\/plugins\/seo\/ -->\n<title>Pol\u00edtica de cancelaci\u00f3n | The Beach Tulum Hotel<\/title>\n<meta name=\"description\" content=\"Somos un hotel peque\u00f1o con pocas habitaciones y nuestras pol\u00edticas de cancelaci\u00f3n son bastante estrictas: aqu\u00ed tienes todos los detalles que necesitas saber.\" \/>\n<meta name=\"robots\" content=\"index, follow, max-snippet:-1, max-image-preview:large, max-video-preview:-1\" \/>\n<link rel=\"canonical\" href=\"https:\/\/www.thebeach-tulum.com\/es\/politica-de-cancelacion\/\" \/>\n<meta property=\"og:locale\" content=\"es_ES\" \/>\n<meta property=\"og:type\" content=\"article\" \/>\n<meta property=\"og:title\" content=\"Pol\u00edtica de cancelaci\u00f3n | The Beach Tulum Hotel\" \/>\n<meta property=\"og:description\" content=\"Somos un hotel peque\u00f1o con pocas habitaciones y nuestras pol\u00edticas de cancelaci\u00f3n son bastante estrictas: aqu\u00ed tienes todos los detalles que necesitas saber.\" \/>\n<meta property=\"og:url\" content=\"https:\/\/www.thebeach-tulum.com\/es\/politica-de-cancelacion\/\" \/>\n<meta property=\"og:site_name\" content=\"The Beach Tulum Hotel\" \/>\n<meta property=\"article:modified_time\" content=\"2023-01-30T09:44:19+00:00\" \/>\n<meta name=\"twitter:card\" content=\"summary_large_image\" \/>\n<meta name=\"twitter:label1\" content=\"Tiempo de lectura\" \/>\n\t<meta name=\"twitter:data1\" content=\"2 minutos\" \/>\n<!-- \/ Yoast SEO plugin. -->","yoast_head_json":{"title":"Pol\u00edtica de cancelaci\u00f3n | The Beach Tulum Hotel","description":"Somos un hotel peque\u00f1o con pocas habitaciones y nuestras pol\u00edticas de cancelaci\u00f3n son bastante estrictas: aqu\u00ed tienes todos los detalles que necesitas saber.","robots":{"index":"index","follow":"follow","max-snippet":"max-snippet:-1","max-image-preview":"max-image-preview:large","max-video-preview":"max-video-preview:-1"},"canonical":"https:\/\/www.thebeach-tulum.com\/es\/politica-de-cancelacion\/","og_locale":"es_ES","og_type":"article","og_title":"Pol\u00edtica de cancelaci\u00f3n | The Beach Tulum Hotel","og_description":"Somos un hotel peque\u00f1o con pocas habitaciones y nuestras pol\u00edticas de cancelaci\u00f3n son bastante estrictas: aqu\u00ed tienes todos los detalles que necesitas saber.","og_url":"https:\/\/www.thebeach-tulum.com\/es\/politica-de-cancelacion\/","og_site_name":"The Beach Tulum Hotel","article_modified_time":"2023-01-30T09:44:19+00:00","twitter_card":"summary_large_image","twitter_misc":{"Tiempo de lectura":"2 minutos"},"schema":{"@context":"https:\/\/schema.org","@graph":[{"@type":"WebPage","@id":"https:\/\/www.thebeach-tulum.com\/es\/politica-de-cancelacion\/","url":"https:\/\/www.thebeach-tulum.com\/es\/politica-de-cancelacion\/","name":"Pol\u00edtica de cancelaci\u00f3n | The Beach Tulum Hotel","isPartOf":{"@id":"https:\/\/www.thebeach-tulum.com\/es\/#website"},"datePublished":"2021-10-06T15:42:31+00:00","dateModified":"2023-01-30T09:44:19+00:00","description":"Somos un hotel peque\u00f1o con pocas habitaciones y nuestras pol\u00edticas de cancelaci\u00f3n son bastante estrictas: aqu\u00ed tienes todos los detalles que necesitas saber.","breadcrumb":{"@id":"https:\/\/www.thebeach-tulum.com\/es\/politica-de-cancelacion\/#breadcrumb"},"inLanguage":"es","potentialAction":[{"@type":"ReadAction","target":["https:\/\/www.thebeach-tulum.com\/es\/politica-de-cancelacion\/"]}]},{"@type":"BreadcrumbList","@id":"https:\/\/www.thebeach-tulum.com\/es\/politica-de-cancelacion\/#breadcrumb","itemListElement":[{"@type":"ListItem","position":1,"name":"Home","item":"https:\/\/www.thebeach-tulum.com\/es\/"},{"@type":"ListItem","position":2,"name":"Pol\u00edtica de cancelaci\u00f3n"}]},{"@type":"WebSite","@id":"https:\/\/www.thebeach-tulum.com\/es\/#website","url":"https:\/\/www.thebeach-tulum.com\/es\/","name":"The Beach Tulum Hotel","description":"Adult only Hotel in Tulum, Riviera Maya","publisher":{"@id":"https:\/\/www.thebeach-tulum.com\/es\/#organization"},"potentialAction":[{"@type":"SearchAction","target":{"@type":"EntryPoint","urlTemplate":"https:\/\/www.thebeach-tulum.com\/es\/?s={search_term_string}"},"query-input":{"@type":"PropertyValueSpecification","valueRequired":true,"valueName":"search_term_string"}}],"inLanguage":"es"},{"@type":"Organization","@id":"https:\/\/www.thebeach-tulum.com\/es\/#organization","name":"The Beach Tulum Hotel","url":"https:\/\/www.thebeach-tulum.com\/es\/","logo":{"@type":"ImageObject","inLanguage":"es","@id":"https:\/\/www.thebeach-tulum.com\/es\/#\/schema\/logo\/image\/","url":"https:\/\/www.thebeach-tulum.com\/wp-content\/uploads\/2021\/05\/the-beach-tulum_logo_blue.png","contentUrl":"https:\/\/www.thebeach-tulum.com\/wp-content\/uploads\/2021\/05\/the-beach-tulum_logo_blue.png","width":295,"height":100,"caption":"The Beach Tulum Hotel"},"image":{"@id":"https:\/\/www.thebeach-tulum.com\/es\/#\/schema\/logo\/image\/"}}]}},"uagb_featured_image_src":{"full":false,"thumbnail":false,"medium":false,"medium_large":false,"large":false,"gs-tiny":false,"xl":false,"xxl":false,"xxxl":false,"xxxxl":false,"xxxxxl":false,"1536x1536":false,"2048x2048":false,"es_600":false,"es_1024":false,"es_1200":false,"blog":false,"gallery_es":false},"uagb_author_info":{"display_name":"Naxa","author_link":"https:\/\/www.thebeach-tulum.com\/es\/author\/luca\/"},"uagb_comment_info":0,"uagb_excerpt":"Pol\u00edtica de cancelaci\u00f3n Somos un hotel peque\u00f1o, si usted desea o necesita cambiar su fechas de viaje le pedimos el favor de avisarnos lo mas pronto que pueda para no tener que aplicar cargos de cancelaci\u00f3n. S\u00f3lo para reservaciones individuales. En caso de cancelaci\u00f3n grupal, por favor, p\u00f3ngase en contacto con nuestra oficina de reservaciones.&hellip;","_links":{"self":[{"href":"https:\/\/www.thebeach-tulum.com\/es\/wp-json\/wp\/v2\/pages\/7219","targetHints":{"allow":["GET"]}}],"collection":[{"href":"https:\/\/www.thebeach-tulum.com\/es\/wp-json\/wp\/v2\/pages"}],"about":[{"href":"https:\/\/www.thebeach-tulum.com\/es\/wp-json\/wp\/v2\/types\/page"}],"author":[{"embeddable":true,"href":"https:\/\/www.thebeach-tulum.com\/es\/wp-json\/wp\/v2\/users\/6"}],"replies":[{"embeddable":true,"href":"https:\/\/www.thebeach-tulum.com\/es\/wp-json\/wp\/v2\/comments?post=7219"}],"version-history":[{"count":0,"href":"https:\/\/www.thebeach-tulum.com\/es\/wp-json\/wp\/v2\/pages\/7219\/revisions"}],"wp:attachment":[{"href":"https:\/\/www.thebeach-tulum.com\/es\/wp-json\/wp\/v2\/media?parent=7219"}],"curies":[{"name":"wp","href":"https:\/\/api.w.org\/{rel}","templated":true}]}}