{"id":7242,"date":"2021-10-06T15:38:02","date_gmt":"2021-10-06T15:38:02","guid":{"rendered":"\/\/www.thebeach-tulum.com\/liability-policy\/"},"modified":"2023-01-30T09:44:40","modified_gmt":"2023-01-30T09:44:40","slug":"politica-de-responsabilidad","status":"publish","type":"page","link":"https:\/\/www.thebeach-tulum.com\/es\/politica-de-responsabilidad\/","title":{"rendered":"Pol\u00edtica de responsabilidad"},"content":{"rendered":"<div class=\"gb-container gb-container-ef4d8e1b bt-hero\"><div class=\"gb-inside-container\">\n<div class=\"gb-container gb-container-40e6069e bt-hero__image\"><div class=\"gb-inside-container\">\n\n<figure class=\"wp-block-image size-full\"><img decoding=\"async\" width=\"1798\" height=\"1200\" src=\"https:https:https:\/\/www.thebeach-tulum.com\/wp-content\/uploads\/2021\/10\/faq_1.jpg\" alt=\"\" class=\"wp-image-4041\" srcset=\"https:\/\/www.thebeach-tulum.com\/wp-content\/uploads\/2021\/10\/faq_1.jpg 1798w, https:\/\/www.thebeach-tulum.com\/wp-content\/uploads\/2021\/10\/faq_1-300x200.jpg 300w, https:\/\/www.thebeach-tulum.com\/wp-content\/uploads\/2021\/10\/faq_1-768x513.jpg 768w, https:\/\/www.thebeach-tulum.com\/wp-content\/uploads\/2021\/10\/faq_1-1600x1068.jpg 1600w, https:\/\/www.thebeach-tulum.com\/wp-content\/uploads\/2021\/10\/faq_1-1536x1025.jpg 1536w, https:\/\/www.thebeach-tulum.com\/wp-content\/uploads\/2021\/10\/faq_1-1024x683.jpg 1024w\" sizes=\"(max-width: 1798px) 100vw, 1798px\" \/><\/figure>\n\n<\/div><\/div>\n\n<div class=\"yoast-breadcrumbs bt-gutter--left\"><span><span><a href=\"https:\/\/www.thebeach-tulum.com\/es\/\">Home<\/a><\/span> &gt; <span class=\"breadcrumb_last\" aria-current=\"page\">Pol\u00edtica de responsabilidad<\/span><\/span><\/div>\n\n\n<h1 class=\"gb-headline gb-headline-7f2a92bd gb-headline-text bt-gutter--left\">Pol\u00edtica de responsabilidad<\/h1>\n\n<\/div><\/div>\n\n<div class=\"gb-container gb-container-047e9928 bt-gutter\"><div class=\"gb-inside-container\">\n<div class=\"gb-container gb-container-5d725c83 bt-columns--two\"><div class=\"gb-inside-container\">\n\n<p>S\u00f3lo para reservaciones individuales. Para reservaciones de grupos por favor, p\u00f3ngase en contacto con nuestra oficina de reservaciones.<\/p>\n\n\n\n<ol class=\"wp-block-list\">\n<li>Cualquier retraso o cancelaci\u00f3n durante las vacaciones o eventos por enfermedad los gastos m\u00e9dicos y hospitalarios ser\u00e1n responsabilidad del viajero. Por favor, vea nuestra recomendaci\u00f3n para el seguro de viaje para evitar cualquier inconveniente.<\/li>\n\n\n\n<li>El hotel no se hace responsable de cualquier otro gasto, evacuaci\u00f3n o inconvenientes causados por una tormenta tropical o un hurac\u00e1n o de cualquier acontecimiento que se encuentre fuera de nuestro control, incluyendo actos de la naturaleza (por ejemplo, huracanes, deslizamientos de tierra, inundaciones y terremotos.). Por favor, vea nuestra recomendaci\u00f3n para el seguro de viaje para evitar cualquier inconveniente con respecto a las situaciones anteriores.<\/li>\n\n\n\n<li>En caso de calamidades de fuerza mayor o emergencias nacionales que no dependen del hotel, no hay devoluci\u00f3n, pero el pago por la reservaci\u00f3n se aplicar\u00e1 a una nueva reservaci\u00f3n con el cambio de fechas; las llegadas con menos de 30 d\u00edas est\u00e1n sujetas a una tarifa por reprogramaci\u00f3n, comun\u00edquese con nuestro equipo de reservas. Esta pol\u00edtica no se aplica a las reservas de grupo. Por favor, vea nuestra recomendaci\u00f3n para el seguro de viaje para evitar cualquier inconveniente con respecto a las situaciones anteriores.<\/li>\n\n\n\n<li>No hay reembolsos o cr\u00e9ditos por cancelaciones de vuelo, debido a cualquier circunstancia. Por favor, vea nuestra recomendaci\u00f3n para el seguro de viaje para evitar cualquier inconveniente con respecto a los retrasos de vuelo o en otras situaciones.<\/li>\n\n\n\n<li>El hotel no se hace responsable de la p\u00e9rdida de objetos personales que se dejan en la habitaci\u00f3n, o por las p\u00e9rdidas sufridas en las instalaciones del hotel. Por favor, utilice la caja fuerte de la habitaci\u00f3n para el almacenamiento de objetos de valor.<\/li>\n<\/ol>\n\n<\/div><\/div>\n<\/div><\/div>\n\n<div class=\"gb-container gb-container-b5085311 bt-gutter\"><div class=\"gb-inside-container\">\n\n<h4 class=\"gb-headline gb-headline-e8162707 gb-headline-text\">See also:<\/h4>\n\n\n\n<p class=\"has-text-color\"><a class=\"bt-button--line\" href=\"\/es\/condiciones-de-reserva\/\">Condiciones de reserva<\/a><\/p>\n\n\n\n<p class=\"has-text-color\"><a class=\"bt-button--line\" href=\"\/es\/politica-de-cancelacion\/\">Politica de cancelacion<\/a><\/p>\n\n\n\n<p class=\"has-text-color\"><a class=\"bt-button--line\" href=\"\/travel-insurance\/\">Travel Insurance<\/a><\/p>\n\n<\/div><\/div>\n\n<div class=\"gb-container gb-container-3c4813e1 bt-tripadvisor-block\"><div class=\"gb-inside-container\">\n\n<div style=\"width:166px;margin: 0 auto;\"><div id=\"TA_tchotel941\" class=\"TA_tchotel\"><ul id=\"LnbgHoH\" class=\"TA_links egGC2Y\"><li id=\"z1XaoGBv\" class=\"bK012uAA7osq\"><a target=\"_blank\" href=\"https:\/\/www.tripadvisor.com\/Hotel_Review-g23240074-d3979959-Reviews-The_Beach_Tulum_Hotel-Tulum_Beach_Tulum_Yucatan_Peninsula.html\"><img decoding=\"async\" src=\"https:\/\/static.tacdn.com\/img2\/travelers_choice\/widgets\/tchotel_bob_2025_L.png\" alt=\"Tripadvisor\" class=\"false\" id=\"false\"\/><\/a><\/li><\/ul><\/div><script async src=\"https:\/\/www.jscache.com\/wejs?wtype=tchotel&amp;uniq=941&amp;locationId=3979959&amp;lang=en_US&amp;year=2025&amp;display_version=2\" data-loadtrk onload=\"this.loadtrk=true\"><\/script><\/div>\n\n\n\n<p class=\"has-text-align-center\"><a href=\"https:\/\/www.tripadvisor.com\/Hotel_Review-g23240074-d3979959-Reviews-The_Beach_Tulum_Hotel-Tulum_Beach_Tulum_Yucatan_Peninsula.html\" class=\"bt-button--line\" target=\"_blank\" rel=\"noopener\">Encu\u00e9ntranos en Tripadvisor<\/a><\/p>\n\n<\/div><\/div>","protected":false},"excerpt":{"rendered":"<p>Pol\u00edtica de responsabilidad S\u00f3lo para reservaciones individuales. Para reservaciones de grupos por favor, p\u00f3ngase en contacto con nuestra oficina de reservaciones. See also: Condiciones de reserva Politica de cancelacion Travel Insurance<\/p>\n","protected":false},"author":6,"featured_media":0,"parent":0,"menu_order":123,"comment_status":"closed","ping_status":"closed","template":"","meta":{"_acf_changed":false,"_uag_custom_page_level_css":"","site-sidebar-layout":"default","site-content-layout":"default","ast-site-content-layout":"","site-content-style":"default","site-sidebar-style":"default","ast-global-header-display":"","ast-banner-title-visibility":"","ast-main-header-display":"","ast-hfb-above-header-display":"","ast-hfb-below-header-display":"","ast-hfb-mobile-header-display":"","site-post-title":"disabled","ast-breadcrumbs-content":"","ast-featured-img":"","footer-sml-layout":"","theme-transparent-header-meta":"enabled","adv-header-id-meta":"","stick-header-meta":"default","header-above-stick-meta":"","header-main-stick-meta":"","header-below-stick-meta":"","astra-migrate-meta-layouts":"default","ast-page-background-enabled":"default","ast-page-background-meta":{"desktop":{"background-color":"","background-image":"","background-repeat":"repeat","background-position":"center center","background-size":"auto","background-attachment":"scroll","background-type":"","background-media":"","overlay-type":"","overlay-color":"","overlay-opacity":"","overlay-gradient":""},"tablet":{"background-color":"","background-image":"","background-repeat":"repeat","background-position":"center center","background-size":"auto","background-attachment":"scroll","background-type":"","background-media":"","overlay-type":"","overlay-color":"","overlay-opacity":"","overlay-gradient":""},"mobile":{"background-color":"","background-image":"","background-repeat":"repeat","background-position":"center center","background-size":"auto","background-attachment":"scroll","background-type":"","background-media":"","overlay-type":"","overlay-color":"","overlay-opacity":"","overlay-gradient":""}},"ast-content-background-meta":{"desktop":{"background-color":"var(--ast-global-color-5)","background-image":"","background-repeat":"repeat","background-position":"center center","background-size":"auto","background-attachment":"scroll","background-type":"","background-media":"","overlay-type":"","overlay-color":"","overlay-opacity":"","overlay-gradient":""},"tablet":{"background-color":"var(--ast-global-color-5)","background-image":"","background-repeat":"repeat","background-position":"center center","background-size":"auto","background-attachment":"scroll","background-type":"","background-media":"","overlay-type":"","overlay-color":"","overlay-opacity":"","overlay-gradient":""},"mobile":{"background-color":"var(--ast-global-color-5)","background-image":"","background-repeat":"repeat","background-position":"center center","background-size":"auto","background-attachment":"scroll","background-type":"","background-media":"","overlay-type":"","overlay-color":"","overlay-opacity":"","overlay-gradient":""}},"pgc_sgb_lightbox_settings":"","footnotes":""},"class_list":["post-7242","page","type-page","status-publish","hentry"],"acf":[],"yoast_head":"<!-- This site is optimized with the Yoast SEO plugin v24.2 - https:\/\/yoast.com\/wordpress\/plugins\/seo\/ -->\n<title>Pol\u00edtica de responsabilidad | The Beach Tulum Hotel<\/title>\n<meta name=\"description\" content=\"S\u00f3lo para reservaciones individuales. Para reservaciones de grupos por favor, p\u00f3ngase en contacto con nuestra oficina de reservaciones.\" \/>\n<meta name=\"robots\" content=\"index, follow, max-snippet:-1, max-image-preview:large, max-video-preview:-1\" \/>\n<link rel=\"canonical\" href=\"https:\/\/www.thebeach-tulum.com\/es\/politica-de-responsabilidad\/\" \/>\n<meta property=\"og:locale\" content=\"es_ES\" \/>\n<meta property=\"og:type\" content=\"article\" \/>\n<meta property=\"og:title\" content=\"Pol\u00edtica de responsabilidad | The Beach Tulum Hotel\" \/>\n<meta property=\"og:description\" content=\"S\u00f3lo para reservaciones individuales. Para reservaciones de grupos por favor, p\u00f3ngase en contacto con nuestra oficina de reservaciones.\" \/>\n<meta property=\"og:url\" content=\"https:\/\/www.thebeach-tulum.com\/es\/politica-de-responsabilidad\/\" \/>\n<meta property=\"og:site_name\" content=\"The Beach Tulum Hotel\" \/>\n<meta property=\"article:modified_time\" content=\"2023-01-30T09:44:40+00:00\" \/>\n<meta name=\"twitter:card\" content=\"summary_large_image\" \/>\n<meta name=\"twitter:label1\" content=\"Tiempo de lectura\" \/>\n\t<meta name=\"twitter:data1\" content=\"2 minutos\" \/>\n<!-- \/ Yoast SEO plugin. -->","yoast_head_json":{"title":"Pol\u00edtica de responsabilidad | The Beach Tulum Hotel","description":"S\u00f3lo para reservaciones individuales. Para reservaciones de grupos por favor, p\u00f3ngase en contacto con nuestra oficina de reservaciones.","robots":{"index":"index","follow":"follow","max-snippet":"max-snippet:-1","max-image-preview":"max-image-preview:large","max-video-preview":"max-video-preview:-1"},"canonical":"https:\/\/www.thebeach-tulum.com\/es\/politica-de-responsabilidad\/","og_locale":"es_ES","og_type":"article","og_title":"Pol\u00edtica de responsabilidad | The Beach Tulum Hotel","og_description":"S\u00f3lo para reservaciones individuales. Para reservaciones de grupos por favor, p\u00f3ngase en contacto con nuestra oficina de reservaciones.","og_url":"https:\/\/www.thebeach-tulum.com\/es\/politica-de-responsabilidad\/","og_site_name":"The Beach Tulum Hotel","article_modified_time":"2023-01-30T09:44:40+00:00","twitter_card":"summary_large_image","twitter_misc":{"Tiempo de lectura":"2 minutos"},"schema":{"@context":"https:\/\/schema.org","@graph":[{"@type":"WebPage","@id":"https:\/\/www.thebeach-tulum.com\/es\/politica-de-responsabilidad\/","url":"https:\/\/www.thebeach-tulum.com\/es\/politica-de-responsabilidad\/","name":"Pol\u00edtica de responsabilidad | The Beach Tulum Hotel","isPartOf":{"@id":"https:\/\/www.thebeach-tulum.com\/es\/#website"},"datePublished":"2021-10-06T15:38:02+00:00","dateModified":"2023-01-30T09:44:40+00:00","description":"S\u00f3lo para reservaciones individuales. Para reservaciones de grupos por favor, p\u00f3ngase en contacto con nuestra oficina de reservaciones.","breadcrumb":{"@id":"https:\/\/www.thebeach-tulum.com\/es\/politica-de-responsabilidad\/#breadcrumb"},"inLanguage":"es","potentialAction":[{"@type":"ReadAction","target":["https:\/\/www.thebeach-tulum.com\/es\/politica-de-responsabilidad\/"]}]},{"@type":"BreadcrumbList","@id":"https:\/\/www.thebeach-tulum.com\/es\/politica-de-responsabilidad\/#breadcrumb","itemListElement":[{"@type":"ListItem","position":1,"name":"Home","item":"https:\/\/www.thebeach-tulum.com\/es\/"},{"@type":"ListItem","position":2,"name":"Pol\u00edtica de responsabilidad"}]},{"@type":"WebSite","@id":"https:\/\/www.thebeach-tulum.com\/es\/#website","url":"https:\/\/www.thebeach-tulum.com\/es\/","name":"The Beach Tulum Hotel","description":"Adult only Hotel in Tulum, Riviera Maya","publisher":{"@id":"https:\/\/www.thebeach-tulum.com\/es\/#organization"},"potentialAction":[{"@type":"SearchAction","target":{"@type":"EntryPoint","urlTemplate":"https:\/\/www.thebeach-tulum.com\/es\/?s={search_term_string}"},"query-input":{"@type":"PropertyValueSpecification","valueRequired":true,"valueName":"search_term_string"}}],"inLanguage":"es"},{"@type":"Organization","@id":"https:\/\/www.thebeach-tulum.com\/es\/#organization","name":"The Beach Tulum Hotel","url":"https:\/\/www.thebeach-tulum.com\/es\/","logo":{"@type":"ImageObject","inLanguage":"es","@id":"https:\/\/www.thebeach-tulum.com\/es\/#\/schema\/logo\/image\/","url":"https:\/\/www.thebeach-tulum.com\/wp-content\/uploads\/2021\/05\/the-beach-tulum_logo_blue.png","contentUrl":"https:\/\/www.thebeach-tulum.com\/wp-content\/uploads\/2021\/05\/the-beach-tulum_logo_blue.png","width":295,"height":100,"caption":"The Beach Tulum Hotel"},"image":{"@id":"https:\/\/www.thebeach-tulum.com\/es\/#\/schema\/logo\/image\/"}}]}},"uagb_featured_image_src":{"full":false,"thumbnail":false,"medium":false,"medium_large":false,"large":false,"gs-tiny":false,"xl":false,"xxl":false,"xxxl":false,"xxxxl":false,"xxxxxl":false,"1536x1536":false,"2048x2048":false,"es_600":false,"es_1024":false,"es_1200":false,"blog":false,"gallery_es":false},"uagb_author_info":{"display_name":"Naxa","author_link":"https:\/\/www.thebeach-tulum.com\/es\/author\/luca\/"},"uagb_comment_info":0,"uagb_excerpt":"Pol\u00edtica de responsabilidad S\u00f3lo para reservaciones individuales. Para reservaciones de grupos por favor, p\u00f3ngase en contacto con nuestra oficina de reservaciones. See also: Condiciones de reserva Politica de cancelacion Travel Insurance","_links":{"self":[{"href":"https:\/\/www.thebeach-tulum.com\/es\/wp-json\/wp\/v2\/pages\/7242","targetHints":{"allow":["GET"]}}],"collection":[{"href":"https:\/\/www.thebeach-tulum.com\/es\/wp-json\/wp\/v2\/pages"}],"about":[{"href":"https:\/\/www.thebeach-tulum.com\/es\/wp-json\/wp\/v2\/types\/page"}],"author":[{"embeddable":true,"href":"https:\/\/www.thebeach-tulum.com\/es\/wp-json\/wp\/v2\/users\/6"}],"replies":[{"embeddable":true,"href":"https:\/\/www.thebeach-tulum.com\/es\/wp-json\/wp\/v2\/comments?post=7242"}],"version-history":[{"count":0,"href":"https:\/\/www.thebeach-tulum.com\/es\/wp-json\/wp\/v2\/pages\/7242\/revisions"}],"wp:attachment":[{"href":"https:\/\/www.thebeach-tulum.com\/es\/wp-json\/wp\/v2\/media?parent=7242"}],"curies":[{"name":"wp","href":"https:\/\/api.w.org\/{rel}","templated":true}]}}