{"id":7255,"date":"2021-11-02T08:54:15","date_gmt":"2021-11-02T08:54:15","guid":{"rendered":"\/\/www.thebeach-tulum.com\/?page_id=7255"},"modified":"2024-04-18T16:57:25","modified_gmt":"2024-04-18T16:57:25","slug":"transportacion-de-al-aeropuerto","status":"publish","type":"page","link":"https:\/\/www.thebeach-tulum.com\/es\/transportacion-de-al-aeropuerto\/","title":{"rendered":"Transportacion de\/al aeropuerto"},"content":{"rendered":"<div class=\"gb-container gb-container-ffbc5727 bt-hero\"><div class=\"gb-inside-container\">\n<div class=\"gb-container gb-container-b42db183 bt-hero__image\"><div class=\"gb-inside-container\">\n\n<figure class=\"wp-block-image size-full\"><img decoding=\"async\" width=\"1920\" height=\"1281\" src=\"https:\/\/www.thebeach-tulum.com\/wp-content\/uploads\/2021\/10\/airport-transfer_1.jpg\" alt=\"\" class=\"wp-image-4051\" srcset=\"https:\/\/www.thebeach-tulum.com\/wp-content\/uploads\/2021\/10\/airport-transfer_1.jpg 1920w, https:\/\/www.thebeach-tulum.com\/wp-content\/uploads\/2021\/10\/airport-transfer_1-300x200.jpg 300w, https:\/\/www.thebeach-tulum.com\/wp-content\/uploads\/2021\/10\/airport-transfer_1-768x512.jpg 768w, https:\/\/www.thebeach-tulum.com\/wp-content\/uploads\/2021\/10\/airport-transfer_1-1600x1068.jpg 1600w, https:\/\/www.thebeach-tulum.com\/wp-content\/uploads\/2021\/10\/airport-transfer_1-1536x1025.jpg 1536w, https:\/\/www.thebeach-tulum.com\/wp-content\/uploads\/2021\/10\/airport-transfer_1-1024x683.jpg 1024w\" sizes=\"(max-width: 1920px) 100vw, 1920px\" \/><\/figure>\n\n<\/div><\/div>\n\n<div class=\"yoast-breadcrumbs bt-gutter--left\"><span><span><a href=\"https:\/\/www.thebeach-tulum.com\/es\/\">Home<\/a><\/span> &gt; <span class=\"breadcrumb_last\" aria-current=\"page\">Transportacion de\/al aeropuerto<\/span><\/span><\/div>\n\n\n<h1 class=\"gb-headline gb-headline-77b1e4fd gb-headline-text bt-gutter--left\">Transportacion de\/al aeropuerto<\/h1>\n\n\n\n<h2 class=\"gb-headline gb-headline-b70ff3f6 gb-headline-text bt-gutter--left\">Nos complace organizar todo para usted y garantizarle un comienzo sin estr\u00e9s para sus merecidas vacaciones.<\/h2>\n\n<\/div><\/div>\n\n<div class=\"gb-container gb-container-45f0d437 bt-gutter\"><div class=\"gb-inside-container\">\n<div class=\"gb-container gb-container-21a32746 bt-columns--two\"><div class=\"gb-inside-container\">\n\n<p>Disfrute de un traslado privado de ida y vuelta desde el <strong>Aeropuerto Internacional de Canc\u00fan (CUN)<\/strong> a The Beach Tulum. Antes de que se de cuenta, tendr\u00e1 los dedos de los pies en la arena y nuestro alegre personal de Ziggy&#8217;s le traer\u00e1 comida sabrosa y c\u00f3cteles para calmar la sed.<\/p>\n\n\n\n<p>Todos los servicios de transporte deben solicitarse a m\u00e1s tardar 48 horas antes de la fecha de llegada. <\/p>\n\n\n\n<p>Env\u00edenos un correo electr\u00f3nico a <a href=\"mailto:concierge@thebeach-tulum.com\">concierge@thebeach-tulum.com<\/a> si desea reservar el servicio. Aseg\u00farese de tener toda la informaci\u00f3n del vuelo a mano para continuar con el servicio de reserva de traslado privado. Tenga en cuenta que todas las solicitudes de transferencia deben ser confirmadas por correo electr\u00f3nico. Nuestro personal de recepci\u00f3n le enviar\u00e1 un correo electr\u00f3nico de confirmaci\u00f3n una vez que hayamos procesado su solicitud. Puede cargar el servicio de Transfer a su habitaci\u00f3n. Tenga en cuenta que las tarifas no incluyen propina para los choferes.<\/p>\n\n\n\n<p>Si vuela al <strong>Aeropuerto Internacional de Tulum (TQO)<\/strong>, cont\u00e1ctenos para conocer las tarifas.<\/p>\n\n\n<div class=\"gb-button-wrapper gb-button-wrapper-1945d7fe\">\n\n<a class=\"gb-button gb-button-1eb8c00c gb-button-text\" href=\"mailto:concierge@thebeach-tulum.com\">reserve su transportaci\u00f3n<\/a>\n\n<\/div>\n<\/div><\/div>\n<\/div><\/div>\n\n<div class=\"gb-container gb-container-7fc60a47 bt-gutter airport__fares\"><div class=\"gb-inside-container\">\n\n<div class=\"wp-block-columns is-layout-flex wp-container-core-columns-is-layout-28f84493 wp-block-columns-is-layout-flex\">\n<div class=\"wp-block-column is-layout-flow wp-block-column-is-layout-flow\" style=\"flex-basis:50%\">\n<figure class=\"wp-block-table\"><table><thead><tr><th>Transportaci\u00f3n Standard<\/th><th>Ida<\/th><th>Viaje ida y vuelta<\/th><\/tr><\/thead><tbody><tr><td>1 &#8211; 6 pasajeros Van<\/td><td>159 USD<\/td><td>318 USD<\/td><\/tr><tr><td>1 &#8211; 7 pasajeros Minibus<\/td><td>210 USD<\/td><td><meta charset=\"utf-8\">420 USD<\/td><\/tr><\/tbody><\/table><\/figure>\n\n\n<div class=\"gb-container gb-container-e50dca23\"><\/div>\n\n\n<h4 class=\"gb-headline gb-headline-d4598a0b gb-headline-text\">Incluido en su transportaci\u00f3n<\/h4>\n\n\n\n<ul class=\"wp-block-list\">\n<li>Autos privados, aire acondicionado<\/li>\n\n\n\n<li>Wi fi, cargadores de tel\u00e9fono<\/li>\n\n\n\n<li>Toallas refrescantes<\/li>\n\n\n\n<li>Botellas de agua de bienvenida<\/li>\n<\/ul>\n<\/div>\n\n\n\n<div class=\"wp-block-column is-layout-flow wp-block-column-is-layout-flow\" style=\"flex-basis:50%\">\n<figure class=\"wp-block-table is-style-regular\"><table><thead><tr><th>Transportaci\u00f3n LUX<\/th><th>Ida<\/th><th>Viaje ida y vuelta<\/th><\/tr><\/thead><tbody><tr><td>1 &#8211; 4 pasajeros Mercedes<\/td><td><meta charset=\"utf-8\">197 USD<\/td><td><meta charset=\"utf-8\">394 USD<\/td><\/tr><tr><td>1 &#8211; 6 pasajeros High Country<\/td><td>297USD<\/td><td>594 USD<\/td><\/tr><\/tbody><\/table><\/figure>\n\n\n<div class=\"gb-container gb-container-add3da17\"><\/div>\n\n\n<h4 class=\"gb-headline gb-headline-b3d705e3 gb-headline-text\">Incluido en su transportaci\u00f3n<\/h4>\n\n\n\n<ul class=\"wp-block-list\">\n<li>Cerveza y agua embotellada<\/li>\n\n\n\n<li>Wi fi, cargadores de tel\u00e9fono<\/li>\n\n\n\n<li>Asientos de cuero<\/li>\n\n\n\n<li>Toallas h\u00famedas de bienvenida<\/li>\n\n\n\n<li>Dispositivo GPS para control de velocidad<\/li>\n\n\n\n<li>Asistencia al cliente 24 horas al d\u00eda, 7 d\u00edas a la semana<\/li>\n<\/ul>\n<\/div>\n<\/div>\n\n<\/div><\/div>\n\n\n<h4 class=\"gb-headline gb-headline-adc1955b gb-headline-text\">Please note:<\/h4>\n\n\n\n<ul class=\"wp-block-list\">\n<li>No se hacen cargos por cambios de horarios de pick up ni de vuelos de vuelta con un minimo 24 horas de anticipaci\u00f3n<\/li>\n\n\n\n<li>Pol\u00edtica de cancelaci\u00f3n: cancele con hasta 3 d\u00edas de anticipaci\u00f3n sin cargo. Cancelaci\u00f3n 3-1 d\u00edas antes de la llegada, cargo del 100%<\/li>\n\n\n\n<li>No show: cargo del 100%<\/li>\n<\/ul>\n\n\n<div class=\"gb-container gb-container-5407e0b5 bt--columns-two bt-gutter\"><div class=\"gb-inside-container\">\n\n<div class=\"wp-block-columns is-layout-flex wp-container-core-columns-is-layout-28f84493 wp-block-columns-is-layout-flex\">\n<div class=\"wp-block-column is-layout-flow wp-block-column-is-layout-flow\"><div class=\"gb-container gb-container-a3233677 bt-gutter--top\"><div class=\"gb-inside-container\">\n<div class=\"gb-button-wrapper gb-button-wrapper-7af6a7bd\">\n\n<a class=\"gb-button gb-button-a7460d3e gb-button-text\" href=\"mailto:concierge@thebeach-tulum.com\">reserve su transportaci\u00f3n<\/a>\n\n<\/div>\n<\/div><\/div><\/div>\n\n\n\n<div class=\"wp-block-column is-layout-flow wp-block-column-is-layout-flow\"><\/div>\n<\/div>\n\n<\/div><\/div>\n\n<div class=\"gb-container gb-container-112afa16 bt-padding--double bt-testimonials__container\"><div class=\"gb-inside-container\">\n\n<h2 class=\"gb-headline gb-headline-b1d2fce3 gb-headline-text\">Lo que dicen nuestros hu\u00e9spedes<\/h2>\n\n\n\n<div class=\"wp-block-uagb-testimonial bt-testimonials-block uagb-slick-carousel uagb-tm__arrow-outside uagb-block-b5318930\"><div class=\"is-carousel uagb-tm__columns-1 uagb-tm__items\"><div class=\"uagb-testimonial__wrap  uagb-tm__imgicon-style-circle uagb-tm__image-position-bottom uagb-tm__bg-type-none \"><div class=\"uagb-tm__content\"><div class=\"uagb-tm__overlay\"><\/div><div class=\"uagb-tm__text-wrap\"><div class=\"uagb-tm__desc\"><meta charset=\"utf-8\">Pasamos nuestro aniversario en este incre\u00edble hotel. Me encant\u00f3 porque a pesar de mantener lo r\u00fastico de los hoteles de Tulum, el hotel tiene todas la comodidades y est\u00e1 impecable. Los cuartos amplios en frente de la playa (la cual limpian todas las ma\u00f1anas por lo que es de las mejores en la zona), room service de dos restaurantes diferentes (uno muy &#8220;healthy&#8221; y &#8220;vegan&#8221; y otro m\u00e1s de antojitos mexicanos) con comida deliciosa en los dos.<\/div><div class=\"uagb-tm__meta-inner\"><div class=\"uagb-testimonial-details\"><span class=\"uagb-tm__author-name\"><meta charset=\"utf-8\">Dan R<\/span><span class=\"uagb-tm__company\">Company1<\/span><\/div><\/div><\/div><\/div><\/div><div class=\"uagb-testimonial__wrap  uagb-tm__imgicon-style-circle uagb-tm__image-position-bottom uagb-tm__bg-type-none \"><div class=\"uagb-tm__content\"><div class=\"uagb-tm__overlay\"><\/div><div class=\"uagb-tm__text-wrap\"><div class=\"uagb-tm__desc\"><meta charset=\"utf-8\">Este hotel nos dej\u00f3 impactado con todo, servicio, comida, atenciones, vista, cuartos, todos son muy amables, Israel del bar, las muchachas del front desk, cada persona que trabaja ah\u00ed, los muchachos que trabajan en la playa! bueno tanto que decir de este lugar que me quedo corta, definitivamente volvemos pronto!<\/div><div class=\"uagb-tm__meta-inner\"><div class=\"uagb-testimonial-details\"><span class=\"uagb-tm__author-name\"><meta charset=\"utf-8\">adesantana5<\/span><span class=\"uagb-tm__company\">Company2<\/span><\/div><\/div><\/div><\/div><\/div><div class=\"uagb-testimonial__wrap  uagb-tm__imgicon-style-circle uagb-tm__image-position-bottom uagb-tm__bg-type-none \"><div class=\"uagb-tm__content\"><div class=\"uagb-tm__overlay\"><\/div><div class=\"uagb-tm__text-wrap\"><div class=\"uagb-tm__desc\"><meta charset=\"utf-8\">El hotel est\u00e1 muy bien ubicado. La atenci\u00f3n del personal es sobresaliente. Las habitaciones est\u00e1n muy bien dise\u00f1adas y decoradas, b\u00e1sicas pero con todo lo necesario. La comida es excelente. El ambiente es genial, muy rom\u00e1ntico para ir en parejas.<\/div><div class=\"uagb-tm__meta-inner\"><div class=\"uagb-testimonial-details\"><span class=\"uagb-tm__author-name\"><meta charset=\"utf-8\">pedroelviajero007<\/span><span class=\"uagb-tm__company\">Company3<\/span><\/div><\/div><\/div><\/div><\/div><\/div><\/div>\n\n<\/div><\/div>\n\n<div class=\"gb-container gb-container-3c4813e1 bt-tripadvisor-block\"><div class=\"gb-inside-container\">\n\n<div style=\"width:166px;margin: 0 auto;\"><div id=\"TA_tchotel941\" class=\"TA_tchotel\"><ul id=\"LnbgHoH\" class=\"TA_links egGC2Y\"><li id=\"z1XaoGBv\" class=\"bK012uAA7osq\"><a target=\"_blank\" href=\"https:\/\/www.tripadvisor.com\/Hotel_Review-g23240074-d3979959-Reviews-The_Beach_Tulum_Hotel-Tulum_Beach_Tulum_Yucatan_Peninsula.html\"><img decoding=\"async\" src=\"https:\/\/static.tacdn.com\/img2\/travelers_choice\/widgets\/tchotel_bob_2025_L.png\" alt=\"Tripadvisor\" class=\"false\" id=\"false\"\/><\/a><\/li><\/ul><\/div><script async src=\"https:\/\/www.jscache.com\/wejs?wtype=tchotel&amp;uniq=941&amp;locationId=3979959&amp;lang=en_US&amp;year=2025&amp;display_version=2\" data-loadtrk onload=\"this.loadtrk=true\"><\/script><\/div>\n\n\n\n<p class=\"has-text-align-center\"><a href=\"https:\/\/www.tripadvisor.com\/Hotel_Review-g23240074-d3979959-Reviews-The_Beach_Tulum_Hotel-Tulum_Beach_Tulum_Yucatan_Peninsula.html\" class=\"bt-button--line\" target=\"_blank\" rel=\"noopener\">Encu\u00e9ntranos en Tripadvisor<\/a><\/p>\n\n<\/div><\/div>","protected":false},"excerpt":{"rendered":"<p>Transportacion de\/al aeropuerto Nos complace organizar todo para usted y garantizarle un comienzo sin estr\u00e9s para sus merecidas vacaciones. Disfrute de un traslado privado de ida y vuelta desde el Aeropuerto Internacional de Canc\u00fan (CUN) a The Beach Tulum. Antes de que se de cuenta, tendr\u00e1 los dedos de los pies en la arena y [&hellip;]<\/p>\n","protected":false},"author":5,"featured_media":0,"parent":0,"menu_order":93,"comment_status":"closed","ping_status":"closed","template":"","meta":{"_acf_changed":false,"_uag_custom_page_level_css":"","site-sidebar-layout":"default","site-content-layout":"default","ast-site-content-layout":"default","site-content-style":"default","site-sidebar-style":"default","ast-global-header-display":"","ast-banner-title-visibility":"","ast-main-header-display":"","ast-hfb-above-header-display":"","ast-hfb-below-header-display":"","ast-hfb-mobile-header-display":"","site-post-title":"disabled","ast-breadcrumbs-content":"","ast-featured-img":"","footer-sml-layout":"","theme-transparent-header-meta":"enabled","adv-header-id-meta":"","stick-header-meta":"default","header-above-stick-meta":"","header-main-stick-meta":"","header-below-stick-meta":"","astra-migrate-meta-layouts":"set","ast-page-background-enabled":"default","ast-page-background-meta":{"desktop":{"background-color":"","background-image":"","background-repeat":"repeat","background-position":"center center","background-size":"auto","background-attachment":"scroll","background-type":"","background-media":"","overlay-type":"","overlay-color":"","overlay-opacity":"","overlay-gradient":""},"tablet":{"background-color":"","background-image":"","background-repeat":"repeat","background-position":"center center","background-size":"auto","background-attachment":"scroll","background-type":"","background-media":"","overlay-type":"","overlay-color":"","overlay-opacity":"","overlay-gradient":""},"mobile":{"background-color":"","background-image":"","background-repeat":"repeat","background-position":"center center","background-size":"auto","background-attachment":"scroll","background-type":"","background-media":"","overlay-type":"","overlay-color":"","overlay-opacity":"","overlay-gradient":""}},"ast-content-background-meta":{"desktop":{"background-color":"var(--ast-global-color-5)","background-image":"","background-repeat":"repeat","background-position":"center center","background-size":"auto","background-attachment":"scroll","background-type":"","background-media":"","overlay-type":"","overlay-color":"","overlay-opacity":"","overlay-gradient":""},"tablet":{"background-color":"var(--ast-global-color-5)","background-image":"","background-repeat":"repeat","background-position":"center center","background-size":"auto","background-attachment":"scroll","background-type":"","background-media":"","overlay-type":"","overlay-color":"","overlay-opacity":"","overlay-gradient":""},"mobile":{"background-color":"var(--ast-global-color-5)","background-image":"","background-repeat":"repeat","background-position":"center center","background-size":"auto","background-attachment":"scroll","background-type":"","background-media":"","overlay-type":"","overlay-color":"","overlay-opacity":"","overlay-gradient":""}},"pgc_sgb_lightbox_settings":"","footnotes":""},"class_list":["post-7255","page","type-page","status-publish","hentry"],"acf":[],"yoast_head":"<!-- This site is optimized with the Yoast SEO plugin v24.2 - https:\/\/yoast.com\/wordpress\/plugins\/seo\/ -->\n<title>Servicio de traslado al aeropuerto | THE BEACH TULUM HOTEL<\/title>\n<meta name=\"description\" content=\"Traslado ida y vuelta privado del aeropuerto internacional de Canc\u00fan (CUN) a nuestro hotel boutique, La playa de Tulum.\" \/>\n<meta name=\"robots\" content=\"index, follow, max-snippet:-1, max-image-preview:large, max-video-preview:-1\" \/>\n<link rel=\"canonical\" href=\"https:\/\/www.thebeach-tulum.com\/es\/transportacion-de-al-aeropuerto\/\" \/>\n<meta property=\"og:locale\" content=\"es_ES\" \/>\n<meta property=\"og:type\" content=\"article\" \/>\n<meta property=\"og:title\" content=\"Servicio de traslado al aeropuerto | THE BEACH TULUM HOTEL\" \/>\n<meta property=\"og:description\" content=\"Traslado ida y vuelta privado del aeropuerto internacional de Canc\u00fan (CUN) a nuestro hotel boutique, La playa de Tulum.\" \/>\n<meta property=\"og:url\" content=\"https:\/\/www.thebeach-tulum.com\/es\/transportacion-de-al-aeropuerto\/\" \/>\n<meta property=\"og:site_name\" content=\"The Beach Tulum Hotel\" \/>\n<meta property=\"article:modified_time\" content=\"2024-04-18T16:57:25+00:00\" \/>\n<meta property=\"og:image\" content=\"https:\/\/www.thebeach-tulum.com\/wp-content\/uploads\/2021\/10\/airport-transfer_1.jpg\" \/>\n<meta name=\"twitter:card\" content=\"summary_large_image\" \/>\n<meta name=\"twitter:label1\" content=\"Tiempo de lectura\" \/>\n\t<meta name=\"twitter:data1\" content=\"3 minutos\" \/>\n<!-- \/ Yoast SEO plugin. -->","yoast_head_json":{"title":"Servicio de traslado al aeropuerto | THE BEACH TULUM HOTEL","description":"Traslado ida y vuelta privado del aeropuerto internacional de Canc\u00fan (CUN) a nuestro hotel boutique, La playa de Tulum.","robots":{"index":"index","follow":"follow","max-snippet":"max-snippet:-1","max-image-preview":"max-image-preview:large","max-video-preview":"max-video-preview:-1"},"canonical":"https:\/\/www.thebeach-tulum.com\/es\/transportacion-de-al-aeropuerto\/","og_locale":"es_ES","og_type":"article","og_title":"Servicio de traslado al aeropuerto | THE BEACH TULUM HOTEL","og_description":"Traslado ida y vuelta privado del aeropuerto internacional de Canc\u00fan (CUN) a nuestro hotel boutique, La playa de Tulum.","og_url":"https:\/\/www.thebeach-tulum.com\/es\/transportacion-de-al-aeropuerto\/","og_site_name":"The Beach Tulum Hotel","article_modified_time":"2024-04-18T16:57:25+00:00","og_image":[{"url":"https:\/\/www.thebeach-tulum.com\/wp-content\/uploads\/2021\/10\/airport-transfer_1.jpg","type":"","width":"","height":""}],"twitter_card":"summary_large_image","twitter_misc":{"Tiempo de lectura":"3 minutos"},"schema":{"@context":"https:\/\/schema.org","@graph":[{"@type":"WebPage","@id":"https:\/\/www.thebeach-tulum.com\/es\/transportacion-de-al-aeropuerto\/","url":"https:\/\/www.thebeach-tulum.com\/es\/transportacion-de-al-aeropuerto\/","name":"Servicio de traslado al aeropuerto | THE BEACH TULUM HOTEL","isPartOf":{"@id":"https:\/\/www.thebeach-tulum.com\/es\/#website"},"primaryImageOfPage":{"@id":"https:\/\/www.thebeach-tulum.com\/es\/transportacion-de-al-aeropuerto\/#primaryimage"},"image":{"@id":"https:\/\/www.thebeach-tulum.com\/es\/transportacion-de-al-aeropuerto\/#primaryimage"},"thumbnailUrl":"https:\/\/www.thebeach-tulum.com\/wp-content\/uploads\/2021\/10\/airport-transfer_1.jpg","datePublished":"2021-11-02T08:54:15+00:00","dateModified":"2024-04-18T16:57:25+00:00","description":"Traslado ida y vuelta privado del aeropuerto internacional de Canc\u00fan (CUN) a nuestro hotel boutique, La playa de Tulum.","breadcrumb":{"@id":"https:\/\/www.thebeach-tulum.com\/es\/transportacion-de-al-aeropuerto\/#breadcrumb"},"inLanguage":"es","potentialAction":[{"@type":"ReadAction","target":["https:\/\/www.thebeach-tulum.com\/es\/transportacion-de-al-aeropuerto\/"]}]},{"@type":"ImageObject","inLanguage":"es","@id":"https:\/\/www.thebeach-tulum.com\/es\/transportacion-de-al-aeropuerto\/#primaryimage","url":"https:\/\/www.thebeach-tulum.com\/wp-content\/uploads\/2021\/10\/airport-transfer_1.jpg","contentUrl":"https:\/\/www.thebeach-tulum.com\/wp-content\/uploads\/2021\/10\/airport-transfer_1.jpg"},{"@type":"BreadcrumbList","@id":"https:\/\/www.thebeach-tulum.com\/es\/transportacion-de-al-aeropuerto\/#breadcrumb","itemListElement":[{"@type":"ListItem","position":1,"name":"Home","item":"https:\/\/www.thebeach-tulum.com\/es\/"},{"@type":"ListItem","position":2,"name":"Transportacion de\/al aeropuerto"}]},{"@type":"WebSite","@id":"https:\/\/www.thebeach-tulum.com\/es\/#website","url":"https:\/\/www.thebeach-tulum.com\/es\/","name":"The Beach Tulum Hotel","description":"Adult only Hotel in Tulum, Riviera Maya","publisher":{"@id":"https:\/\/www.thebeach-tulum.com\/es\/#organization"},"potentialAction":[{"@type":"SearchAction","target":{"@type":"EntryPoint","urlTemplate":"https:\/\/www.thebeach-tulum.com\/es\/?s={search_term_string}"},"query-input":{"@type":"PropertyValueSpecification","valueRequired":true,"valueName":"search_term_string"}}],"inLanguage":"es"},{"@type":"Organization","@id":"https:\/\/www.thebeach-tulum.com\/es\/#organization","name":"The Beach Tulum Hotel","url":"https:\/\/www.thebeach-tulum.com\/es\/","logo":{"@type":"ImageObject","inLanguage":"es","@id":"https:\/\/www.thebeach-tulum.com\/es\/#\/schema\/logo\/image\/","url":"https:\/\/www.thebeach-tulum.com\/wp-content\/uploads\/2021\/05\/the-beach-tulum_logo_blue.png","contentUrl":"https:\/\/www.thebeach-tulum.com\/wp-content\/uploads\/2021\/05\/the-beach-tulum_logo_blue.png","width":295,"height":100,"caption":"The Beach Tulum Hotel"},"image":{"@id":"https:\/\/www.thebeach-tulum.com\/es\/#\/schema\/logo\/image\/"}}]}},"uagb_featured_image_src":{"full":false,"thumbnail":false,"medium":false,"medium_large":false,"large":false,"gs-tiny":false,"xl":false,"xxl":false,"xxxl":false,"xxxxl":false,"xxxxxl":false,"1536x1536":false,"2048x2048":false,"es_600":false,"es_1024":false,"es_1200":false,"blog":false,"gallery_es":false},"uagb_author_info":{"display_name":"TheBeachTulum","author_link":"https:\/\/www.thebeach-tulum.com\/es\/author\/thebeachtulum\/"},"uagb_comment_info":0,"uagb_excerpt":"Transportacion de\/al aeropuerto Nos complace organizar todo para usted y garantizarle un comienzo sin estr\u00e9s para sus merecidas vacaciones. Disfrute de un traslado privado de ida y vuelta desde el Aeropuerto Internacional de Canc\u00fan (CUN) a The Beach Tulum. Antes de que se de cuenta, tendr\u00e1 los dedos de los pies en la arena y&hellip;","_links":{"self":[{"href":"https:\/\/www.thebeach-tulum.com\/es\/wp-json\/wp\/v2\/pages\/7255","targetHints":{"allow":["GET"]}}],"collection":[{"href":"https:\/\/www.thebeach-tulum.com\/es\/wp-json\/wp\/v2\/pages"}],"about":[{"href":"https:\/\/www.thebeach-tulum.com\/es\/wp-json\/wp\/v2\/types\/page"}],"author":[{"embeddable":true,"href":"https:\/\/www.thebeach-tulum.com\/es\/wp-json\/wp\/v2\/users\/5"}],"replies":[{"embeddable":true,"href":"https:\/\/www.thebeach-tulum.com\/es\/wp-json\/wp\/v2\/comments?post=7255"}],"version-history":[{"count":0,"href":"https:\/\/www.thebeach-tulum.com\/es\/wp-json\/wp\/v2\/pages\/7255\/revisions"}],"wp:attachment":[{"href":"https:\/\/www.thebeach-tulum.com\/es\/wp-json\/wp\/v2\/media?parent=7255"}],"curies":[{"name":"wp","href":"https:\/\/api.w.org\/{rel}","templated":true}]}}