{"id":7290,"date":"2021-08-05T17:40:16","date_gmt":"2021-08-05T17:40:16","guid":{"rendered":"\/\/www.thebeach-tulum.com\/contacts\/"},"modified":"2025-11-06T11:51:49","modified_gmt":"2025-11-06T11:51:49","slug":"contactenos-2","status":"publish","type":"page","link":"https:\/\/www.thebeach-tulum.com\/es\/contactenos-2\/","title":{"rendered":"Contacto"},"content":{"rendered":"<div class=\"gb-container gb-container-24fd7f57 bt-hero\"><div class=\"gb-inside-container\">\n<div class=\"gb-container gb-container-9c9260d8 bt-hero__image\"><div class=\"gb-inside-container\">\n\n<figure class=\"wp-block-image size-full\"><img decoding=\"async\" width=\"1920\" height=\"900\" src=\"https:\/\/www.thebeach-tulum.com\/wp-content\/uploads\/2021\/10\/contacts-the-beach-tulum-header.jpg\" alt=\"\" class=\"wp-image-4149\" srcset=\"https:\/\/www.thebeach-tulum.com\/wp-content\/uploads\/2021\/10\/contacts-the-beach-tulum-header.jpg 1920w, https:\/\/www.thebeach-tulum.com\/wp-content\/uploads\/2021\/10\/contacts-the-beach-tulum-header-300x141.jpg 300w, https:\/\/www.thebeach-tulum.com\/wp-content\/uploads\/2021\/10\/contacts-the-beach-tulum-header-768x360.jpg 768w, https:\/\/www.thebeach-tulum.com\/wp-content\/uploads\/2021\/10\/contacts-the-beach-tulum-header-1600x750.jpg 1600w, https:\/\/www.thebeach-tulum.com\/wp-content\/uploads\/2021\/10\/contacts-the-beach-tulum-header-1536x720.jpg 1536w\" sizes=\"(max-width: 1920px) 100vw, 1920px\" \/><\/figure>\n\n<\/div><\/div>\n<\/div><\/div>\n\n<div class=\"gb-container gb-container-5d006a5d bt-hero bt-gutter\"><div class=\"gb-inside-container\">\n<div class=\"gb-container gb-container-a99fd402\"><div class=\"gb-inside-container\">\n<div class=\"yoast-breadcrumbs\"><span><span><a href=\"https:\/\/www.thebeach-tulum.com\/es\/\">Home<\/a><\/span> &gt; <span class=\"breadcrumb_last\" aria-current=\"page\">Contacto<\/span><\/span><\/div>\n\n\n<h1 class=\"gb-headline gb-headline-bf7e627e gb-headline-text\">Contacto<\/h1>\n\n\n\n<h2 class=\"gb-headline gb-headline-d546e595 gb-headline-text\">\u00bfA\u00fan no est\u00e1 listo para reservar? P\u00f3ngase en contacto con nosotros para que podamos atender sus dudas.<\/h2>\n\n\n\n<p>O, si ya ha reservado una habitaci\u00f3n y tiene alguna pregunta antes de su llegada, cont\u00e1ctenos aqu\u00ed.<br>Si desea reservar un regalo para un amigo o familiar que se quede con nosotros, env\u00edenos sus solicitudes, \u00a1nos comunicaremos con usted lo antes posible!<\/p>\n\n\n\n<div style=\"height:24px\" aria-hidden=\"true\" class=\"wp-block-spacer\"><\/div>\n\n\n\n<h4 class=\"gb-headline gb-headline-763924d3 gb-headline-text\">No utilice este formulario para realizar su reserva. Si desea reservar su habitaci\u00f3n o consultar disponibilidad, haga <a href=\"https:\/\/reservations.thebeach-tulum.com\/premium\/index.html?id_stile=16543&amp;lingua_int=eng&amp;id_albergo=19624&amp;dc=4301\">clic aqu\u00ed<\/a>.<\/h4>\n\n<\/div><\/div>\n<\/div><\/div>\n\n<div class=\"gb-container gb-container-9a6cfde4 bt-gutter\"><div class=\"gb-inside-container\">\n<div class=\"gb-grid-wrapper gb-grid-wrapper-cb5df876\">\n<div class=\"gb-grid-column gb-grid-column-5400e0fc\"><div class=\"gb-container gb-container-5400e0fc\"><div class=\"gb-inside-container\">\n\n<div style=\"height:20px\" aria-hidden=\"true\" class=\"wp-block-spacer\"><\/div>\n\n\n\n<h3 class=\"wp-block-heading\">Direcci\u00f3n<\/h3>\n\n\n\n<p>Carretera Tulum-Boca Paila km 7.2<br>Zona Hotelera, M\u00e9xico, Tulum 77780<\/p>\n\n\n\n<div style=\"height:30px\" aria-hidden=\"true\" class=\"wp-block-spacer\"><\/div>\n\n\n\n<h3 class=\"wp-block-heading\">Tel\u00e9fono Reservaciones<\/h3>\n\n\n\n<p><strong>Tel\u00e9fono:<\/strong> <a href=\"tel:+529848711130\">+52 984 871 1130<\/a><br><strong>Booking Toll free<\/strong>: <a href=\"tel:+18552465575\">+1 855 2465575<\/a><br><strong>M\u00f3vil<\/strong>: <a href=\"tel:+5219841579645\">+52 1 984 1579645<\/a><br><strong>Mail<\/strong>: <a href=\"mailto:info@thebeach-tulum.com\">info@thebeach-tulum.com<\/a><\/p>\n\n\n\n<div style=\"height:30px\" aria-hidden=\"true\" class=\"wp-block-spacer\"><\/div>\n\n\n\n<h3 class=\"wp-block-heading\">Tel\u00e9fono Recepci\u00f3n<\/h3>\n\n\n\n<p><strong>Llamar<\/strong>: +52 984 871 1131<br><small>extension 6401<\/small><\/p>\n\n<\/div><\/div><\/div>\n\n<div class=\"gb-grid-column gb-grid-column-8375edd9\"><div class=\"gb-container gb-container-8375edd9\"><div class=\"gb-inside-container\">\n\n<div class=\"wp-block-contact-form-7-contact-form-selector\">\n<div class=\"wpcf7 no-js\" id=\"wpcf7-f7286-o1\" lang=\"es-ES\" dir=\"ltr\" data-wpcf7-id=\"7286\">\n<div class=\"screen-reader-response\"><p role=\"status\" aria-live=\"polite\" aria-atomic=\"true\"><\/p> <ul><\/ul><\/div>\n<form action=\"\/es\/wp-json\/wp\/v2\/pages\/7290#wpcf7-f7286-o1\" method=\"post\" class=\"wpcf7-form init wpcf7-acceptance-as-validation\" aria-label=\"Formulario de contacto\" novalidate=\"novalidate\" data-status=\"init\">\n<div style=\"display: none;\">\n<input type=\"hidden\" name=\"_wpcf7\" value=\"7286\" \/>\n<input type=\"hidden\" name=\"_wpcf7_version\" value=\"6.0.2\" \/>\n<input type=\"hidden\" name=\"_wpcf7_locale\" value=\"es_ES\" \/>\n<input type=\"hidden\" name=\"_wpcf7_unit_tag\" value=\"wpcf7-f7286-o1\" \/>\n<input type=\"hidden\" name=\"_wpcf7_container_post\" value=\"0\" \/>\n<input type=\"hidden\" name=\"_wpcf7_posted_data_hash\" value=\"\" \/>\n<input type=\"hidden\" name=\"_wpcf7_recaptcha_response\" value=\"\" \/>\n<\/div>\n<div class=\"bt-contact-form\">\n\t<div class=\"bt-row\">\n\t\t<div class=\"bt-col--lg-6\">\n\t\t\t<p><label>Nombre <span class=\"bt-mandatory\">*<\/span><br \/>\n<span class=\"wpcf7-form-control-wrap\" data-name=\"bt-first-name\"><input size=\"40\" maxlength=\"400\" class=\"wpcf7-form-control wpcf7-text wpcf7-validates-as-required\" aria-required=\"true\" aria-invalid=\"false\" value=\"\" type=\"text\" name=\"bt-first-name\" \/><\/span><\/label>\n\t\t\t<\/p>\n\t\t<\/div>\n\t\t<div class=\"bt-col--lg-6\">\n\t\t\t<p><label>Apellido <span class=\"bt-mandatory\">*<\/span><br \/>\n<span class=\"wpcf7-form-control-wrap\" data-name=\"bt-last-name\"><input size=\"40\" maxlength=\"400\" class=\"wpcf7-form-control wpcf7-text wpcf7-validates-as-required\" aria-required=\"true\" aria-invalid=\"false\" value=\"\" type=\"text\" name=\"bt-last-name\" \/><\/span><\/label>\n\t\t\t<\/p>\n\t\t<\/div>\n\t<\/div>\n\t<div class=\"bt-row\">\n\t\t<div class=\"bt-col--lg-6\">\n\t\t\t<p><label>E-mail <span class=\"bt-mandatory\">*<\/span><br \/>\n<span class=\"wpcf7-form-control-wrap\" data-name=\"bt-email\"><input size=\"40\" maxlength=\"400\" class=\"wpcf7-form-control wpcf7-email wpcf7-validates-as-required wpcf7-text wpcf7-validates-as-email\" aria-required=\"true\" aria-invalid=\"false\" value=\"\" type=\"email\" name=\"bt-email\" \/><\/span><\/label>\n\t\t\t<\/p>\n\t\t<\/div>\n\t\t<div class=\"bt-col--lg-6\">\n\t\t\t<p><label>N\u00famero Telef\u00f3nico<br \/>\n<span class=\"wpcf7-form-control-wrap\" data-name=\"bt-phone\"><input size=\"40\" maxlength=\"400\" class=\"wpcf7-form-control wpcf7-tel wpcf7-text wpcf7-validates-as-tel\" aria-invalid=\"false\" value=\"\" type=\"tel\" name=\"bt-phone\" \/><\/span><\/label>\n\t\t\t<\/p>\n\t\t<\/div>\n\t<\/div>\n\t<div class=\"bt-row\">\n\t\t<div class=\"bt-col--lg-12\">\n\t\t\t<p><label class=\"bt-message\">Mensaje <span class=\"bt-mandatory\">*<\/span><br \/>\n<span class=\"wpcf7-form-control-wrap\" data-name=\"bt-message\"><textarea cols=\"40\" rows=\"10\" maxlength=\"2000\" class=\"wpcf7-form-control wpcf7-textarea wpcf7-validates-as-required\" aria-required=\"true\" aria-invalid=\"false\" name=\"bt-message\"><\/textarea><\/span><\/label><br \/>\n<span class=\"wpcf7-form-control-wrap\" data-name=\"bt-privacy\"><span class=\"wpcf7-form-control wpcf7-acceptance\"><span class=\"wpcf7-list-item\"><label><input type=\"checkbox\" name=\"bt-privacy\" value=\"1\" id=\"bt-privacy\" aria-invalid=\"false\" \/><span class=\"wpcf7-list-item-label\">Autorizo el uso de mis datos personales de acuerdo con la <a class=\"bt-links--accent\" href=\"\/es\/privacy\/\" target=\"_blank\">Pol\u00edtica de Privacidad<\/a>.<\/span><\/label><\/span><\/span><\/span><br \/>\n<input class=\"wpcf7-form-control wpcf7-submit has-spinner\" type=\"submit\" value=\"Ir\" \/>\n\t\t\t<\/p>\n\t\t<\/div>\n\t<\/div>\n<\/div><input type='hidden' class='wpcf7-pum' value='{\"closepopup\":false,\"closedelay\":0,\"openpopup\":false,\"openpopup_id\":0}' \/><div class=\"wpcf7-response-output\" aria-hidden=\"true\"><\/div>\n<\/form>\n<\/div>\n<\/div>\n\n<\/div><\/div><\/div>\n<\/div>\n<\/div><\/div>\n\n<div class=\"gb-container gb-container-8e0707f6 bt-gutter--bottom\"><div class=\"gb-inside-container\">\n\t\t\t<div \n\t\t\tclass=\"wp-block-uagb-google-map uagb-google-map__wrap uagb-block-aa98ae04     \"\n\t\t\tstyle=\"\" >\n\t\t\t\t<embed\n\t\t\t\t\tclass=\"uagb-google-map__iframe\"\n\t\t\t\t\ttitle=\"Mapa de Google de\"\n\t\t\t\t\tsrc=\"https:\/\/maps.google.com\/maps?q=The%20Beach%20Tulum%20Hotel&#038;z=6&#038;hl=en&#038;t=m&#038;output=embed&#038;iwloc=near\"\n\t\t\t\t\twidth=\"640\"\n\t\t\t\t\theight=\"500\"\n\t\t\t\t\tloading=\"lazy\"\n\t\t\t\t><\/embed>\n\t\t\t<\/div>\n\t\t\t\n<\/div><\/div>\n\n<div class=\"gb-container gb-container-112afa16 bt-padding--double bt-testimonials__container\"><div class=\"gb-inside-container\">\n\n<h2 class=\"gb-headline gb-headline-b1d2fce3 gb-headline-text\">Lo que dicen nuestros hu\u00e9spedes<\/h2>\n\n\n\n<div class=\"wp-block-uagb-testimonial bt-testimonials-block uagb-slick-carousel uagb-tm__arrow-outside uagb-block-b5318930\"><div class=\"is-carousel uagb-tm__columns-1 uagb-tm__items\"><div class=\"uagb-testimonial__wrap  uagb-tm__imgicon-style-circle uagb-tm__image-position-bottom uagb-tm__bg-type-none \"><div class=\"uagb-tm__content\"><div class=\"uagb-tm__overlay\"><\/div><div class=\"uagb-tm__text-wrap\"><div class=\"uagb-tm__desc\"><meta charset=\"utf-8\">Pasamos nuestro aniversario en este incre\u00edble hotel. Me encant\u00f3 porque a pesar de mantener lo r\u00fastico de los hoteles de Tulum, el hotel tiene todas la comodidades y est\u00e1 impecable. Los cuartos amplios en frente de la playa (la cual limpian todas las ma\u00f1anas por lo que es de las mejores en la zona), room service de dos restaurantes diferentes (uno muy &#8220;healthy&#8221; y &#8220;vegan&#8221; y otro m\u00e1s de antojitos mexicanos) con comida deliciosa en los dos.<\/div><div class=\"uagb-tm__meta-inner\"><div class=\"uagb-testimonial-details\"><span class=\"uagb-tm__author-name\"><meta charset=\"utf-8\">Dan R<\/span><span class=\"uagb-tm__company\">Company1<\/span><\/div><\/div><\/div><\/div><\/div><div class=\"uagb-testimonial__wrap  uagb-tm__imgicon-style-circle uagb-tm__image-position-bottom uagb-tm__bg-type-none \"><div class=\"uagb-tm__content\"><div class=\"uagb-tm__overlay\"><\/div><div class=\"uagb-tm__text-wrap\"><div class=\"uagb-tm__desc\"><meta charset=\"utf-8\">Este hotel nos dej\u00f3 impactado con todo, servicio, comida, atenciones, vista, cuartos, todos son muy amables, Israel del bar, las muchachas del front desk, cada persona que trabaja ah\u00ed, los muchachos que trabajan en la playa! bueno tanto que decir de este lugar que me quedo corta, definitivamente volvemos pronto!<\/div><div class=\"uagb-tm__meta-inner\"><div class=\"uagb-testimonial-details\"><span class=\"uagb-tm__author-name\"><meta charset=\"utf-8\">adesantana5<\/span><span class=\"uagb-tm__company\">Company2<\/span><\/div><\/div><\/div><\/div><\/div><div class=\"uagb-testimonial__wrap  uagb-tm__imgicon-style-circle uagb-tm__image-position-bottom uagb-tm__bg-type-none \"><div class=\"uagb-tm__content\"><div class=\"uagb-tm__overlay\"><\/div><div class=\"uagb-tm__text-wrap\"><div class=\"uagb-tm__desc\"><meta charset=\"utf-8\">El hotel est\u00e1 muy bien ubicado. La atenci\u00f3n del personal es sobresaliente. Las habitaciones est\u00e1n muy bien dise\u00f1adas y decoradas, b\u00e1sicas pero con todo lo necesario. La comida es excelente. El ambiente es genial, muy rom\u00e1ntico para ir en parejas.<\/div><div class=\"uagb-tm__meta-inner\"><div class=\"uagb-testimonial-details\"><span class=\"uagb-tm__author-name\"><meta charset=\"utf-8\">pedroelviajero007<\/span><span class=\"uagb-tm__company\">Company3<\/span><\/div><\/div><\/div><\/div><\/div><\/div><\/div>\n\n<\/div><\/div>\n\n<div class=\"gb-container gb-container-3c4813e1 bt-tripadvisor-block\"><div class=\"gb-inside-container\">\n\n<div style=\"width:166px;margin: 0 auto;\"><div id=\"TA_tchotel941\" class=\"TA_tchotel\"><ul id=\"LnbgHoH\" class=\"TA_links egGC2Y\"><li id=\"z1XaoGBv\" class=\"bK012uAA7osq\"><a target=\"_blank\" href=\"https:\/\/www.tripadvisor.com\/Hotel_Review-g23240074-d3979959-Reviews-The_Beach_Tulum_Hotel-Tulum_Beach_Tulum_Yucatan_Peninsula.html\"><img decoding=\"async\" src=\"https:\/\/static.tacdn.com\/img2\/travelers_choice\/widgets\/tchotel_bob_2025_L.png\" alt=\"Tripadvisor\" class=\"false\" id=\"false\"\/><\/a><\/li><\/ul><\/div><script async src=\"https:\/\/www.jscache.com\/wejs?wtype=tchotel&amp;uniq=941&amp;locationId=3979959&amp;lang=en_US&amp;year=2025&amp;display_version=2\" data-loadtrk onload=\"this.loadtrk=true\"><\/script><\/div>\n\n\n\n<p class=\"has-text-align-center\"><a href=\"https:\/\/www.tripadvisor.com\/Hotel_Review-g23240074-d3979959-Reviews-The_Beach_Tulum_Hotel-Tulum_Beach_Tulum_Yucatan_Peninsula.html\" class=\"bt-button--line\" target=\"_blank\" rel=\"noopener\">Encu\u00e9ntranos en Tripadvisor<\/a><\/p>\n\n<\/div><\/div>","protected":false},"excerpt":{"rendered":"<p>Contacto \u00bfA\u00fan no est\u00e1 listo para reservar? P\u00f3ngase en contacto con nosotros para que podamos atender sus dudas. O, si ya ha reservado una habitaci\u00f3n y tiene alguna pregunta antes de su llegada, cont\u00e1ctenos aqu\u00ed.Si desea reservar un regalo para un amigo o familiar que se quede con nosotros, env\u00edenos sus solicitudes, \u00a1nos comunicaremos con [&hellip;]<\/p>\n","protected":false},"author":6,"featured_media":0,"parent":0,"menu_order":106,"comment_status":"closed","ping_status":"closed","template":"","meta":{"_acf_changed":false,"_uag_custom_page_level_css":"","site-sidebar-layout":"default","site-content-layout":"default","ast-site-content-layout":"default","site-content-style":"default","site-sidebar-style":"default","ast-global-header-display":"","ast-banner-title-visibility":"","ast-main-header-display":"","ast-hfb-above-header-display":"","ast-hfb-below-header-display":"","ast-hfb-mobile-header-display":"","site-post-title":"disabled","ast-breadcrumbs-content":"","ast-featured-img":"","footer-sml-layout":"","theme-transparent-header-meta":"enabled","adv-header-id-meta":"","stick-header-meta":"default","header-above-stick-meta":"","header-main-stick-meta":"","header-below-stick-meta":"","astra-migrate-meta-layouts":"set","ast-page-background-enabled":"default","ast-page-background-meta":{"desktop":{"background-color":"","background-image":"","background-repeat":"repeat","background-position":"center center","background-size":"auto","background-attachment":"scroll","background-type":"","background-media":"","overlay-type":"","overlay-color":"","overlay-opacity":"","overlay-gradient":""},"tablet":{"background-color":"","background-image":"","background-repeat":"repeat","background-position":"center center","background-size":"auto","background-attachment":"scroll","background-type":"","background-media":"","overlay-type":"","overlay-color":"","overlay-opacity":"","overlay-gradient":""},"mobile":{"background-color":"","background-image":"","background-repeat":"repeat","background-position":"center center","background-size":"auto","background-attachment":"scroll","background-type":"","background-media":"","overlay-type":"","overlay-color":"","overlay-opacity":"","overlay-gradient":""}},"ast-content-background-meta":{"desktop":{"background-color":"var(--ast-global-color-5)","background-image":"","background-repeat":"repeat","background-position":"center center","background-size":"auto","background-attachment":"scroll","background-type":"","background-media":"","overlay-type":"","overlay-color":"","overlay-opacity":"","overlay-gradient":""},"tablet":{"background-color":"var(--ast-global-color-5)","background-image":"","background-repeat":"repeat","background-position":"center center","background-size":"auto","background-attachment":"scroll","background-type":"","background-media":"","overlay-type":"","overlay-color":"","overlay-opacity":"","overlay-gradient":""},"mobile":{"background-color":"var(--ast-global-color-5)","background-image":"","background-repeat":"repeat","background-position":"center center","background-size":"auto","background-attachment":"scroll","background-type":"","background-media":"","overlay-type":"","overlay-color":"","overlay-opacity":"","overlay-gradient":""}},"pgc_sgb_lightbox_settings":"","footnotes":""},"class_list":["post-7290","page","type-page","status-publish","hentry"],"acf":[],"yoast_head":"<!-- This site is optimized with the Yoast SEO plugin v24.2 - https:\/\/yoast.com\/wordpress\/plugins\/seo\/ -->\n<title>Contacto | THE BEACH TULUM HOTEL<\/title>\n<meta name=\"description\" content=\"Comience sus vacaciones memorables justo en nuestro hotel boutique de lujo, en este peque\u00f1o pueblo playero.\" \/>\n<meta name=\"robots\" content=\"index, follow, max-snippet:-1, max-image-preview:large, max-video-preview:-1\" \/>\n<link rel=\"canonical\" href=\"https:\/\/www.thebeach-tulum.com\/es\/contactenos-2\/\" \/>\n<meta property=\"og:locale\" content=\"es_ES\" \/>\n<meta property=\"og:type\" content=\"article\" \/>\n<meta property=\"og:title\" content=\"Contacto | THE BEACH TULUM HOTEL\" \/>\n<meta property=\"og:description\" content=\"Comience sus vacaciones memorables justo en nuestro hotel boutique de lujo, en este peque\u00f1o pueblo playero.\" \/>\n<meta property=\"og:url\" content=\"https:\/\/www.thebeach-tulum.com\/es\/contactenos-2\/\" \/>\n<meta property=\"og:site_name\" content=\"The Beach Tulum Hotel\" \/>\n<meta property=\"article:modified_time\" content=\"2025-11-06T11:51:49+00:00\" \/>\n<meta property=\"og:image\" content=\"https:\/\/www.thebeach-tulum.com\/wp-content\/uploads\/2021\/10\/contacts-the-beach-tulum-header.jpg\" \/>\n<meta name=\"twitter:card\" content=\"summary_large_image\" \/>\n<meta name=\"twitter:label1\" content=\"Tiempo de lectura\" \/>\n\t<meta name=\"twitter:data1\" content=\"2 minutos\" \/>\n<!-- \/ Yoast SEO plugin. -->","yoast_head_json":{"title":"Contacto | THE BEACH TULUM HOTEL","description":"Comience sus vacaciones memorables justo en nuestro hotel boutique de lujo, en este peque\u00f1o pueblo playero.","robots":{"index":"index","follow":"follow","max-snippet":"max-snippet:-1","max-image-preview":"max-image-preview:large","max-video-preview":"max-video-preview:-1"},"canonical":"https:\/\/www.thebeach-tulum.com\/es\/contactenos-2\/","og_locale":"es_ES","og_type":"article","og_title":"Contacto | THE BEACH TULUM HOTEL","og_description":"Comience sus vacaciones memorables justo en nuestro hotel boutique de lujo, en este peque\u00f1o pueblo playero.","og_url":"https:\/\/www.thebeach-tulum.com\/es\/contactenos-2\/","og_site_name":"The Beach Tulum Hotel","article_modified_time":"2025-11-06T11:51:49+00:00","og_image":[{"url":"https:\/\/www.thebeach-tulum.com\/wp-content\/uploads\/2021\/10\/contacts-the-beach-tulum-header.jpg","type":"","width":"","height":""}],"twitter_card":"summary_large_image","twitter_misc":{"Tiempo de lectura":"2 minutos"},"schema":{"@context":"https:\/\/schema.org","@graph":[{"@type":"WebPage","@id":"https:\/\/www.thebeach-tulum.com\/es\/contactenos-2\/","url":"https:\/\/www.thebeach-tulum.com\/es\/contactenos-2\/","name":"Contacto | THE BEACH TULUM HOTEL","isPartOf":{"@id":"https:\/\/www.thebeach-tulum.com\/es\/#website"},"primaryImageOfPage":{"@id":"https:\/\/www.thebeach-tulum.com\/es\/contactenos-2\/#primaryimage"},"image":{"@id":"https:\/\/www.thebeach-tulum.com\/es\/contactenos-2\/#primaryimage"},"thumbnailUrl":"https:\/\/www.thebeach-tulum.com\/wp-content\/uploads\/2021\/10\/contacts-the-beach-tulum-header.jpg","datePublished":"2021-08-05T17:40:16+00:00","dateModified":"2025-11-06T11:51:49+00:00","description":"Comience sus vacaciones memorables justo en nuestro hotel boutique de lujo, en este peque\u00f1o pueblo playero.","breadcrumb":{"@id":"https:\/\/www.thebeach-tulum.com\/es\/contactenos-2\/#breadcrumb"},"inLanguage":"es","potentialAction":[{"@type":"ReadAction","target":["https:\/\/www.thebeach-tulum.com\/es\/contactenos-2\/"]}]},{"@type":"ImageObject","inLanguage":"es","@id":"https:\/\/www.thebeach-tulum.com\/es\/contactenos-2\/#primaryimage","url":"https:\/\/www.thebeach-tulum.com\/wp-content\/uploads\/2021\/10\/contacts-the-beach-tulum-header.jpg","contentUrl":"https:\/\/www.thebeach-tulum.com\/wp-content\/uploads\/2021\/10\/contacts-the-beach-tulum-header.jpg"},{"@type":"BreadcrumbList","@id":"https:\/\/www.thebeach-tulum.com\/es\/contactenos-2\/#breadcrumb","itemListElement":[{"@type":"ListItem","position":1,"name":"Home","item":"https:\/\/www.thebeach-tulum.com\/es\/"},{"@type":"ListItem","position":2,"name":"Contacto"}]},{"@type":"WebSite","@id":"https:\/\/www.thebeach-tulum.com\/es\/#website","url":"https:\/\/www.thebeach-tulum.com\/es\/","name":"The Beach Tulum Hotel","description":"Adult only Hotel in Tulum, Riviera Maya","publisher":{"@id":"https:\/\/www.thebeach-tulum.com\/es\/#organization"},"potentialAction":[{"@type":"SearchAction","target":{"@type":"EntryPoint","urlTemplate":"https:\/\/www.thebeach-tulum.com\/es\/?s={search_term_string}"},"query-input":{"@type":"PropertyValueSpecification","valueRequired":true,"valueName":"search_term_string"}}],"inLanguage":"es"},{"@type":"Organization","@id":"https:\/\/www.thebeach-tulum.com\/es\/#organization","name":"The Beach Tulum Hotel","url":"https:\/\/www.thebeach-tulum.com\/es\/","logo":{"@type":"ImageObject","inLanguage":"es","@id":"https:\/\/www.thebeach-tulum.com\/es\/#\/schema\/logo\/image\/","url":"https:\/\/www.thebeach-tulum.com\/wp-content\/uploads\/2021\/05\/the-beach-tulum_logo_blue.png","contentUrl":"https:\/\/www.thebeach-tulum.com\/wp-content\/uploads\/2021\/05\/the-beach-tulum_logo_blue.png","width":295,"height":100,"caption":"The Beach Tulum Hotel"},"image":{"@id":"https:\/\/www.thebeach-tulum.com\/es\/#\/schema\/logo\/image\/"}}]}},"uagb_featured_image_src":{"full":false,"thumbnail":false,"medium":false,"medium_large":false,"large":false,"gs-tiny":false,"xl":false,"xxl":false,"xxxl":false,"xxxxl":false,"xxxxxl":false,"1536x1536":false,"2048x2048":false,"es_600":false,"es_1024":false,"es_1200":false,"blog":false,"gallery_es":false},"uagb_author_info":{"display_name":"Naxa","author_link":"https:\/\/www.thebeach-tulum.com\/es\/author\/luca\/"},"uagb_comment_info":0,"uagb_excerpt":"Contacto \u00bfA\u00fan no est\u00e1 listo para reservar? P\u00f3ngase en contacto con nosotros para que podamos atender sus dudas. O, si ya ha reservado una habitaci\u00f3n y tiene alguna pregunta antes de su llegada, cont\u00e1ctenos aqu\u00ed.Si desea reservar un regalo para un amigo o familiar que se quede con nosotros, env\u00edenos sus solicitudes, \u00a1nos comunicaremos con&hellip;","_links":{"self":[{"href":"https:\/\/www.thebeach-tulum.com\/es\/wp-json\/wp\/v2\/pages\/7290","targetHints":{"allow":["GET"]}}],"collection":[{"href":"https:\/\/www.thebeach-tulum.com\/es\/wp-json\/wp\/v2\/pages"}],"about":[{"href":"https:\/\/www.thebeach-tulum.com\/es\/wp-json\/wp\/v2\/types\/page"}],"author":[{"embeddable":true,"href":"https:\/\/www.thebeach-tulum.com\/es\/wp-json\/wp\/v2\/users\/6"}],"replies":[{"embeddable":true,"href":"https:\/\/www.thebeach-tulum.com\/es\/wp-json\/wp\/v2\/comments?post=7290"}],"version-history":[{"count":2,"href":"https:\/\/www.thebeach-tulum.com\/es\/wp-json\/wp\/v2\/pages\/7290\/revisions"}],"predecessor-version":[{"id":38916,"href":"https:\/\/www.thebeach-tulum.com\/es\/wp-json\/wp\/v2\/pages\/7290\/revisions\/38916"}],"wp:attachment":[{"href":"https:\/\/www.thebeach-tulum.com\/es\/wp-json\/wp\/v2\/media?parent=7290"}],"curies":[{"name":"wp","href":"https:\/\/api.w.org\/{rel}","templated":true}]}}