{"id":8583,"date":"2021-11-05T10:02:38","date_gmt":"2021-11-05T10:02:38","guid":{"rendered":"\/\/www.thebeach-tulum.com\/?page_id=8583"},"modified":"2025-11-06T09:53:28","modified_gmt":"2025-11-06T09:53:28","slug":"habitaciones","status":"publish","type":"page","link":"https:\/\/www.thebeach-tulum.com\/es\/habitaciones\/","title":{"rendered":"Habitaciones"},"content":{"rendered":"<div class=\"gb-container gb-container-d4aa388a bt-hero\"><div class=\"gb-inside-container\">\n<div class=\"gb-container gb-container-745fb175 bt-hero__image\"><div class=\"gb-inside-container\">\n\n<figure class=\"wp-block-image size-full\"><img decoding=\"async\" width=\"1920\" height=\"1279\" src=\"https:\/\/www.thebeach-tulum.com\/wp-content\/uploads\/2025\/01\/the-beach-tulum-drone.jpg\" alt=\"The Beach Tulum Hotel\" class=\"wp-image-35640\" srcset=\"https:\/\/www.thebeach-tulum.com\/wp-content\/uploads\/2025\/01\/the-beach-tulum-drone.jpg 1920w, https:\/\/www.thebeach-tulum.com\/wp-content\/uploads\/2025\/01\/the-beach-tulum-drone-300x200.jpg 300w, https:\/\/www.thebeach-tulum.com\/wp-content\/uploads\/2025\/01\/the-beach-tulum-drone-768x512.jpg 768w, https:\/\/www.thebeach-tulum.com\/wp-content\/uploads\/2025\/01\/the-beach-tulum-drone-50x33.jpg 50w, https:\/\/www.thebeach-tulum.com\/wp-content\/uploads\/2025\/01\/the-beach-tulum-drone-1600x1066.jpg 1600w, https:\/\/www.thebeach-tulum.com\/wp-content\/uploads\/2025\/01\/the-beach-tulum-drone-1536x1023.jpg 1536w, https:\/\/www.thebeach-tulum.com\/wp-content\/uploads\/2025\/01\/the-beach-tulum-drone-600x400.jpg 600w, https:\/\/www.thebeach-tulum.com\/wp-content\/uploads\/2025\/01\/the-beach-tulum-drone-1024x683.jpg 1024w, https:\/\/www.thebeach-tulum.com\/wp-content\/uploads\/2025\/01\/the-beach-tulum-drone-1200x799.jpg 1200w\" sizes=\"(max-width: 1920px) 100vw, 1920px\" \/><\/figure>\n\n<\/div><\/div>\n\n<div class=\"yoast-breadcrumbs bt-gutter--left\"><span><span><a href=\"https:\/\/www.thebeach-tulum.com\/es\/\">Home<\/a><\/span> &gt; <span class=\"breadcrumb_last\" aria-current=\"page\">Habitaciones<\/span><\/span><\/div>\n\n\n<h1 class=\"gb-headline gb-headline-72fe7986 gb-headline-text bt-gutter--left\">Habitaciones<\/h1>\n\n\n\n<h2 class=\"gb-headline gb-headline-7a95198b gb-headline-text bt-gutter--left\">Si\u00e9ntese, respire y disfrute de todo. Ofrecemos 3 tipos de habitaciones, todas frente al mar, a solo unos pasos de la impresionante playa de Tulum. Despierta con el sonido de las olas y disfruta de vistas panor\u00e1micas al mar desde todas las habitaciones.<\/h2>\n\n<\/div><\/div>\n\n<div class=\"gb-container gb-container-0efe9171 bt-room bt-room--junior-suite\"><div class=\"gb-inside-container\">\n<div class=\"gb-container gb-container-b10f5a61 bt-room__image\"><div class=\"gb-inside-container\"><\/div><\/div>\n\n<div class=\"gb-container gb-container-01354df3 bt-room__content\"><div class=\"gb-inside-container\">\n<div class=\"gb-grid-wrapper gb-grid-wrapper-0a981783\">\n<div class=\"gb-grid-column gb-grid-column-b82c9098\"><div class=\"gb-container gb-container-b82c9098 bt-room__description\"><div class=\"gb-inside-container\">\n\n<h2 class=\"gb-headline gb-headline-0985d6c3 gb-headline-text\"><a href=\"\/es\/habitaciones\/junior-suite\/\">Junior Suite<\/a><\/h2>\n\n\n\n<p>Nuestras habitaciones m\u00e1s amplias cuentan con un acceso privado directamente a la piscina principal del hotel y una terraza con una piscina privada en la parte delantera, literalmente a un paso de la playa. Contemple las espectaculares vistas al mar desde su terraza privada o desde la comodidad de su cama.&nbsp;<\/p>\n\n\n<div class=\"gb-button-wrapper gb-button-wrapper-33faa3c0\">\n\n<a class=\"gb-button gb-button-1e83cc66 gb-button-text\" href=\"\/es\/habitaciones\/junior-suite\/\" target=\"_blank\" rel=\"noopener noreferrer\">Descubra<\/a>\n\n<\/div>\n<\/div><\/div><\/div>\n\n<div class=\"gb-grid-column gb-grid-column-6884c8ea\"><div class=\"gb-container gb-container-6884c8ea bt-room__details\"><div class=\"gb-inside-container\">\n\n<p class=\"bt-room__details--data\">112 m<sup>2<\/sup>\/ 2 personas<\/p>\n\n\n\n<ul class=\"wp-block-list bt-room__details--amenities\">\n<li>Frente a la playa<\/li>\n\n\n\n<li>Cama King size<\/li>\n\n\n\n<li>Aire acondicionado<\/li>\n\n\n\n<li>Wi-fi<\/li>\n\n\n\n<li>Zona de estar<\/li>\n\n\n\n<li>Alberca privada<\/li>\n\n\n\n<li>Cama de playa privada<\/li>\n\n\n\n<li>Cama lado alberca privada<\/li>\n<\/ul>\n\n\n<div class=\"gb-button-wrapper gb-button-wrapper-21064090\">\n\n<a class=\"gb-button gb-button-7b193761 gb-button-text\" href=\"https:\/\/reservations.thebeach-tulum.com\/premium\/index.html?id_stile=16543&amp;lingua_int=eng&amp;id_albergo=19624&amp;dc=4301\" target=\"_blank\" rel=\"noopener noreferrer\">Reserve ahora<\/a>\n\n<\/div>\n<\/div><\/div><\/div>\n<\/div>\n<\/div><\/div>\n<\/div><\/div>\n\n<div class=\"gb-container gb-container-5170eb20 bt-room bt-room--rooftop\"><div class=\"gb-inside-container\">\n<div class=\"gb-container gb-container-aa55d49a\">\n<div class=\"gb-container gb-container-43293156 bt-room__image\"><div class=\"gb-inside-container\">\n\n<figure class=\"gb-block-image gb-block-image-fa301ca7\"><img decoding=\"async\" width=\"1920\" height=\"1279\" class=\"gb-image gb-image-fa301ca7\" src=\"https:\/\/www.thebeach-tulum.com\/wp-content\/uploads\/2025\/01\/rooftop-1.jpg\" alt=\"Rooftop room at The Beach Tulum Hotel\" title=\"rooftop 1\" srcset=\"https:\/\/www.thebeach-tulum.com\/wp-content\/uploads\/2025\/01\/rooftop-1.jpg 1920w, https:\/\/www.thebeach-tulum.com\/wp-content\/uploads\/2025\/01\/rooftop-1-300x200.jpg 300w, https:\/\/www.thebeach-tulum.com\/wp-content\/uploads\/2025\/01\/rooftop-1-768x512.jpg 768w, https:\/\/www.thebeach-tulum.com\/wp-content\/uploads\/2025\/01\/rooftop-1-50x33.jpg 50w, https:\/\/www.thebeach-tulum.com\/wp-content\/uploads\/2025\/01\/rooftop-1-1600x1066.jpg 1600w, https:\/\/www.thebeach-tulum.com\/wp-content\/uploads\/2025\/01\/rooftop-1-1536x1023.jpg 1536w, https:\/\/www.thebeach-tulum.com\/wp-content\/uploads\/2025\/01\/rooftop-1-600x400.jpg 600w, https:\/\/www.thebeach-tulum.com\/wp-content\/uploads\/2025\/01\/rooftop-1-1024x683.jpg 1024w, https:\/\/www.thebeach-tulum.com\/wp-content\/uploads\/2025\/01\/rooftop-1-1200x799.jpg 1200w\" sizes=\"(max-width: 1920px) 100vw, 1920px\" \/><\/figure>\n\n<\/div><\/div>\n<\/div>\n\n<div class=\"gb-container gb-container-cc168782 bt-room__content\"><div class=\"gb-inside-container\">\n<div class=\"gb-grid-wrapper gb-grid-wrapper-cde20bb6\">\n<div class=\"gb-grid-column gb-grid-column-e2d9ec5a\"><div class=\"gb-container gb-container-e2d9ec5a bt-room__description\"><div class=\"gb-inside-container\">\n\n<h2 class=\"gb-headline gb-headline-a60fa566 gb-headline-text\"><a href=\"\/es\/habitaciones\/rooftop\/\">Rooftop<\/a><\/h2>\n\n\n\n<p>Las habitaciones del primer piso ofrecen la mayor privacidad con una terraza amueblada frente a la playa y una terraza privada en la azotea con tina hidromasaje, sof\u00e1 y sillones. Disfrute de la privacidad para tomar el sol durante el d\u00eda o contemplar las estrellas por la noche.<\/p>\n\n\n<div class=\"gb-button-wrapper gb-button-wrapper-74333ca5 gb-button gb-button-2efd27cc gb-button-text\">\n\n<a class=\"gb-button gb-button-2efd27cc gb-button-text\" href=\"\/es\/habitaciones\/rooftop\/\" target=\"_blank\" rel=\"noopener noreferrer\">Descubra<\/a>\n\n<\/div>\n<\/div><\/div><\/div>\n\n<div class=\"gb-grid-column gb-grid-column-ffb8e775\"><div class=\"gb-container gb-container-ffb8e775 bt-room__details\"><div class=\"gb-inside-container\">\n\n<p class=\"bt-room__details--data\">74 m<sup>2<\/sup> \/ 2 personas<\/p>\n\n\n\n<ul class=\"wp-block-list bt-room__details--amenities\">\n<li>Frente a la playa, 1er piso<\/li>\n\n\n\n<li>Cama King size<\/li>\n\n\n\n<li>Aire acondicionado<\/li>\n\n\n\n<li>Wi-fi&nbsp;<\/li>\n\n\n\n<li>Terraza amueblada<\/li>\n\n\n\n<li>Terraza en el techo con sofas y tina<\/li>\n<\/ul>\n\n\n<div class=\"gb-button-wrapper gb-button-wrapper-40c197b0\">\n\n<a class=\"gb-button gb-button-0ae3cd76 gb-button-text\" href=\"https:\/\/reservations.thebeach-tulum.com\/premium\/index.html?id_stile=16543&amp;lingua_int=eng&amp;id_albergo=19624&amp;dc=4301\" target=\"_blank\" rel=\"noopener noreferrer\">Reserve ahora<\/a>\n\n<\/div>\n<\/div><\/div><\/div>\n<\/div>\n<\/div><\/div>\n<\/div><\/div>\n\n<div class=\"gb-container gb-container-d7aa0d32 bt-room bt-room--deluxe\"><div class=\"gb-inside-container\">\n<div class=\"gb-container gb-container-9807a428 bt-room__image\"><div class=\"gb-inside-container\"><\/div><\/div>\n\n<div class=\"gb-container gb-container-f0fb86f5 bt-room__content\"><div class=\"gb-inside-container\">\n<div class=\"gb-grid-wrapper gb-grid-wrapper-13b03466\">\n<div class=\"gb-grid-column gb-grid-column-313bbb0e\"><div class=\"gb-container gb-container-313bbb0e bt-room__description\"><div class=\"gb-inside-container\">\n\n<h2 class=\"gb-headline gb-headline-8af06332 gb-headline-text\"><a href=\"\/es\/habitaciones\/deluxe\/\">Deluxe<\/a><\/h2>\n\n\n\n<p>Infinitas vistas al mar, hermosos amaneceres, una terraza y una piscina privada que invitan a la inactividad indulgente.<\/p>\n\n\n<div class=\"gb-button-wrapper gb-button-wrapper-2c497f2d gb-button gb-button-370c12fe gb-button-text\">\n\n<a class=\"gb-button gb-button-370c12fe gb-button-text\" href=\"\/es\/habitaciones\/deluxe\/\" target=\"_blank\" rel=\"noopener noreferrer\">Descubra<\/a>\n\n<\/div>\n<\/div><\/div><\/div>\n\n<div class=\"gb-grid-column gb-grid-column-f9d1aea0\"><div class=\"gb-container gb-container-f9d1aea0 bt-room__details\"><div class=\"gb-inside-container\">\n\n<p class=\"bt-room__details--data\">56 m<sup>2<\/sup>\/ 2 personas<\/p>\n\n\n\n<ul class=\"wp-block-list bt-room__details--amenities\">\n<li>Frente a la playa<\/li>\n\n\n\n<li>Cama King size<\/li>\n\n\n\n<li>Aire acondicionado<\/li>\n\n\n\n<li>Wi-fi<\/li>\n\n\n\n<li>Terraza con sof\u00e1 y hamaca<\/li>\n\n\n\n<li>Alberca privada<\/li>\n\n\n\n<li>Cama de playa privada<\/li>\n<\/ul>\n\n\n<div class=\"gb-button-wrapper gb-button-wrapper-474d25e4\">\n\n<a class=\"gb-button gb-button-02281e20 gb-button-text\" href=\"https:\/\/reservations.thebeach-tulum.com\/premium\/index.html?id_stile=16543&amp;lingua_int=eng&amp;id_albergo=19624&amp;dc=4301\" target=\"_blank\" rel=\"noopener noreferrer\">Reserve ahora<\/a>\n\n<\/div>\n<\/div><\/div><\/div>\n<\/div>\n<\/div><\/div>\n<\/div><\/div>\n\n<div class=\"gb-container gb-container-24a9a9ee bt-image-block--fullwidth bt-rearrange-mobile\"><div class=\"gb-inside-container\">\n<div class=\"gb-grid-wrapper gb-grid-wrapper-c9115f27\">\n<div class=\"gb-grid-column gb-grid-column-275a01d6\"><div class=\"gb-container gb-container-275a01d6 gb-headline gb-headline-4e273ed1 gb-headline-text\"><div class=\"gb-inside-container\">\n<div class=\"gb-container gb-container-c50f357f bt-padding\"><div class=\"gb-inside-container\">\n\n<h2 class=\"gb-headline gb-headline-3ec6887e gb-headline-text\">Una Luna de miel inolvidable<\/h2>\n\n\n\n<p class=\"has-text-color\" style=\"color:#252223\">Perm\u00edtanos consentirlo en su luna de miel o durante su ocasi\u00f3n especial. Cenas a la luz de la luna en tu terraza, cenas junto a la alberca, paquetes de spa y mucho m\u00e1s.<\/p>\n\n\n\n<p class=\"has-text-color\"><a class=\"bt-button--line\" href=\"\/es\/su-luna-de-miel-en-tulum\/\">Luna de miel<\/a><\/p>\n\n<\/div><\/div>\n<\/div><\/div><\/div>\n\n<div class=\"gb-grid-column gb-grid-column-c9fe8127\"><div class=\"gb-container gb-container-c9fe8127\"><div class=\"gb-inside-container\"><\/div><\/div><\/div>\n<\/div>\n<\/div><\/div>\n\n<div class=\"gb-container gb-container-112afa16 bt-padding--double bt-testimonials__container\"><div class=\"gb-inside-container\">\n\n<h2 class=\"gb-headline gb-headline-b1d2fce3 gb-headline-text\">Lo que dicen nuestros hu\u00e9spedes<\/h2>\n\n\n\n<div class=\"wp-block-uagb-testimonial bt-testimonials-block uagb-slick-carousel uagb-tm__arrow-outside uagb-block-b5318930\"><div class=\"is-carousel uagb-tm__columns-1 uagb-tm__items\"><div class=\"uagb-testimonial__wrap  uagb-tm__imgicon-style-circle uagb-tm__image-position-bottom uagb-tm__bg-type-none \"><div class=\"uagb-tm__content\"><div class=\"uagb-tm__overlay\"><\/div><div class=\"uagb-tm__text-wrap\"><div class=\"uagb-tm__desc\"><meta charset=\"utf-8\">Pasamos nuestro aniversario en este incre\u00edble hotel. Me encant\u00f3 porque a pesar de mantener lo r\u00fastico de los hoteles de Tulum, el hotel tiene todas la comodidades y est\u00e1 impecable. Los cuartos amplios en frente de la playa (la cual limpian todas las ma\u00f1anas por lo que es de las mejores en la zona), room service de dos restaurantes diferentes (uno muy &#8220;healthy&#8221; y &#8220;vegan&#8221; y otro m\u00e1s de antojitos mexicanos) con comida deliciosa en los dos.<\/div><div class=\"uagb-tm__meta-inner\"><div class=\"uagb-testimonial-details\"><span class=\"uagb-tm__author-name\"><meta charset=\"utf-8\">Dan R<\/span><span class=\"uagb-tm__company\">Company1<\/span><\/div><\/div><\/div><\/div><\/div><div class=\"uagb-testimonial__wrap  uagb-tm__imgicon-style-circle uagb-tm__image-position-bottom uagb-tm__bg-type-none \"><div class=\"uagb-tm__content\"><div class=\"uagb-tm__overlay\"><\/div><div class=\"uagb-tm__text-wrap\"><div class=\"uagb-tm__desc\"><meta charset=\"utf-8\">Este hotel nos dej\u00f3 impactado con todo, servicio, comida, atenciones, vista, cuartos, todos son muy amables, Israel del bar, las muchachas del front desk, cada persona que trabaja ah\u00ed, los muchachos que trabajan en la playa! bueno tanto que decir de este lugar que me quedo corta, definitivamente volvemos pronto!<\/div><div class=\"uagb-tm__meta-inner\"><div class=\"uagb-testimonial-details\"><span class=\"uagb-tm__author-name\"><meta charset=\"utf-8\">adesantana5<\/span><span class=\"uagb-tm__company\">Company2<\/span><\/div><\/div><\/div><\/div><\/div><div class=\"uagb-testimonial__wrap  uagb-tm__imgicon-style-circle uagb-tm__image-position-bottom uagb-tm__bg-type-none \"><div class=\"uagb-tm__content\"><div class=\"uagb-tm__overlay\"><\/div><div class=\"uagb-tm__text-wrap\"><div class=\"uagb-tm__desc\"><meta charset=\"utf-8\">El hotel est\u00e1 muy bien ubicado. La atenci\u00f3n del personal es sobresaliente. Las habitaciones est\u00e1n muy bien dise\u00f1adas y decoradas, b\u00e1sicas pero con todo lo necesario. La comida es excelente. El ambiente es genial, muy rom\u00e1ntico para ir en parejas.<\/div><div class=\"uagb-tm__meta-inner\"><div class=\"uagb-testimonial-details\"><span class=\"uagb-tm__author-name\"><meta charset=\"utf-8\">pedroelviajero007<\/span><span class=\"uagb-tm__company\">Company3<\/span><\/div><\/div><\/div><\/div><\/div><\/div><\/div>\n\n<\/div><\/div>\n\n<div class=\"gb-container gb-container-3c4813e1 bt-tripadvisor-block\"><div class=\"gb-inside-container\">\n\n<div style=\"width:166px;margin: 0 auto;\"><div id=\"TA_tchotel941\" class=\"TA_tchotel\"><ul id=\"LnbgHoH\" class=\"TA_links egGC2Y\"><li id=\"z1XaoGBv\" class=\"bK012uAA7osq\"><a target=\"_blank\" href=\"https:\/\/www.tripadvisor.com\/Hotel_Review-g23240074-d3979959-Reviews-The_Beach_Tulum_Hotel-Tulum_Beach_Tulum_Yucatan_Peninsula.html\"><img decoding=\"async\" src=\"https:\/\/static.tacdn.com\/img2\/travelers_choice\/widgets\/tchotel_bob_2025_L.png\" alt=\"Tripadvisor\" class=\"false\" id=\"false\"\/><\/a><\/li><\/ul><\/div><script async src=\"https:\/\/www.jscache.com\/wejs?wtype=tchotel&amp;uniq=941&amp;locationId=3979959&amp;lang=en_US&amp;year=2025&amp;display_version=2\" data-loadtrk onload=\"this.loadtrk=true\"><\/script><\/div>\n\n\n\n<p class=\"has-text-align-center\"><a href=\"https:\/\/www.tripadvisor.com\/Hotel_Review-g23240074-d3979959-Reviews-The_Beach_Tulum_Hotel-Tulum_Beach_Tulum_Yucatan_Peninsula.html\" class=\"bt-button--line\" target=\"_blank\" rel=\"noopener\">Encu\u00e9ntranos en Tripadvisor<\/a><\/p>\n\n<\/div><\/div>\n\n","protected":false},"excerpt":{"rendered":"<p>Habitaciones Si\u00e9ntese, respire y disfrute de todo. Ofrecemos 3 tipos de habitaciones, todas frente al mar, a solo unos pasos de la impresionante playa de Tulum. Despierta con el sonido de las olas y disfruta de vistas panor\u00e1micas al mar desde todas las habitaciones.<\/p>\n","protected":false},"author":6,"featured_media":0,"parent":0,"menu_order":12,"comment_status":"closed","ping_status":"closed","template":"","meta":{"_acf_changed":false,"_uag_custom_page_level_css":"","site-sidebar-layout":"default","site-content-layout":"default","ast-site-content-layout":"default","site-content-style":"default","site-sidebar-style":"default","ast-global-header-display":"","ast-banner-title-visibility":"","ast-main-header-display":"","ast-hfb-above-header-display":"","ast-hfb-below-header-display":"","ast-hfb-mobile-header-display":"","site-post-title":"disabled","ast-breadcrumbs-content":"","ast-featured-img":"","footer-sml-layout":"","theme-transparent-header-meta":"enabled","adv-header-id-meta":"","stick-header-meta":"default","header-above-stick-meta":"","header-main-stick-meta":"","header-below-stick-meta":"","astra-migrate-meta-layouts":"set","ast-page-background-enabled":"default","ast-page-background-meta":{"desktop":{"background-color":"","background-image":"","background-repeat":"repeat","background-position":"center center","background-size":"auto","background-attachment":"scroll","background-type":"","background-media":"","overlay-type":"","overlay-color":"","overlay-opacity":"","overlay-gradient":""},"tablet":{"background-color":"","background-image":"","background-repeat":"repeat","background-position":"center center","background-size":"auto","background-attachment":"scroll","background-type":"","background-media":"","overlay-type":"","overlay-color":"","overlay-opacity":"","overlay-gradient":""},"mobile":{"background-color":"","background-image":"","background-repeat":"repeat","background-position":"center center","background-size":"auto","background-attachment":"scroll","background-type":"","background-media":"","overlay-type":"","overlay-color":"","overlay-opacity":"","overlay-gradient":""}},"ast-content-background-meta":{"desktop":{"background-color":"var(--ast-global-color-5)","background-image":"","background-repeat":"repeat","background-position":"center center","background-size":"auto","background-attachment":"scroll","background-type":"","background-media":"","overlay-type":"","overlay-color":"","overlay-opacity":"","overlay-gradient":""},"tablet":{"background-color":"var(--ast-global-color-5)","background-image":"","background-repeat":"repeat","background-position":"center center","background-size":"auto","background-attachment":"scroll","background-type":"","background-media":"","overlay-type":"","overlay-color":"","overlay-opacity":"","overlay-gradient":""},"mobile":{"background-color":"var(--ast-global-color-5)","background-image":"","background-repeat":"repeat","background-position":"center center","background-size":"auto","background-attachment":"scroll","background-type":"","background-media":"","overlay-type":"","overlay-color":"","overlay-opacity":"","overlay-gradient":""}},"pgc_sgb_lightbox_settings":"","footnotes":""},"class_list":["post-8583","page","type-page","status-publish","hentry"],"acf":[],"yoast_head":"<!-- This site is optimized with the Yoast SEO plugin v24.2 - https:\/\/yoast.com\/wordpress\/plugins\/seo\/ -->\n<title>Habitaciones | THE BEACH TULUM HOTEL<\/title>\n<meta name=\"description\" content=\"Disfrute nuestras 6 Deluxe y 8 Junior Suites, con espectaculares vistas al mar desde tu cama king size y inclusive desde su tina de ba\u00f1o.\" \/>\n<meta name=\"robots\" content=\"index, follow, max-snippet:-1, max-image-preview:large, max-video-preview:-1\" \/>\n<link rel=\"canonical\" href=\"https:\/\/www.thebeach-tulum.com\/es\/habitaciones\/\" \/>\n<meta property=\"og:locale\" content=\"es_ES\" \/>\n<meta property=\"og:type\" content=\"article\" \/>\n<meta property=\"og:title\" content=\"Habitaciones | THE BEACH TULUM HOTEL\" \/>\n<meta property=\"og:description\" content=\"Disfrute nuestras 6 Deluxe y 8 Junior Suites, con espectaculares vistas al mar desde tu cama king size y inclusive desde su tina de ba\u00f1o.\" \/>\n<meta property=\"og:url\" content=\"https:\/\/www.thebeach-tulum.com\/es\/habitaciones\/\" \/>\n<meta property=\"og:site_name\" content=\"The Beach Tulum Hotel\" \/>\n<meta property=\"article:modified_time\" content=\"2025-11-06T09:53:28+00:00\" \/>\n<meta property=\"og:image\" content=\"https:\/\/www.thebeach-tulum.com\/wp-content\/uploads\/2025\/01\/the-beach-tulum-drone.jpg\" \/>\n<meta name=\"twitter:card\" content=\"summary_large_image\" \/>\n<meta name=\"twitter:label1\" content=\"Tiempo de lectura\" \/>\n\t<meta name=\"twitter:data1\" content=\"5 minutos\" \/>\n<!-- \/ Yoast SEO plugin. -->","yoast_head_json":{"title":"Habitaciones | THE BEACH TULUM HOTEL","description":"Disfrute nuestras 6 Deluxe y 8 Junior Suites, con espectaculares vistas al mar desde tu cama king size y inclusive desde su tina de ba\u00f1o.","robots":{"index":"index","follow":"follow","max-snippet":"max-snippet:-1","max-image-preview":"max-image-preview:large","max-video-preview":"max-video-preview:-1"},"canonical":"https:\/\/www.thebeach-tulum.com\/es\/habitaciones\/","og_locale":"es_ES","og_type":"article","og_title":"Habitaciones | THE BEACH TULUM HOTEL","og_description":"Disfrute nuestras 6 Deluxe y 8 Junior Suites, con espectaculares vistas al mar desde tu cama king size y inclusive desde su tina de ba\u00f1o.","og_url":"https:\/\/www.thebeach-tulum.com\/es\/habitaciones\/","og_site_name":"The Beach Tulum Hotel","article_modified_time":"2025-11-06T09:53:28+00:00","og_image":[{"url":"https:\/\/www.thebeach-tulum.com\/wp-content\/uploads\/2025\/01\/the-beach-tulum-drone.jpg","type":"","width":"","height":""}],"twitter_card":"summary_large_image","twitter_misc":{"Tiempo de lectura":"5 minutos"},"schema":{"@context":"https:\/\/schema.org","@graph":[{"@type":"WebPage","@id":"https:\/\/www.thebeach-tulum.com\/es\/habitaciones\/","url":"https:\/\/www.thebeach-tulum.com\/es\/habitaciones\/","name":"Habitaciones | THE BEACH TULUM HOTEL","isPartOf":{"@id":"https:\/\/www.thebeach-tulum.com\/es\/#website"},"primaryImageOfPage":{"@id":"https:\/\/www.thebeach-tulum.com\/es\/habitaciones\/#primaryimage"},"image":{"@id":"https:\/\/www.thebeach-tulum.com\/es\/habitaciones\/#primaryimage"},"thumbnailUrl":"https:\/\/www.thebeach-tulum.com\/wp-content\/uploads\/2025\/01\/the-beach-tulum-drone.jpg","datePublished":"2021-11-05T10:02:38+00:00","dateModified":"2025-11-06T09:53:28+00:00","description":"Disfrute nuestras 6 Deluxe y 8 Junior Suites, con espectaculares vistas al mar desde tu cama king size y inclusive desde su tina de ba\u00f1o.","breadcrumb":{"@id":"https:\/\/www.thebeach-tulum.com\/es\/habitaciones\/#breadcrumb"},"inLanguage":"es","potentialAction":[{"@type":"ReadAction","target":["https:\/\/www.thebeach-tulum.com\/es\/habitaciones\/"]}]},{"@type":"ImageObject","inLanguage":"es","@id":"https:\/\/www.thebeach-tulum.com\/es\/habitaciones\/#primaryimage","url":"https:\/\/www.thebeach-tulum.com\/wp-content\/uploads\/2025\/01\/the-beach-tulum-drone.jpg","contentUrl":"https:\/\/www.thebeach-tulum.com\/wp-content\/uploads\/2025\/01\/the-beach-tulum-drone.jpg"},{"@type":"BreadcrumbList","@id":"https:\/\/www.thebeach-tulum.com\/es\/habitaciones\/#breadcrumb","itemListElement":[{"@type":"ListItem","position":1,"name":"Home","item":"https:\/\/www.thebeach-tulum.com\/es\/"},{"@type":"ListItem","position":2,"name":"Habitaciones"}]},{"@type":"WebSite","@id":"https:\/\/www.thebeach-tulum.com\/es\/#website","url":"https:\/\/www.thebeach-tulum.com\/es\/","name":"The Beach Tulum Hotel","description":"Adult only Hotel in Tulum, Riviera Maya","publisher":{"@id":"https:\/\/www.thebeach-tulum.com\/es\/#organization"},"potentialAction":[{"@type":"SearchAction","target":{"@type":"EntryPoint","urlTemplate":"https:\/\/www.thebeach-tulum.com\/es\/?s={search_term_string}"},"query-input":{"@type":"PropertyValueSpecification","valueRequired":true,"valueName":"search_term_string"}}],"inLanguage":"es"},{"@type":"Organization","@id":"https:\/\/www.thebeach-tulum.com\/es\/#organization","name":"The Beach Tulum Hotel","url":"https:\/\/www.thebeach-tulum.com\/es\/","logo":{"@type":"ImageObject","inLanguage":"es","@id":"https:\/\/www.thebeach-tulum.com\/es\/#\/schema\/logo\/image\/","url":"https:\/\/www.thebeach-tulum.com\/wp-content\/uploads\/2021\/05\/the-beach-tulum_logo_blue.png","contentUrl":"https:\/\/www.thebeach-tulum.com\/wp-content\/uploads\/2021\/05\/the-beach-tulum_logo_blue.png","width":295,"height":100,"caption":"The Beach Tulum Hotel"},"image":{"@id":"https:\/\/www.thebeach-tulum.com\/es\/#\/schema\/logo\/image\/"}}]}},"uagb_featured_image_src":{"full":false,"thumbnail":false,"medium":false,"medium_large":false,"large":false,"gs-tiny":false,"xl":false,"xxl":false,"xxxl":false,"xxxxl":false,"xxxxxl":false,"1536x1536":false,"2048x2048":false,"es_600":false,"es_1024":false,"es_1200":false,"blog":false,"gallery_es":false},"uagb_author_info":{"display_name":"Naxa","author_link":"https:\/\/www.thebeach-tulum.com\/es\/author\/luca\/"},"uagb_comment_info":0,"uagb_excerpt":"Habitaciones Si\u00e9ntese, respire y disfrute de todo. Ofrecemos 3 tipos de habitaciones, todas frente al mar, a solo unos pasos de la impresionante playa de Tulum. Despierta con el sonido de las olas y disfruta de vistas panor\u00e1micas al mar desde todas las habitaciones.","_links":{"self":[{"href":"https:\/\/www.thebeach-tulum.com\/es\/wp-json\/wp\/v2\/pages\/8583","targetHints":{"allow":["GET"]}}],"collection":[{"href":"https:\/\/www.thebeach-tulum.com\/es\/wp-json\/wp\/v2\/pages"}],"about":[{"href":"https:\/\/www.thebeach-tulum.com\/es\/wp-json\/wp\/v2\/types\/page"}],"author":[{"embeddable":true,"href":"https:\/\/www.thebeach-tulum.com\/es\/wp-json\/wp\/v2\/users\/6"}],"replies":[{"embeddable":true,"href":"https:\/\/www.thebeach-tulum.com\/es\/wp-json\/wp\/v2\/comments?post=8583"}],"version-history":[{"count":4,"href":"https:\/\/www.thebeach-tulum.com\/es\/wp-json\/wp\/v2\/pages\/8583\/revisions"}],"predecessor-version":[{"id":38901,"href":"https:\/\/www.thebeach-tulum.com\/es\/wp-json\/wp\/v2\/pages\/8583\/revisions\/38901"}],"wp:attachment":[{"href":"https:\/\/www.thebeach-tulum.com\/es\/wp-json\/wp\/v2\/media?parent=8583"}],"curies":[{"name":"wp","href":"https:\/\/api.w.org\/{rel}","templated":true}]}}