{"id":38950,"date":"2021-07-07T07:08:41","date_gmt":"2021-07-07T07:08:41","guid":{"rendered":"https:\/\/www.thebeach-tulum.com\/comodidades-2\/"},"modified":"2021-07-07T07:08:41","modified_gmt":"2021-07-07T07:08:41","slug":"comodidades-2","status":"publish","type":"page","link":"https:\/\/www.thebeach-tulum.com\/pt-br\/comodidades-2\/","title":{"rendered":"Comodidades"},"content":{"rendered":"<div class=\"gb-container gb-container-8c6b0f05 bt-hero\"><div class=\"gb-inside-container\">\n<div class=\"gb-container gb-container-759189d0 bt-hero__image\"><div class=\"gb-inside-container\">\n\n<figure class=\"wp-block-image size-full is-resized\"><img decoding=\"async\" width=\"1920\" height=\"1280\" src=\"https:\/\/thebeach-tulum.com\/wp-content\/uploads\/2025\/05\/Private-beach-beds.jpg\" alt=\"Private beach beds at The Beach Tulum Hotel\" class=\"wp-image-37354\" style=\"aspect-ratio:1;width:1080px;height:auto\" srcset=\"https:\/\/www.thebeach-tulum.com\/wp-content\/uploads\/2025\/05\/Private-beach-beds.jpg 1920w, https:\/\/www.thebeach-tulum.com\/wp-content\/uploads\/2025\/05\/Private-beach-beds-300x200.jpg 300w, https:\/\/www.thebeach-tulum.com\/wp-content\/uploads\/2025\/05\/Private-beach-beds-768x512.jpg 768w, https:\/\/www.thebeach-tulum.com\/wp-content\/uploads\/2025\/05\/Private-beach-beds-50x33.jpg 50w, https:\/\/www.thebeach-tulum.com\/wp-content\/uploads\/2025\/05\/Private-beach-beds-1600x1067.jpg 1600w, https:\/\/www.thebeach-tulum.com\/wp-content\/uploads\/2025\/05\/Private-beach-beds-1536x1024.jpg 1536w, https:\/\/www.thebeach-tulum.com\/wp-content\/uploads\/2025\/05\/Private-beach-beds-600x400.jpg 600w, https:\/\/www.thebeach-tulum.com\/wp-content\/uploads\/2025\/05\/Private-beach-beds-1024x683.jpg 1024w, https:\/\/www.thebeach-tulum.com\/wp-content\/uploads\/2025\/05\/Private-beach-beds-1200x800.jpg 1200w\" sizes=\"(max-width: 1920px) 100vw, 1920px\" \/><\/figure>\n\n<\/div><\/div>\n\n<div class=\"yoast-breadcrumbs bt-gutter--left\"><span><span><a href=\"https:\/\/www.thebeach-tulum.com\/pt-br\/\">Home<\/a><\/span> &gt; <span class=\"breadcrumb_last\" aria-current=\"page\">Comodidades<\/span><\/span><\/div>\n\n\n<h1 class=\"gb-headline gb-headline-59ce4943 gb-headline-text bt-gutter--left\">Deixe-nos mim\u00e1-lo com comodidades, inclu\u00eddas na sua estadia no hotel.<\/h1>\n\n\n\n<h2 class=\"gb-headline gb-headline-61e202e0 gb-headline-text bt-gutter--left\">Uma estadia no The Beach Tulum \u00e9 relaxante e nos deixar cuidar de todas as suas necessidades.<\/h2>\n\n<\/div><\/div>\n\n<div class=\"gb-container gb-container-45f0d437 bt-gutter\"><div class=\"gb-inside-container\">\n<div class=\"gb-container gb-container-85dcb45f bt-columns--two\"><div class=\"gb-inside-container\">\n\n<p><\/p>\n\n\n\n<p><\/p>\n\n<\/div><\/div>\n<\/div><\/div>\n\n<div class=\"gb-container gb-container-7afac967 bt-gutter\"><div class=\"gb-inside-container\">\n<div class=\"gb-grid-wrapper gb-grid-wrapper-7becd888\">\n<div class=\"gb-grid-column gb-grid-column-a435f8cb\"><div class=\"gb-container gb-container-a435f8cb\"><div class=\"gb-inside-container\">\n\n<figure class=\"wp-block-image size-full\"><img decoding=\"async\" width=\"1920\" height=\"1280\" src=\"https:\/\/thebeach-tulum.com\/wp-content\/uploads\/2024\/12\/room-service-breakfast.jpg\" alt=\"Breakfast at The Beach Tulum Hotel\" class=\"wp-image-35033\" srcset=\"https:\/\/www.thebeach-tulum.com\/wp-content\/uploads\/2024\/12\/room-service-breakfast.jpg 1920w, https:\/\/www.thebeach-tulum.com\/wp-content\/uploads\/2024\/12\/room-service-breakfast-300x200.jpg 300w, https:\/\/www.thebeach-tulum.com\/wp-content\/uploads\/2024\/12\/room-service-breakfast-768x512.jpg 768w, https:\/\/www.thebeach-tulum.com\/wp-content\/uploads\/2024\/12\/room-service-breakfast-50x33.jpg 50w, https:\/\/www.thebeach-tulum.com\/wp-content\/uploads\/2024\/12\/room-service-breakfast-1600x1067.jpg 1600w, https:\/\/www.thebeach-tulum.com\/wp-content\/uploads\/2024\/12\/room-service-breakfast-1536x1024.jpg 1536w, https:\/\/www.thebeach-tulum.com\/wp-content\/uploads\/2024\/12\/room-service-breakfast-600x400.jpg 600w, https:\/\/www.thebeach-tulum.com\/wp-content\/uploads\/2024\/12\/room-service-breakfast-1024x683.jpg 1024w, https:\/\/www.thebeach-tulum.com\/wp-content\/uploads\/2024\/12\/room-service-breakfast-1200x800.jpg 1200w\" sizes=\"(max-width: 1920px) 100vw, 1920px\" \/><\/figure>\n\n\n\n<h3 class=\"gb-headline gb-headline-c821a25a gb-headline-text\">Caf\u00e9 da manh\u00e3<\/h3>\n\n\n\n<p>Desfrute do nosso caf\u00e9 da manh\u00e3 completo di\u00e1rio \u00e0 la carte, gratuito, no Ziggy&#8217;s ou no Fresco&#8217;s.<\/p>\n\n\n\n<p>Nenhuma taxa extra para servi\u00e7o de quarto.<\/p>\n\n<\/div><\/div><\/div>\n\n<div class=\"gb-grid-column gb-grid-column-2f2dadb4\"><div class=\"gb-container gb-container-2f2dadb4\"><div class=\"gb-inside-container\">\n\n<figure class=\"wp-block-image size-full\"><img decoding=\"async\" width=\"1920\" height=\"1280\" src=\"https:\/\/thebeach-tulum.com\/wp-content\/uploads\/2024\/08\/hot-cold-pools-spa-naj-naay.jpg\" alt=\"Naj Naay Spa humid circuit\" class=\"wp-image-34149\" srcset=\"https:\/\/www.thebeach-tulum.com\/wp-content\/uploads\/2024\/08\/hot-cold-pools-spa-naj-naay.jpg 1920w, https:\/\/www.thebeach-tulum.com\/wp-content\/uploads\/2024\/08\/hot-cold-pools-spa-naj-naay-300x200.jpg 300w, https:\/\/www.thebeach-tulum.com\/wp-content\/uploads\/2024\/08\/hot-cold-pools-spa-naj-naay-768x512.jpg 768w, https:\/\/www.thebeach-tulum.com\/wp-content\/uploads\/2024\/08\/hot-cold-pools-spa-naj-naay-50x33.jpg 50w, https:\/\/www.thebeach-tulum.com\/wp-content\/uploads\/2024\/08\/hot-cold-pools-spa-naj-naay-1600x1067.jpg 1600w, https:\/\/www.thebeach-tulum.com\/wp-content\/uploads\/2024\/08\/hot-cold-pools-spa-naj-naay-1536x1024.jpg 1536w, https:\/\/www.thebeach-tulum.com\/wp-content\/uploads\/2024\/08\/hot-cold-pools-spa-naj-naay-600x400.jpg 600w, https:\/\/www.thebeach-tulum.com\/wp-content\/uploads\/2024\/08\/hot-cold-pools-spa-naj-naay-1024x683.jpg 1024w, https:\/\/www.thebeach-tulum.com\/wp-content\/uploads\/2024\/08\/hot-cold-pools-spa-naj-naay-1200x800.jpg 1200w\" sizes=\"(max-width: 1920px) 100vw, 1920px\" \/><\/figure>\n\n\n\n<h3 class=\"gb-headline gb-headline-fb18726f gb-headline-text\">Circuito de Cura Spa<\/h3>\n\n\n\n<p>Beneficie de um circuito de cura de 60 minutos no Spa Naj Naay. Piscinas quentes e frias, sauna, ducha escocesa e banho turco.<\/p>\n\n\n\n<p>Toalhas de spa fornecidas.<\/p>\n\n<\/div><\/div><\/div>\n\n<div class=\"gb-grid-column gb-grid-column-2ddb34ae\"><div class=\"gb-container gb-container-2ddb34ae\"><div class=\"gb-inside-container\">\n\n<figure class=\"wp-block-image size-full\"><img decoding=\"async\" width=\"1920\" height=\"1280\" src=\"https:\/\/thebeach-tulum.com\/wp-content\/uploads\/2021\/05\/the-beach-tulum-hotel-mexico_05-1.jpg\" alt=\"Yoga classes at the Beach Tulum Hotel\" class=\"wp-image-29374\" srcset=\"https:\/\/www.thebeach-tulum.com\/wp-content\/uploads\/2021\/05\/the-beach-tulum-hotel-mexico_05-1.jpg 1920w, https:\/\/www.thebeach-tulum.com\/wp-content\/uploads\/2021\/05\/the-beach-tulum-hotel-mexico_05-1-300x200.jpg 300w, https:\/\/www.thebeach-tulum.com\/wp-content\/uploads\/2021\/05\/the-beach-tulum-hotel-mexico_05-1-768x512.jpg 768w, https:\/\/www.thebeach-tulum.com\/wp-content\/uploads\/2021\/05\/the-beach-tulum-hotel-mexico_05-1-1600x1067.jpg 1600w, https:\/\/www.thebeach-tulum.com\/wp-content\/uploads\/2021\/05\/the-beach-tulum-hotel-mexico_05-1-1536x1024.jpg 1536w, https:\/\/www.thebeach-tulum.com\/wp-content\/uploads\/2021\/05\/the-beach-tulum-hotel-mexico_05-1-600x400.jpg 600w, https:\/\/www.thebeach-tulum.com\/wp-content\/uploads\/2021\/05\/the-beach-tulum-hotel-mexico_05-1-1024x683.jpg 1024w, https:\/\/www.thebeach-tulum.com\/wp-content\/uploads\/2021\/05\/the-beach-tulum-hotel-mexico_05-1-1200x800.jpg 1200w\" sizes=\"(max-width: 1920px) 100vw, 1920px\" \/><\/figure>\n\n\n\n<h3 class=\"gb-headline gb-headline-bcdd5d06 gb-headline-text\">Aula di\u00e1ria de Yoga<\/h3>\n\n\n\n<p>Aproveite nossa aula di\u00e1ria de ioga matinal gratuita de uma hora. Os tapetes de ioga est\u00e3o no seu quarto.<\/p>\n\n\n\n<p>Verifique a programa\u00e7\u00e3o de ioga no lobby.<\/p>\n\n<\/div><\/div><\/div>\n<\/div>\n<\/div><\/div>\n\n<div class=\"gb-container gb-container-5746ff3c bt-gutter\"><div class=\"gb-inside-container\">\n<div class=\"gb-grid-wrapper gb-grid-wrapper-2020d04c\">\n<div class=\"gb-grid-column gb-grid-column-9aad9e31\"><div class=\"gb-container gb-container-9aad9e31\"><div class=\"gb-inside-container\">\n\n<figure class=\"wp-block-image size-full\"><img decoding=\"async\" width=\"1920\" height=\"1280\" src=\"https:\/\/thebeach-tulum.com\/wp-content\/uploads\/2024\/06\/Gym-amenities.jpg\" alt=\"\" class=\"wp-image-33125\" srcset=\"https:\/\/www.thebeach-tulum.com\/wp-content\/uploads\/2024\/06\/Gym-amenities.jpg 1920w, https:\/\/www.thebeach-tulum.com\/wp-content\/uploads\/2024\/06\/Gym-amenities-300x200.jpg 300w, https:\/\/www.thebeach-tulum.com\/wp-content\/uploads\/2024\/06\/Gym-amenities-768x512.jpg 768w, https:\/\/www.thebeach-tulum.com\/wp-content\/uploads\/2024\/06\/Gym-amenities-50x33.jpg 50w, https:\/\/www.thebeach-tulum.com\/wp-content\/uploads\/2024\/06\/Gym-amenities-1600x1067.jpg 1600w, https:\/\/www.thebeach-tulum.com\/wp-content\/uploads\/2024\/06\/Gym-amenities-1536x1024.jpg 1536w, https:\/\/www.thebeach-tulum.com\/wp-content\/uploads\/2024\/06\/Gym-amenities-600x400.jpg 600w, https:\/\/www.thebeach-tulum.com\/wp-content\/uploads\/2024\/06\/Gym-amenities-1024x683.jpg 1024w, https:\/\/www.thebeach-tulum.com\/wp-content\/uploads\/2024\/06\/Gym-amenities-1200x800.jpg 1200w\" sizes=\"(max-width: 1920px) 100vw, 1920px\" \/><\/figure>\n\n\n\n<h3 class=\"gb-headline gb-headline-3e536aad gb-headline-text\">Academia<\/h3>\n\n\n\n<p>Desfrute de acesso privado ao nosso gin\u00e1sio climatizado. Somente h\u00f3spedes do hotel.<\/p>\n\n<\/div><\/div><\/div>\n\n<div class=\"gb-grid-column gb-grid-column-4882b80f\"><div class=\"gb-container gb-container-4882b80f\"><div class=\"gb-inside-container\">\n\n<figure class=\"wp-block-image size-full\"><img decoding=\"async\" width=\"1920\" height=\"1280\" src=\"https:\/\/thebeach-tulum.com\/wp-content\/uploads\/2024\/06\/beach-beds-at-The-Beach-Tulum.jpg\" alt=\"\" class=\"wp-image-33122\" srcset=\"https:\/\/www.thebeach-tulum.com\/wp-content\/uploads\/2024\/06\/beach-beds-at-The-Beach-Tulum.jpg 1920w, https:\/\/www.thebeach-tulum.com\/wp-content\/uploads\/2024\/06\/beach-beds-at-The-Beach-Tulum-300x200.jpg 300w, https:\/\/www.thebeach-tulum.com\/wp-content\/uploads\/2024\/06\/beach-beds-at-The-Beach-Tulum-768x512.jpg 768w, https:\/\/www.thebeach-tulum.com\/wp-content\/uploads\/2024\/06\/beach-beds-at-The-Beach-Tulum-50x33.jpg 50w, https:\/\/www.thebeach-tulum.com\/wp-content\/uploads\/2024\/06\/beach-beds-at-The-Beach-Tulum-1600x1067.jpg 1600w, https:\/\/www.thebeach-tulum.com\/wp-content\/uploads\/2024\/06\/beach-beds-at-The-Beach-Tulum-1536x1024.jpg 1536w, https:\/\/www.thebeach-tulum.com\/wp-content\/uploads\/2024\/06\/beach-beds-at-The-Beach-Tulum-600x400.jpg 600w, https:\/\/www.thebeach-tulum.com\/wp-content\/uploads\/2024\/06\/beach-beds-at-The-Beach-Tulum-1024x683.jpg 1024w, https:\/\/www.thebeach-tulum.com\/wp-content\/uploads\/2024\/06\/beach-beds-at-The-Beach-Tulum-1200x800.jpg 1200w\" sizes=\"(max-width: 1920px) 100vw, 1920px\" \/><\/figure>\n\n\n\n<h3 class=\"gb-headline gb-headline-446a6a91 gb-headline-text\">Praia exclusiva<\/h3>\n\n\n\n<p>Aprecie a beleza da nossa praia privada, apenas para h\u00f3spedes do hotel. Camas de praia privativas atribu\u00eddas a cada quarto.<\/p>\n\n<\/div><\/div><\/div>\n\n<div class=\"gb-grid-column gb-grid-column-30cbebe2\"><div class=\"gb-container gb-container-30cbebe2\"><div class=\"gb-inside-container\">\n\n<figure class=\"wp-block-image size-full\"><img decoding=\"async\" width=\"1920\" height=\"1280\" src=\"https:\/\/thebeach-tulum.com\/wp-content\/uploads\/2021\/11\/caracol-banner-1.jpg\" alt=\"\" class=\"wp-image-31898\" srcset=\"https:\/\/www.thebeach-tulum.com\/wp-content\/uploads\/2021\/11\/caracol-banner-1.jpg 1920w, https:\/\/www.thebeach-tulum.com\/wp-content\/uploads\/2021\/11\/caracol-banner-1-300x200.jpg 300w, https:\/\/www.thebeach-tulum.com\/wp-content\/uploads\/2021\/11\/caracol-banner-1-768x512.jpg 768w, https:\/\/www.thebeach-tulum.com\/wp-content\/uploads\/2021\/11\/caracol-banner-1-50x33.jpg 50w, https:\/\/www.thebeach-tulum.com\/wp-content\/uploads\/2021\/11\/caracol-banner-1-1600x1067.jpg 1600w, https:\/\/www.thebeach-tulum.com\/wp-content\/uploads\/2021\/11\/caracol-banner-1-1536x1024.jpg 1536w, https:\/\/www.thebeach-tulum.com\/wp-content\/uploads\/2021\/11\/caracol-banner-1-600x400.jpg 600w, https:\/\/www.thebeach-tulum.com\/wp-content\/uploads\/2021\/11\/caracol-banner-1-1024x683.jpg 1024w, https:\/\/www.thebeach-tulum.com\/wp-content\/uploads\/2021\/11\/caracol-banner-1-1200x800.jpg 1200w\" sizes=\"(max-width: 1920px) 100vw, 1920px\" \/><\/figure>\n\n\n\n<h3 class=\"gb-headline gb-headline-1ea468e6 gb-headline-text\">Bebida de boas-vindas e frigobar<\/h3>\n\n\n\n<p>Deixe-nos receb\u00ea-lo com uma bebida fresca ap\u00f3s a sua viagem. Desfrute de uma sele\u00e7\u00e3o de refrigerantes e lanches gratuitos, reabastecidos diariamente.<\/p>\n\n<\/div><\/div><\/div>\n<\/div>\n<\/div><\/div>\n\n<div class=\"gb-container gb-container-49057e2d bt-room-gallery bt-half-gutter--top\"><div class=\"gb-inside-container\"><\/div><\/div>\n\n<div class=\"gb-container gb-container-e1ac8a34 bt-padding--double bt-testimonials__container\"><div class=\"gb-inside-container\">\n\n<h2 class=\"gb-headline gb-headline-6a70aed5 gb-headline-text\">What Our Guests Say<\/h2>\n\n\n\n<div class=\"wp-block-uagb-testimonial bt-testimonials-block uagb-slick-carousel uagb-tm__arrow-outside uagb-block-271b17a1\"><div class=\"is-carousel uagb-tm__columns-1 uagb-tm__items\"><div class=\"uagb-testimonial__wrap  uagb-tm__imgicon-style-circle uagb-tm__image-position-bottom uagb-tm__bg-type-none \"><div class=\"uagb-tm__content\"><div class=\"uagb-tm__overlay\"><\/div><div class=\"uagb-tm__text-wrap\"><div class=\"uagb-tm__desc\"><meta charset=\"utf-8\">My fianc\u00e9e and I stayed here for our honeymoon and it was absolutely perfect. The staff was so friendly and accommodating. They even had little surprises set up for us being newlyweds. The rooms were beatific and had all the amenities you need. The location was perfect, too. We will definitely be staying here again.<\/div><div class=\"uagb-tm__meta-inner\"><div class=\"uagb-testimonial-details\"><span class=\"uagb-tm__author-name\"><meta charset=\"utf-8\">rebeccaabraham<\/span><span class=\"uagb-tm__company\">Company1<\/span><\/div><\/div><\/div><\/div><\/div><div class=\"uagb-testimonial__wrap  uagb-tm__imgicon-style-circle uagb-tm__image-position-bottom uagb-tm__bg-type-none \"><div class=\"uagb-tm__content\"><div class=\"uagb-tm__overlay\"><\/div><div class=\"uagb-tm__text-wrap\"><div class=\"uagb-tm__desc\"><meta charset=\"utf-8\">I had the most wonderful stay at The Beach Tulum. From the moment I arrived to the moment I left the entire staff could not be more friendly, gracious and accommodating. The property is BEAUTIFUL as well as tranquil and serene. It is a private little oasis where you every need is taken care of (and even some you didn&#8217;t think of). It is a great location with walking distance to restaurants and shops but I also recommend their restaurant at the hotel &#8211; Ziggy&#8217;s. I had the most wonderful stay and would not hesitate to recommend this gem. I can&#8217;t wait for my next visit.<\/div><div class=\"uagb-tm__meta-inner\"><div class=\"uagb-testimonial-details\"><span class=\"uagb-tm__author-name\"><meta charset=\"utf-8\"><a href=\"https:\/\/www.tripadvisor.com\/Profile\/E8988LIcarolynm\">Carolyn M<\/a><\/span><span class=\"uagb-tm__company\"><\/span><\/div><\/div><\/div><\/div><\/div><div class=\"uagb-testimonial__wrap  uagb-tm__imgicon-style-circle uagb-tm__image-position-bottom uagb-tm__bg-type-none \"><div class=\"uagb-tm__content\"><div class=\"uagb-tm__overlay\"><\/div><div class=\"uagb-tm__text-wrap\"><div class=\"uagb-tm__desc\"><meta charset=\"utf-8\">This was an absolutely beautiful, quiet getaway right on the beach. Everyone worked hard to make our stay perfect, and their attention to detail was much appreciated. Food was delicious and the view cannot be beat.<\/div><div class=\"uagb-tm__meta-inner\"><div class=\"uagb-testimonial-details\"><span class=\"uagb-tm__author-name\">Rebe313<\/span><span class=\"uagb-tm__company\"><\/span><\/div><\/div><\/div><\/div><\/div><\/div><\/div>\n\n<\/div><\/div>\n\n<div class=\"gb-container gb-container-070d2851 bt-tripadvisor-block\"><div class=\"gb-inside-container\">\n\n<div style=\"width:166px;margin: 0 auto;\"><div id=\"TA_tchotel941\" class=\"TA_tchotel\"><ul id=\"LnbgHoH\" class=\"TA_links egGC2Y\"><li id=\"z1XaoGBv\" class=\"bK012uAA7osq\"><a target=\"_blank\" href=\"https:\/\/www.tripadvisor.com\/Hotel_Review-g23240074-d3979959-Reviews-The_Beach_Tulum_Hotel-Tulum_Beach_Tulum_Yucatan_Peninsula.html\"><img decoding=\"async\" src=\"https:\/\/static.tacdn.com\/img2\/travelers_choice\/widgets\/tchotel_bob_2025_L.png\" alt=\"Tripadvisor\" class=\"false\" id=\"false\"\/><\/a><\/li><\/ul><\/div><script async src=\"https:\/\/www.jscache.com\/wejs?wtype=tchotel&amp;uniq=941&amp;locationId=3979959&amp;lang=en_US&amp;year=2025&amp;display_version=2\" data-loadtrk onload=\"this.loadtrk=true\"><\/script><\/div>\n\n\n\n<p class=\"has-text-align-center\"><a class=\"bt-button--line\" rel=\"noopener\" href=\"https:\/\/www.tripadvisor.com\/Hotel_Review-g23240074-d3979959-Reviews-The_Beach_Tulum_Hotel-Tulum_Beach_Tulum_Yucatan_Peninsula.html\" target=\"_blank\">Encontrar no Tripadvisor<\/a><\/p>\n\n<\/div><\/div>","protected":false},"excerpt":{"rendered":"<p>Deixe-nos mim\u00e1-lo com comodidades, inclu\u00eddas na sua estadia no hotel. Uma estadia no The Beach Tulum \u00e9 relaxante e nos deixar cuidar de todas as suas necessidades.<\/p>\n","protected":false},"author":6,"featured_media":0,"parent":0,"menu_order":38,"comment_status":"closed","ping_status":"closed","template":"","meta":{"_acf_changed":false,"_uag_custom_page_level_css":"","site-sidebar-layout":"default","site-content-layout":"","ast-site-content-layout":"default","site-content-style":"default","site-sidebar-style":"default","ast-global-header-display":"","ast-banner-title-visibility":"","ast-main-header-display":"","ast-hfb-above-header-display":"","ast-hfb-below-header-display":"","ast-hfb-mobile-header-display":"","site-post-title":"","ast-breadcrumbs-content":"","ast-featured-img":"","footer-sml-layout":"","theme-transparent-header-meta":"","adv-header-id-meta":"","stick-header-meta":"","header-above-stick-meta":"","header-main-stick-meta":"","header-below-stick-meta":"","astra-migrate-meta-layouts":"set","ast-page-background-enabled":"default","ast-page-background-meta":{"desktop":{"background-color":"","background-image":"","background-repeat":"repeat","background-position":"center center","background-size":"auto","background-attachment":"scroll","background-type":"","background-media":"","overlay-type":"","overlay-color":"","overlay-opacity":"","overlay-gradient":""},"tablet":{"background-color":"","background-image":"","background-repeat":"repeat","background-position":"center center","background-size":"auto","background-attachment":"scroll","background-type":"","background-media":"","overlay-type":"","overlay-color":"","overlay-opacity":"","overlay-gradient":""},"mobile":{"background-color":"","background-image":"","background-repeat":"repeat","background-position":"center center","background-size":"auto","background-attachment":"scroll","background-type":"","background-media":"","overlay-type":"","overlay-color":"","overlay-opacity":"","overlay-gradient":""}},"ast-content-background-meta":{"desktop":{"background-color":"var(--ast-global-color-5)","background-image":"","background-repeat":"repeat","background-position":"center center","background-size":"auto","background-attachment":"scroll","background-type":"","background-media":"","overlay-type":"","overlay-color":"","overlay-opacity":"","overlay-gradient":""},"tablet":{"background-color":"var(--ast-global-color-5)","background-image":"","background-repeat":"repeat","background-position":"center center","background-size":"auto","background-attachment":"scroll","background-type":"","background-media":"","overlay-type":"","overlay-color":"","overlay-opacity":"","overlay-gradient":""},"mobile":{"background-color":"var(--ast-global-color-5)","background-image":"","background-repeat":"repeat","background-position":"center center","background-size":"auto","background-attachment":"scroll","background-type":"","background-media":"","overlay-type":"","overlay-color":"","overlay-opacity":"","overlay-gradient":""}},"pgc_sgb_lightbox_settings":"","footnotes":""},"class_list":["post-38950","page","type-page","status-publish","hentry"],"acf":[],"yoast_head":"<!-- This site is optimized with the Yoast SEO plugin v24.2 - https:\/\/yoast.com\/wordpress\/plugins\/seo\/ -->\n<title>Comodidades | The Beach Tulum Hotel<\/title>\n<meta name=\"robots\" content=\"index, follow, max-snippet:-1, max-image-preview:large, max-video-preview:-1\" \/>\n<link rel=\"canonical\" href=\"https:\/\/www.thebeach-tulum.com\/pt-br\/comodidades-2\/\" \/>\n<meta property=\"og:locale\" content=\"pt_BR\" \/>\n<meta property=\"og:type\" content=\"article\" \/>\n<meta property=\"og:title\" content=\"Comodidades | The Beach Tulum Hotel\" \/>\n<meta property=\"og:description\" content=\"Deixe-nos mim\u00e1-lo com comodidades, inclu\u00eddas na sua estadia no hotel. Uma estadia no The Beach Tulum \u00e9 relaxante e nos deixar cuidar de todas as suas necessidades.\" \/>\n<meta property=\"og:url\" content=\"https:\/\/www.thebeach-tulum.com\/pt-br\/comodidades-2\/\" \/>\n<meta property=\"og:site_name\" content=\"The Beach Tulum Hotel\" \/>\n<meta property=\"og:image\" content=\"https:\/\/thebeach-tulum.com\/wp-content\/uploads\/2025\/05\/Private-beach-beds.jpg\" \/>\n<meta name=\"twitter:card\" content=\"summary_large_image\" \/>\n<meta name=\"twitter:label1\" content=\"Est. tempo de leitura\" \/>\n\t<meta name=\"twitter:data1\" content=\"4 minutos\" \/>\n<!-- \/ Yoast SEO plugin. -->","yoast_head_json":{"title":"Comodidades | The Beach Tulum Hotel","robots":{"index":"index","follow":"follow","max-snippet":"max-snippet:-1","max-image-preview":"max-image-preview:large","max-video-preview":"max-video-preview:-1"},"canonical":"https:\/\/www.thebeach-tulum.com\/pt-br\/comodidades-2\/","og_locale":"pt_BR","og_type":"article","og_title":"Comodidades | The Beach Tulum Hotel","og_description":"Deixe-nos mim\u00e1-lo com comodidades, inclu\u00eddas na sua estadia no hotel. Uma estadia no The Beach Tulum \u00e9 relaxante e nos deixar cuidar de todas as suas necessidades.","og_url":"https:\/\/www.thebeach-tulum.com\/pt-br\/comodidades-2\/","og_site_name":"The Beach Tulum Hotel","og_image":[{"url":"https:\/\/thebeach-tulum.com\/wp-content\/uploads\/2025\/05\/Private-beach-beds.jpg","type":"","width":"","height":""}],"twitter_card":"summary_large_image","twitter_misc":{"Est. tempo de leitura":"4 minutos"},"schema":{"@context":"https:\/\/schema.org","@graph":[{"@type":"WebPage","@id":"https:\/\/www.thebeach-tulum.com\/pt-br\/comodidades-2\/","url":"https:\/\/www.thebeach-tulum.com\/pt-br\/comodidades-2\/","name":"Comodidades | The Beach Tulum Hotel","isPartOf":{"@id":"https:\/\/www.thebeach-tulum.com\/pt-br\/#website"},"primaryImageOfPage":{"@id":"https:\/\/www.thebeach-tulum.com\/pt-br\/comodidades-2\/#primaryimage"},"image":{"@id":"https:\/\/www.thebeach-tulum.com\/pt-br\/comodidades-2\/#primaryimage"},"thumbnailUrl":"https:\/\/thebeach-tulum.com\/wp-content\/uploads\/2025\/05\/Private-beach-beds.jpg","datePublished":"2021-07-07T07:08:41+00:00","dateModified":"2021-07-07T07:08:41+00:00","breadcrumb":{"@id":"https:\/\/www.thebeach-tulum.com\/pt-br\/comodidades-2\/#breadcrumb"},"inLanguage":"pt-BR","potentialAction":[{"@type":"ReadAction","target":["https:\/\/www.thebeach-tulum.com\/pt-br\/comodidades-2\/"]}]},{"@type":"ImageObject","inLanguage":"pt-BR","@id":"https:\/\/www.thebeach-tulum.com\/pt-br\/comodidades-2\/#primaryimage","url":"https:\/\/thebeach-tulum.com\/wp-content\/uploads\/2025\/05\/Private-beach-beds.jpg","contentUrl":"https:\/\/thebeach-tulum.com\/wp-content\/uploads\/2025\/05\/Private-beach-beds.jpg"},{"@type":"BreadcrumbList","@id":"https:\/\/www.thebeach-tulum.com\/pt-br\/comodidades-2\/#breadcrumb","itemListElement":[{"@type":"ListItem","position":1,"name":"Home","item":"https:\/\/www.thebeach-tulum.com\/pt-br\/"},{"@type":"ListItem","position":2,"name":"Comodidades"}]},{"@type":"WebSite","@id":"https:\/\/www.thebeach-tulum.com\/pt-br\/#website","url":"https:\/\/www.thebeach-tulum.com\/pt-br\/","name":"The Beach Tulum Hotel","description":"Adult only Hotel in Tulum, Riviera Maya","publisher":{"@id":"https:\/\/www.thebeach-tulum.com\/pt-br\/#organization"},"potentialAction":[{"@type":"SearchAction","target":{"@type":"EntryPoint","urlTemplate":"https:\/\/www.thebeach-tulum.com\/pt-br\/?s={search_term_string}"},"query-input":{"@type":"PropertyValueSpecification","valueRequired":true,"valueName":"search_term_string"}}],"inLanguage":"pt-BR"},{"@type":"Organization","@id":"https:\/\/www.thebeach-tulum.com\/pt-br\/#organization","name":"The Beach Tulum Hotel","url":"https:\/\/www.thebeach-tulum.com\/pt-br\/","logo":{"@type":"ImageObject","inLanguage":"pt-BR","@id":"https:\/\/www.thebeach-tulum.com\/pt-br\/#\/schema\/logo\/image\/","url":"https:\/\/www.thebeach-tulum.com\/wp-content\/uploads\/2021\/05\/the-beach-tulum_logo_blue.png","contentUrl":"https:\/\/www.thebeach-tulum.com\/wp-content\/uploads\/2021\/05\/the-beach-tulum_logo_blue.png","width":295,"height":100,"caption":"The Beach Tulum Hotel"},"image":{"@id":"https:\/\/www.thebeach-tulum.com\/pt-br\/#\/schema\/logo\/image\/"}}]}},"uagb_featured_image_src":{"full":false,"thumbnail":false,"medium":false,"medium_large":false,"large":false,"gs-tiny":false,"xl":false,"xxl":false,"xxxl":false,"xxxxl":false,"xxxxxl":false,"1536x1536":false,"2048x2048":false,"es_600":false,"es_1024":false,"es_1200":false,"blog":false,"gallery_es":false},"uagb_author_info":{"display_name":"Naxa","author_link":"https:\/\/www.thebeach-tulum.com\/pt-br\/author\/luca\/"},"uagb_comment_info":0,"uagb_excerpt":"Deixe-nos mim\u00e1-lo com comodidades, inclu\u00eddas na sua estadia no hotel. Uma estadia no The Beach Tulum \u00e9 relaxante e nos deixar cuidar de todas as suas necessidades.","_links":{"self":[{"href":"https:\/\/www.thebeach-tulum.com\/pt-br\/wp-json\/wp\/v2\/pages\/38950","targetHints":{"allow":["GET"]}}],"collection":[{"href":"https:\/\/www.thebeach-tulum.com\/pt-br\/wp-json\/wp\/v2\/pages"}],"about":[{"href":"https:\/\/www.thebeach-tulum.com\/pt-br\/wp-json\/wp\/v2\/types\/page"}],"author":[{"embeddable":true,"href":"https:\/\/www.thebeach-tulum.com\/pt-br\/wp-json\/wp\/v2\/users\/6"}],"replies":[{"embeddable":true,"href":"https:\/\/www.thebeach-tulum.com\/pt-br\/wp-json\/wp\/v2\/comments?post=38950"}],"version-history":[{"count":0,"href":"https:\/\/www.thebeach-tulum.com\/pt-br\/wp-json\/wp\/v2\/pages\/38950\/revisions"}],"wp:attachment":[{"href":"https:\/\/www.thebeach-tulum.com\/pt-br\/wp-json\/wp\/v2\/media?parent=38950"}],"curies":[{"name":"wp","href":"https:\/\/api.w.org\/{rel}","templated":true}]}}