{"id":7049,"date":"2021-10-29T15:06:52","date_gmt":"2021-10-29T15:06:52","guid":{"rendered":"\/\/www.thebeach-tulum.com\/?page_id=7049"},"modified":"2026-03-23T16:33:19","modified_gmt":"2026-03-23T16:33:19","slug":"ofertas","status":"publish","type":"page","link":"https:\/\/www.thebeach-tulum.com\/pt-br\/ofertas\/","title":{"rendered":"Ofertas"},"content":{"rendered":"<div class=\"gb-container gb-container-a8082979 bt-hero\"><div class=\"gb-inside-container\">\n<div class=\"gb-container gb-container-4472ad32 bt-hero__image\"><div class=\"gb-inside-container\">\n\n<figure class=\"wp-block-image size-full\"><img decoding=\"async\" width=\"1920\" height=\"1280\" src=\"https:\/\/www.thebeach-tulum.com\/wp-content\/uploads\/2021\/09\/offers-header.jpg\" alt=\"\" class=\"wp-image-3272\" srcset=\"https:\/\/www.thebeach-tulum.com\/wp-content\/uploads\/2021\/09\/offers-header.jpg 1920w, https:\/\/www.thebeach-tulum.com\/wp-content\/uploads\/2021\/09\/offers-header-300x200.jpg 300w, https:\/\/www.thebeach-tulum.com\/wp-content\/uploads\/2021\/09\/offers-header-768x512.jpg 768w, https:\/\/www.thebeach-tulum.com\/wp-content\/uploads\/2021\/09\/offers-header-1600x1067.jpg 1600w, https:\/\/www.thebeach-tulum.com\/wp-content\/uploads\/2021\/09\/offers-header-1536x1024.jpg 1536w, https:\/\/www.thebeach-tulum.com\/wp-content\/uploads\/2021\/09\/offers-header-1024x683.jpg 1024w\" sizes=\"(max-width: 1920px) 100vw, 1920px\" \/><\/figure>\n\n<\/div><\/div>\n\n<div class=\"yoast-breadcrumbs bt-gutter--left\"><span><span><a href=\"https:\/\/www.thebeach-tulum.com\/pt-br\/\">Home<\/a><\/span> &gt; <span class=\"breadcrumb_last\" aria-current=\"page\">Ofertas<\/span><\/span><\/div>\n\n\n<h1 class=\"gb-headline gb-headline-59bcaf21 gb-headline-text bt-gutter--left\">Ofertas<\/h1>\n\n\n\n<h2 class=\"gb-headline gb-headline-240b9dfc gb-headline-text bt-gutter--left\">As melhores ofertas para experimentar o The Beach Tulum Hotel!<\/h2>\n\n<\/div><\/div>\n\n<div class=\"gb-container gb-container-45f0d437 bt-gutter\"><div class=\"gb-inside-container\">\n<div class=\"gb-container gb-container-85dcb45f\"><div class=\"gb-inside-container\">\n\n<p>Escolha a sua oferta de acordo com a dura\u00e7\u00e3o da estadia, as pol\u00edticas de pagamento e de cancelamento mais adequadas aos seus planos de viagem.<br>Clique em \u2018Detalhes\u2019 para ver a oferta.<\/p>\n\n\n\n<p>Todas as ofertas s\u00e3o v\u00e1lidas individualmente por reserva e n\u00e3o podem ser combinadas.<\/p>\n\n\n\n<p>Para grupos de 5 ou mais quartos, envie um email para as ofertas, pol\u00edticas de pagamento e cancelamento.<\/p>\n\n\n\n<p>Por favor, verifique nosso calend\u00e1rio online para disponibilidade de ofertas em tempo real.<\/p>\n\n<\/div><\/div>\n\n<div class=\"gb-container gb-container-78516efb bt-gutter--top\"><div class=\"gb-inside-container\">\n<div class=\"gb-button-wrapper gb-button-wrapper-30b0316a\">\n\n<a class=\"gb-button gb-button-04f42da9 gb-button-text\" href=\"\/pt-br\/reservas\/\">Contata-nos<\/a>\n\n<\/div>\n<\/div><\/div>\n<\/div><\/div>\n\n<div class=\"gb-container gb-container-7afac967 bt-gutter\"><div class=\"gb-inside-container\">\n<div class=\"gb-grid-wrapper gb-grid-wrapper-7becd888\">\n<div class=\"gb-grid-column gb-grid-column-a435f8cb\"><div class=\"gb-container gb-container-a435f8cb\"><div class=\"gb-inside-container\">\n\n<figure class=\"wp-block-image size-full\"><img decoding=\"async\" width=\"1920\" height=\"1279\" src=\"https:\/\/www.thebeach-tulum.com\/wp-content\/uploads\/2025\/01\/the-beach-tulum-drone.jpg\" alt=\"The Beach Tulum Hotel\" class=\"wp-image-35639\" srcset=\"https:\/\/www.thebeach-tulum.com\/wp-content\/uploads\/2025\/01\/the-beach-tulum-drone.jpg 1920w, https:\/\/www.thebeach-tulum.com\/wp-content\/uploads\/2025\/01\/the-beach-tulum-drone-300x200.jpg 300w, https:\/\/www.thebeach-tulum.com\/wp-content\/uploads\/2025\/01\/the-beach-tulum-drone-768x512.jpg 768w, https:\/\/www.thebeach-tulum.com\/wp-content\/uploads\/2025\/01\/the-beach-tulum-drone-50x33.jpg 50w, https:\/\/www.thebeach-tulum.com\/wp-content\/uploads\/2025\/01\/the-beach-tulum-drone-1600x1066.jpg 1600w, https:\/\/www.thebeach-tulum.com\/wp-content\/uploads\/2025\/01\/the-beach-tulum-drone-1536x1023.jpg 1536w, https:\/\/www.thebeach-tulum.com\/wp-content\/uploads\/2025\/01\/the-beach-tulum-drone-600x400.jpg 600w, https:\/\/www.thebeach-tulum.com\/wp-content\/uploads\/2025\/01\/the-beach-tulum-drone-1024x683.jpg 1024w, https:\/\/www.thebeach-tulum.com\/wp-content\/uploads\/2025\/01\/the-beach-tulum-drone-1200x799.jpg 1200w\" sizes=\"(max-width: 1920px) 100vw, 1920px\" \/><\/figure>\n\n\n\n<h3 class=\"gb-headline gb-headline-c821a25a gb-headline-text\">Melhor Taxa Diaria<\/h3>\n\n\n\n<div class=\"wp-block-pb-accordion-item c-accordion__item js-accordion-item no-js\" data-initially-open=\"false\" data-click-to-close=\"true\" data-auto-close=\"true\" data-scroll=\"false\" data-scroll-offset=\"0\"><h5 id=\"at-70490\" class=\"c-accordion__title js-accordion-controller\" role=\"button\">Detalhes<\/h5><div id=\"ac-70490\" class=\"c-accordion__content\">\n<ul class=\"wp-block-list\">\n<li>Sem estadia m\u00ednima exigida<\/li>\n\n\n\n<li>Inclui bebida de boas-vindas, caf\u00e9 da manh\u00e3, wi-fi, aula di\u00e1ria de ioga, limpeza di\u00e1ria e abertura de cama, \u00e1gua mineral, toalhas de praia, bolsa de praia, chinelos.<\/li>\n\n\n\n<li>Por favor, verifique as pol\u00edticas de pagamento e cancelamento para as datas da sua viagem, que podem variar.<\/li>\n\n\n\n<li>N\u00e3o dispon\u00edvel com outras ofertas.<\/li>\n<\/ul>\n\n\n\n<h5 class=\"wp-block-heading\">Consulte o nosso calend\u00e1rio online para saber a disponibilidade da oferta em tempo real.<\/h5>\n\n\n<div class=\"gb-button-wrapper gb-button-wrapper-4f327686\">\n\n<a class=\"gb-button gb-button-92d6a2c5 gb-button-text\" href=\"https:\/\/reservations.thebeach-tulum.com\/premium\/index.html?id_stile=16543&amp;lingua_int=eng&amp;id_albergo=19624&amp;dc=4301\" target=\"_blank\" rel=\"noopener noreferrer\">Reservas<\/a>\n\n<\/div><\/div><\/div>\n\n<\/div><\/div><\/div>\n\n<div class=\"gb-grid-column gb-grid-column-2ddb34ae\"><div class=\"gb-container gb-container-2ddb34ae\"><div class=\"gb-inside-container\">\n\n<figure class=\"wp-block-image size-full\"><img decoding=\"async\" width=\"1500\" height=\"1000\" src=\"https:\/\/www.thebeach-tulum.com\/wp-content\/uploads\/2024\/04\/group-rate.jpg\" alt=\"\" class=\"wp-image-31873\" srcset=\"https:\/\/www.thebeach-tulum.com\/wp-content\/uploads\/2024\/04\/group-rate.jpg 1500w, https:\/\/www.thebeach-tulum.com\/wp-content\/uploads\/2024\/04\/group-rate-300x200.jpg 300w, https:\/\/www.thebeach-tulum.com\/wp-content\/uploads\/2024\/04\/group-rate-768x512.jpg 768w, https:\/\/www.thebeach-tulum.com\/wp-content\/uploads\/2024\/04\/group-rate-50x33.jpg 50w, https:\/\/www.thebeach-tulum.com\/wp-content\/uploads\/2024\/04\/group-rate-600x400.jpg 600w, https:\/\/www.thebeach-tulum.com\/wp-content\/uploads\/2024\/04\/group-rate-1024x683.jpg 1024w, https:\/\/www.thebeach-tulum.com\/wp-content\/uploads\/2024\/04\/group-rate-1200x800.jpg 1200w\" sizes=\"(max-width: 1500px) 100vw, 1500px\" \/><\/figure>\n\n\n\n<h3 class=\"gb-headline gb-headline-bcdd5d06 gb-headline-text\">Especial De Curta Estadia<\/h3>\n\n\n\n<div class=\"wp-block-pb-accordion-item c-accordion__item js-accordion-item no-js\" data-initially-open=\"false\" data-click-to-close=\"true\" data-auto-close=\"true\" data-scroll=\"false\" data-scroll-offset=\"0\"><h5 id=\"at-70491\" class=\"c-accordion__title js-accordion-controller\" role=\"button\">Detalhes<\/h5><div id=\"ac-70491\" class=\"c-accordion__content\">\n<ul class=\"wp-block-list\">\n<li>Sem estadia m\u00ednima exigida<\/li>\n\n\n\n<li>Inclui bebida de boas-vindas, caf\u00e9 da manh\u00e3, wi-fi, aula di\u00e1ria de ioga, limpeza di\u00e1ria e abertura de cama, \u00e1gua mineral, toalhas de praia, bolsa de praia, chinelos.<\/li>\n\n\n\n<li>Pagamento integral exigido no momento da reserva. Impostos devidos no check-in.<\/li>\n\n\n\n<li>N\u00e3o dispon\u00edvel com outras ofertas.<\/li>\n<\/ul>\n\n\n\n<h5 class=\"wp-block-heading\">Consulte o nosso calend\u00e1rio online para saber a disponibilidade da oferta em tempo real.<\/h5>\n\n\n<div class=\"gb-button-wrapper gb-button-wrapper-28cb9a02\">\n\n<a class=\"gb-button gb-button-0b341536 gb-button-text\" href=\"https:\/\/reservations.thebeach-tulum.com\/premium\/index.html?id_stile=16543&amp;lingua_int=eng&amp;id_albergo=19624&amp;dc=4301\" target=\"_blank\" rel=\"noopener noreferrer\">Reservas<\/a>\n\n<\/div><\/div><\/div>\n\n<\/div><\/div><\/div>\n\n<div class=\"gb-grid-column gb-grid-column-2f2dadb4\"><div class=\"gb-container gb-container-2f2dadb4\"><div class=\"gb-inside-container\">\n\n<figure class=\"wp-block-image size-full\"><img decoding=\"async\" width=\"1500\" height=\"1000\" src=\"https:\/\/www.thebeach-tulum.com\/wp-content\/uploads\/2021\/08\/offers-the-long-stay-special_1.jpg\" alt=\"\" class=\"wp-image-2752\" srcset=\"https:\/\/www.thebeach-tulum.com\/wp-content\/uploads\/2021\/08\/offers-the-long-stay-special_1.jpg 1500w, https:\/\/www.thebeach-tulum.com\/wp-content\/uploads\/2021\/08\/offers-the-long-stay-special_1-300x200.jpg 300w, https:\/\/www.thebeach-tulum.com\/wp-content\/uploads\/2021\/08\/offers-the-long-stay-special_1-768x512.jpg 768w, https:\/\/www.thebeach-tulum.com\/wp-content\/uploads\/2021\/08\/offers-the-long-stay-special_1-1024x683.jpg 1024w\" sizes=\"(max-width: 1500px) 100vw, 1500px\" \/><\/figure>\n\n\n\n<h3 class=\"gb-headline gb-headline-fb18726f gb-headline-text\">Oferta de grupo<\/h3>\n\n\n\n<div class=\"wp-block-pb-accordion-item c-accordion__item js-accordion-item no-js\" data-initially-open=\"false\" data-click-to-close=\"true\" data-auto-close=\"true\" data-scroll=\"false\" data-scroll-offset=\"0\"><h5 id=\"at-70492\" class=\"c-accordion__title js-accordion-controller\" role=\"button\"><meta charset=\"utf-8\">Detalhes<\/h5><div id=\"ac-70492\" class=\"c-accordion__content\">\n<ul class=\"wp-block-list\">\n<li>7 noites no m\u00ednimo<\/li>\n\n\n\n<li>Inclui bebida de boas-vindas, caf\u00e9 da manh\u00e3, wi-fi, aula di\u00e1ria de ioga, limpeza di\u00e1ria e abertura de cama, \u00e1gua mineral, toalhas de praia, bolsa de praia, chinelos.<\/li>\n\n\n\n<li>Um dep\u00f3sito n\u00e3o reembols\u00e1vel de 1 noite \u00e9 exigido no momento da reserva. Saldo 60 dias antes da chegada.<\/li>\n\n\n\n<li>N\u00e3o dispon\u00edvel com outras ofertas.<\/li>\n<\/ul>\n\n\n\n<h5 class=\"wp-block-heading\">Entre em contato conosco para receber nossa melhor tarifa para as datas da sua viagem.<\/h5>\n<\/div><\/div>\n\n<\/div><\/div><\/div>\n<\/div>\n<\/div><\/div>\n\n<div class=\"gb-container gb-container-260431bd bt-padding--double bt-testimonials__container\"><div class=\"gb-inside-container\">\n\n<h2 class=\"gb-headline gb-headline-5b4c009b gb-headline-text\">O que nossos h\u00f3spedes dizem<\/h2>\n\n\n\n<div class=\"wp-block-uagb-testimonial bt-testimonials-block uagb-slick-carousel uagb-tm__arrow-outside uagb-block-e7e575c7\"><div class=\"is-carousel uagb-tm__columns-1 uagb-tm__items\"><div class=\"uagb-testimonial__wrap  uagb-tm__imgicon-style-circle uagb-tm__image-position-bottom uagb-tm__bg-type-none \"><div class=\"uagb-tm__content\"><div class=\"uagb-tm__overlay\"><\/div><div class=\"uagb-tm__text-wrap\"><div class=\"uagb-tm__desc\"><meta charset=\"utf-8\">My fianc\u00e9e and I stayed here for our honeymoon and it was absolutely perfect. The staff was so friendly and accommodating. They even had little surprises set up for us being newlyweds. The rooms were beatific and had all the amenities you need. The location was perfect, too. We will definitely be staying here again.<\/div><div class=\"uagb-tm__meta-inner\"><div class=\"uagb-testimonial-details\"><span class=\"uagb-tm__author-name\"><meta charset=\"utf-8\">rebeccaabraham<\/span><span class=\"uagb-tm__company\">Company1<\/span><\/div><\/div><\/div><\/div><\/div><div class=\"uagb-testimonial__wrap  uagb-tm__imgicon-style-circle uagb-tm__image-position-bottom uagb-tm__bg-type-none \"><div class=\"uagb-tm__content\"><div class=\"uagb-tm__overlay\"><\/div><div class=\"uagb-tm__text-wrap\"><div class=\"uagb-tm__desc\"><meta charset=\"utf-8\">This is our 5th visit to Beach Tulum. We\u2019ve been going to Tulum for 25 years. This is our favorite hotel. The food, the accommodations: all excellent but most of all the staff are the nicest people you\u2019ll ever meet. Any person you walk by will always say hello. And the front desk will help with any reservation you need. My only concern writing this review\u2026 I hope I can make a reservation for next year!<\/div><div class=\"uagb-tm__meta-inner\"><div class=\"uagb-testimonial-details\"><span class=\"uagb-tm__author-name\"><meta charset=\"utf-8\">anboyarphd<\/span><span class=\"uagb-tm__company\">Company2<\/span><\/div><\/div><\/div><\/div><\/div><div class=\"uagb-testimonial__wrap  uagb-tm__imgicon-style-circle uagb-tm__image-position-bottom uagb-tm__bg-type-none \"><div class=\"uagb-tm__content\"><div class=\"uagb-tm__overlay\"><\/div><div class=\"uagb-tm__text-wrap\"><div class=\"uagb-tm__desc\"><meta charset=\"utf-8\">We stayed at The Beach Hotel for our Honeymoon in April 2018 for 5 nights and I wish we could have stayed longer! The staff are so friendly and helpful. The grounds are so well maintained and always looking picture perfect. We arrived to a beautiful room full of rose petals and a bottle of champagne, it was so perfect, we couldn&#8217;t have asked for a better stay. Our room was always cleaned perfectly and nothing was ever a hassle. We would highly recommend this Hotel and we can&#8217;t wait to come back!<\/div><div class=\"uagb-tm__meta-inner\"><div class=\"uagb-testimonial-details\"><span class=\"uagb-tm__author-name\"><meta charset=\"utf-8\">Maria O<\/span><span class=\"uagb-tm__company\">Company3<\/span><\/div><\/div><\/div><\/div><\/div><\/div><\/div>\n\n<\/div><\/div>\n\n<div class=\"gb-container gb-container-070d2851 bt-tripadvisor-block\"><div class=\"gb-inside-container\">\n\n<div style=\"width:166px;margin: 0 auto;\"><div id=\"TA_tchotel941\" class=\"TA_tchotel\"><ul id=\"LnbgHoH\" class=\"TA_links egGC2Y\"><li id=\"z1XaoGBv\" class=\"bK012uAA7osq\"><a target=\"_blank\" href=\"https:\/\/www.tripadvisor.com\/Hotel_Review-g23240074-d3979959-Reviews-The_Beach_Tulum_Hotel-Tulum_Beach_Tulum_Yucatan_Peninsula.html\"><img decoding=\"async\" src=\"https:\/\/static.tacdn.com\/img2\/travelers_choice\/widgets\/tchotel_bob_2025_L.png\" alt=\"Tripadvisor\" class=\"false\" id=\"false\"\/><\/a><\/li><\/ul><\/div><script async src=\"https:\/\/www.jscache.com\/wejs?wtype=tchotel&amp;uniq=941&amp;locationId=3979959&amp;lang=en_US&amp;year=2025&amp;display_version=2\" data-loadtrk onload=\"this.loadtrk=true\"><\/script><\/div>\n\n\n\n<p class=\"has-text-align-center\"><a class=\"bt-button--line\" rel=\"noopener\" href=\"https:\/\/www.tripadvisor.com\/Hotel_Review-g23240074-d3979959-Reviews-The_Beach_Tulum_Hotel-Tulum_Beach_Tulum_Yucatan_Peninsula.html\" target=\"_blank\">Encontrar no Tripadvisor<\/a><\/p>\n\n<\/div><\/div>","protected":false},"excerpt":{"rendered":"<p>Ofertas As melhores ofertas para experimentar o The Beach Tulum Hotel! Escolha a sua oferta de acordo com a dura\u00e7\u00e3o da estadia, as pol\u00edticas de pagamento e de cancelamento mais adequadas aos seus planos de viagem.Clique em \u2018Detalhes\u2019 para ver a oferta. Todas as ofertas s\u00e3o v\u00e1lidas individualmente por reserva e n\u00e3o podem ser combinadas. [&hellip;]<\/p>\n","protected":false},"author":5,"featured_media":0,"parent":0,"menu_order":26,"comment_status":"closed","ping_status":"closed","template":"","meta":{"_acf_changed":false,"_uag_custom_page_level_css":"","site-sidebar-layout":"default","site-content-layout":"default","ast-site-content-layout":"default","site-content-style":"default","site-sidebar-style":"default","ast-global-header-display":"","ast-banner-title-visibility":"","ast-main-header-display":"","ast-hfb-above-header-display":"","ast-hfb-below-header-display":"","ast-hfb-mobile-header-display":"","site-post-title":"disabled","ast-breadcrumbs-content":"","ast-featured-img":"","footer-sml-layout":"","theme-transparent-header-meta":"enabled","adv-header-id-meta":"","stick-header-meta":"default","header-above-stick-meta":"","header-main-stick-meta":"","header-below-stick-meta":"","astra-migrate-meta-layouts":"set","ast-page-background-enabled":"default","ast-page-background-meta":{"desktop":{"background-color":"","background-image":"","background-repeat":"repeat","background-position":"center center","background-size":"auto","background-attachment":"scroll","background-type":"","background-media":"","overlay-type":"","overlay-color":"","overlay-opacity":"","overlay-gradient":""},"tablet":{"background-color":"","background-image":"","background-repeat":"repeat","background-position":"center center","background-size":"auto","background-attachment":"scroll","background-type":"","background-media":"","overlay-type":"","overlay-color":"","overlay-opacity":"","overlay-gradient":""},"mobile":{"background-color":"","background-image":"","background-repeat":"repeat","background-position":"center center","background-size":"auto","background-attachment":"scroll","background-type":"","background-media":"","overlay-type":"","overlay-color":"","overlay-opacity":"","overlay-gradient":""}},"ast-content-background-meta":{"desktop":{"background-color":"var(--ast-global-color-5)","background-image":"","background-repeat":"repeat","background-position":"center center","background-size":"auto","background-attachment":"scroll","background-type":"","background-media":"","overlay-type":"","overlay-color":"","overlay-opacity":"","overlay-gradient":""},"tablet":{"background-color":"var(--ast-global-color-5)","background-image":"","background-repeat":"repeat","background-position":"center center","background-size":"auto","background-attachment":"scroll","background-type":"","background-media":"","overlay-type":"","overlay-color":"","overlay-opacity":"","overlay-gradient":""},"mobile":{"background-color":"var(--ast-global-color-5)","background-image":"","background-repeat":"repeat","background-position":"center center","background-size":"auto","background-attachment":"scroll","background-type":"","background-media":"","overlay-type":"","overlay-color":"","overlay-opacity":"","overlay-gradient":""}},"pgc_sgb_lightbox_settings":"","footnotes":""},"class_list":["post-7049","page","type-page","status-publish","hentry"],"acf":[],"yoast_head":"<!-- This site is optimized with the Yoast SEO plugin v24.2 - https:\/\/yoast.com\/wordpress\/plugins\/seo\/ -->\n<title>Ofertas e pacotes | THE BEACH TULUM HOTEL<\/title>\n<meta name=\"description\" content=\"Nesta p\u00e1gina voc\u00ea encontrar\u00e1 Pacotes e Ofertas de \u00daltima Hora.\" \/>\n<meta name=\"robots\" content=\"index, follow, max-snippet:-1, max-image-preview:large, max-video-preview:-1\" \/>\n<link rel=\"canonical\" href=\"https:\/\/www.thebeach-tulum.com\/pt-br\/ofertas\/\" \/>\n<meta property=\"og:locale\" content=\"pt_BR\" \/>\n<meta property=\"og:type\" content=\"article\" \/>\n<meta property=\"og:title\" content=\"Ofertas e pacotes | THE BEACH TULUM HOTEL\" \/>\n<meta property=\"og:description\" content=\"Nesta p\u00e1gina voc\u00ea encontrar\u00e1 Pacotes e Ofertas de \u00daltima Hora.\" \/>\n<meta property=\"og:url\" content=\"https:\/\/www.thebeach-tulum.com\/pt-br\/ofertas\/\" \/>\n<meta property=\"og:site_name\" content=\"The Beach Tulum Hotel\" \/>\n<meta property=\"article:modified_time\" content=\"2026-03-23T16:33:19+00:00\" \/>\n<meta property=\"og:image\" content=\"https:\/\/www.thebeach-tulum.com\/wp-content\/uploads\/2021\/09\/offers-header.jpg\" \/>\n\t<meta property=\"og:image:width\" content=\"1920\" \/>\n\t<meta property=\"og:image:height\" content=\"1280\" \/>\n\t<meta property=\"og:image:type\" content=\"image\/jpeg\" \/>\n<meta name=\"twitter:card\" content=\"summary_large_image\" \/>\n<meta name=\"twitter:label1\" content=\"Est. tempo de leitura\" \/>\n\t<meta name=\"twitter:data1\" content=\"7 minutos\" \/>\n<!-- \/ Yoast SEO plugin. -->","yoast_head_json":{"title":"Ofertas e pacotes | THE BEACH TULUM HOTEL","description":"Nesta p\u00e1gina voc\u00ea encontrar\u00e1 Pacotes e Ofertas de \u00daltima Hora.","robots":{"index":"index","follow":"follow","max-snippet":"max-snippet:-1","max-image-preview":"max-image-preview:large","max-video-preview":"max-video-preview:-1"},"canonical":"https:\/\/www.thebeach-tulum.com\/pt-br\/ofertas\/","og_locale":"pt_BR","og_type":"article","og_title":"Ofertas e pacotes | THE BEACH TULUM HOTEL","og_description":"Nesta p\u00e1gina voc\u00ea encontrar\u00e1 Pacotes e Ofertas de \u00daltima Hora.","og_url":"https:\/\/www.thebeach-tulum.com\/pt-br\/ofertas\/","og_site_name":"The Beach Tulum Hotel","article_modified_time":"2026-03-23T16:33:19+00:00","og_image":[{"width":1920,"height":1280,"url":"https:\/\/www.thebeach-tulum.com\/wp-content\/uploads\/2021\/09\/offers-header.jpg","type":"image\/jpeg"}],"twitter_card":"summary_large_image","twitter_misc":{"Est. tempo de leitura":"7 minutos"},"schema":{"@context":"https:\/\/schema.org","@graph":[{"@type":"WebPage","@id":"https:\/\/www.thebeach-tulum.com\/pt-br\/ofertas\/","url":"https:\/\/www.thebeach-tulum.com\/pt-br\/ofertas\/","name":"Ofertas e pacotes | THE BEACH TULUM HOTEL","isPartOf":{"@id":"https:\/\/www.thebeach-tulum.com\/pt-br\/#website"},"primaryImageOfPage":{"@id":"https:\/\/www.thebeach-tulum.com\/pt-br\/ofertas\/#primaryimage"},"image":{"@id":"https:\/\/www.thebeach-tulum.com\/pt-br\/ofertas\/#primaryimage"},"thumbnailUrl":"https:\/\/www.thebeach-tulum.com\/wp-content\/uploads\/2021\/09\/offers-header.jpg","datePublished":"2021-10-29T15:06:52+00:00","dateModified":"2026-03-23T16:33:19+00:00","description":"Nesta p\u00e1gina voc\u00ea encontrar\u00e1 Pacotes e Ofertas de \u00daltima Hora.","breadcrumb":{"@id":"https:\/\/www.thebeach-tulum.com\/pt-br\/ofertas\/#breadcrumb"},"inLanguage":"pt-BR","potentialAction":[{"@type":"ReadAction","target":["https:\/\/www.thebeach-tulum.com\/pt-br\/ofertas\/"]}]},{"@type":"ImageObject","inLanguage":"pt-BR","@id":"https:\/\/www.thebeach-tulum.com\/pt-br\/ofertas\/#primaryimage","url":"https:\/\/www.thebeach-tulum.com\/wp-content\/uploads\/2021\/09\/offers-header.jpg","contentUrl":"https:\/\/www.thebeach-tulum.com\/wp-content\/uploads\/2021\/09\/offers-header.jpg"},{"@type":"BreadcrumbList","@id":"https:\/\/www.thebeach-tulum.com\/pt-br\/ofertas\/#breadcrumb","itemListElement":[{"@type":"ListItem","position":1,"name":"Home","item":"https:\/\/www.thebeach-tulum.com\/pt-br\/"},{"@type":"ListItem","position":2,"name":"Ofertas"}]},{"@type":"WebSite","@id":"https:\/\/www.thebeach-tulum.com\/pt-br\/#website","url":"https:\/\/www.thebeach-tulum.com\/pt-br\/","name":"The Beach Tulum Hotel","description":"Adult only Hotel in Tulum, Riviera Maya","publisher":{"@id":"https:\/\/www.thebeach-tulum.com\/pt-br\/#organization"},"potentialAction":[{"@type":"SearchAction","target":{"@type":"EntryPoint","urlTemplate":"https:\/\/www.thebeach-tulum.com\/pt-br\/?s={search_term_string}"},"query-input":{"@type":"PropertyValueSpecification","valueRequired":true,"valueName":"search_term_string"}}],"inLanguage":"pt-BR"},{"@type":"Organization","@id":"https:\/\/www.thebeach-tulum.com\/pt-br\/#organization","name":"The Beach Tulum Hotel","url":"https:\/\/www.thebeach-tulum.com\/pt-br\/","logo":{"@type":"ImageObject","inLanguage":"pt-BR","@id":"https:\/\/www.thebeach-tulum.com\/pt-br\/#\/schema\/logo\/image\/","url":"https:\/\/www.thebeach-tulum.com\/wp-content\/uploads\/2021\/05\/the-beach-tulum_logo_blue.png","contentUrl":"https:\/\/www.thebeach-tulum.com\/wp-content\/uploads\/2021\/05\/the-beach-tulum_logo_blue.png","width":295,"height":100,"caption":"The Beach Tulum Hotel"},"image":{"@id":"https:\/\/www.thebeach-tulum.com\/pt-br\/#\/schema\/logo\/image\/"}}]}},"uagb_featured_image_src":{"full":false,"thumbnail":false,"medium":false,"medium_large":false,"large":false,"gs-tiny":false,"xl":false,"xxl":false,"xxxl":false,"xxxxl":false,"xxxxxl":false,"1536x1536":false,"2048x2048":false,"es_600":false,"es_1024":false,"es_1200":false,"blog":false,"gallery_es":false},"uagb_author_info":{"display_name":"TheBeachTulum","author_link":"https:\/\/www.thebeach-tulum.com\/pt-br\/author\/thebeachtulum\/"},"uagb_comment_info":0,"uagb_excerpt":"Ofertas As melhores ofertas para experimentar o The Beach Tulum Hotel! Escolha a sua oferta de acordo com a dura\u00e7\u00e3o da estadia, as pol\u00edticas de pagamento e de cancelamento mais adequadas aos seus planos de viagem.Clique em \u2018Detalhes\u2019 para ver a oferta. Todas as ofertas s\u00e3o v\u00e1lidas individualmente por reserva e n\u00e3o podem ser combinadas.&hellip;","_links":{"self":[{"href":"https:\/\/www.thebeach-tulum.com\/pt-br\/wp-json\/wp\/v2\/pages\/7049","targetHints":{"allow":["GET"]}}],"collection":[{"href":"https:\/\/www.thebeach-tulum.com\/pt-br\/wp-json\/wp\/v2\/pages"}],"about":[{"href":"https:\/\/www.thebeach-tulum.com\/pt-br\/wp-json\/wp\/v2\/types\/page"}],"author":[{"embeddable":true,"href":"https:\/\/www.thebeach-tulum.com\/pt-br\/wp-json\/wp\/v2\/users\/5"}],"replies":[{"embeddable":true,"href":"https:\/\/www.thebeach-tulum.com\/pt-br\/wp-json\/wp\/v2\/comments?post=7049"}],"version-history":[{"count":4,"href":"https:\/\/www.thebeach-tulum.com\/pt-br\/wp-json\/wp\/v2\/pages\/7049\/revisions"}],"predecessor-version":[{"id":40434,"href":"https:\/\/www.thebeach-tulum.com\/pt-br\/wp-json\/wp\/v2\/pages\/7049\/revisions\/40434"}],"wp:attachment":[{"href":"https:\/\/www.thebeach-tulum.com\/pt-br\/wp-json\/wp\/v2\/media?parent=7049"}],"curies":[{"name":"wp","href":"https:\/\/api.w.org\/{rel}","templated":true}]}}