{"id":7167,"date":"2021-10-06T16:16:18","date_gmt":"2021-10-06T16:16:18","guid":{"rendered":"\/\/www.thebeach-tulum.com\/terms-and-conditions\/"},"modified":"2023-01-30T09:50:43","modified_gmt":"2023-01-30T09:50:43","slug":"termos-e-condicoes","status":"publish","type":"page","link":"https:\/\/www.thebeach-tulum.com\/pt-br\/termos-e-condicoes\/","title":{"rendered":"Termos e Condi\u00e7\u00f5es"},"content":{"rendered":"<div class=\"gb-container gb-container-cb700838 bt-hero\"><div class=\"gb-inside-container\">\n<div class=\"gb-container gb-container-eed77efe bt-hero__image\"><div class=\"gb-inside-container\">\n\n<figure class=\"wp-block-image size-full\"><img decoding=\"async\" width=\"1798\" height=\"1200\" src=\"https:https:https:\/\/www.thebeach-tulum.com\/wp-content\/uploads\/2021\/10\/faq_1.jpg\" alt=\"\" class=\"wp-image-4040\" srcset=\"https:\/\/www.thebeach-tulum.com\/wp-content\/uploads\/2021\/10\/faq_1.jpg 1798w, https:\/\/www.thebeach-tulum.com\/wp-content\/uploads\/2021\/10\/faq_1-300x200.jpg 300w, https:\/\/www.thebeach-tulum.com\/wp-content\/uploads\/2021\/10\/faq_1-768x513.jpg 768w, https:\/\/www.thebeach-tulum.com\/wp-content\/uploads\/2021\/10\/faq_1-1600x1068.jpg 1600w, https:\/\/www.thebeach-tulum.com\/wp-content\/uploads\/2021\/10\/faq_1-1536x1025.jpg 1536w, https:\/\/www.thebeach-tulum.com\/wp-content\/uploads\/2021\/10\/faq_1-1024x683.jpg 1024w\" sizes=\"(max-width: 1798px) 100vw, 1798px\" \/><\/figure>\n\n<\/div><\/div>\n\n<div class=\"yoast-breadcrumbs bt-gutter--left\"><span><span><a href=\"https:\/\/www.thebeach-tulum.com\/pt-br\/\">Home<\/a><\/span> &gt; <span class=\"breadcrumb_last\" aria-current=\"page\">Termos e Condi\u00e7\u00f5es<\/span><\/span><\/div>\n\n\n<h1 class=\"gb-headline gb-headline-af1ab22e gb-headline-text bt-gutter--left\">Termos e Condi\u00e7\u00f5es<\/h1>\n\n<\/div><\/div>\n\n<div class=\"gb-container gb-container-047e9928 bt-gutter\"><div class=\"gb-inside-container\">\n<div class=\"gb-container gb-container-5d725c83 bt-columns--two\"><div class=\"gb-inside-container\">\n\n<h2 class=\"gb-headline gb-headline-695ceb6d gb-headline-text\">Pol\u00edtica de reserva<\/h2>\n\n\n\n<ol class=\"wp-block-list\">\n<li>A hora de entrada e sempre as 15hs00. A hora da sa\u00edda \u00e9 sempre as 12hs00. Se o quarto estiver a disposi\u00e7\u00e3o antes das 15hs00 o registro poder\u00e1 ser feito de imediatamente, caso contr\u00e1rio o nosso pessoal lhe dar\u00e1 toalhas para que possa desfrutar e relaxar na praia enquanto espera. A solicita\u00e7\u00e3o de sa\u00eddas posticipadas devem ser confirmadas atrav\u00e9s do nosso pessoal da recep\u00e7\u00e3oe depender\u00e1 da disponibilidade dos quartos.<\/li>\n\n\n\n<li>Animais de estima\u00e7\u00e3o n\u00e3o s\u00e3o permitidos nas instala\u00e7\u00f5es do hotel.<\/li>\n\n\n\n<li>Todas as ofertas s\u00e3o v\u00e1lidas na forma individual, por reserva e n\u00e3o podem haver combina\u00e7\u00f5es.<\/li>\n\n\n\n<li>\u00c9 pol\u00edtica interna do hotel, solicitar dep\u00f3sito antecipado de seguran\u00e7a com utiliza\u00e7\u00e3o do cart\u00e3o de cr\u00e9dito ja na entrada no hotel. No sa\u00edda o certo de contas entre os gastos do h\u00f3spede. Em caso de gastos menores o resarcimento ser\u00e1 imediato.<\/li>\n\n\n\n<li>O hotel n\u00e3o aceita reserva de h\u00f3spedes acompanhados por crian\u00e7as.<\/li>\n\n\n\n<li>Excepcionalmente quando ocorrer a contrata\u00e7\u00e3o integral dos 28 quartos, ser\u00e3o permitidas crian\u00e7as como acompanhantes. Nestes casos, n\u00e3o haver\u00e1 reembolso da diferen\u00e7a entre os gastos de hospedagem com os dep\u00f3sitos antecipado.<\/li>\n\n\n\n<li>Recomendamos que todos os nossos h\u00f3spedes que adquiram seguro viagem para o caso de cancelamento de bilhetes a\u00e9reos, especialmente durante a temporada de furac\u00f5es. Como tamb\u00e9m, que o h\u00f3spede seja segurado em caso de acidente, doen\u00e7a, evacua\u00e7\u00e3o m\u00e9dica ou roubo.<\/li>\n<\/ol>\n\n<\/div><\/div>\n<\/div><\/div>\n\n<div class=\"gb-container gb-container-631b2c1d bt-gutter\"><div class=\"gb-inside-container\">\n<div class=\"gb-container gb-container-2b9ddc4b bt-columns--two\"><div class=\"gb-inside-container\">\n\n<h2 class=\"gb-headline gb-headline-2ab3c02e gb-headline-text\"><meta charset=\"utf-8\">Pol\u00edtica de cancelamento<\/h2>\n\n\n\n<p>N\u00f3s somos um pequeno hotel. Se voc\u00ea tem reserva individual e deseja ou precisar mudar suas datas de viagem, pedimos que voc\u00ea nos notifique o mais r\u00e1pido poss\u00edvel para n\u00e3o aplicarmos as taxas de cancelamento. Para cancelamentos de grupos, entre em contato com nosso escrit\u00f3rio de reservas.<\/p>\n\n\n\n<ol class=\"wp-block-list\">\n<li>Para que um cancelamento seja v\u00e1lido, precisamos de um pedido por escrito, e voc\u00ea receber\u00e1 uma confirma\u00e7\u00e3o de cancelamento solicitado tamb\u00e9m por escrito. N\u00e3o aceitamos solicita\u00e7\u00e3o de cancelamentos por telefone. REEMBOLSO: aten\u00e7\u00e3o, para todas as reservas pr\u00e9-pagas ter\u00e1 uma taxa de reembolso de US $ 40 USD.<\/li>\n\n\n\n<li>N\u00e3o ser\u00e3o cobradas taxas se voc\u00ea reagendar sua reserva dentro de 30 dias antes da data de chegada, as quais est\u00e3o sujeiras \u00e0 disponibilidades. Se o reagendamento for solicitado 1 dia antes da chegada, ser\u00e3o aplicadas pol\u00edticas aplic\u00e1veis do cancelamento. Os pre\u00e7os dos quartos ser\u00e3o ajustados de acordo com as taxas sazonais e novas reservas. Esta pol\u00edtica n\u00e3o se aplica \u00e0s reservas de grupo.<\/li>\n\n\n\n<li>N\u00e3o h\u00e1 reembolsos ou cr\u00e9ditos para cancelamentos de v\u00f4os, devido a qualquer circunst\u00e2ncia. Por favor, observe as nossas recomenta\u00e7\u00f5es de seguro de viagem para evitar qualquer inconveniente em rela\u00e7\u00e3o a atrasos nos v\u00f4os ou em outras situa\u00e7\u00f5es.<\/li>\n\n\n\n<li>Para qualquer altera\u00e7\u00e3o da sua reserva confirmada, voc\u00ea dever\u00e1 enviar seu pedido por escrito para: <a href=\"mailto:info@thebeach-tulum.com\">info@thebeach-tulum.com<\/a>. A confirma\u00e7\u00e3o se dar\u00e1 pela confirma\u00e7\u00e3o nossa equipe de reservas tamb\u00e9m por e-mail. Todas as altera\u00e7\u00f5es solicitadas ap\u00f3s o primeiro e-mail de confirma\u00e7\u00e3o est\u00e3o sujeitas \u00e0 disponibilidade do hotel.<\/li>\n\n\n\n<li>N\u00e3o haver\u00e1 reembolsos para a partida antes da data acordada. Caso tenha cr\u00e9dito ser\u00e1 enviado atrav\u00e9s do nosso escrit\u00f3rio de reservas por e-mail no seu valor e restri\u00e7\u00f5es.<\/li>\n<\/ol>\n\n<\/div><\/div>\n<\/div><\/div>\n\n<div class=\"gb-container gb-container-5cef54dc bt-gutter\"><div class=\"gb-inside-container\">\n<div class=\"gb-container gb-container-3c925c75 bt-columns--two\"><div class=\"gb-inside-container\">\n\n<h2 class=\"gb-headline gb-headline-ada238db gb-headline-text\"><meta charset=\"utf-8\">Pol\u00edtica de responsabilidade<\/h2>\n\n\n\n<p>Apenas para reservas individuais. Para reservas de grupos, entre em contato com nosso escrit\u00f3rio de reservas.<\/p>\n\n\n\n<ol class=\"wp-block-list\">\n<li>Qualquer atraso ou cancelamento durante f\u00e9rias ou eventos devido a doen\u00e7a, despesas m\u00e9dicas e hospitalares ser\u00e1 da responsabilidade do viajante. Por favor, leia nossas recomenda\u00e7\u00f5es de seguro de viagem para evitar qualquer inconveniente.<\/li>\n\n\n\n<li>O hotel n\u00e3o se responsabilisa por quaisqer despesas em caso de evacua\u00e7\u00e3o ou inconveni\u00eantes causados por uma tempestades tropicais, furac\u00f5es ou qualquer outro tipo de evento que possa acontecer (deslizamentos de terra, inunda\u00e7\u00f5es e terremotos). Por favor, leia nossas recomenta\u00e7\u00f5es relativas ao seguro de viagem para evitar qualquer inconveniente em rela\u00e7\u00e3o \u00e0s situa\u00e7\u00f5es acima.<\/li>\n\n\n\n<li>Em caso de calamidades de for\u00e7a maior ou emerg\u00eancias nacionais que n\u00e3o dependem do hotel, n\u00e3o haver\u00e1 reembolsos, mas o pagamento da reserva ser\u00e1 aplicado a uma nova reserva com a mudan\u00e7a de data; chegadas com menos de 30 dias est\u00e3o sujeitas a uma taxa de reprograma\u00e7\u00e3o, entre em contato com nossa equipe de reservas. N\u00e3o ser\u00e3o cobradas quaiser taxas pela reprograma\u00e7\u00e3o. Esta pol\u00edtica n\u00e3o se aplica \u00e0s reservas de grupo. Por favor, leia nossas recomenda\u00e7\u00f5es relativas ao seguro de viagem para evitar qualquer inconveniente em rela\u00e7\u00e3o \u00e0s situa\u00e7\u00f5es acima.<\/li>\n\n\n\n<li>N\u00e3o h\u00e1 reembolsos ou cr\u00e9ditos para cancelamentos de v\u00f4os em qualquer circunst\u00e2ncia. Por favor, leia nossas recomenda\u00e7\u00f5es relativas ao seguro de viagem para evitar qualquer inconveniente em rela\u00e7\u00e3o a atrasos nos v\u00f4os ou em outras situa\u00e7\u00f5es.<\/li>\n\n\n\n<li>O hotel n\u00e3o \u00e9 respons\u00e1vel pela perda de objetos pessoais deixados nos quartos ou por perda de qualquer objeto perdidos nas instala\u00e7\u00f5es do hotel. Use o cofre do seu quarto.<\/li>\n<\/ol>\n\n<\/div><\/div>\n<\/div><\/div>\n\n<div class=\"gb-container gb-container-070d2851 bt-tripadvisor-block\"><div class=\"gb-inside-container\">\n\n<div style=\"width:166px;margin: 0 auto;\"><div id=\"TA_tchotel941\" class=\"TA_tchotel\"><ul id=\"LnbgHoH\" class=\"TA_links egGC2Y\"><li id=\"z1XaoGBv\" class=\"bK012uAA7osq\"><a target=\"_blank\" href=\"https:\/\/www.tripadvisor.com\/Hotel_Review-g23240074-d3979959-Reviews-The_Beach_Tulum_Hotel-Tulum_Beach_Tulum_Yucatan_Peninsula.html\"><img decoding=\"async\" src=\"https:\/\/static.tacdn.com\/img2\/travelers_choice\/widgets\/tchotel_bob_2025_L.png\" alt=\"Tripadvisor\" class=\"false\" id=\"false\"\/><\/a><\/li><\/ul><\/div><script async src=\"https:\/\/www.jscache.com\/wejs?wtype=tchotel&amp;uniq=941&amp;locationId=3979959&amp;lang=en_US&amp;year=2025&amp;display_version=2\" data-loadtrk onload=\"this.loadtrk=true\"><\/script><\/div>\n\n\n\n<p class=\"has-text-align-center\"><a class=\"bt-button--line\" rel=\"noopener\" href=\"https:\/\/www.tripadvisor.com\/Hotel_Review-g23240074-d3979959-Reviews-The_Beach_Tulum_Hotel-Tulum_Beach_Tulum_Yucatan_Peninsula.html\" target=\"_blank\">Encontrar no Tripadvisor<\/a><\/p>\n\n<\/div><\/div>","protected":false},"excerpt":{"rendered":"<p>Termos e Condi\u00e7\u00f5es Pol\u00edtica de reserva Pol\u00edtica de cancelamento N\u00f3s somos um pequeno hotel. Se voc\u00ea tem reserva individual e deseja ou precisar mudar suas datas de viagem, pedimos que voc\u00ea nos notifique o mais r\u00e1pido poss\u00edvel para n\u00e3o aplicarmos as taxas de cancelamento. Para cancelamentos de grupos, entre em contato com nosso escrit\u00f3rio de [&hellip;]<\/p>\n","protected":false},"author":6,"featured_media":0,"parent":0,"menu_order":138,"comment_status":"closed","ping_status":"closed","template":"","meta":{"_acf_changed":false,"_uag_custom_page_level_css":"","site-sidebar-layout":"default","site-content-layout":"default","ast-site-content-layout":"","site-content-style":"default","site-sidebar-style":"default","ast-global-header-display":"","ast-banner-title-visibility":"","ast-main-header-display":"","ast-hfb-above-header-display":"","ast-hfb-below-header-display":"","ast-hfb-mobile-header-display":"","site-post-title":"disabled","ast-breadcrumbs-content":"","ast-featured-img":"","footer-sml-layout":"","theme-transparent-header-meta":"enabled","adv-header-id-meta":"","stick-header-meta":"default","header-above-stick-meta":"","header-main-stick-meta":"","header-below-stick-meta":"","astra-migrate-meta-layouts":"default","ast-page-background-enabled":"default","ast-page-background-meta":{"desktop":{"background-color":"","background-image":"","background-repeat":"repeat","background-position":"center center","background-size":"auto","background-attachment":"scroll","background-type":"","background-media":"","overlay-type":"","overlay-color":"","overlay-opacity":"","overlay-gradient":""},"tablet":{"background-color":"","background-image":"","background-repeat":"repeat","background-position":"center center","background-size":"auto","background-attachment":"scroll","background-type":"","background-media":"","overlay-type":"","overlay-color":"","overlay-opacity":"","overlay-gradient":""},"mobile":{"background-color":"","background-image":"","background-repeat":"repeat","background-position":"center center","background-size":"auto","background-attachment":"scroll","background-type":"","background-media":"","overlay-type":"","overlay-color":"","overlay-opacity":"","overlay-gradient":""}},"ast-content-background-meta":{"desktop":{"background-color":"var(--ast-global-color-5)","background-image":"","background-repeat":"repeat","background-position":"center center","background-size":"auto","background-attachment":"scroll","background-type":"","background-media":"","overlay-type":"","overlay-color":"","overlay-opacity":"","overlay-gradient":""},"tablet":{"background-color":"var(--ast-global-color-5)","background-image":"","background-repeat":"repeat","background-position":"center center","background-size":"auto","background-attachment":"scroll","background-type":"","background-media":"","overlay-type":"","overlay-color":"","overlay-opacity":"","overlay-gradient":""},"mobile":{"background-color":"var(--ast-global-color-5)","background-image":"","background-repeat":"repeat","background-position":"center center","background-size":"auto","background-attachment":"scroll","background-type":"","background-media":"","overlay-type":"","overlay-color":"","overlay-opacity":"","overlay-gradient":""}},"pgc_sgb_lightbox_settings":"","footnotes":""},"class_list":["post-7167","page","type-page","status-publish","hentry"],"acf":[],"yoast_head":"<!-- This site is optimized with the Yoast SEO plugin v24.2 - https:\/\/yoast.com\/wordpress\/plugins\/seo\/ -->\n<title>Termos e Condi\u00e7\u00f5es | The Beach Tulum Hotel<\/title>\n<meta name=\"description\" content=\"N\u00f3s somos um pequeno hotel. Se voc\u00ea tem reserva individual e deseja ou precisar mudar suas datas, pedimos que voc\u00ea nos notifique o mais r\u00e1pido poss\u00edvel.\" \/>\n<meta name=\"robots\" content=\"index, follow, max-snippet:-1, max-image-preview:large, max-video-preview:-1\" \/>\n<link rel=\"canonical\" href=\"https:\/\/www.thebeach-tulum.com\/pt-br\/termos-e-condicoes\/\" \/>\n<meta property=\"og:locale\" content=\"pt_BR\" \/>\n<meta property=\"og:type\" content=\"article\" \/>\n<meta property=\"og:title\" content=\"Termos e Condi\u00e7\u00f5es | The Beach Tulum Hotel\" \/>\n<meta property=\"og:description\" content=\"N\u00f3s somos um pequeno hotel. Se voc\u00ea tem reserva individual e deseja ou precisar mudar suas datas, pedimos que voc\u00ea nos notifique o mais r\u00e1pido poss\u00edvel.\" \/>\n<meta property=\"og:url\" content=\"https:\/\/www.thebeach-tulum.com\/pt-br\/termos-e-condicoes\/\" \/>\n<meta property=\"og:site_name\" content=\"The Beach Tulum Hotel\" \/>\n<meta property=\"article:modified_time\" content=\"2023-01-30T09:50:43+00:00\" \/>\n<meta name=\"twitter:card\" content=\"summary_large_image\" \/>\n<!-- \/ Yoast SEO plugin. -->","yoast_head_json":{"title":"Termos e Condi\u00e7\u00f5es | The Beach Tulum Hotel","description":"N\u00f3s somos um pequeno hotel. Se voc\u00ea tem reserva individual e deseja ou precisar mudar suas datas, pedimos que voc\u00ea nos notifique o mais r\u00e1pido poss\u00edvel.","robots":{"index":"index","follow":"follow","max-snippet":"max-snippet:-1","max-image-preview":"max-image-preview:large","max-video-preview":"max-video-preview:-1"},"canonical":"https:\/\/www.thebeach-tulum.com\/pt-br\/termos-e-condicoes\/","og_locale":"pt_BR","og_type":"article","og_title":"Termos e Condi\u00e7\u00f5es | The Beach Tulum Hotel","og_description":"N\u00f3s somos um pequeno hotel. Se voc\u00ea tem reserva individual e deseja ou precisar mudar suas datas, pedimos que voc\u00ea nos notifique o mais r\u00e1pido poss\u00edvel.","og_url":"https:\/\/www.thebeach-tulum.com\/pt-br\/termos-e-condicoes\/","og_site_name":"The Beach Tulum Hotel","article_modified_time":"2023-01-30T09:50:43+00:00","twitter_card":"summary_large_image","schema":{"@context":"https:\/\/schema.org","@graph":[{"@type":"WebPage","@id":"https:\/\/www.thebeach-tulum.com\/pt-br\/termos-e-condicoes\/","url":"https:\/\/www.thebeach-tulum.com\/pt-br\/termos-e-condicoes\/","name":"Termos e Condi\u00e7\u00f5es | The Beach Tulum Hotel","isPartOf":{"@id":"https:\/\/www.thebeach-tulum.com\/pt-br\/#website"},"datePublished":"2021-10-06T16:16:18+00:00","dateModified":"2023-01-30T09:50:43+00:00","description":"N\u00f3s somos um pequeno hotel. Se voc\u00ea tem reserva individual e deseja ou precisar mudar suas datas, pedimos que voc\u00ea nos notifique o mais r\u00e1pido poss\u00edvel.","breadcrumb":{"@id":"https:\/\/www.thebeach-tulum.com\/pt-br\/termos-e-condicoes\/#breadcrumb"},"inLanguage":"pt-BR","potentialAction":[{"@type":"ReadAction","target":["https:\/\/www.thebeach-tulum.com\/pt-br\/termos-e-condicoes\/"]}]},{"@type":"BreadcrumbList","@id":"https:\/\/www.thebeach-tulum.com\/pt-br\/termos-e-condicoes\/#breadcrumb","itemListElement":[{"@type":"ListItem","position":1,"name":"Home","item":"https:\/\/www.thebeach-tulum.com\/pt-br\/"},{"@type":"ListItem","position":2,"name":"Termos e Condi\u00e7\u00f5es"}]},{"@type":"WebSite","@id":"https:\/\/www.thebeach-tulum.com\/pt-br\/#website","url":"https:\/\/www.thebeach-tulum.com\/pt-br\/","name":"The Beach Tulum Hotel","description":"Adult only Hotel in Tulum, Riviera Maya","publisher":{"@id":"https:\/\/www.thebeach-tulum.com\/pt-br\/#organization"},"potentialAction":[{"@type":"SearchAction","target":{"@type":"EntryPoint","urlTemplate":"https:\/\/www.thebeach-tulum.com\/pt-br\/?s={search_term_string}"},"query-input":{"@type":"PropertyValueSpecification","valueRequired":true,"valueName":"search_term_string"}}],"inLanguage":"pt-BR"},{"@type":"Organization","@id":"https:\/\/www.thebeach-tulum.com\/pt-br\/#organization","name":"The Beach Tulum Hotel","url":"https:\/\/www.thebeach-tulum.com\/pt-br\/","logo":{"@type":"ImageObject","inLanguage":"pt-BR","@id":"https:\/\/www.thebeach-tulum.com\/pt-br\/#\/schema\/logo\/image\/","url":"https:\/\/www.thebeach-tulum.com\/wp-content\/uploads\/2021\/05\/the-beach-tulum_logo_blue.png","contentUrl":"https:\/\/www.thebeach-tulum.com\/wp-content\/uploads\/2021\/05\/the-beach-tulum_logo_blue.png","width":295,"height":100,"caption":"The Beach Tulum Hotel"},"image":{"@id":"https:\/\/www.thebeach-tulum.com\/pt-br\/#\/schema\/logo\/image\/"}}]}},"uagb_featured_image_src":{"full":false,"thumbnail":false,"medium":false,"medium_large":false,"large":false,"gs-tiny":false,"xl":false,"xxl":false,"xxxl":false,"xxxxl":false,"xxxxxl":false,"1536x1536":false,"2048x2048":false,"es_600":false,"es_1024":false,"es_1200":false,"blog":false,"gallery_es":false},"uagb_author_info":{"display_name":"Naxa","author_link":"https:\/\/www.thebeach-tulum.com\/pt-br\/author\/luca\/"},"uagb_comment_info":0,"uagb_excerpt":"Termos e Condi\u00e7\u00f5es Pol\u00edtica de reserva Pol\u00edtica de cancelamento N\u00f3s somos um pequeno hotel. Se voc\u00ea tem reserva individual e deseja ou precisar mudar suas datas de viagem, pedimos que voc\u00ea nos notifique o mais r\u00e1pido poss\u00edvel para n\u00e3o aplicarmos as taxas de cancelamento. Para cancelamentos de grupos, entre em contato com nosso escrit\u00f3rio de&hellip;","_links":{"self":[{"href":"https:\/\/www.thebeach-tulum.com\/pt-br\/wp-json\/wp\/v2\/pages\/7167","targetHints":{"allow":["GET"]}}],"collection":[{"href":"https:\/\/www.thebeach-tulum.com\/pt-br\/wp-json\/wp\/v2\/pages"}],"about":[{"href":"https:\/\/www.thebeach-tulum.com\/pt-br\/wp-json\/wp\/v2\/types\/page"}],"author":[{"embeddable":true,"href":"https:\/\/www.thebeach-tulum.com\/pt-br\/wp-json\/wp\/v2\/users\/6"}],"replies":[{"embeddable":true,"href":"https:\/\/www.thebeach-tulum.com\/pt-br\/wp-json\/wp\/v2\/comments?post=7167"}],"version-history":[{"count":0,"href":"https:\/\/www.thebeach-tulum.com\/pt-br\/wp-json\/wp\/v2\/pages\/7167\/revisions"}],"wp:attachment":[{"href":"https:\/\/www.thebeach-tulum.com\/pt-br\/wp-json\/wp\/v2\/media?parent=7167"}],"curies":[{"name":"wp","href":"https:\/\/api.w.org\/{rel}","templated":true}]}}