{"id":7173,"date":"2021-11-02T08:16:21","date_gmt":"2021-11-02T08:16:21","guid":{"rendered":"\/\/www.thebeach-tulum.com\/?page_id=7173"},"modified":"2026-03-02T19:38:14","modified_gmt":"2026-03-02T19:38:14","slug":"frescos","status":"publish","type":"page","link":"https:\/\/www.thebeach-tulum.com\/pt-br\/frescos\/","title":{"rendered":"Fresco&#8217;s"},"content":{"rendered":"<div class=\"gb-container gb-container-dbe3042d bt-hero\"><div class=\"gb-inside-container\">\n<div class=\"gb-container gb-container-163a25bd bt-hero__image\"><div class=\"gb-inside-container\">\n\n<figure class=\"wp-block-image size-full\"><img decoding=\"async\" width=\"1920\" height=\"1280\" src=\"https:\/\/thebeach-tulum.com\/wp-content\/uploads\/2025\/01\/frescos.jpg\" alt=\"Fresco's Tulum\" class=\"wp-image-35511\" srcset=\"https:\/\/www.thebeach-tulum.com\/wp-content\/uploads\/2025\/01\/frescos.jpg 1920w, https:\/\/www.thebeach-tulum.com\/wp-content\/uploads\/2025\/01\/frescos-300x200.jpg 300w, https:\/\/www.thebeach-tulum.com\/wp-content\/uploads\/2025\/01\/frescos-768x512.jpg 768w, https:\/\/www.thebeach-tulum.com\/wp-content\/uploads\/2025\/01\/frescos-50x33.jpg 50w, https:\/\/www.thebeach-tulum.com\/wp-content\/uploads\/2025\/01\/frescos-1600x1067.jpg 1600w, https:\/\/www.thebeach-tulum.com\/wp-content\/uploads\/2025\/01\/frescos-1536x1024.jpg 1536w, https:\/\/www.thebeach-tulum.com\/wp-content\/uploads\/2025\/01\/frescos-600x400.jpg 600w, https:\/\/www.thebeach-tulum.com\/wp-content\/uploads\/2025\/01\/frescos-1024x683.jpg 1024w, https:\/\/www.thebeach-tulum.com\/wp-content\/uploads\/2025\/01\/frescos-1200x800.jpg 1200w\" sizes=\"(max-width: 1920px) 100vw, 1920px\" \/><\/figure>\n\n<\/div><\/div>\n\n<div class=\"yoast-breadcrumbs bt-gutter--left\"><span><span><a href=\"https:\/\/www.thebeach-tulum.com\/pt-br\/\">Home<\/a><\/span> &gt; <span class=\"breadcrumb_last\" aria-current=\"page\">Fresco&#8217;s<\/span><\/span><\/div>\n\n\n<h1 class=\"gb-headline gb-headline-cd2db322 gb-headline-text bt-gutter--left\">Fresco&#8217;s<\/h1>\n\n\n\n<h2 class=\"gb-headline gb-headline-403c99f0 gb-headline-text bt-gutter--left\">Deliciosa comida org\u00e2nica<\/h2>\n\n<\/div><\/div>\n\n<div class=\"gb-container gb-container-45f0d437 bt-gutter\"><div class=\"gb-inside-container\">\n<div class=\"gb-container gb-container-85dcb45f\"><div class=\"gb-inside-container\">\n\n<p>Reserve um tempo para fazer o que deixa sua alma feliz! Como disse um cliente, \u201cagrad\u00e1vel \u00e0 vista e \u00e0s papilas gustativas\u201d.<\/p>\n\n\n\n<p>Bem-vindo ao Fresco&#8217;s, sua op\u00e7\u00e3o de comida saud\u00e1vel para o caf\u00e9 da manh\u00e3 ou almo\u00e7o. Cor, sabor, textura e criatividade em todas as nossas receitas. Junte-se a n\u00f3s no caf\u00e9 da manh\u00e3, almo\u00e7o ou jantar informal.<\/p>\n\n\n\n<p>Gl\u00faten e alergia a produtos l\u00e1cteos, op\u00e7\u00f5es vegetarianas e veganas.<\/p>\n\n<\/div><\/div>\n\n<div class=\"gb-container gb-container-78516efb bt-gutter--top\"><div class=\"gb-inside-container\"><\/div><\/div>\n<\/div><\/div>\n\n<div class=\"gb-container gb-container-7afac967 bt-gutter\"><div class=\"gb-inside-container\">\n<div class=\"gb-grid-wrapper gb-grid-wrapper-7becd888\">\n<div class=\"gb-grid-column gb-grid-column-a435f8cb\"><div class=\"gb-container gb-container-a435f8cb\"><div class=\"gb-inside-container\">\n\n<figure class=\"wp-block-image size-full\"><img decoding=\"async\" width=\"1600\" height=\"1067\" src=\"https:\/\/www.thebeach-tulum.com\/wp-content\/uploads\/2021\/11\/box-breakfast-tb.jpg\" alt=\"\" class=\"wp-image-9095\" srcset=\"https:\/\/www.thebeach-tulum.com\/wp-content\/uploads\/2021\/11\/box-breakfast-tb.jpg 1600w, https:\/\/www.thebeach-tulum.com\/wp-content\/uploads\/2021\/11\/box-breakfast-tb-300x200.jpg 300w, https:\/\/www.thebeach-tulum.com\/wp-content\/uploads\/2021\/11\/box-breakfast-tb-768x512.jpg 768w, https:\/\/www.thebeach-tulum.com\/wp-content\/uploads\/2021\/11\/box-breakfast-tb-1536x1024.jpg 1536w, https:\/\/www.thebeach-tulum.com\/wp-content\/uploads\/2021\/11\/box-breakfast-tb-1024x683.jpg 1024w\" sizes=\"(max-width: 1600px) 100vw, 1600px\" \/><\/figure>\n\n\n\n<h3 class=\"gb-headline gb-headline-c821a25a gb-headline-text\">Caf\u00e9 da manh\u00e3<\/h3>\n\n\n\n<p>Mais uma op\u00e7\u00e3o para o seu caf\u00e9 da manh\u00e3 inclu\u00eddo durante sua estadia no The Beach Tulum.<\/p>\n\n\n\n<p>O card\u00e1pio do Fresco inclui p\u00e3es, gel\u00e9ias e p\u00e3es caseiros, al\u00e9m de aveia com frutas, torradas doces e salgadas. Panquecas fresquinhas acompanhadas de frutas frescas, smoothies saud\u00e1veis e refrescantes e sucos mistos. Com alternativas veganas como pudim de chia matcha, leite caseiro de aveia e muito mais.<\/p>\n\n\n\n<p class=\"has-text-color btn-download\"><a href=\"http:\/\/www.frescostulum.com\/breakfast\/\" target=\"_blank\" rel=\"noreferrer noopener\"> Caf\u00e9 da manh\u00e3<\/a> <\/p>\n\n<\/div><\/div><\/div>\n\n<div class=\"gb-grid-column gb-grid-column-2ddb34ae\"><div class=\"gb-container gb-container-2ddb34ae\"><div class=\"gb-inside-container\">\n\n<figure class=\"wp-block-image size-full\"><img decoding=\"async\" width=\"2560\" height=\"1704\" src=\"https:\/\/www.thebeach-tulum.com\/wp-content\/uploads\/2025\/11\/salmon-scaled.jpg\" alt=\"salmon on wild rice, with avocado and parsil at Fresco's Tulum\" class=\"wp-image-39433\" srcset=\"https:\/\/www.thebeach-tulum.com\/wp-content\/uploads\/2025\/11\/salmon-scaled.jpg 2560w, https:\/\/www.thebeach-tulum.com\/wp-content\/uploads\/2025\/11\/salmon-300x200.jpg 300w, https:\/\/www.thebeach-tulum.com\/wp-content\/uploads\/2025\/11\/salmon-1920x1278.jpg 1920w, https:\/\/www.thebeach-tulum.com\/wp-content\/uploads\/2025\/11\/salmon-768x511.jpg 768w, https:\/\/www.thebeach-tulum.com\/wp-content\/uploads\/2025\/11\/salmon-50x33.jpg 50w, https:\/\/www.thebeach-tulum.com\/wp-content\/uploads\/2025\/11\/salmon-1600x1065.jpg 1600w, https:\/\/www.thebeach-tulum.com\/wp-content\/uploads\/2025\/11\/salmon-1536x1022.jpg 1536w, https:\/\/www.thebeach-tulum.com\/wp-content\/uploads\/2025\/11\/salmon-2048x1363.jpg 2048w, https:\/\/www.thebeach-tulum.com\/wp-content\/uploads\/2025\/11\/salmon-600x399.jpg 600w, https:\/\/www.thebeach-tulum.com\/wp-content\/uploads\/2025\/11\/salmon-1024x683.jpg 1024w, https:\/\/www.thebeach-tulum.com\/wp-content\/uploads\/2025\/11\/salmon-1200x799.jpg 1200w\" sizes=\"(max-width: 2560px) 100vw, 2560px\" \/><\/figure>\n\n\n\n<h3 class=\"gb-headline gb-headline-bcdd5d06 gb-headline-text\">Almo\u00e7o\/jantar<\/h3>\n\n\n\n<p>O local perfeito para um lanche ou almo\u00e7o leve ao meio-dia ou \u00e0 tarde \/ noite. Com op\u00e7\u00f5es vegetarianas, veganas, sem gl\u00faten e l\u00e1cteos. Oferece tacos, tostadas e ceviches, saladas e pratos frescos do mar.<\/p>\n\n\n\n<p>Tudo preparado na nossa cozinha no momento com os ingredientes mais frescos e da melhor qualidade, de origem local.<\/p>\n\n\n\n<p class=\"has-text-color btn-download\"><a href=\"https:\/\/www.thebeach-tulum.com\/wp-content\/uploads\/2026\/03\/Frescos-Lunch-and-dinner.pdf\" target=\"_blank\" rel=\"noreferrer noopener\">Almo\u00e7o y jantar <\/a><\/p>\n\n\n\n<p class=\"has-text-color btn-download\"><a href=\"http:\/\/www.frescostulum.com\/desserts\/\" target=\"_blank\" rel=\"noreferrer noopener\">Fresco&#8217;s sobremesas <\/a> <\/p>\n\n<\/div><\/div><\/div>\n\n<div class=\"gb-grid-column gb-grid-column-2f2dadb4\"><div class=\"gb-container gb-container-2f2dadb4\"><div class=\"gb-inside-container\">\n\n<figure class=\"wp-block-image size-full\"><img decoding=\"async\" width=\"1600\" height=\"1067\" src=\"https:\/\/www.thebeach-tulum.com\/wp-content\/uploads\/2021\/11\/box-brunch-tb.jpg\" alt=\"\" class=\"wp-image-9098\" srcset=\"https:\/\/www.thebeach-tulum.com\/wp-content\/uploads\/2021\/11\/box-brunch-tb.jpg 1600w, https:\/\/www.thebeach-tulum.com\/wp-content\/uploads\/2021\/11\/box-brunch-tb-300x200.jpg 300w, https:\/\/www.thebeach-tulum.com\/wp-content\/uploads\/2021\/11\/box-brunch-tb-768x512.jpg 768w, https:\/\/www.thebeach-tulum.com\/wp-content\/uploads\/2021\/11\/box-brunch-tb-1536x1024.jpg 1536w, https:\/\/www.thebeach-tulum.com\/wp-content\/uploads\/2021\/11\/box-brunch-tb-1024x683.jpg 1024w\" sizes=\"(max-width: 1600px) 100vw, 1600px\" \/><\/figure>\n\n\n\n<h3 class=\"gb-headline gb-headline-fb18726f gb-headline-text\">Brunch<\/h3>\n\n\n\n<p>Fresco&#8217;s se tornou um dos favoritos em Tulum para o brunch de fim de semana, dispon\u00edvel de sexta a domingo, das 11h \u00e0s 15h, oferecendo diferentes promo\u00e7\u00f5es a cada semana. Op\u00e7\u00f5es obrigat\u00f3rias de brunch, como Eggs Benedict, Salmon Toast e muito mais E tamb\u00e9m tr\u00eas especiais diferentes todo fim de semana pensaram em voc\u00ea. Combine seu brunch com drinques cl\u00e1ssicos como Mimosa, Kir Royal ou um de nossos coquet\u00e9is exclusivos.<\/p>\n\n\n\n<p class=\"has-text-color btn-download\"><a href=\"http:\/\/www.frescostulum.com\/cocktails\/\" target=\"_blank\" rel=\"noreferrer noopener\">Coquetels y cervejas<\/a><a href=\"https:\/\/frescostulum.com\/wp-content\/uploads\/2026\/01\/DRINKS-MENU-FRESCOS-2026.pdf\" target=\"_blank\" rel=\"noreferrer noopener\"> <\/a><\/p>\n\n\n\n<p class=\"has-text-color btn-download\"><a href=\"http:\/\/www.frescostulum.com\/wine-list\/\" target=\"_blank\" rel=\"noreferrer noopener\">Lista de vinhos<\/a><\/p>\n\n<\/div><\/div><\/div>\n<\/div>\n<\/div><\/div>\n\n<div class=\"gb-container gb-container-b07a73df\"><div class=\"gb-inside-container\">\n<div class=\"gb-grid-wrapper gb-grid-wrapper-ffae5113\">\n<div class=\"gb-grid-column gb-grid-column-e87ac431\"><div class=\"gb-container gb-container-e87ac431\"><div class=\"gb-inside-container\">\n<div class=\"gb-container gb-container-2b810346\"><div class=\"gb-inside-container\">\n\n<p><script type=\"text\/javascript\" src=\"\/\/www.opentable.com.mx\/widget\/reservation\/loader?rid=1054714&amp;type=standard&amp;theme=standard&amp;iframe=true&amp;domain=commx&amp;lang=en-US&amp;newtab=false&amp;ot_source=Restaurant%20website\"><\/script><\/p>\n\n<\/div><\/div>\n<\/div><\/div><\/div>\n\n<div class=\"gb-grid-column gb-grid-column-8f85b347\"><div class=\"gb-container gb-container-8f85b347\"><div class=\"gb-inside-container\"><\/div><\/div><\/div>\n<\/div>\n<\/div><\/div>\n\n<div class=\"gb-container gb-container-49057e2d bt-room-gallery bt-half-gutter--top\"><div class=\"gb-inside-container\"><\/div><\/div>\n\n<div class=\"gb-container gb-container-260431bd bt-padding--double bt-testimonials__container\"><div class=\"gb-inside-container\">\n\n<h2 class=\"gb-headline gb-headline-5b4c009b gb-headline-text\">O que nossos h\u00f3spedes dizem<\/h2>\n\n\n\n<div class=\"wp-block-uagb-testimonial bt-testimonials-block uagb-slick-carousel uagb-tm__arrow-outside uagb-block-e7e575c7\"><div class=\"is-carousel uagb-tm__columns-1 uagb-tm__items\"><div class=\"uagb-testimonial__wrap  uagb-tm__imgicon-style-circle uagb-tm__image-position-bottom uagb-tm__bg-type-none \"><div class=\"uagb-tm__content\"><div class=\"uagb-tm__overlay\"><\/div><div class=\"uagb-tm__text-wrap\"><div class=\"uagb-tm__desc\"><meta charset=\"utf-8\">My fianc\u00e9e and I stayed here for our honeymoon and it was absolutely perfect. The staff was so friendly and accommodating. They even had little surprises set up for us being newlyweds. The rooms were beatific and had all the amenities you need. The location was perfect, too. We will definitely be staying here again.<\/div><div class=\"uagb-tm__meta-inner\"><div class=\"uagb-testimonial-details\"><span class=\"uagb-tm__author-name\"><meta charset=\"utf-8\">rebeccaabraham<\/span><span class=\"uagb-tm__company\">Company1<\/span><\/div><\/div><\/div><\/div><\/div><div class=\"uagb-testimonial__wrap  uagb-tm__imgicon-style-circle uagb-tm__image-position-bottom uagb-tm__bg-type-none \"><div class=\"uagb-tm__content\"><div class=\"uagb-tm__overlay\"><\/div><div class=\"uagb-tm__text-wrap\"><div class=\"uagb-tm__desc\"><meta charset=\"utf-8\">This is our 5th visit to Beach Tulum. We\u2019ve been going to Tulum for 25 years. This is our favorite hotel. The food, the accommodations: all excellent but most of all the staff are the nicest people you\u2019ll ever meet. Any person you walk by will always say hello. And the front desk will help with any reservation you need. My only concern writing this review\u2026 I hope I can make a reservation for next year!<\/div><div class=\"uagb-tm__meta-inner\"><div class=\"uagb-testimonial-details\"><span class=\"uagb-tm__author-name\"><meta charset=\"utf-8\">anboyarphd<\/span><span class=\"uagb-tm__company\">Company2<\/span><\/div><\/div><\/div><\/div><\/div><div class=\"uagb-testimonial__wrap  uagb-tm__imgicon-style-circle uagb-tm__image-position-bottom uagb-tm__bg-type-none \"><div class=\"uagb-tm__content\"><div class=\"uagb-tm__overlay\"><\/div><div class=\"uagb-tm__text-wrap\"><div class=\"uagb-tm__desc\"><meta charset=\"utf-8\">We stayed at The Beach Hotel for our Honeymoon in April 2018 for 5 nights and I wish we could have stayed longer! The staff are so friendly and helpful. The grounds are so well maintained and always looking picture perfect. We arrived to a beautiful room full of rose petals and a bottle of champagne, it was so perfect, we couldn&#8217;t have asked for a better stay. Our room was always cleaned perfectly and nothing was ever a hassle. We would highly recommend this Hotel and we can&#8217;t wait to come back!<\/div><div class=\"uagb-tm__meta-inner\"><div class=\"uagb-testimonial-details\"><span class=\"uagb-tm__author-name\"><meta charset=\"utf-8\">Maria O<\/span><span class=\"uagb-tm__company\">Company3<\/span><\/div><\/div><\/div><\/div><\/div><\/div><\/div>\n\n<\/div><\/div>\n\n<div class=\"gb-container gb-container-070d2851 bt-tripadvisor-block\"><div class=\"gb-inside-container\">\n\n<div style=\"width:166px;margin: 0 auto;\"><div id=\"TA_tchotel941\" class=\"TA_tchotel\"><ul id=\"LnbgHoH\" class=\"TA_links egGC2Y\"><li id=\"z1XaoGBv\" class=\"bK012uAA7osq\"><a target=\"_blank\" href=\"https:\/\/www.tripadvisor.com\/Hotel_Review-g23240074-d3979959-Reviews-The_Beach_Tulum_Hotel-Tulum_Beach_Tulum_Yucatan_Peninsula.html\"><img decoding=\"async\" src=\"https:\/\/static.tacdn.com\/img2\/travelers_choice\/widgets\/tchotel_bob_2025_L.png\" alt=\"Tripadvisor\" class=\"false\" id=\"false\"\/><\/a><\/li><\/ul><\/div><script async src=\"https:\/\/www.jscache.com\/wejs?wtype=tchotel&amp;uniq=941&amp;locationId=3979959&amp;lang=en_US&amp;year=2025&amp;display_version=2\" data-loadtrk onload=\"this.loadtrk=true\"><\/script><\/div>\n\n\n\n<p class=\"has-text-align-center\"><a class=\"bt-button--line\" rel=\"noopener\" href=\"https:\/\/www.tripadvisor.com\/Hotel_Review-g23240074-d3979959-Reviews-The_Beach_Tulum_Hotel-Tulum_Beach_Tulum_Yucatan_Peninsula.html\" target=\"_blank\">Encontrar no Tripadvisor<\/a><\/p>\n\n<\/div><\/div>","protected":false},"excerpt":{"rendered":"<p>Fresco&#8217;s Deliciosa comida org\u00e2nica Reserve um tempo para fazer o que deixa sua alma feliz! Como disse um cliente, \u201cagrad\u00e1vel \u00e0 vista e \u00e0s papilas gustativas\u201d. Bem-vindo ao Fresco&#8217;s, sua op\u00e7\u00e3o de comida saud\u00e1vel para o caf\u00e9 da manh\u00e3 ou almo\u00e7o. Cor, sabor, textura e criatividade em todas as nossas receitas. Junte-se a n\u00f3s no [&hellip;]<\/p>\n","protected":false},"author":5,"featured_media":0,"parent":0,"menu_order":51,"comment_status":"closed","ping_status":"closed","template":"","meta":{"_acf_changed":false,"_uag_custom_page_level_css":"","site-sidebar-layout":"default","site-content-layout":"default","ast-site-content-layout":"default","site-content-style":"default","site-sidebar-style":"default","ast-global-header-display":"","ast-banner-title-visibility":"","ast-main-header-display":"","ast-hfb-above-header-display":"","ast-hfb-below-header-display":"","ast-hfb-mobile-header-display":"","site-post-title":"disabled","ast-breadcrumbs-content":"","ast-featured-img":"","footer-sml-layout":"","theme-transparent-header-meta":"enabled","adv-header-id-meta":"","stick-header-meta":"default","header-above-stick-meta":"","header-main-stick-meta":"","header-below-stick-meta":"","astra-migrate-meta-layouts":"set","ast-page-background-enabled":"default","ast-page-background-meta":{"desktop":{"background-color":"","background-image":"","background-repeat":"repeat","background-position":"center center","background-size":"auto","background-attachment":"scroll","background-type":"","background-media":"","overlay-type":"","overlay-color":"","overlay-opacity":"","overlay-gradient":""},"tablet":{"background-color":"","background-image":"","background-repeat":"repeat","background-position":"center center","background-size":"auto","background-attachment":"scroll","background-type":"","background-media":"","overlay-type":"","overlay-color":"","overlay-opacity":"","overlay-gradient":""},"mobile":{"background-color":"","background-image":"","background-repeat":"repeat","background-position":"center center","background-size":"auto","background-attachment":"scroll","background-type":"","background-media":"","overlay-type":"","overlay-color":"","overlay-opacity":"","overlay-gradient":""}},"ast-content-background-meta":{"desktop":{"background-color":"var(--ast-global-color-5)","background-image":"","background-repeat":"repeat","background-position":"center center","background-size":"auto","background-attachment":"scroll","background-type":"","background-media":"","overlay-type":"","overlay-color":"","overlay-opacity":"","overlay-gradient":""},"tablet":{"background-color":"var(--ast-global-color-5)","background-image":"","background-repeat":"repeat","background-position":"center center","background-size":"auto","background-attachment":"scroll","background-type":"","background-media":"","overlay-type":"","overlay-color":"","overlay-opacity":"","overlay-gradient":""},"mobile":{"background-color":"var(--ast-global-color-5)","background-image":"","background-repeat":"repeat","background-position":"center center","background-size":"auto","background-attachment":"scroll","background-type":"","background-media":"","overlay-type":"","overlay-color":"","overlay-opacity":"","overlay-gradient":""}},"pgc_sgb_lightbox_settings":"","footnotes":""},"class_list":["post-7173","page","type-page","status-publish","hentry"],"acf":[],"yoast_head":"<!-- This site is optimized with the Yoast SEO plugin v24.2 - https:\/\/yoast.com\/wordpress\/plugins\/seo\/ -->\n<title>Restaurante Fresco&#039;s | THE BEACH TULUM HOTEL<\/title>\n<meta name=\"description\" content=\"Estamos felizes em receb\u00ea-lo em nosso novo restaurante de comida saud\u00e1vel, Fresco&#039;s!\" \/>\n<meta name=\"robots\" content=\"index, follow, max-snippet:-1, max-image-preview:large, max-video-preview:-1\" \/>\n<link rel=\"canonical\" href=\"https:\/\/www.thebeach-tulum.com\/pt-br\/frescos\/\" \/>\n<meta property=\"og:locale\" content=\"pt_BR\" \/>\n<meta property=\"og:type\" content=\"article\" \/>\n<meta property=\"og:title\" content=\"Restaurante Fresco&#039;s | THE BEACH TULUM HOTEL\" \/>\n<meta property=\"og:description\" content=\"Estamos felizes em receb\u00ea-lo em nosso novo restaurante de comida saud\u00e1vel, Fresco&#039;s!\" \/>\n<meta property=\"og:url\" content=\"https:\/\/www.thebeach-tulum.com\/pt-br\/frescos\/\" \/>\n<meta property=\"og:site_name\" content=\"The Beach Tulum Hotel\" \/>\n<meta property=\"article:modified_time\" content=\"2026-03-02T19:38:14+00:00\" \/>\n<meta property=\"og:image\" content=\"https:\/\/www.thebeach-tulum.com\/wp-content\/uploads\/2025\/01\/frescos.jpg\" \/>\n\t<meta property=\"og:image:width\" content=\"1920\" \/>\n\t<meta property=\"og:image:height\" content=\"1280\" \/>\n\t<meta property=\"og:image:type\" content=\"image\/jpeg\" \/>\n<meta name=\"twitter:card\" content=\"summary_large_image\" \/>\n<meta name=\"twitter:label1\" content=\"Est. tempo de leitura\" \/>\n\t<meta name=\"twitter:data1\" content=\"4 minutos\" \/>\n<!-- \/ Yoast SEO plugin. -->","yoast_head_json":{"title":"Restaurante Fresco's | THE BEACH TULUM HOTEL","description":"Estamos felizes em receb\u00ea-lo em nosso novo restaurante de comida saud\u00e1vel, Fresco's!","robots":{"index":"index","follow":"follow","max-snippet":"max-snippet:-1","max-image-preview":"max-image-preview:large","max-video-preview":"max-video-preview:-1"},"canonical":"https:\/\/www.thebeach-tulum.com\/pt-br\/frescos\/","og_locale":"pt_BR","og_type":"article","og_title":"Restaurante Fresco's | THE BEACH TULUM HOTEL","og_description":"Estamos felizes em receb\u00ea-lo em nosso novo restaurante de comida saud\u00e1vel, Fresco's!","og_url":"https:\/\/www.thebeach-tulum.com\/pt-br\/frescos\/","og_site_name":"The Beach Tulum Hotel","article_modified_time":"2026-03-02T19:38:14+00:00","og_image":[{"width":1920,"height":1280,"url":"https:\/\/www.thebeach-tulum.com\/wp-content\/uploads\/2025\/01\/frescos.jpg","type":"image\/jpeg"}],"twitter_card":"summary_large_image","twitter_misc":{"Est. tempo de leitura":"4 minutos"},"schema":{"@context":"https:\/\/schema.org","@graph":[{"@type":"WebPage","@id":"https:\/\/www.thebeach-tulum.com\/pt-br\/frescos\/","url":"https:\/\/www.thebeach-tulum.com\/pt-br\/frescos\/","name":"Restaurante Fresco's | THE BEACH TULUM HOTEL","isPartOf":{"@id":"https:\/\/www.thebeach-tulum.com\/pt-br\/#website"},"primaryImageOfPage":{"@id":"https:\/\/www.thebeach-tulum.com\/pt-br\/frescos\/#primaryimage"},"image":{"@id":"https:\/\/www.thebeach-tulum.com\/pt-br\/frescos\/#primaryimage"},"thumbnailUrl":"https:\/\/thebeach-tulum.com\/wp-content\/uploads\/2025\/01\/frescos.jpg","datePublished":"2021-11-02T08:16:21+00:00","dateModified":"2026-03-02T19:38:14+00:00","description":"Estamos felizes em receb\u00ea-lo em nosso novo restaurante de comida saud\u00e1vel, Fresco's!","breadcrumb":{"@id":"https:\/\/www.thebeach-tulum.com\/pt-br\/frescos\/#breadcrumb"},"inLanguage":"pt-BR","potentialAction":[{"@type":"ReadAction","target":["https:\/\/www.thebeach-tulum.com\/pt-br\/frescos\/"]}]},{"@type":"ImageObject","inLanguage":"pt-BR","@id":"https:\/\/www.thebeach-tulum.com\/pt-br\/frescos\/#primaryimage","url":"https:\/\/thebeach-tulum.com\/wp-content\/uploads\/2025\/01\/frescos.jpg","contentUrl":"https:\/\/thebeach-tulum.com\/wp-content\/uploads\/2025\/01\/frescos.jpg"},{"@type":"BreadcrumbList","@id":"https:\/\/www.thebeach-tulum.com\/pt-br\/frescos\/#breadcrumb","itemListElement":[{"@type":"ListItem","position":1,"name":"Home","item":"https:\/\/www.thebeach-tulum.com\/pt-br\/"},{"@type":"ListItem","position":2,"name":"Fresco&#8217;s"}]},{"@type":"WebSite","@id":"https:\/\/www.thebeach-tulum.com\/pt-br\/#website","url":"https:\/\/www.thebeach-tulum.com\/pt-br\/","name":"The Beach Tulum Hotel","description":"Adult only Hotel in Tulum, Riviera Maya","publisher":{"@id":"https:\/\/www.thebeach-tulum.com\/pt-br\/#organization"},"potentialAction":[{"@type":"SearchAction","target":{"@type":"EntryPoint","urlTemplate":"https:\/\/www.thebeach-tulum.com\/pt-br\/?s={search_term_string}"},"query-input":{"@type":"PropertyValueSpecification","valueRequired":true,"valueName":"search_term_string"}}],"inLanguage":"pt-BR"},{"@type":"Organization","@id":"https:\/\/www.thebeach-tulum.com\/pt-br\/#organization","name":"The Beach Tulum Hotel","url":"https:\/\/www.thebeach-tulum.com\/pt-br\/","logo":{"@type":"ImageObject","inLanguage":"pt-BR","@id":"https:\/\/www.thebeach-tulum.com\/pt-br\/#\/schema\/logo\/image\/","url":"https:\/\/www.thebeach-tulum.com\/wp-content\/uploads\/2021\/05\/the-beach-tulum_logo_blue.png","contentUrl":"https:\/\/www.thebeach-tulum.com\/wp-content\/uploads\/2021\/05\/the-beach-tulum_logo_blue.png","width":295,"height":100,"caption":"The Beach Tulum Hotel"},"image":{"@id":"https:\/\/www.thebeach-tulum.com\/pt-br\/#\/schema\/logo\/image\/"}}]}},"uagb_featured_image_src":{"full":false,"thumbnail":false,"medium":false,"medium_large":false,"large":false,"gs-tiny":false,"xl":false,"xxl":false,"xxxl":false,"xxxxl":false,"xxxxxl":false,"1536x1536":false,"2048x2048":false,"es_600":false,"es_1024":false,"es_1200":false,"blog":false,"gallery_es":false},"uagb_author_info":{"display_name":"TheBeachTulum","author_link":"https:\/\/www.thebeach-tulum.com\/pt-br\/author\/thebeachtulum\/"},"uagb_comment_info":0,"uagb_excerpt":"Fresco&#8217;s Deliciosa comida org\u00e2nica Reserve um tempo para fazer o que deixa sua alma feliz! Como disse um cliente, \u201cagrad\u00e1vel \u00e0 vista e \u00e0s papilas gustativas\u201d. Bem-vindo ao Fresco&#8217;s, sua op\u00e7\u00e3o de comida saud\u00e1vel para o caf\u00e9 da manh\u00e3 ou almo\u00e7o. Cor, sabor, textura e criatividade em todas as nossas receitas. Junte-se a n\u00f3s no&hellip;","_links":{"self":[{"href":"https:\/\/www.thebeach-tulum.com\/pt-br\/wp-json\/wp\/v2\/pages\/7173","targetHints":{"allow":["GET"]}}],"collection":[{"href":"https:\/\/www.thebeach-tulum.com\/pt-br\/wp-json\/wp\/v2\/pages"}],"about":[{"href":"https:\/\/www.thebeach-tulum.com\/pt-br\/wp-json\/wp\/v2\/types\/page"}],"author":[{"embeddable":true,"href":"https:\/\/www.thebeach-tulum.com\/pt-br\/wp-json\/wp\/v2\/users\/5"}],"replies":[{"embeddable":true,"href":"https:\/\/www.thebeach-tulum.com\/pt-br\/wp-json\/wp\/v2\/comments?post=7173"}],"version-history":[{"count":7,"href":"https:\/\/www.thebeach-tulum.com\/pt-br\/wp-json\/wp\/v2\/pages\/7173\/revisions"}],"predecessor-version":[{"id":40361,"href":"https:\/\/www.thebeach-tulum.com\/pt-br\/wp-json\/wp\/v2\/pages\/7173\/revisions\/40361"}],"wp:attachment":[{"href":"https:\/\/www.thebeach-tulum.com\/pt-br\/wp-json\/wp\/v2\/media?parent=7173"}],"curies":[{"name":"wp","href":"https:\/\/api.w.org\/{rel}","templated":true}]}}