{"id":7198,"date":"2021-10-06T14:53:59","date_gmt":"2021-10-06T14:53:59","guid":{"rendered":"\/\/www.thebeach-tulum.com\/reservation-policy\/"},"modified":"2022-03-25T12:30:14","modified_gmt":"2022-03-25T12:30:14","slug":"politica-de-reserva","status":"publish","type":"page","link":"https:\/\/www.thebeach-tulum.com\/pt-br\/politica-de-reserva\/","title":{"rendered":"Pol\u00edtica de reserva"},"content":{"rendered":"<div class=\"gb-container gb-container-ec36b67a bt-hero\"><div class=\"gb-inside-container\">\n<div class=\"gb-container gb-container-1796a482 bt-hero__image\"><div class=\"gb-inside-container\">\n\n<figure class=\"wp-block-image size-full\"><img decoding=\"async\" width=\"1798\" height=\"1200\" src=\"https:\/\/www.thebeach-tulum.com\/wp-content\/uploads\/2021\/10\/faq_1.jpg\" alt=\"\" class=\"wp-image-4040\" srcset=\"https:\/\/www.thebeach-tulum.com\/wp-content\/uploads\/2021\/10\/faq_1.jpg 1798w, https:\/\/www.thebeach-tulum.com\/wp-content\/uploads\/2021\/10\/faq_1-300x200.jpg 300w, https:\/\/www.thebeach-tulum.com\/wp-content\/uploads\/2021\/10\/faq_1-768x513.jpg 768w, https:\/\/www.thebeach-tulum.com\/wp-content\/uploads\/2021\/10\/faq_1-1600x1068.jpg 1600w, https:\/\/www.thebeach-tulum.com\/wp-content\/uploads\/2021\/10\/faq_1-1536x1025.jpg 1536w, https:\/\/www.thebeach-tulum.com\/wp-content\/uploads\/2021\/10\/faq_1-1024x683.jpg 1024w\" sizes=\"(max-width: 1798px) 100vw, 1798px\" \/><\/figure>\n\n<\/div><\/div>\n\n<div class=\"yoast-breadcrumbs bt-gutter--left\"><span><span><a href=\"https:\/\/www.thebeach-tulum.com\/pt-br\/\">Home<\/a><\/span> &gt; <span class=\"breadcrumb_last\" aria-current=\"page\">Pol\u00edtica de reserva<\/span><\/span><\/div>\n\n\n<h1 class=\"gb-headline gb-headline-f418fac2 gb-headline-text bt-gutter--left\">Pol\u00edtica de reserva<\/h1>\n\n<\/div><\/div>\n\n<div class=\"gb-container gb-container-047e9928 bt-gutter\"><div class=\"gb-inside-container\">\n<div class=\"gb-container gb-container-5d725c83 bt-columns--two\"><div class=\"gb-inside-container\">\n\n<ol class=\"bt-list--spaced wp-block-list\"><li>A hora de entrada e sempre as 15hs00. A hora da sa\u00edda \u00e9 sempre as 12hs00. Se o quarto estiver a disposi\u00e7\u00e3o antes das 15hs00 o registro poder\u00e1 ser feito de imediatamente, caso contr\u00e1rio o nosso pessoal lhe dar\u00e1 toalhas para que possa desfrutar e relaxar na praia enquanto espera. A solicita\u00e7\u00e3o de sa\u00eddas posticipadas devem ser confirmadas atrav\u00e9s do nosso pessoal da recep\u00e7\u00e3oe depender\u00e1 da disponibilidade dos quartos.<\/li><li>Animais de estima\u00e7\u00e3o n\u00e3o s\u00e3o permitidos nas instala\u00e7\u00f5es do hotel.<\/li><li>Todas as ofertas s\u00e3o v\u00e1lidas na forma individual, por reserva e n\u00e3o podem haver combina\u00e7\u00f5es.<\/li><li>\u00c9 pol\u00edtica interna do hotel, solicitar dep\u00f3sito antecipado de seguran\u00e7a com utiliza\u00e7\u00e3o do cart\u00e3o de cr\u00e9dito ja na entrada no hotel. No sa\u00edda o certo de contas entre os gastos do h\u00f3spede. Em caso de gastos menores o resarcimento ser\u00e1 imediato.<\/li><li>O hotel n\u00e3o aceita reserva de h\u00f3spedes acompanhados por crian\u00e7as. Excepcionalmente quando ocorrer a contrata\u00e7\u00e3o integral dos 28 quartos, ser\u00e3o permitidas crian\u00e7as como acompanhantes. Nestes casos, n\u00e3o haver\u00e1 reembolso da diferen\u00e7a entre os gastos de hospedagem com os dep\u00f3sitos antecipado.<\/li><li>Para garantir a privacidade, relaxamento e seguran\u00e7a de todos os nossos h\u00f3spedes, n\u00e3o s\u00e3o permitidos h\u00f3spedes externos no hotel ou nos quartos. O acesso \u00e9 permitido apenas para h\u00f3spedes registrados que ficam conosco. Voc\u00ea est\u00e1 convidado a conhecer seus convidados em um dos nossos dois restaurantes. Se voc\u00ea est\u00e1 comemorando uma ocasi\u00e3o especial e deseja trazer fornecedores externos ou convidados pessoais, entre em contato conosco antes de reservar para obter mais informa\u00e7\u00f5es.<\/li><li>Recomendamos que todos os nossos h\u00f3spedes que adquiram seguro viagem para o caso de cancelamento de bilhetes a\u00e9reos, especialmente durante a temporada de furac\u00f5es. Como tamb\u00e9m, que o h\u00f3spede seja segurado em caso de acidente, doen\u00e7a, evacua\u00e7\u00e3o m\u00e9dica ou roubo.<\/li><\/ol>\n\n<\/div><\/div>\n<\/div><\/div>\n\n<div class=\"gb-container gb-container-b5085311 bt-gutter\"><div class=\"gb-inside-container\">\n\n<h4 class=\"gb-headline gb-headline-e8162707 gb-headline-text\">See also:<\/h4>\n\n\n\n<p class=\"has-text-color\"><a class=\"bt-button--line\" href=\"\/pt-br\/politica-de-cancelamento\/\">Politica de cancelamento<\/a><\/p>\n\n\n\n<p class=\"has-text-color\"><a class=\"bt-button--line\" href=\"\/pt-br\/politica-de-responsabilidad\/\">Politica de responsabilidad<\/a><\/p>\n\n\n\n<p class=\"has-text-color\"><a class=\"bt-button--line\" href=\"\/pt-br\/seguro-de-viagem\/\">Seguro de viagem<\/a><\/p>\n\n<\/div><\/div>\n\n<div class=\"gb-container gb-container-070d2851 bt-tripadvisor-block\"><div class=\"gb-inside-container\">\n\n<div style=\"width:166px;margin: 0 auto;\"><div id=\"TA_tchotel941\" class=\"TA_tchotel\"><ul id=\"LnbgHoH\" class=\"TA_links egGC2Y\"><li id=\"z1XaoGBv\" class=\"bK012uAA7osq\"><a target=\"_blank\" href=\"https:\/\/www.tripadvisor.com\/Hotel_Review-g23240074-d3979959-Reviews-The_Beach_Tulum_Hotel-Tulum_Beach_Tulum_Yucatan_Peninsula.html\"><img decoding=\"async\" src=\"https:\/\/static.tacdn.com\/img2\/travelers_choice\/widgets\/tchotel_bob_2025_L.png\" alt=\"Tripadvisor\" class=\"false\" id=\"false\"\/><\/a><\/li><\/ul><\/div><script async src=\"https:\/\/www.jscache.com\/wejs?wtype=tchotel&amp;uniq=941&amp;locationId=3979959&amp;lang=en_US&amp;year=2025&amp;display_version=2\" data-loadtrk onload=\"this.loadtrk=true\"><\/script><\/div>\n\n\n\n<p class=\"has-text-align-center\"><a class=\"bt-button--line\" rel=\"noopener\" href=\"https:\/\/www.tripadvisor.com\/Hotel_Review-g23240074-d3979959-Reviews-The_Beach_Tulum_Hotel-Tulum_Beach_Tulum_Yucatan_Peninsula.html\" target=\"_blank\">Encontrar no Tripadvisor<\/a><\/p>\n\n<\/div><\/div>","protected":false},"excerpt":{"rendered":"<p>Pol\u00edtica de reserva A hora de entrada e sempre as 15hs00. A hora da sa\u00edda \u00e9 sempre as 12hs00. Se o quarto estiver a disposi\u00e7\u00e3o antes das 15hs00 o registro poder\u00e1 ser feito de imediatamente, caso contr\u00e1rio o nosso pessoal lhe dar\u00e1 toalhas para que possa desfrutar e relaxar na praia enquanto espera. A solicita\u00e7\u00e3o [&hellip;]<\/p>\n","protected":false},"author":6,"featured_media":0,"parent":0,"menu_order":115,"comment_status":"closed","ping_status":"closed","template":"","meta":{"_acf_changed":false,"_uag_custom_page_level_css":"","site-sidebar-layout":"default","site-content-layout":"default","ast-site-content-layout":"","site-content-style":"default","site-sidebar-style":"default","ast-global-header-display":"","ast-banner-title-visibility":"","ast-main-header-display":"","ast-hfb-above-header-display":"","ast-hfb-below-header-display":"","ast-hfb-mobile-header-display":"","site-post-title":"disabled","ast-breadcrumbs-content":"","ast-featured-img":"","footer-sml-layout":"","theme-transparent-header-meta":"enabled","adv-header-id-meta":"","stick-header-meta":"default","header-above-stick-meta":"","header-main-stick-meta":"","header-below-stick-meta":"","astra-migrate-meta-layouts":"default","ast-page-background-enabled":"default","ast-page-background-meta":{"desktop":{"background-color":"","background-image":"","background-repeat":"repeat","background-position":"center center","background-size":"auto","background-attachment":"scroll","background-type":"","background-media":"","overlay-type":"","overlay-color":"","overlay-opacity":"","overlay-gradient":""},"tablet":{"background-color":"","background-image":"","background-repeat":"repeat","background-position":"center center","background-size":"auto","background-attachment":"scroll","background-type":"","background-media":"","overlay-type":"","overlay-color":"","overlay-opacity":"","overlay-gradient":""},"mobile":{"background-color":"","background-image":"","background-repeat":"repeat","background-position":"center center","background-size":"auto","background-attachment":"scroll","background-type":"","background-media":"","overlay-type":"","overlay-color":"","overlay-opacity":"","overlay-gradient":""}},"ast-content-background-meta":{"desktop":{"background-color":"var(--ast-global-color-5)","background-image":"","background-repeat":"repeat","background-position":"center center","background-size":"auto","background-attachment":"scroll","background-type":"","background-media":"","overlay-type":"","overlay-color":"","overlay-opacity":"","overlay-gradient":""},"tablet":{"background-color":"var(--ast-global-color-5)","background-image":"","background-repeat":"repeat","background-position":"center center","background-size":"auto","background-attachment":"scroll","background-type":"","background-media":"","overlay-type":"","overlay-color":"","overlay-opacity":"","overlay-gradient":""},"mobile":{"background-color":"var(--ast-global-color-5)","background-image":"","background-repeat":"repeat","background-position":"center center","background-size":"auto","background-attachment":"scroll","background-type":"","background-media":"","overlay-type":"","overlay-color":"","overlay-opacity":"","overlay-gradient":""}},"pgc_sgb_lightbox_settings":"","footnotes":""},"class_list":["post-7198","page","type-page","status-publish","hentry"],"acf":[],"yoast_head":"<!-- This site is optimized with the Yoast SEO plugin v24.2 - https:\/\/yoast.com\/wordpress\/plugins\/seo\/ -->\n<title>Pol\u00edtica de reserva | The Beach Tulum Hotel<\/title>\n<meta name=\"robots\" content=\"index, follow, max-snippet:-1, max-image-preview:large, max-video-preview:-1\" \/>\n<link rel=\"canonical\" href=\"https:\/\/www.thebeach-tulum.com\/pt-br\/politica-de-reserva\/\" \/>\n<meta property=\"og:locale\" content=\"pt_BR\" \/>\n<meta property=\"og:type\" content=\"article\" \/>\n<meta property=\"og:title\" content=\"Pol\u00edtica de reserva | The Beach Tulum Hotel\" \/>\n<meta property=\"og:description\" content=\"Pol\u00edtica de reserva A hora de entrada e sempre as 15hs00. A hora da sa\u00edda \u00e9 sempre as 12hs00. Se o quarto estiver a disposi\u00e7\u00e3o antes das 15hs00 o registro poder\u00e1 ser feito de imediatamente, caso contr\u00e1rio o nosso pessoal lhe dar\u00e1 toalhas para que possa desfrutar e relaxar na praia enquanto espera. A solicita\u00e7\u00e3o [&hellip;]\" \/>\n<meta property=\"og:url\" content=\"https:\/\/www.thebeach-tulum.com\/pt-br\/politica-de-reserva\/\" \/>\n<meta property=\"og:site_name\" content=\"The Beach Tulum Hotel\" \/>\n<meta property=\"article:modified_time\" content=\"2022-03-25T12:30:14+00:00\" \/>\n<meta property=\"og:image\" content=\"https:\/\/www.thebeach-tulum.com\/wp-content\/uploads\/2021\/10\/faq_1.jpg\" \/>\n<meta name=\"twitter:card\" content=\"summary_large_image\" \/>\n<meta name=\"twitter:label1\" content=\"Est. tempo de leitura\" \/>\n\t<meta name=\"twitter:data1\" content=\"2 minutos\" \/>\n<!-- \/ Yoast SEO plugin. -->","yoast_head_json":{"title":"Pol\u00edtica de reserva | The Beach Tulum Hotel","robots":{"index":"index","follow":"follow","max-snippet":"max-snippet:-1","max-image-preview":"max-image-preview:large","max-video-preview":"max-video-preview:-1"},"canonical":"https:\/\/www.thebeach-tulum.com\/pt-br\/politica-de-reserva\/","og_locale":"pt_BR","og_type":"article","og_title":"Pol\u00edtica de reserva | The Beach Tulum Hotel","og_description":"Pol\u00edtica de reserva A hora de entrada e sempre as 15hs00. A hora da sa\u00edda \u00e9 sempre as 12hs00. Se o quarto estiver a disposi\u00e7\u00e3o antes das 15hs00 o registro poder\u00e1 ser feito de imediatamente, caso contr\u00e1rio o nosso pessoal lhe dar\u00e1 toalhas para que possa desfrutar e relaxar na praia enquanto espera. A solicita\u00e7\u00e3o [&hellip;]","og_url":"https:\/\/www.thebeach-tulum.com\/pt-br\/politica-de-reserva\/","og_site_name":"The Beach Tulum Hotel","article_modified_time":"2022-03-25T12:30:14+00:00","og_image":[{"url":"https:\/\/www.thebeach-tulum.com\/wp-content\/uploads\/2021\/10\/faq_1.jpg","type":"","width":"","height":""}],"twitter_card":"summary_large_image","twitter_misc":{"Est. tempo de leitura":"2 minutos"},"schema":{"@context":"https:\/\/schema.org","@graph":[{"@type":"WebPage","@id":"https:\/\/www.thebeach-tulum.com\/pt-br\/politica-de-reserva\/","url":"https:\/\/www.thebeach-tulum.com\/pt-br\/politica-de-reserva\/","name":"Pol\u00edtica de reserva | The Beach Tulum Hotel","isPartOf":{"@id":"https:\/\/www.thebeach-tulum.com\/pt-br\/#website"},"primaryImageOfPage":{"@id":"https:\/\/www.thebeach-tulum.com\/pt-br\/politica-de-reserva\/#primaryimage"},"image":{"@id":"https:\/\/www.thebeach-tulum.com\/pt-br\/politica-de-reserva\/#primaryimage"},"thumbnailUrl":"https:\/\/www.thebeach-tulum.com\/wp-content\/uploads\/2021\/10\/faq_1.jpg","datePublished":"2021-10-06T14:53:59+00:00","dateModified":"2022-03-25T12:30:14+00:00","breadcrumb":{"@id":"https:\/\/www.thebeach-tulum.com\/pt-br\/politica-de-reserva\/#breadcrumb"},"inLanguage":"pt-BR","potentialAction":[{"@type":"ReadAction","target":["https:\/\/www.thebeach-tulum.com\/pt-br\/politica-de-reserva\/"]}]},{"@type":"ImageObject","inLanguage":"pt-BR","@id":"https:\/\/www.thebeach-tulum.com\/pt-br\/politica-de-reserva\/#primaryimage","url":"https:\/\/www.thebeach-tulum.com\/wp-content\/uploads\/2021\/10\/faq_1.jpg","contentUrl":"https:\/\/www.thebeach-tulum.com\/wp-content\/uploads\/2021\/10\/faq_1.jpg"},{"@type":"BreadcrumbList","@id":"https:\/\/www.thebeach-tulum.com\/pt-br\/politica-de-reserva\/#breadcrumb","itemListElement":[{"@type":"ListItem","position":1,"name":"Home","item":"https:\/\/www.thebeach-tulum.com\/pt-br\/"},{"@type":"ListItem","position":2,"name":"Pol\u00edtica de reserva"}]},{"@type":"WebSite","@id":"https:\/\/www.thebeach-tulum.com\/pt-br\/#website","url":"https:\/\/www.thebeach-tulum.com\/pt-br\/","name":"The Beach Tulum Hotel","description":"Adult only Hotel in Tulum, Riviera Maya","publisher":{"@id":"https:\/\/www.thebeach-tulum.com\/pt-br\/#organization"},"potentialAction":[{"@type":"SearchAction","target":{"@type":"EntryPoint","urlTemplate":"https:\/\/www.thebeach-tulum.com\/pt-br\/?s={search_term_string}"},"query-input":{"@type":"PropertyValueSpecification","valueRequired":true,"valueName":"search_term_string"}}],"inLanguage":"pt-BR"},{"@type":"Organization","@id":"https:\/\/www.thebeach-tulum.com\/pt-br\/#organization","name":"The Beach Tulum Hotel","url":"https:\/\/www.thebeach-tulum.com\/pt-br\/","logo":{"@type":"ImageObject","inLanguage":"pt-BR","@id":"https:\/\/www.thebeach-tulum.com\/pt-br\/#\/schema\/logo\/image\/","url":"https:\/\/www.thebeach-tulum.com\/wp-content\/uploads\/2021\/05\/the-beach-tulum_logo_blue.png","contentUrl":"https:\/\/www.thebeach-tulum.com\/wp-content\/uploads\/2021\/05\/the-beach-tulum_logo_blue.png","width":295,"height":100,"caption":"The Beach Tulum Hotel"},"image":{"@id":"https:\/\/www.thebeach-tulum.com\/pt-br\/#\/schema\/logo\/image\/"}}]}},"uagb_featured_image_src":{"full":false,"thumbnail":false,"medium":false,"medium_large":false,"large":false,"gs-tiny":false,"xl":false,"xxl":false,"xxxl":false,"xxxxl":false,"xxxxxl":false,"1536x1536":false,"2048x2048":false,"es_600":false,"es_1024":false,"es_1200":false,"blog":false,"gallery_es":false},"uagb_author_info":{"display_name":"Naxa","author_link":"https:\/\/www.thebeach-tulum.com\/pt-br\/author\/luca\/"},"uagb_comment_info":0,"uagb_excerpt":"Pol\u00edtica de reserva A hora de entrada e sempre as 15hs00. A hora da sa\u00edda \u00e9 sempre as 12hs00. Se o quarto estiver a disposi\u00e7\u00e3o antes das 15hs00 o registro poder\u00e1 ser feito de imediatamente, caso contr\u00e1rio o nosso pessoal lhe dar\u00e1 toalhas para que possa desfrutar e relaxar na praia enquanto espera. A solicita\u00e7\u00e3o&hellip;","_links":{"self":[{"href":"https:\/\/www.thebeach-tulum.com\/pt-br\/wp-json\/wp\/v2\/pages\/7198","targetHints":{"allow":["GET"]}}],"collection":[{"href":"https:\/\/www.thebeach-tulum.com\/pt-br\/wp-json\/wp\/v2\/pages"}],"about":[{"href":"https:\/\/www.thebeach-tulum.com\/pt-br\/wp-json\/wp\/v2\/types\/page"}],"author":[{"embeddable":true,"href":"https:\/\/www.thebeach-tulum.com\/pt-br\/wp-json\/wp\/v2\/users\/6"}],"replies":[{"embeddable":true,"href":"https:\/\/www.thebeach-tulum.com\/pt-br\/wp-json\/wp\/v2\/comments?post=7198"}],"version-history":[{"count":0,"href":"https:\/\/www.thebeach-tulum.com\/pt-br\/wp-json\/wp\/v2\/pages\/7198\/revisions"}],"wp:attachment":[{"href":"https:\/\/www.thebeach-tulum.com\/pt-br\/wp-json\/wp\/v2\/media?parent=7198"}],"curies":[{"name":"wp","href":"https:\/\/api.w.org\/{rel}","templated":true}]}}