{"id":7254,"date":"2021-11-02T08:50:01","date_gmt":"2021-11-02T08:50:01","guid":{"rendered":"\/\/www.thebeach-tulum.com\/?page_id=7254"},"modified":"2024-04-18T16:59:11","modified_gmt":"2024-04-18T16:59:11","slug":"transfer-para-o-aeroporto","status":"publish","type":"page","link":"https:\/\/www.thebeach-tulum.com\/pt-br\/transfer-para-o-aeroporto\/","title":{"rendered":"Transfer para o aeroporto"},"content":{"rendered":"<div class=\"gb-container gb-container-ffbc5727 bt-hero\"><div class=\"gb-inside-container\">\n<div class=\"gb-container gb-container-b42db183 bt-hero__image\"><div class=\"gb-inside-container\">\n\n<figure class=\"wp-block-image size-full\"><img decoding=\"async\" width=\"1920\" height=\"1281\" src=\"https:\/\/www.thebeach-tulum.com\/wp-content\/uploads\/2021\/10\/airport-transfer_1.jpg\" alt=\"\" class=\"wp-image-4050\" srcset=\"https:\/\/www.thebeach-tulum.com\/wp-content\/uploads\/2021\/10\/airport-transfer_1.jpg 1920w, https:\/\/www.thebeach-tulum.com\/wp-content\/uploads\/2021\/10\/airport-transfer_1-300x200.jpg 300w, https:\/\/www.thebeach-tulum.com\/wp-content\/uploads\/2021\/10\/airport-transfer_1-768x512.jpg 768w, https:\/\/www.thebeach-tulum.com\/wp-content\/uploads\/2021\/10\/airport-transfer_1-1600x1068.jpg 1600w, https:\/\/www.thebeach-tulum.com\/wp-content\/uploads\/2021\/10\/airport-transfer_1-1536x1025.jpg 1536w, https:\/\/www.thebeach-tulum.com\/wp-content\/uploads\/2021\/10\/airport-transfer_1-1024x683.jpg 1024w\" sizes=\"(max-width: 1920px) 100vw, 1920px\" \/><\/figure>\n\n<\/div><\/div>\n\n<div class=\"yoast-breadcrumbs bt-gutter--left\"><span><span><a href=\"https:\/\/www.thebeach-tulum.com\/pt-br\/\">Home<\/a><\/span> &gt; <span class=\"breadcrumb_last\" aria-current=\"page\">Transfer para o aeroporto<\/span><\/span><\/div>\n\n\n<h1 class=\"gb-headline gb-headline-77b1e4fd gb-headline-text bt-gutter--left\">Transfer para o aeroporto<\/h1>\n\n\n\n<h2 class=\"gb-headline gb-headline-b70ff3f6 gb-headline-text bt-gutter--left\">Teremos o maior prazer em providenciar tudo para voc\u00ea e garantir um in\u00edcio de suas merecidas f\u00e9rias sem estresse.<\/h2>\n\n<\/div><\/div>\n\n<div class=\"gb-container gb-container-45f0d437 bt-gutter\"><div class=\"gb-inside-container\">\n<div class=\"gb-container gb-container-21a32746 bt-columns--two\"><div class=\"gb-inside-container\">\n\n<p>Desfrute de um traslado privativo de ida e volta do <strong>Aeroporto Internacional de Canc\u00fan (CUN) <\/strong>para o The Beach Tulum. Antes que voc\u00ea perceba, voc\u00ea ter\u00e1 os p\u00e9s na areia e nossa equipe alegre do Ziggy&#8217;s trazendo comida saborosa e coquet\u00e9is para matar a sede.<\/p>\n\n\n\n<p>Todos os servi\u00e7os de transporte devem ser solicitados o mais tardar 48 horas antes da data de chegada.<\/p>\n\n\n\n<p>Envie-nos um email parase desejar reservar o servi\u00e7o. Certifique-se de que tem todas as informa\u00e7\u00f5es do voo \u00e0 m\u00e3o para prosseguir com o servi\u00e7o de reserva de transfer privado. Observe que todas as solicita\u00e7\u00f5es de transfer\u00eancia precisam ser confirmadas por e-mail. Nossa equipe de recep\u00e7\u00e3o enviar\u00e1 um e-mail de confirma\u00e7\u00e3o assim que processarmos sua solicita\u00e7\u00e3o. Voc\u00ea pode cobrar o servi\u00e7o de transfer\u00eancia para o seu quarto. Observe que as taxas listadas n\u00e3o incluem gorjeta para os motoristas.<\/p>\n\n\n\n<p>Se voc\u00ea estiver voando para o <strong>Aeroporto Internacional de Tulum (TQO)<\/strong>, entre em contato conosco para saber as tarifas.<\/p>\n\n\n<div class=\"gb-button-wrapper gb-button-wrapper-1945d7fe\">\n\n<a class=\"gb-button gb-button-d4037163 gb-button-text\" href=\"mailto:concierge@thebeach-tulum.com\">reserve o seu transporte<\/a>\n\n<\/div>\n<\/div><\/div>\n<\/div><\/div>\n\n<div class=\"gb-container gb-container-7fc60a47 bt-gutter airport__fares\"><div class=\"gb-inside-container\">\n\n<div class=\"wp-block-columns is-layout-flex wp-container-core-columns-is-layout-28f84493 wp-block-columns-is-layout-flex\">\n<div class=\"wp-block-column is-layout-flow wp-block-column-is-layout-flow\" style=\"flex-basis:50%\">\n<figure class=\"wp-block-table\"><table><thead><tr><th>Transporte Standard<\/th><th>Ida<\/th><th>Ida e volta<\/th><\/tr><\/thead><tbody><tr><td>1 &#8211; 6 passageiros<\/td><td>159 USD<\/td><td><meta charset=\"utf-8\">318 USD<\/td><\/tr><tr><td>7 &#8211; 1 passageiros Minibus<\/td><td><meta charset=\"utf-8\">210 USD<\/td><td><meta charset=\"utf-8\">240 USD<\/td><\/tr><\/tbody><\/table><\/figure>\n\n\n<div class=\"gb-container gb-container-521a5a8a\"><\/div>\n\n\n<h4 class=\"gb-headline gb-headline-59915f6d gb-headline-text\">Inclu\u00eddo em sua transfer\u00eancia:<\/h4>\n\n\n\n<ul class=\"wp-block-list\">\n<li>Carros particulares, ar-condicionado<\/li>\n\n\n\n<li>Wi-fi, carregadores de telefone<\/li>\n\n\n\n<li>Toalhas refrescantes<\/li>\n\n\n\n<li>Garrafas de \u00e1gua de boas-vindas<\/li>\n<\/ul>\n<\/div>\n\n\n\n<div class=\"wp-block-column is-layout-flow wp-block-column-is-layout-flow\" style=\"flex-basis:50%\">\n<figure class=\"wp-block-table is-style-regular\"><table><thead><tr><th><meta charset=\"utf-8\">Servi\u00e7o &amp; Pessoas<\/th><th>Ida<\/th><th>Ida e volta<\/th><\/tr><\/thead><tbody><tr><td>1 \u2013 4 passageiros Mercedes<\/td><td><meta charset=\"utf-8\">197 USD<\/td><td><meta charset=\"utf-8\">394 USD<\/td><\/tr><tr><td>1 &#8211; 6 passageiros High Country<\/td><td>297 USD<\/td><td>594 USD<\/td><\/tr><\/tbody><\/table><\/figure>\n\n\n<div class=\"gb-container gb-container-3bba90d6\"><\/div>\n\n\n<h4 class=\"gb-headline gb-headline-36adc426 gb-headline-text\">Inclu\u00eddo em sua transfer\u00eancia:<\/h4>\n\n\n\n<ul class=\"wp-block-list\">\n<li>Cerveja e \u00e1gua engarrafada<\/li>\n\n\n\n<li>Wi-fi, carregadores de telefone<\/li>\n\n\n\n<li>Assentos de couro<\/li>\n\n\n\n<li>Toalhas molhadas de boas-vindas<\/li>\n\n\n\n<li>Dispositivo GPS para controle de velocidade<\/li>\n\n\n\n<li>Suporte ao cliente 24 horas por dia, 7 dias por semana<\/li>\n<\/ul>\n<\/div>\n<\/div>\n\n<\/div><\/div>\n\n\n<h4 class=\"gb-headline gb-headline-808bb862 gb-headline-text\">Observe:<\/h4>\n\n\n\n<ul class=\"wp-block-list\">\n<li>N\u00e3o h\u00e1 cobran\u00e7a para mudan\u00e7as nos hor\u00e1rios de coleta ou voos de retorno com um m\u00ednimo de 24 horas de anteced\u00eancia<\/li>\n\n\n\n<li>Pol\u00edtica de cancelamento: cancele com at\u00e9 3 dias de anteced\u00eancia sem custo. Cancelamento de 3 a 1 dias antes da chegada, taxa de 100%<\/li>\n\n\n\n<li>N\u00e3o comparecimento: 100% de carga<\/li>\n<\/ul>\n\n\n<div class=\"gb-container gb-container-5407e0b5 bt--columns-two bt-gutter\"><div class=\"gb-inside-container\">\n\n<div class=\"wp-block-columns is-layout-flex wp-container-core-columns-is-layout-28f84493 wp-block-columns-is-layout-flex\">\n<div class=\"wp-block-column is-layout-flow wp-block-column-is-layout-flow\"><div class=\"gb-button-wrapper gb-button-wrapper-19f0030f\">\n\n<a class=\"gb-button gb-button-da7f7fed gb-button-text\" href=\"mailto:concierge@thebeach-tulum.com\">reserve o seu transporte<\/a>\n\n<\/div>\n\n<div class=\"gb-container gb-container-a3233677 bt-gutter--top\"><div class=\"gb-inside-container\"><\/div><\/div><\/div>\n\n\n\n<div class=\"wp-block-column is-layout-flow wp-block-column-is-layout-flow\"><\/div>\n<\/div>\n\n<\/div><\/div>\n\n<div class=\"gb-container gb-container-260431bd bt-padding--double bt-testimonials__container\"><div class=\"gb-inside-container\">\n\n<h2 class=\"gb-headline gb-headline-5b4c009b gb-headline-text\">O que nossos h\u00f3spedes dizem<\/h2>\n\n\n\n<div class=\"wp-block-uagb-testimonial bt-testimonials-block uagb-slick-carousel uagb-tm__arrow-outside uagb-block-e7e575c7\"><div class=\"is-carousel uagb-tm__columns-1 uagb-tm__items\"><div class=\"uagb-testimonial__wrap  uagb-tm__imgicon-style-circle uagb-tm__image-position-bottom uagb-tm__bg-type-none \"><div class=\"uagb-tm__content\"><div class=\"uagb-tm__overlay\"><\/div><div class=\"uagb-tm__text-wrap\"><div class=\"uagb-tm__desc\"><meta charset=\"utf-8\">My fianc\u00e9e and I stayed here for our honeymoon and it was absolutely perfect. The staff was so friendly and accommodating. They even had little surprises set up for us being newlyweds. The rooms were beatific and had all the amenities you need. The location was perfect, too. We will definitely be staying here again.<\/div><div class=\"uagb-tm__meta-inner\"><div class=\"uagb-testimonial-details\"><span class=\"uagb-tm__author-name\"><meta charset=\"utf-8\">rebeccaabraham<\/span><span class=\"uagb-tm__company\">Company1<\/span><\/div><\/div><\/div><\/div><\/div><div class=\"uagb-testimonial__wrap  uagb-tm__imgicon-style-circle uagb-tm__image-position-bottom uagb-tm__bg-type-none \"><div class=\"uagb-tm__content\"><div class=\"uagb-tm__overlay\"><\/div><div class=\"uagb-tm__text-wrap\"><div class=\"uagb-tm__desc\"><meta charset=\"utf-8\">This is our 5th visit to Beach Tulum. We\u2019ve been going to Tulum for 25 years. This is our favorite hotel. The food, the accommodations: all excellent but most of all the staff are the nicest people you\u2019ll ever meet. Any person you walk by will always say hello. And the front desk will help with any reservation you need. My only concern writing this review\u2026 I hope I can make a reservation for next year!<\/div><div class=\"uagb-tm__meta-inner\"><div class=\"uagb-testimonial-details\"><span class=\"uagb-tm__author-name\"><meta charset=\"utf-8\">anboyarphd<\/span><span class=\"uagb-tm__company\">Company2<\/span><\/div><\/div><\/div><\/div><\/div><div class=\"uagb-testimonial__wrap  uagb-tm__imgicon-style-circle uagb-tm__image-position-bottom uagb-tm__bg-type-none \"><div class=\"uagb-tm__content\"><div class=\"uagb-tm__overlay\"><\/div><div class=\"uagb-tm__text-wrap\"><div class=\"uagb-tm__desc\"><meta charset=\"utf-8\">We stayed at The Beach Hotel for our Honeymoon in April 2018 for 5 nights and I wish we could have stayed longer! The staff are so friendly and helpful. The grounds are so well maintained and always looking picture perfect. We arrived to a beautiful room full of rose petals and a bottle of champagne, it was so perfect, we couldn&#8217;t have asked for a better stay. Our room was always cleaned perfectly and nothing was ever a hassle. We would highly recommend this Hotel and we can&#8217;t wait to come back!<\/div><div class=\"uagb-tm__meta-inner\"><div class=\"uagb-testimonial-details\"><span class=\"uagb-tm__author-name\"><meta charset=\"utf-8\">Maria O<\/span><span class=\"uagb-tm__company\">Company3<\/span><\/div><\/div><\/div><\/div><\/div><\/div><\/div>\n\n<\/div><\/div>\n\n<div class=\"gb-container gb-container-070d2851 bt-tripadvisor-block\"><div class=\"gb-inside-container\">\n\n<div style=\"width:166px;margin: 0 auto;\"><div id=\"TA_tchotel941\" class=\"TA_tchotel\"><ul id=\"LnbgHoH\" class=\"TA_links egGC2Y\"><li id=\"z1XaoGBv\" class=\"bK012uAA7osq\"><a target=\"_blank\" href=\"https:\/\/www.tripadvisor.com\/Hotel_Review-g23240074-d3979959-Reviews-The_Beach_Tulum_Hotel-Tulum_Beach_Tulum_Yucatan_Peninsula.html\"><img decoding=\"async\" src=\"https:\/\/static.tacdn.com\/img2\/travelers_choice\/widgets\/tchotel_bob_2025_L.png\" alt=\"Tripadvisor\" class=\"false\" id=\"false\"\/><\/a><\/li><\/ul><\/div><script async src=\"https:\/\/www.jscache.com\/wejs?wtype=tchotel&amp;uniq=941&amp;locationId=3979959&amp;lang=en_US&amp;year=2025&amp;display_version=2\" data-loadtrk onload=\"this.loadtrk=true\"><\/script><\/div>\n\n\n\n<p class=\"has-text-align-center\"><a class=\"bt-button--line\" rel=\"noopener\" href=\"https:\/\/www.tripadvisor.com\/Hotel_Review-g23240074-d3979959-Reviews-The_Beach_Tulum_Hotel-Tulum_Beach_Tulum_Yucatan_Peninsula.html\" target=\"_blank\">Encontrar no Tripadvisor<\/a><\/p>\n\n<\/div><\/div>","protected":false},"excerpt":{"rendered":"<p>Transfer para o aeroporto Teremos o maior prazer em providenciar tudo para voc\u00ea e garantir um in\u00edcio de suas merecidas f\u00e9rias sem estresse. Desfrute de um traslado privativo de ida e volta do Aeroporto Internacional de Canc\u00fan (CUN) para o The Beach Tulum. Antes que voc\u00ea perceba, voc\u00ea ter\u00e1 os p\u00e9s na areia e nossa [&hellip;]<\/p>\n","protected":false},"author":5,"featured_media":0,"parent":0,"menu_order":94,"comment_status":"closed","ping_status":"closed","template":"","meta":{"_acf_changed":false,"_uag_custom_page_level_css":"","site-sidebar-layout":"default","site-content-layout":"default","ast-site-content-layout":"default","site-content-style":"default","site-sidebar-style":"default","ast-global-header-display":"","ast-banner-title-visibility":"","ast-main-header-display":"","ast-hfb-above-header-display":"","ast-hfb-below-header-display":"","ast-hfb-mobile-header-display":"","site-post-title":"disabled","ast-breadcrumbs-content":"","ast-featured-img":"","footer-sml-layout":"","theme-transparent-header-meta":"enabled","adv-header-id-meta":"","stick-header-meta":"default","header-above-stick-meta":"","header-main-stick-meta":"","header-below-stick-meta":"","astra-migrate-meta-layouts":"set","ast-page-background-enabled":"default","ast-page-background-meta":{"desktop":{"background-color":"","background-image":"","background-repeat":"repeat","background-position":"center center","background-size":"auto","background-attachment":"scroll","background-type":"","background-media":"","overlay-type":"","overlay-color":"","overlay-opacity":"","overlay-gradient":""},"tablet":{"background-color":"","background-image":"","background-repeat":"repeat","background-position":"center center","background-size":"auto","background-attachment":"scroll","background-type":"","background-media":"","overlay-type":"","overlay-color":"","overlay-opacity":"","overlay-gradient":""},"mobile":{"background-color":"","background-image":"","background-repeat":"repeat","background-position":"center center","background-size":"auto","background-attachment":"scroll","background-type":"","background-media":"","overlay-type":"","overlay-color":"","overlay-opacity":"","overlay-gradient":""}},"ast-content-background-meta":{"desktop":{"background-color":"var(--ast-global-color-5)","background-image":"","background-repeat":"repeat","background-position":"center center","background-size":"auto","background-attachment":"scroll","background-type":"","background-media":"","overlay-type":"","overlay-color":"","overlay-opacity":"","overlay-gradient":""},"tablet":{"background-color":"var(--ast-global-color-5)","background-image":"","background-repeat":"repeat","background-position":"center center","background-size":"auto","background-attachment":"scroll","background-type":"","background-media":"","overlay-type":"","overlay-color":"","overlay-opacity":"","overlay-gradient":""},"mobile":{"background-color":"var(--ast-global-color-5)","background-image":"","background-repeat":"repeat","background-position":"center center","background-size":"auto","background-attachment":"scroll","background-type":"","background-media":"","overlay-type":"","overlay-color":"","overlay-opacity":"","overlay-gradient":""}},"pgc_sgb_lightbox_settings":"","footnotes":""},"class_list":["post-7254","page","type-page","status-publish","hentry"],"acf":[],"yoast_head":"<!-- This site is optimized with the Yoast SEO plugin v24.2 - https:\/\/yoast.com\/wordpress\/plugins\/seo\/ -->\n<title>Servi\u00e7o de transfer do aeroporto | THE BEACH TULUM HOTEL<\/title>\n<meta name=\"description\" content=\"Traslado privativo de ida e volta do Aeroporto Internacional de Canc\u00fan (CUN) para nosso hotel boutique, La Playa de Tulum.\" \/>\n<meta name=\"robots\" content=\"index, follow, max-snippet:-1, max-image-preview:large, max-video-preview:-1\" \/>\n<link rel=\"canonical\" href=\"https:\/\/www.thebeach-tulum.com\/pt-br\/transfer-para-o-aeroporto\/\" \/>\n<meta property=\"og:locale\" content=\"pt_BR\" \/>\n<meta property=\"og:type\" content=\"article\" \/>\n<meta property=\"og:title\" content=\"Servi\u00e7o de transfer do aeroporto | THE BEACH TULUM HOTEL\" \/>\n<meta property=\"og:description\" content=\"Traslado privativo de ida e volta do Aeroporto Internacional de Canc\u00fan (CUN) para nosso hotel boutique, La Playa de Tulum.\" \/>\n<meta property=\"og:url\" content=\"https:\/\/www.thebeach-tulum.com\/pt-br\/transfer-para-o-aeroporto\/\" \/>\n<meta property=\"og:site_name\" content=\"The Beach Tulum Hotel\" \/>\n<meta property=\"article:modified_time\" content=\"2024-04-18T16:59:11+00:00\" \/>\n<meta property=\"og:image\" content=\"https:\/\/www.thebeach-tulum.com\/wp-content\/uploads\/2021\/10\/airport-transfer_1.jpg\" \/>\n<meta name=\"twitter:card\" content=\"summary_large_image\" \/>\n<meta name=\"twitter:label1\" content=\"Est. tempo de leitura\" \/>\n\t<meta name=\"twitter:data1\" content=\"3 minutos\" \/>\n<!-- \/ Yoast SEO plugin. -->","yoast_head_json":{"title":"Servi\u00e7o de transfer do aeroporto | THE BEACH TULUM HOTEL","description":"Traslado privativo de ida e volta do Aeroporto Internacional de Canc\u00fan (CUN) para nosso hotel boutique, La Playa de Tulum.","robots":{"index":"index","follow":"follow","max-snippet":"max-snippet:-1","max-image-preview":"max-image-preview:large","max-video-preview":"max-video-preview:-1"},"canonical":"https:\/\/www.thebeach-tulum.com\/pt-br\/transfer-para-o-aeroporto\/","og_locale":"pt_BR","og_type":"article","og_title":"Servi\u00e7o de transfer do aeroporto | THE BEACH TULUM HOTEL","og_description":"Traslado privativo de ida e volta do Aeroporto Internacional de Canc\u00fan (CUN) para nosso hotel boutique, La Playa de Tulum.","og_url":"https:\/\/www.thebeach-tulum.com\/pt-br\/transfer-para-o-aeroporto\/","og_site_name":"The Beach Tulum Hotel","article_modified_time":"2024-04-18T16:59:11+00:00","og_image":[{"url":"https:\/\/www.thebeach-tulum.com\/wp-content\/uploads\/2021\/10\/airport-transfer_1.jpg","type":"","width":"","height":""}],"twitter_card":"summary_large_image","twitter_misc":{"Est. tempo de leitura":"3 minutos"},"schema":{"@context":"https:\/\/schema.org","@graph":[{"@type":"WebPage","@id":"https:\/\/www.thebeach-tulum.com\/pt-br\/transfer-para-o-aeroporto\/","url":"https:\/\/www.thebeach-tulum.com\/pt-br\/transfer-para-o-aeroporto\/","name":"Servi\u00e7o de transfer do aeroporto | THE BEACH TULUM HOTEL","isPartOf":{"@id":"https:\/\/www.thebeach-tulum.com\/pt-br\/#website"},"primaryImageOfPage":{"@id":"https:\/\/www.thebeach-tulum.com\/pt-br\/transfer-para-o-aeroporto\/#primaryimage"},"image":{"@id":"https:\/\/www.thebeach-tulum.com\/pt-br\/transfer-para-o-aeroporto\/#primaryimage"},"thumbnailUrl":"https:\/\/www.thebeach-tulum.com\/wp-content\/uploads\/2021\/10\/airport-transfer_1.jpg","datePublished":"2021-11-02T08:50:01+00:00","dateModified":"2024-04-18T16:59:11+00:00","description":"Traslado privativo de ida e volta do Aeroporto Internacional de Canc\u00fan (CUN) para nosso hotel boutique, La Playa de Tulum.","breadcrumb":{"@id":"https:\/\/www.thebeach-tulum.com\/pt-br\/transfer-para-o-aeroporto\/#breadcrumb"},"inLanguage":"pt-BR","potentialAction":[{"@type":"ReadAction","target":["https:\/\/www.thebeach-tulum.com\/pt-br\/transfer-para-o-aeroporto\/"]}]},{"@type":"ImageObject","inLanguage":"pt-BR","@id":"https:\/\/www.thebeach-tulum.com\/pt-br\/transfer-para-o-aeroporto\/#primaryimage","url":"https:\/\/www.thebeach-tulum.com\/wp-content\/uploads\/2021\/10\/airport-transfer_1.jpg","contentUrl":"https:\/\/www.thebeach-tulum.com\/wp-content\/uploads\/2021\/10\/airport-transfer_1.jpg"},{"@type":"BreadcrumbList","@id":"https:\/\/www.thebeach-tulum.com\/pt-br\/transfer-para-o-aeroporto\/#breadcrumb","itemListElement":[{"@type":"ListItem","position":1,"name":"Home","item":"https:\/\/www.thebeach-tulum.com\/pt-br\/"},{"@type":"ListItem","position":2,"name":"Transfer para o aeroporto"}]},{"@type":"WebSite","@id":"https:\/\/www.thebeach-tulum.com\/pt-br\/#website","url":"https:\/\/www.thebeach-tulum.com\/pt-br\/","name":"The Beach Tulum Hotel","description":"Adult only Hotel in Tulum, Riviera Maya","publisher":{"@id":"https:\/\/www.thebeach-tulum.com\/pt-br\/#organization"},"potentialAction":[{"@type":"SearchAction","target":{"@type":"EntryPoint","urlTemplate":"https:\/\/www.thebeach-tulum.com\/pt-br\/?s={search_term_string}"},"query-input":{"@type":"PropertyValueSpecification","valueRequired":true,"valueName":"search_term_string"}}],"inLanguage":"pt-BR"},{"@type":"Organization","@id":"https:\/\/www.thebeach-tulum.com\/pt-br\/#organization","name":"The Beach Tulum Hotel","url":"https:\/\/www.thebeach-tulum.com\/pt-br\/","logo":{"@type":"ImageObject","inLanguage":"pt-BR","@id":"https:\/\/www.thebeach-tulum.com\/pt-br\/#\/schema\/logo\/image\/","url":"https:\/\/www.thebeach-tulum.com\/wp-content\/uploads\/2021\/05\/the-beach-tulum_logo_blue.png","contentUrl":"https:\/\/www.thebeach-tulum.com\/wp-content\/uploads\/2021\/05\/the-beach-tulum_logo_blue.png","width":295,"height":100,"caption":"The Beach Tulum Hotel"},"image":{"@id":"https:\/\/www.thebeach-tulum.com\/pt-br\/#\/schema\/logo\/image\/"}}]}},"uagb_featured_image_src":{"full":false,"thumbnail":false,"medium":false,"medium_large":false,"large":false,"gs-tiny":false,"xl":false,"xxl":false,"xxxl":false,"xxxxl":false,"xxxxxl":false,"1536x1536":false,"2048x2048":false,"es_600":false,"es_1024":false,"es_1200":false,"blog":false,"gallery_es":false},"uagb_author_info":{"display_name":"TheBeachTulum","author_link":"https:\/\/www.thebeach-tulum.com\/pt-br\/author\/thebeachtulum\/"},"uagb_comment_info":0,"uagb_excerpt":"Transfer para o aeroporto Teremos o maior prazer em providenciar tudo para voc\u00ea e garantir um in\u00edcio de suas merecidas f\u00e9rias sem estresse. Desfrute de um traslado privativo de ida e volta do Aeroporto Internacional de Canc\u00fan (CUN) para o The Beach Tulum. Antes que voc\u00ea perceba, voc\u00ea ter\u00e1 os p\u00e9s na areia e nossa&hellip;","_links":{"self":[{"href":"https:\/\/www.thebeach-tulum.com\/pt-br\/wp-json\/wp\/v2\/pages\/7254","targetHints":{"allow":["GET"]}}],"collection":[{"href":"https:\/\/www.thebeach-tulum.com\/pt-br\/wp-json\/wp\/v2\/pages"}],"about":[{"href":"https:\/\/www.thebeach-tulum.com\/pt-br\/wp-json\/wp\/v2\/types\/page"}],"author":[{"embeddable":true,"href":"https:\/\/www.thebeach-tulum.com\/pt-br\/wp-json\/wp\/v2\/users\/5"}],"replies":[{"embeddable":true,"href":"https:\/\/www.thebeach-tulum.com\/pt-br\/wp-json\/wp\/v2\/comments?post=7254"}],"version-history":[{"count":0,"href":"https:\/\/www.thebeach-tulum.com\/pt-br\/wp-json\/wp\/v2\/pages\/7254\/revisions"}],"wp:attachment":[{"href":"https:\/\/www.thebeach-tulum.com\/pt-br\/wp-json\/wp\/v2\/media?parent=7254"}],"curies":[{"name":"wp","href":"https:\/\/api.w.org\/{rel}","templated":true}]}}