{"id":7266,"date":"2021-11-02T08:56:28","date_gmt":"2021-11-02T08:56:28","guid":{"rendered":"\/\/www.thebeach-tulum.com\/?page_id=7266"},"modified":"2021-11-05T16:10:34","modified_gmt":"2021-11-05T16:10:34","slug":"tours","status":"publish","type":"page","link":"https:\/\/www.thebeach-tulum.com\/pt-br\/tours\/","title":{"rendered":"Tours"},"content":{"rendered":"<div class=\"gb-container gb-container-c1917b56 bt-hero\"><div class=\"gb-inside-container\">\n<div class=\"gb-container gb-container-f48a8b1c bt-hero__image\"><div class=\"gb-inside-container\">\n\n<figure class=\"wp-block-image size-full\"><img decoding=\"async\" width=\"1920\" height=\"1280\" src=\"\/\/www.thebeach-tulum.com\/wp-content\/uploads\/2021\/09\/tours-header.jpg\" alt=\"\" class=\"wp-image-3262\" srcset=\"https:\/\/www.thebeach-tulum.com\/wp-content\/uploads\/2021\/09\/tours-header.jpg 1920w, https:\/\/www.thebeach-tulum.com\/wp-content\/uploads\/2021\/09\/tours-header-300x200.jpg 300w, https:\/\/www.thebeach-tulum.com\/wp-content\/uploads\/2021\/09\/tours-header-768x512.jpg 768w, https:\/\/www.thebeach-tulum.com\/wp-content\/uploads\/2021\/09\/tours-header-1600x1067.jpg 1600w, https:\/\/www.thebeach-tulum.com\/wp-content\/uploads\/2021\/09\/tours-header-1536x1024.jpg 1536w, https:\/\/www.thebeach-tulum.com\/wp-content\/uploads\/2021\/09\/tours-header-1024x683.jpg 1024w\" sizes=\"(max-width: 1920px) 100vw, 1920px\" \/><\/figure>\n\n<\/div><\/div>\n\n<div class=\"yoast-breadcrumbs bt-gutter--left\"><span><span><a href=\"https:\/\/www.thebeach-tulum.com\/pt-br\/\">Home<\/a><\/span> &gt; <span class=\"breadcrumb_last\" aria-current=\"page\">Tours<\/span><\/span><\/div>\n\n\n<h1 class=\"gb-headline gb-headline-c07fbdfc gb-headline-text bt-gutter--left\">Tours<\/h1>\n\n\n\n<h2 class=\"gb-headline gb-headline-a7efa387 gb-headline-text bt-gutter--left\">A maravilha da Riviera Maia<\/h2>\n\n<\/div><\/div>\n\n<div class=\"gb-container gb-container-45f0d437 bt-gutter\"><div class=\"gb-inside-container\">\n<div class=\"gb-container gb-container-85dcb45f bt-columns--two\"><div class=\"gb-inside-container\">\n\n<p>Tulum n\u00e3o \u00e9 apenas belas praias, h\u00e1 muito para visitar e aprender sobre este destino \u00fanico. A estrada de Tulum leva \u00e0 Biosfera de Sian Ka&#8217;an, um patrim\u00f4nio da UNESCO que abriga um ecossistema diversificado.<\/p>\n\n\n\n<p>Se preferir hist\u00f3ria, h\u00e1 muitos s\u00edtios arqueol\u00f3gicos que voc\u00ea pode visitar em um dia, desde Cob\u00e1, Muyil at\u00e9 o mundialmente conhecido Chichen Itz\u00e0. Ou visite uma cidade maia, rios subterr\u00e2neos, lagoas ou um dos muitos parques ao longo da costa.<\/p>\n\n<\/div><\/div>\n<\/div><\/div>\n\n<div class=\"gb-container gb-container-7afac967 bt-gutter\"><div class=\"gb-inside-container\">\n<div class=\"gb-grid-wrapper gb-grid-wrapper-7becd888\">\n<div class=\"gb-grid-column gb-grid-column-a435f8cb\"><div class=\"gb-container gb-container-a435f8cb\"><div class=\"gb-inside-container\">\n\n<figure class=\"wp-block-image size-full\"><img decoding=\"async\" width=\"1500\" height=\"1000\" src=\"\/\/www.thebeach-tulum.com\/wp-content\/uploads\/2021\/08\/tours-punta-allen_1.jpg\" alt=\"\" class=\"wp-image-2632\" srcset=\"https:\/\/www.thebeach-tulum.com\/wp-content\/uploads\/2021\/08\/tours-punta-allen_1.jpg 1500w, https:\/\/www.thebeach-tulum.com\/wp-content\/uploads\/2021\/08\/tours-punta-allen_1-300x200.jpg 300w, https:\/\/www.thebeach-tulum.com\/wp-content\/uploads\/2021\/08\/tours-punta-allen_1-768x512.jpg 768w, https:\/\/www.thebeach-tulum.com\/wp-content\/uploads\/2021\/08\/tours-punta-allen_1-1024x683.jpg 1024w\" sizes=\"(max-width: 1500px) 100vw, 1500px\" \/><\/figure>\n\n\n\n<h3 class=\"gb-headline gb-headline-c821a25a gb-headline-text\">Punta Allen<\/h3>\n\n\n\n<p>Aproveite um dia inteiro, do nascer ao p\u00f4r-do-sol em uma turn\u00ea privada para testemunhar a vida selvagem em seu habitat natural. Veja de perto p\u00e1ssaros, golfinhos, tartarugas, crocodilos, raias, peixe-boi e muito mais. Se envolva na vida marinha mergulhando no recife da Mesoam\u00e9rica, o segundo maior recife coralino do mundo. Se o tempo permitir, voc\u00ea tamb\u00e9m poder\u00e1 praticar snorkel em um navio naufrag\u00e0to. Voc\u00ea tamb\u00e9m pode se deliciar com uma gostosa refei\u00e7\u00e3o feita com amor pelas m\u00e3os familia maya em uma vila de pescadores de Punta Allen no Mar do Caribe.<\/p>\n\n<\/div><\/div><\/div>\n\n<div class=\"gb-grid-column gb-grid-column-2ddb34ae\"><div class=\"gb-container gb-container-2ddb34ae\"><div class=\"gb-inside-container\">\n\n<figure class=\"wp-block-image size-full\"><img decoding=\"async\" width=\"1500\" height=\"1000\" src=\"\/\/www.thebeach-tulum.com\/wp-content\/uploads\/2021\/08\/tours-sian-kaan-biosphere-and-maya-ruins_1.jpg\" alt=\"\" class=\"wp-image-2647\" srcset=\"https:\/\/www.thebeach-tulum.com\/wp-content\/uploads\/2021\/08\/tours-sian-kaan-biosphere-and-maya-ruins_1.jpg 1500w, https:\/\/www.thebeach-tulum.com\/wp-content\/uploads\/2021\/08\/tours-sian-kaan-biosphere-and-maya-ruins_1-300x200.jpg 300w, https:\/\/www.thebeach-tulum.com\/wp-content\/uploads\/2021\/08\/tours-sian-kaan-biosphere-and-maya-ruins_1-768x512.jpg 768w, https:\/\/www.thebeach-tulum.com\/wp-content\/uploads\/2021\/08\/tours-sian-kaan-biosphere-and-maya-ruins_1-1024x683.jpg 1024w\" sizes=\"(max-width: 1500px) 100vw, 1500px\" \/><\/figure>\n\n\n\n<h3 class=\"gb-headline gb-headline-bcdd5d06 gb-headline-text\">Biosfera de sian ka&#8217;an y ruinas mayas<\/h3>\n\n\n\n<p>A reserva \u00e9 patrim\u00f3nio da UNESCO que comprende em florestas de terras baixas, savanas inundadas, manguezais e uma parte do segundo maior recife coralino costeiro do mundo. \u00c9 um lugar perfeito para se reconectar com a natureza, atrav\u00e9s de atividades de baixo impacto ambiental e sustentabilidade, preservando com respeito as comunidades rurais locais. Visite seus canais e o sito arqueol\u00f3gico de Muyil.<\/p>\n\n<\/div><\/div><\/div>\n\n<div class=\"gb-grid-column gb-grid-column-2f2dadb4\"><div class=\"gb-container gb-container-2f2dadb4\"><div class=\"gb-inside-container\">\n\n<figure class=\"wp-block-image size-full\"><img decoding=\"async\" width=\"1500\" height=\"1000\" src=\"\/\/www.thebeach-tulum.com\/wp-content\/uploads\/2021\/08\/tours-bird-watching_1.jpg\" alt=\"\" class=\"wp-image-2635\" srcset=\"https:\/\/www.thebeach-tulum.com\/wp-content\/uploads\/2021\/08\/tours-bird-watching_1.jpg 1500w, https:\/\/www.thebeach-tulum.com\/wp-content\/uploads\/2021\/08\/tours-bird-watching_1-300x200.jpg 300w, https:\/\/www.thebeach-tulum.com\/wp-content\/uploads\/2021\/08\/tours-bird-watching_1-768x512.jpg 768w, https:\/\/www.thebeach-tulum.com\/wp-content\/uploads\/2021\/08\/tours-bird-watching_1-1024x683.jpg 1024w\" sizes=\"(max-width: 1500px) 100vw, 1500px\" \/><\/figure>\n\n\n\n<h3 class=\"gb-headline gb-headline-fb18726f gb-headline-text\">Observaci\u00f3n de aves<\/h3>\n\n\n\n<p>Visite as duas lagoas e siga os canais naturais do manguezal at\u00e9 chegar \u00e0 ponte que liga ao mar Caraibico, onde poder\u00e1 admirar os peixes-boi, crocodilos, raias, e muitas variedades de peixes e esp\u00e9cies de aves. Descubra a flora e a hist\u00f3ria da Biosfera. Visite uma ilha de nidifica\u00e7\u00e3o muito especial, onde muitas esp\u00e9cies de aves em sua rota migrat\u00f3ria a usam como seus lares. Ao seu regresso ao calar do dia aproveite do espetacular p\u00f4r do sol iluminando as \u00e1guas da Lagoa.<\/p>\n\n<\/div><\/div><\/div>\n<\/div>\n<\/div><\/div>\n\n<div class=\"gb-container gb-container-c66c5873 bt-gutter\"><div class=\"gb-inside-container\">\n<div class=\"gb-grid-wrapper gb-grid-wrapper-28cb30a3\">\n<div class=\"gb-grid-column gb-grid-column-cef49e48\"><div class=\"gb-container gb-container-cef49e48\"><div class=\"gb-inside-container\">\n\n<figure class=\"wp-block-image size-full\"><img decoding=\"async\" width=\"1500\" height=\"1000\" src=\"\/\/www.thebeach-tulum.com\/wp-content\/uploads\/2021\/10\/tours-cenote.jpg\" alt=\"\" class=\"wp-image-4143\" srcset=\"https:\/\/www.thebeach-tulum.com\/wp-content\/uploads\/2021\/10\/tours-cenote.jpg 1500w, https:\/\/www.thebeach-tulum.com\/wp-content\/uploads\/2021\/10\/tours-cenote-300x200.jpg 300w, https:\/\/www.thebeach-tulum.com\/wp-content\/uploads\/2021\/10\/tours-cenote-768x512.jpg 768w, https:\/\/www.thebeach-tulum.com\/wp-content\/uploads\/2021\/10\/tours-cenote-1024x683.jpg 1024w\" sizes=\"(max-width: 1500px) 100vw, 1500px\" \/><\/figure>\n\n\n\n<h3 class=\"gb-headline gb-headline-1540bcf2 gb-headline-text\">Cenotes<\/h3>\n\n\n\n<p>O fasc\u00ednio pelos cenotes \u00e9 muito antigo: os maias sabiam que eles eram muito especiais e usavam os cheios de \u00e1gua doce como fonte de \u00e1gua, chamando-os de \u201cdzonot\u201d, que significa \u201cpo\u00e7os sagrados\u201d. Ao ar livre ou escondidas em cavernas, s\u00e3o piscinas naturais de \u00e1gua doce ou salgada trazidas por sistemas de cavernas subaqu\u00e1ticas. Um verdadeiro milagre da natureza, voc\u00ea n\u00e3o pode perder um mergulho refrescante em um dos mais de 6.000 em toda a Pen\u00ednsula de Yucat\u00e1n.<\/p>\n\n<\/div><\/div><\/div>\n\n<div class=\"gb-grid-column gb-grid-column-a0f9ca42\"><div class=\"gb-container gb-container-a0f9ca42\"><div class=\"gb-inside-container\">\n\n<figure class=\"wp-block-image size-full\"><img decoding=\"async\" width=\"1500\" height=\"1000\" src=\"\/\/www.thebeach-tulum.com\/wp-content\/uploads\/2021\/08\/tours-coba_1-1.jpg\" alt=\"\" class=\"wp-image-2650\" srcset=\"https:\/\/www.thebeach-tulum.com\/wp-content\/uploads\/2021\/08\/tours-coba_1-1.jpg 1500w, https:\/\/www.thebeach-tulum.com\/wp-content\/uploads\/2021\/08\/tours-coba_1-1-300x200.jpg 300w, https:\/\/www.thebeach-tulum.com\/wp-content\/uploads\/2021\/08\/tours-coba_1-1-768x512.jpg 768w, https:\/\/www.thebeach-tulum.com\/wp-content\/uploads\/2021\/08\/tours-coba_1-1-1024x683.jpg 1024w\" sizes=\"(max-width: 1500px) 100vw, 1500px\" \/><\/figure>\n\n\n\n<h3 class=\"gb-headline gb-headline-5b8ebe07 gb-headline-text\">Coba<\/h3>\n\n\n\n<p>Coba \u00e9 um dos templos mais importantes e uma das maiores cidades mayas do Per\u00edodo Cl\u00e1ssico. A pir\u00e2mide nohuch mu chamado (grande mont\u00edculo) \u00e9 a mais alta no mundo mexicano e a maior da penisola de yucat\u00e1n. No alto do seu t\u00f4po, voc\u00ea pode apreciar uma das mais belas vistas. Coba significa &#8220;\u00e1gua agitada pelo vento\u201d.<\/p>\n\n<\/div><\/div><\/div>\n\n<div class=\"gb-grid-column gb-grid-column-5379745c\"><div class=\"gb-container gb-container-5379745c\"><div class=\"gb-inside-container\">\n\n<figure class=\"wp-block-image size-full\"><img decoding=\"async\" width=\"1500\" height=\"1000\" src=\"\/\/www.thebeach-tulum.com\/wp-content\/uploads\/2021\/08\/tours-mayan-ruins-chichen-itza_1.jpg\" alt=\"\" class=\"wp-image-2641\" srcset=\"https:\/\/www.thebeach-tulum.com\/wp-content\/uploads\/2021\/08\/tours-mayan-ruins-chichen-itza_1.jpg 1500w, https:\/\/www.thebeach-tulum.com\/wp-content\/uploads\/2021\/08\/tours-mayan-ruins-chichen-itza_1-300x200.jpg 300w, https:\/\/www.thebeach-tulum.com\/wp-content\/uploads\/2021\/08\/tours-mayan-ruins-chichen-itza_1-768x512.jpg 768w, https:\/\/www.thebeach-tulum.com\/wp-content\/uploads\/2021\/08\/tours-mayan-ruins-chichen-itza_1-1024x683.jpg 1024w\" sizes=\"(max-width: 1500px) 100vw, 1500px\" \/><\/figure>\n\n\n\n<h3 class=\"gb-headline gb-headline-10cf5d4f gb-headline-text\">Chich\u00e9n Itz\u00e1<\/h3>\n\n\n\n<p>Voc\u00ea n\u00e3o pode ir a yucat\u00e1n e n\u00e3o visitar uma das sete novas maravilhas do mundo, chich\u00e9n itz\u00e1. Aproveite um de seus dias para visitar o sito, alugando um carro particular em companhia de um guia tur\u00edstico especializado. O almo\u00e7o ser\u00e1 servido pelas am\u00e1veis m\u00e3os dos moradores locais, onde pode gustar aut\u00e9nticas receitas mayas. Termine seu dia visitando o maravilhoso cenote x\u2019keken, uma grande forma\u00e7\u00e3o de pedra calc\u00e1rea com estalagmites e estalactites, mostrando um lindo cen\u00e1rio.<\/p>\n\n<\/div><\/div><\/div>\n<\/div>\n<\/div><\/div>\n\n<div class=\"gb-container gb-container-260431bd bt-padding--double bt-testimonials__container\"><div class=\"gb-inside-container\">\n\n<h2 class=\"gb-headline gb-headline-5b4c009b gb-headline-text\">O que nossos h\u00f3spedes dizem<\/h2>\n\n\n\n<div class=\"wp-block-uagb-testimonial bt-testimonials-block uagb-slick-carousel uagb-tm__arrow-outside uagb-block-e7e575c7\"><div class=\"is-carousel uagb-tm__columns-1 uagb-tm__items\"><div class=\"uagb-testimonial__wrap  uagb-tm__imgicon-style-circle uagb-tm__image-position-bottom uagb-tm__bg-type-none \"><div class=\"uagb-tm__content\"><div class=\"uagb-tm__overlay\"><\/div><div class=\"uagb-tm__text-wrap\"><div class=\"uagb-tm__desc\"><meta charset=\"utf-8\">My fianc\u00e9e and I stayed here for our honeymoon and it was absolutely perfect. The staff was so friendly and accommodating. They even had little surprises set up for us being newlyweds. The rooms were beatific and had all the amenities you need. The location was perfect, too. We will definitely be staying here again.<\/div><div class=\"uagb-tm__meta-inner\"><div class=\"uagb-testimonial-details\"><span class=\"uagb-tm__author-name\"><meta charset=\"utf-8\">rebeccaabraham<\/span><span class=\"uagb-tm__company\">Company1<\/span><\/div><\/div><\/div><\/div><\/div><div class=\"uagb-testimonial__wrap  uagb-tm__imgicon-style-circle uagb-tm__image-position-bottom uagb-tm__bg-type-none \"><div class=\"uagb-tm__content\"><div class=\"uagb-tm__overlay\"><\/div><div class=\"uagb-tm__text-wrap\"><div class=\"uagb-tm__desc\"><meta charset=\"utf-8\">This is our 5th visit to Beach Tulum. We\u2019ve been going to Tulum for 25 years. This is our favorite hotel. The food, the accommodations: all excellent but most of all the staff are the nicest people you\u2019ll ever meet. Any person you walk by will always say hello. And the front desk will help with any reservation you need. My only concern writing this review\u2026 I hope I can make a reservation for next year!<\/div><div class=\"uagb-tm__meta-inner\"><div class=\"uagb-testimonial-details\"><span class=\"uagb-tm__author-name\"><meta charset=\"utf-8\">anboyarphd<\/span><span class=\"uagb-tm__company\">Company2<\/span><\/div><\/div><\/div><\/div><\/div><div class=\"uagb-testimonial__wrap  uagb-tm__imgicon-style-circle uagb-tm__image-position-bottom uagb-tm__bg-type-none \"><div class=\"uagb-tm__content\"><div class=\"uagb-tm__overlay\"><\/div><div class=\"uagb-tm__text-wrap\"><div class=\"uagb-tm__desc\"><meta charset=\"utf-8\">We stayed at The Beach Hotel for our Honeymoon in April 2018 for 5 nights and I wish we could have stayed longer! The staff are so friendly and helpful. The grounds are so well maintained and always looking picture perfect. We arrived to a beautiful room full of rose petals and a bottle of champagne, it was so perfect, we couldn&#8217;t have asked for a better stay. Our room was always cleaned perfectly and nothing was ever a hassle. We would highly recommend this Hotel and we can&#8217;t wait to come back!<\/div><div class=\"uagb-tm__meta-inner\"><div class=\"uagb-testimonial-details\"><span class=\"uagb-tm__author-name\"><meta charset=\"utf-8\">Maria O<\/span><span class=\"uagb-tm__company\">Company3<\/span><\/div><\/div><\/div><\/div><\/div><\/div><\/div>\n\n<\/div><\/div>\n\n<div class=\"gb-container gb-container-070d2851 bt-tripadvisor-block\"><div class=\"gb-inside-container\">\n\n<div style=\"width:166px;margin: 0 auto;\"><div id=\"TA_tchotel941\" class=\"TA_tchotel\"><ul id=\"LnbgHoH\" class=\"TA_links egGC2Y\"><li id=\"z1XaoGBv\" class=\"bK012uAA7osq\"><a target=\"_blank\" href=\"https:\/\/www.tripadvisor.com\/Hotel_Review-g23240074-d3979959-Reviews-The_Beach_Tulum_Hotel-Tulum_Beach_Tulum_Yucatan_Peninsula.html\"><img decoding=\"async\" src=\"https:\/\/static.tacdn.com\/img2\/travelers_choice\/widgets\/tchotel_bob_2025_L.png\" alt=\"Tripadvisor\" class=\"false\" id=\"false\"\/><\/a><\/li><\/ul><\/div><script async src=\"https:\/\/www.jscache.com\/wejs?wtype=tchotel&amp;uniq=941&amp;locationId=3979959&amp;lang=en_US&amp;year=2025&amp;display_version=2\" data-loadtrk onload=\"this.loadtrk=true\"><\/script><\/div>\n\n\n\n<p class=\"has-text-align-center\"><a class=\"bt-button--line\" rel=\"noopener\" href=\"https:\/\/www.tripadvisor.com\/Hotel_Review-g23240074-d3979959-Reviews-The_Beach_Tulum_Hotel-Tulum_Beach_Tulum_Yucatan_Peninsula.html\" target=\"_blank\">Encontrar no Tripadvisor<\/a><\/p>\n\n<\/div><\/div>","protected":false},"excerpt":{"rendered":"<p>Tours A maravilha da Riviera Maia Tulum n\u00e3o \u00e9 apenas belas praias, h\u00e1 muito para visitar e aprender sobre este destino \u00fanico. A estrada de Tulum leva \u00e0 Biosfera de Sian Ka&#8217;an, um patrim\u00f4nio da UNESCO que abriga um ecossistema diversificado. Se preferir hist\u00f3ria, h\u00e1 muitos s\u00edtios arqueol\u00f3gicos que voc\u00ea pode visitar em um dia, [&hellip;]<\/p>\n","protected":false},"author":5,"featured_media":0,"parent":0,"menu_order":86,"comment_status":"closed","ping_status":"closed","template":"","meta":{"_acf_changed":false,"_uag_custom_page_level_css":"","site-sidebar-layout":"default","site-content-layout":"default","ast-site-content-layout":"","site-content-style":"default","site-sidebar-style":"default","ast-global-header-display":"","ast-banner-title-visibility":"","ast-main-header-display":"","ast-hfb-above-header-display":"","ast-hfb-below-header-display":"","ast-hfb-mobile-header-display":"","site-post-title":"disabled","ast-breadcrumbs-content":"","ast-featured-img":"","footer-sml-layout":"","theme-transparent-header-meta":"enabled","adv-header-id-meta":"","stick-header-meta":"default","header-above-stick-meta":"","header-main-stick-meta":"","header-below-stick-meta":"","astra-migrate-meta-layouts":"default","ast-page-background-enabled":"default","ast-page-background-meta":{"desktop":{"background-color":"","background-image":"","background-repeat":"repeat","background-position":"center center","background-size":"auto","background-attachment":"scroll","background-type":"","background-media":"","overlay-type":"","overlay-color":"","overlay-opacity":"","overlay-gradient":""},"tablet":{"background-color":"","background-image":"","background-repeat":"repeat","background-position":"center center","background-size":"auto","background-attachment":"scroll","background-type":"","background-media":"","overlay-type":"","overlay-color":"","overlay-opacity":"","overlay-gradient":""},"mobile":{"background-color":"","background-image":"","background-repeat":"repeat","background-position":"center center","background-size":"auto","background-attachment":"scroll","background-type":"","background-media":"","overlay-type":"","overlay-color":"","overlay-opacity":"","overlay-gradient":""}},"ast-content-background-meta":{"desktop":{"background-color":"var(--ast-global-color-5)","background-image":"","background-repeat":"repeat","background-position":"center center","background-size":"auto","background-attachment":"scroll","background-type":"","background-media":"","overlay-type":"","overlay-color":"","overlay-opacity":"","overlay-gradient":""},"tablet":{"background-color":"var(--ast-global-color-5)","background-image":"","background-repeat":"repeat","background-position":"center center","background-size":"auto","background-attachment":"scroll","background-type":"","background-media":"","overlay-type":"","overlay-color":"","overlay-opacity":"","overlay-gradient":""},"mobile":{"background-color":"var(--ast-global-color-5)","background-image":"","background-repeat":"repeat","background-position":"center center","background-size":"auto","background-attachment":"scroll","background-type":"","background-media":"","overlay-type":"","overlay-color":"","overlay-opacity":"","overlay-gradient":""}},"pgc_sgb_lightbox_settings":"","footnotes":""},"class_list":["post-7266","page","type-page","status-publish","hentry"],"acf":[],"yoast_head":"<!-- This site is optimized with the Yoast SEO plugin v24.2 - https:\/\/yoast.com\/wordpress\/plugins\/seo\/ -->\n<title>Excurs\u00f5es | THE BEACH TULUM HOTEL<\/title>\n<meta name=\"description\" content=\"Explore as antigas ru\u00ednas de Chichen Itza, Tulum e Coba ou deixe-nos reservar um lugar para voc\u00ea aproveitar a experi\u00eancia!\" \/>\n<meta name=\"robots\" content=\"index, follow, max-snippet:-1, max-image-preview:large, max-video-preview:-1\" \/>\n<link rel=\"canonical\" href=\"https:\/\/www.thebeach-tulum.com\/pt-br\/tours\/\" \/>\n<meta property=\"og:locale\" content=\"pt_BR\" \/>\n<meta property=\"og:type\" content=\"article\" \/>\n<meta property=\"og:title\" content=\"Excurs\u00f5es | THE BEACH TULUM HOTEL\" \/>\n<meta property=\"og:description\" content=\"Explore as antigas ru\u00ednas de Chichen Itza, Tulum e Coba ou deixe-nos reservar um lugar para voc\u00ea aproveitar a experi\u00eancia!\" \/>\n<meta property=\"og:url\" content=\"https:\/\/www.thebeach-tulum.com\/pt-br\/tours\/\" \/>\n<meta property=\"og:site_name\" content=\"The Beach Tulum Hotel\" \/>\n<meta property=\"article:modified_time\" content=\"2021-11-05T16:10:34+00:00\" \/>\n<meta name=\"twitter:card\" content=\"summary_large_image\" \/>\n<meta name=\"twitter:label1\" content=\"Est. tempo de leitura\" \/>\n\t<meta name=\"twitter:data1\" content=\"4 minutos\" \/>\n<!-- \/ Yoast SEO plugin. -->","yoast_head_json":{"title":"Excurs\u00f5es | THE BEACH TULUM HOTEL","description":"Explore as antigas ru\u00ednas de Chichen Itza, Tulum e Coba ou deixe-nos reservar um lugar para voc\u00ea aproveitar a experi\u00eancia!","robots":{"index":"index","follow":"follow","max-snippet":"max-snippet:-1","max-image-preview":"max-image-preview:large","max-video-preview":"max-video-preview:-1"},"canonical":"https:\/\/www.thebeach-tulum.com\/pt-br\/tours\/","og_locale":"pt_BR","og_type":"article","og_title":"Excurs\u00f5es | THE BEACH TULUM HOTEL","og_description":"Explore as antigas ru\u00ednas de Chichen Itza, Tulum e Coba ou deixe-nos reservar um lugar para voc\u00ea aproveitar a experi\u00eancia!","og_url":"https:\/\/www.thebeach-tulum.com\/pt-br\/tours\/","og_site_name":"The Beach Tulum Hotel","article_modified_time":"2021-11-05T16:10:34+00:00","twitter_card":"summary_large_image","twitter_misc":{"Est. tempo de leitura":"4 minutos"},"schema":{"@context":"https:\/\/schema.org","@graph":[{"@type":"WebPage","@id":"https:\/\/www.thebeach-tulum.com\/pt-br\/tours\/","url":"https:\/\/www.thebeach-tulum.com\/pt-br\/tours\/","name":"Excurs\u00f5es | THE BEACH TULUM HOTEL","isPartOf":{"@id":"https:\/\/www.thebeach-tulum.com\/pt-br\/#website"},"datePublished":"2021-11-02T08:56:28+00:00","dateModified":"2021-11-05T16:10:34+00:00","description":"Explore as antigas ru\u00ednas de Chichen Itza, Tulum e Coba ou deixe-nos reservar um lugar para voc\u00ea aproveitar a experi\u00eancia!","breadcrumb":{"@id":"https:\/\/www.thebeach-tulum.com\/pt-br\/tours\/#breadcrumb"},"inLanguage":"pt-BR","potentialAction":[{"@type":"ReadAction","target":["https:\/\/www.thebeach-tulum.com\/pt-br\/tours\/"]}]},{"@type":"BreadcrumbList","@id":"https:\/\/www.thebeach-tulum.com\/pt-br\/tours\/#breadcrumb","itemListElement":[{"@type":"ListItem","position":1,"name":"Home","item":"https:\/\/www.thebeach-tulum.com\/pt-br\/"},{"@type":"ListItem","position":2,"name":"Tours"}]},{"@type":"WebSite","@id":"https:\/\/www.thebeach-tulum.com\/pt-br\/#website","url":"https:\/\/www.thebeach-tulum.com\/pt-br\/","name":"The Beach Tulum Hotel","description":"Adult only Hotel in Tulum, Riviera Maya","publisher":{"@id":"https:\/\/www.thebeach-tulum.com\/pt-br\/#organization"},"potentialAction":[{"@type":"SearchAction","target":{"@type":"EntryPoint","urlTemplate":"https:\/\/www.thebeach-tulum.com\/pt-br\/?s={search_term_string}"},"query-input":{"@type":"PropertyValueSpecification","valueRequired":true,"valueName":"search_term_string"}}],"inLanguage":"pt-BR"},{"@type":"Organization","@id":"https:\/\/www.thebeach-tulum.com\/pt-br\/#organization","name":"The Beach Tulum Hotel","url":"https:\/\/www.thebeach-tulum.com\/pt-br\/","logo":{"@type":"ImageObject","inLanguage":"pt-BR","@id":"https:\/\/www.thebeach-tulum.com\/pt-br\/#\/schema\/logo\/image\/","url":"https:\/\/www.thebeach-tulum.com\/wp-content\/uploads\/2021\/05\/the-beach-tulum_logo_blue.png","contentUrl":"https:\/\/www.thebeach-tulum.com\/wp-content\/uploads\/2021\/05\/the-beach-tulum_logo_blue.png","width":295,"height":100,"caption":"The Beach Tulum Hotel"},"image":{"@id":"https:\/\/www.thebeach-tulum.com\/pt-br\/#\/schema\/logo\/image\/"}}]}},"uagb_featured_image_src":{"full":false,"thumbnail":false,"medium":false,"medium_large":false,"large":false,"gs-tiny":false,"xl":false,"xxl":false,"xxxl":false,"xxxxl":false,"xxxxxl":false,"1536x1536":false,"2048x2048":false,"es_600":false,"es_1024":false,"es_1200":false,"blog":false,"gallery_es":false},"uagb_author_info":{"display_name":"TheBeachTulum","author_link":"https:\/\/www.thebeach-tulum.com\/pt-br\/author\/thebeachtulum\/"},"uagb_comment_info":0,"uagb_excerpt":"Tours A maravilha da Riviera Maia Tulum n\u00e3o \u00e9 apenas belas praias, h\u00e1 muito para visitar e aprender sobre este destino \u00fanico. A estrada de Tulum leva \u00e0 Biosfera de Sian Ka&#8217;an, um patrim\u00f4nio da UNESCO que abriga um ecossistema diversificado. Se preferir hist\u00f3ria, h\u00e1 muitos s\u00edtios arqueol\u00f3gicos que voc\u00ea pode visitar em um dia,&hellip;","_links":{"self":[{"href":"https:\/\/www.thebeach-tulum.com\/pt-br\/wp-json\/wp\/v2\/pages\/7266","targetHints":{"allow":["GET"]}}],"collection":[{"href":"https:\/\/www.thebeach-tulum.com\/pt-br\/wp-json\/wp\/v2\/pages"}],"about":[{"href":"https:\/\/www.thebeach-tulum.com\/pt-br\/wp-json\/wp\/v2\/types\/page"}],"author":[{"embeddable":true,"href":"https:\/\/www.thebeach-tulum.com\/pt-br\/wp-json\/wp\/v2\/users\/5"}],"replies":[{"embeddable":true,"href":"https:\/\/www.thebeach-tulum.com\/pt-br\/wp-json\/wp\/v2\/comments?post=7266"}],"version-history":[{"count":0,"href":"https:\/\/www.thebeach-tulum.com\/pt-br\/wp-json\/wp\/v2\/pages\/7266\/revisions"}],"wp:attachment":[{"href":"https:\/\/www.thebeach-tulum.com\/pt-br\/wp-json\/wp\/v2\/media?parent=7266"}],"curies":[{"name":"wp","href":"https:\/\/api.w.org\/{rel}","templated":true}]}}