{"id":8592,"date":"2021-11-05T10:04:00","date_gmt":"2021-11-05T10:04:00","guid":{"rendered":"\/\/www.thebeach-tulum.com\/?page_id=8592"},"modified":"2025-11-06T09:54:40","modified_gmt":"2025-11-06T09:54:40","slug":"quartos","status":"publish","type":"page","link":"https:\/\/www.thebeach-tulum.com\/pt-br\/quartos\/","title":{"rendered":"Quartos"},"content":{"rendered":"<div class=\"gb-container gb-container-d4aa388a bt-hero\"><div class=\"gb-inside-container\">\n<div class=\"gb-container gb-container-745fb175 bt-hero__image\"><div class=\"gb-inside-container\">\n\n<figure class=\"wp-block-image size-full\"><img decoding=\"async\" width=\"1920\" height=\"1279\" src=\"https:\/\/www.thebeach-tulum.com\/wp-content\/uploads\/2025\/01\/the-beach-tulum-drone.jpg\" alt=\"The Beach Tulum Hotel\" class=\"wp-image-35639\" srcset=\"https:\/\/www.thebeach-tulum.com\/wp-content\/uploads\/2025\/01\/the-beach-tulum-drone.jpg 1920w, https:\/\/www.thebeach-tulum.com\/wp-content\/uploads\/2025\/01\/the-beach-tulum-drone-300x200.jpg 300w, https:\/\/www.thebeach-tulum.com\/wp-content\/uploads\/2025\/01\/the-beach-tulum-drone-768x512.jpg 768w, https:\/\/www.thebeach-tulum.com\/wp-content\/uploads\/2025\/01\/the-beach-tulum-drone-50x33.jpg 50w, https:\/\/www.thebeach-tulum.com\/wp-content\/uploads\/2025\/01\/the-beach-tulum-drone-1600x1066.jpg 1600w, https:\/\/www.thebeach-tulum.com\/wp-content\/uploads\/2025\/01\/the-beach-tulum-drone-1536x1023.jpg 1536w, https:\/\/www.thebeach-tulum.com\/wp-content\/uploads\/2025\/01\/the-beach-tulum-drone-600x400.jpg 600w, https:\/\/www.thebeach-tulum.com\/wp-content\/uploads\/2025\/01\/the-beach-tulum-drone-1024x683.jpg 1024w, https:\/\/www.thebeach-tulum.com\/wp-content\/uploads\/2025\/01\/the-beach-tulum-drone-1200x799.jpg 1200w\" sizes=\"(max-width: 1920px) 100vw, 1920px\" \/><\/figure>\n\n<\/div><\/div>\n\n<div class=\"yoast-breadcrumbs bt-gutter--left\"><span><span><a href=\"https:\/\/www.thebeach-tulum.com\/pt-br\/\">Home<\/a><\/span> &gt; <span class=\"breadcrumb_last\" aria-current=\"page\">Quartos<\/span><\/span><\/div>\n\n\n<h1 class=\"gb-headline gb-headline-72fe7986 gb-headline-text bt-gutter--left\">Quartos<\/h1>\n\n\n\n<h2 class=\"gb-headline gb-headline-353d2df9 gb-headline-text bt-gutter--left\">Sente-se, respire e absorva tudo. Oferecemos 3 tipos de quartos, todos \u00e0 beira-mar, a poucos passos da deslumbrante praia de Tulum. Acorde com o som das ondas e desfrute de vistas panor\u00e2micas do oceano de todos os quartos.<\/h2>\n\n<\/div><\/div>\n\n<div class=\"gb-container gb-container-0efe9171 bt-room bt-room--junior-suite\"><div class=\"gb-inside-container\">\n<div class=\"gb-container gb-container-b10f5a61 bt-room__image\"><div class=\"gb-inside-container\"><\/div><\/div>\n\n<div class=\"gb-container gb-container-01354df3 bt-room__content\"><div class=\"gb-inside-container\">\n<div class=\"gb-grid-wrapper gb-grid-wrapper-0a981783\">\n<div class=\"gb-grid-column gb-grid-column-b82c9098\"><div class=\"gb-container gb-container-b82c9098 bt-room__description\"><div class=\"gb-inside-container\">\n\n<h2 class=\"gb-headline gb-headline-0985d6c3 gb-headline-text\"><a href=\"\/es\/habitaciones\/junior-suite\/\">Junior Suite<\/a><\/h2>\n\n\n\n<p>Nossos quartos maiores possuem acesso privativo direto \u00e0 piscina principal do hotel e terra\u00e7o com piscina de imers\u00e3o privativa na frente, literalmente a um passo da praia. Aprecie as vistas espetaculares do mar do seu terra\u00e7o privativo ou do conforto da sua cama.&nbsp;<\/p>\n\n\n<div class=\"gb-button-wrapper gb-button-wrapper-d1b66442\">\n\n<a class=\"gb-button gb-button-e621b776 gb-button-text\" href=\"\/pt-br\/quartos\/junior-suite\/\" target=\"_blank\" rel=\"noopener noreferrer\">Descubra<\/a>\n\n<\/div>\n<\/div><\/div><\/div>\n\n<div class=\"gb-grid-column gb-grid-column-6884c8ea\"><div class=\"gb-container gb-container-6884c8ea bt-room__details\"><div class=\"gb-inside-container\">\n\n<p class=\"bt-room__details--data\">112 m<sup>2<\/sup>\/ 2 pessoas<\/p>\n\n\n\n<ul class=\"wp-block-list bt-room__details--amenities\">\n<li>Em frente \u00e0 praia<\/li>\n\n\n\n<li>Cama King size<\/li>\n\n\n\n<li>Ar-condicionado<\/li>\n\n\n\n<li>Wi-fi<\/li>\n\n\n\n<li>Area de estar<\/li>\n\n\n\n<li>Piscina privada de frente para o mar<\/li>\n\n\n\n<li>Cama de praia privada<\/li>\n\n\n\n<li>Cama de sol com acesso \u00e0 piscina<\/li>\n<\/ul>\n\n\n<div class=\"gb-button-wrapper gb-button-wrapper-21064090\">\n\n<a class=\"gb-button gb-button-6c667a5b gb-button-text\" href=\"https:\/\/reservations.thebeach-tulum.com\/premium\/index.html?id_stile=16543&amp;lingua_int=eng&amp;id_albergo=19624&amp;dc=4301\" target=\"_blank\" rel=\"noopener noreferrer\">Reservar<\/a>\n\n<\/div>\n<\/div><\/div><\/div>\n<\/div>\n<\/div><\/div>\n<\/div><\/div>\n\n<div class=\"gb-container gb-container-5170eb20 bt-room bt-room--rooftop\"><div class=\"gb-inside-container\">\n<div class=\"gb-container gb-container-15e19807\">\n<div class=\"gb-container gb-container-43293156 bt-room__image\"><div class=\"gb-inside-container\">\n\n<div class=\"wp-block-uagb-image uagb-block-6e09bb9a wp-block-uagb-image--layout-default wp-block-uagb-image--effect-static wp-block-uagb-image--align-none\"><figure class=\"wp-block-uagb-image__figure\"><img decoding=\"async\" srcset=\"https:\/\/www.thebeach-tulum.com\/wp-content\/uploads\/2025\/01\/rooftop-1.jpg ,https:\/\/www.thebeach-tulum.com\/wp-content\/uploads\/2025\/01\/rooftop-1.jpg 780w, https:\/\/www.thebeach-tulum.com\/wp-content\/uploads\/2025\/01\/rooftop-1.jpg 360w\" sizes=\"auto, (max-width: 480px) 150px\" src=\"https:\/\/www.thebeach-tulum.com\/wp-content\/uploads\/2025\/01\/rooftop-1.jpg\" alt=\"Rooftop room at The Beach Tulum Hotel\" class=\"uag-image-35729\" width=\"1920\" height=\"1279\" title=\"rooftop 1\" loading=\"lazy\" role=\"img\"\/><\/figure><\/div>\n\n<\/div><\/div>\n<\/div>\n\n<div class=\"gb-container gb-container-cc168782 bt-room__content\"><div class=\"gb-inside-container\">\n<div class=\"gb-grid-wrapper gb-grid-wrapper-cde20bb6\">\n<div class=\"gb-grid-column gb-grid-column-e2d9ec5a\"><div class=\"gb-container gb-container-e2d9ec5a bt-room__description\"><div class=\"gb-inside-container\">\n\n<h2 class=\"gb-headline gb-headline-a60fa566 gb-headline-text\"><a href=\"\/es\/habitaciones\/rooftop\/\">Rooftop<\/a><\/h2>\n\n\n\n<p>Os quartos do primeiro andar oferecem o m\u00e1ximo de privacidade com um terra\u00e7o mobiliado \u00e0 beira-mar e um terra\u00e7o privativo na cobertura com banheira de hidromassagem, sof\u00e1 e espregui\u00e7adeiras. Desfrute da privacidade do banho de sol durante o dia ou da observa\u00e7\u00e3o das estrelas \u00e0 noite.<\/p>\n\n\n<div class=\"gb-button-wrapper gb-button-wrapper-58fde695\">\n\n<a class=\"gb-button gb-button-c3ecf601 gb-button-text\" href=\"\/pt-br\/quartos\/rooftop\/\" target=\"_blank\" rel=\"noopener noreferrer\">Descubra<\/a>\n\n<\/div>\n<\/div><\/div><\/div>\n\n<div class=\"gb-grid-column gb-grid-column-ffb8e775\"><div class=\"gb-container gb-container-ffb8e775 bt-room__details\"><div class=\"gb-inside-container\">\n\n<p class=\"bt-room__details--data\">74 m<sup>2<\/sup> \/ 2 personas<\/p>\n\n\n\n<ul class=\"wp-block-list bt-room__details--amenities\">\n<li>Em frente \u00e0 praia<\/li>\n\n\n\n<li>Cama King size<\/li>\n\n\n\n<li>Ar-condicionado<\/li>\n\n\n\n<li>Wi-fi<\/li>\n\n\n\n<li>Terra\u00e7o mobiliado<\/li>\n\n\n\n<li>Terra\u00e7o na cobertura com sof\u00e1s e banheira<\/li>\n\n\n\n<li>Banheira de hidromassagem privative<\/li>\n\n\n\n<li>Cama de praia privada<\/li>\n<\/ul>\n\n\n<div class=\"gb-button-wrapper gb-button-wrapper-40c197b0\">\n\n<a class=\"gb-button gb-button-c8569418 gb-button-text\" href=\"https:\/\/reservations.thebeach-tulum.com\/premium\/index.html?id_stile=16543&amp;lingua_int=eng&amp;id_albergo=19624&amp;dc=4301\" target=\"_blank\" rel=\"noopener noreferrer\">Reservar<\/a>\n\n<\/div>\n<\/div><\/div><\/div>\n<\/div>\n<\/div><\/div>\n<\/div><\/div>\n\n<div class=\"gb-container gb-container-d7aa0d32 bt-room bt-room--deluxe\"><div class=\"gb-inside-container\">\n<div class=\"gb-container gb-container-9807a428 bt-room__image\"><div class=\"gb-inside-container\"><\/div><\/div>\n\n<div class=\"gb-container gb-container-f0fb86f5 bt-room__content\"><div class=\"gb-inside-container\">\n<div class=\"gb-grid-wrapper gb-grid-wrapper-13b03466\">\n<div class=\"gb-grid-column gb-grid-column-313bbb0e\"><div class=\"gb-container gb-container-313bbb0e bt-room__description\"><div class=\"gb-inside-container\">\n\n<h2 class=\"gb-headline gb-headline-8af06332 gb-headline-text\"><a href=\"\/es\/habitaciones\/deluxe-room\/\">Deluxe Room<\/a><\/h2>\n\n\n\n<p>Vistas infinitas do oceano, belos amanheceres, um deck e piscina privativa que convidam ao inatividade indulgente.<\/p>\n\n\n<div class=\"gb-button-wrapper gb-button-wrapper-6de647d4\">\n\n<a class=\"gb-button gb-button-7cb81d19 gb-button-text\" href=\"\/pt-br\/quartos\/deluxe-room\/\" target=\"_blank\" rel=\"noopener noreferrer\">Descubra<\/a>\n\n<\/div>\n<\/div><\/div><\/div>\n\n<div class=\"gb-grid-column gb-grid-column-f9d1aea0\"><div class=\"gb-container gb-container-f9d1aea0 bt-room__details\"><div class=\"gb-inside-container\">\n\n<p class=\"bt-room__details--data\">56 m<sup>2<\/sup>\/ 2 personas<\/p>\n\n\n\n<ul class=\"wp-block-list bt-room__details--amenities\">\n<li>Em frente \u00e0 praia<\/li>\n\n\n\n<li>Cama King size<\/li>\n\n\n\n<li>Ar-condicionado<\/li>\n\n\n\n<li>Wi-fi<\/li>\n\n\n\n<li>Terra\u00e7o com sof\u00e1 e rede<\/li>\n\n\n\n<li>Piscina privada de frente para o mar<\/li>\n\n\n\n<li>Cama de praia privada<\/li>\n<\/ul>\n\n\n<div class=\"gb-button-wrapper gb-button-wrapper-474d25e4\">\n\n<a class=\"gb-button gb-button-8f4e6670 gb-button-text\" href=\"https:\/\/reservations.thebeach-tulum.com\/premium\/index.html?id_stile=16543&amp;lingua_int=eng&amp;id_albergo=19624&amp;dc=4301\" target=\"_blank\" rel=\"noopener noreferrer\">Reservar<\/a>\n\n<\/div>\n<\/div><\/div><\/div>\n<\/div>\n<\/div><\/div>\n<\/div><\/div>\n\n<div class=\"gb-container gb-container-9d32f9d1 bt-image-block--fullwidth bt-rearrange-mobile\"><div class=\"gb-inside-container\">\n<div class=\"gb-grid-wrapper gb-grid-wrapper-eaf44260\">\n<div class=\"gb-grid-column gb-grid-column-6ce70f63\"><div class=\"gb-container gb-container-6ce70f63 gb-headline gb-headline-4e273ed1 gb-headline-text\"><div class=\"gb-inside-container\">\n<div class=\"gb-container gb-container-8b37eb55 bt-padding\"><div class=\"gb-inside-container\">\n\n<h2 class=\"gb-headline gb-headline-7914495d gb-headline-text\">Uma lua de mel inesquec\u00edvel<\/h2>\n\n\n\n<p class=\"has-text-color\" style=\"color:#252223\">Deixe-nos mim\u00e1-lo em sua lua de mel ou durante sua ocasi\u00e3o especial. Jantares ao luar no seu deck, jantares \u00e0 beira da piscina, pacotes de spa e muito mais.<\/p>\n\n\n\n<p class=\"has-text-color\"><a class=\"bt-button--line\" href=\"\/pt-br\/sua-lua-de-mel-em-tulum\/\">Sua lua de mel<\/a><\/p>\n\n<\/div><\/div>\n<\/div><\/div><\/div>\n\n<div class=\"gb-grid-column gb-grid-column-4c87b589\"><div class=\"gb-container gb-container-4c87b589\"><div class=\"gb-inside-container\"><\/div><\/div><\/div>\n<\/div>\n<\/div><\/div>\n\n<div class=\"gb-container gb-container-260431bd bt-padding--double bt-testimonials__container\"><div class=\"gb-inside-container\">\n\n<h2 class=\"gb-headline gb-headline-5b4c009b gb-headline-text\">O que nossos h\u00f3spedes dizem<\/h2>\n\n\n\n<div class=\"wp-block-uagb-testimonial bt-testimonials-block uagb-slick-carousel uagb-tm__arrow-outside uagb-block-e7e575c7\"><div class=\"is-carousel uagb-tm__columns-1 uagb-tm__items\"><div class=\"uagb-testimonial__wrap  uagb-tm__imgicon-style-circle uagb-tm__image-position-bottom uagb-tm__bg-type-none \"><div class=\"uagb-tm__content\"><div class=\"uagb-tm__overlay\"><\/div><div class=\"uagb-tm__text-wrap\"><div class=\"uagb-tm__desc\"><meta charset=\"utf-8\">My fianc\u00e9e and I stayed here for our honeymoon and it was absolutely perfect. The staff was so friendly and accommodating. They even had little surprises set up for us being newlyweds. The rooms were beatific and had all the amenities you need. The location was perfect, too. We will definitely be staying here again.<\/div><div class=\"uagb-tm__meta-inner\"><div class=\"uagb-testimonial-details\"><span class=\"uagb-tm__author-name\"><meta charset=\"utf-8\">rebeccaabraham<\/span><span class=\"uagb-tm__company\">Company1<\/span><\/div><\/div><\/div><\/div><\/div><div class=\"uagb-testimonial__wrap  uagb-tm__imgicon-style-circle uagb-tm__image-position-bottom uagb-tm__bg-type-none \"><div class=\"uagb-tm__content\"><div class=\"uagb-tm__overlay\"><\/div><div class=\"uagb-tm__text-wrap\"><div class=\"uagb-tm__desc\"><meta charset=\"utf-8\">This is our 5th visit to Beach Tulum. We\u2019ve been going to Tulum for 25 years. This is our favorite hotel. The food, the accommodations: all excellent but most of all the staff are the nicest people you\u2019ll ever meet. Any person you walk by will always say hello. And the front desk will help with any reservation you need. My only concern writing this review\u2026 I hope I can make a reservation for next year!<\/div><div class=\"uagb-tm__meta-inner\"><div class=\"uagb-testimonial-details\"><span class=\"uagb-tm__author-name\"><meta charset=\"utf-8\">anboyarphd<\/span><span class=\"uagb-tm__company\">Company2<\/span><\/div><\/div><\/div><\/div><\/div><div class=\"uagb-testimonial__wrap  uagb-tm__imgicon-style-circle uagb-tm__image-position-bottom uagb-tm__bg-type-none \"><div class=\"uagb-tm__content\"><div class=\"uagb-tm__overlay\"><\/div><div class=\"uagb-tm__text-wrap\"><div class=\"uagb-tm__desc\"><meta charset=\"utf-8\">We stayed at The Beach Hotel for our Honeymoon in April 2018 for 5 nights and I wish we could have stayed longer! The staff are so friendly and helpful. The grounds are so well maintained and always looking picture perfect. We arrived to a beautiful room full of rose petals and a bottle of champagne, it was so perfect, we couldn&#8217;t have asked for a better stay. Our room was always cleaned perfectly and nothing was ever a hassle. We would highly recommend this Hotel and we can&#8217;t wait to come back!<\/div><div class=\"uagb-tm__meta-inner\"><div class=\"uagb-testimonial-details\"><span class=\"uagb-tm__author-name\"><meta charset=\"utf-8\">Maria O<\/span><span class=\"uagb-tm__company\">Company3<\/span><\/div><\/div><\/div><\/div><\/div><\/div><\/div>\n\n<\/div><\/div>\n\n<div class=\"gb-container gb-container-070d2851 bt-tripadvisor-block\"><div class=\"gb-inside-container\">\n\n<div style=\"width:166px;margin: 0 auto;\"><div id=\"TA_tchotel941\" class=\"TA_tchotel\"><ul id=\"LnbgHoH\" class=\"TA_links egGC2Y\"><li id=\"z1XaoGBv\" class=\"bK012uAA7osq\"><a target=\"_blank\" href=\"https:\/\/www.tripadvisor.com\/Hotel_Review-g23240074-d3979959-Reviews-The_Beach_Tulum_Hotel-Tulum_Beach_Tulum_Yucatan_Peninsula.html\"><img decoding=\"async\" src=\"https:\/\/static.tacdn.com\/img2\/travelers_choice\/widgets\/tchotel_bob_2025_L.png\" alt=\"Tripadvisor\" class=\"false\" id=\"false\"\/><\/a><\/li><\/ul><\/div><script async src=\"https:\/\/www.jscache.com\/wejs?wtype=tchotel&amp;uniq=941&amp;locationId=3979959&amp;lang=en_US&amp;year=2025&amp;display_version=2\" data-loadtrk onload=\"this.loadtrk=true\"><\/script><\/div>\n\n\n\n<p class=\"has-text-align-center\"><a class=\"bt-button--line\" rel=\"noopener\" href=\"https:\/\/www.tripadvisor.com\/Hotel_Review-g23240074-d3979959-Reviews-The_Beach_Tulum_Hotel-Tulum_Beach_Tulum_Yucatan_Peninsula.html\" target=\"_blank\">Encontrar no Tripadvisor<\/a><\/p>\n\n<\/div><\/div>\n\n","protected":false},"excerpt":{"rendered":"<p>Quartos Sente-se, respire e absorva tudo. Oferecemos 3 tipos de quartos, todos \u00e0 beira-mar, a poucos passos da deslumbrante praia de Tulum. Acorde com o som das ondas e desfrute de vistas panor\u00e2micas do oceano de todos os quartos.<\/p>\n","protected":false},"author":6,"featured_media":0,"parent":0,"menu_order":13,"comment_status":"closed","ping_status":"closed","template":"","meta":{"_acf_changed":false,"_uag_custom_page_level_css":"","site-sidebar-layout":"default","site-content-layout":"default","ast-site-content-layout":"default","site-content-style":"default","site-sidebar-style":"default","ast-global-header-display":"","ast-banner-title-visibility":"","ast-main-header-display":"","ast-hfb-above-header-display":"","ast-hfb-below-header-display":"","ast-hfb-mobile-header-display":"","site-post-title":"disabled","ast-breadcrumbs-content":"","ast-featured-img":"","footer-sml-layout":"","theme-transparent-header-meta":"enabled","adv-header-id-meta":"","stick-header-meta":"default","header-above-stick-meta":"","header-main-stick-meta":"","header-below-stick-meta":"","astra-migrate-meta-layouts":"set","ast-page-background-enabled":"default","ast-page-background-meta":{"desktop":{"background-color":"","background-image":"","background-repeat":"repeat","background-position":"center center","background-size":"auto","background-attachment":"scroll","background-type":"","background-media":"","overlay-type":"","overlay-color":"","overlay-opacity":"","overlay-gradient":""},"tablet":{"background-color":"","background-image":"","background-repeat":"repeat","background-position":"center center","background-size":"auto","background-attachment":"scroll","background-type":"","background-media":"","overlay-type":"","overlay-color":"","overlay-opacity":"","overlay-gradient":""},"mobile":{"background-color":"","background-image":"","background-repeat":"repeat","background-position":"center center","background-size":"auto","background-attachment":"scroll","background-type":"","background-media":"","overlay-type":"","overlay-color":"","overlay-opacity":"","overlay-gradient":""}},"ast-content-background-meta":{"desktop":{"background-color":"var(--ast-global-color-5)","background-image":"","background-repeat":"repeat","background-position":"center center","background-size":"auto","background-attachment":"scroll","background-type":"","background-media":"","overlay-type":"","overlay-color":"","overlay-opacity":"","overlay-gradient":""},"tablet":{"background-color":"var(--ast-global-color-5)","background-image":"","background-repeat":"repeat","background-position":"center center","background-size":"auto","background-attachment":"scroll","background-type":"","background-media":"","overlay-type":"","overlay-color":"","overlay-opacity":"","overlay-gradient":""},"mobile":{"background-color":"var(--ast-global-color-5)","background-image":"","background-repeat":"repeat","background-position":"center center","background-size":"auto","background-attachment":"scroll","background-type":"","background-media":"","overlay-type":"","overlay-color":"","overlay-opacity":"","overlay-gradient":""}},"pgc_sgb_lightbox_settings":"","footnotes":""},"class_list":["post-8592","page","type-page","status-publish","hentry"],"acf":[],"yoast_head":"<!-- This site is optimized with the Yoast SEO plugin v24.2 - https:\/\/yoast.com\/wordpress\/plugins\/seo\/ -->\n<title>Abitac\u0327o\u0303es e taxas | THE BEACH TULUM HOTEL<\/title>\n<meta name=\"description\" content=\"Desfrute de nossas 6 su\u00edtes deluxe e 8 su\u00edtes j\u00fanior, com vistas espetaculares do mar da sua cama king-size e at\u00e9 mesmo da sua banheira.\" \/>\n<meta name=\"robots\" content=\"index, follow, max-snippet:-1, max-image-preview:large, max-video-preview:-1\" \/>\n<link rel=\"canonical\" href=\"https:\/\/www.thebeach-tulum.com\/pt-br\/quartos\/\" \/>\n<meta property=\"og:locale\" content=\"pt_BR\" \/>\n<meta property=\"og:type\" content=\"article\" \/>\n<meta property=\"og:title\" content=\"Abitac\u0327o\u0303es e taxas | THE BEACH TULUM HOTEL\" \/>\n<meta property=\"og:description\" content=\"Desfrute de nossas 6 su\u00edtes deluxe e 8 su\u00edtes j\u00fanior, com vistas espetaculares do mar da sua cama king-size e at\u00e9 mesmo da sua banheira.\" \/>\n<meta property=\"og:url\" content=\"https:\/\/www.thebeach-tulum.com\/pt-br\/quartos\/\" \/>\n<meta property=\"og:site_name\" content=\"The Beach Tulum Hotel\" \/>\n<meta property=\"article:modified_time\" content=\"2025-11-06T09:54:40+00:00\" \/>\n<meta property=\"og:image\" content=\"https:\/\/www.thebeach-tulum.com\/wp-content\/uploads\/2025\/01\/the-beach-tulum-drone.jpg\" \/>\n<meta name=\"twitter:card\" content=\"summary_large_image\" \/>\n<meta name=\"twitter:label1\" content=\"Est. tempo de leitura\" \/>\n\t<meta name=\"twitter:data1\" content=\"5 minutos\" \/>\n<!-- \/ Yoast SEO plugin. -->","yoast_head_json":{"title":"Abitac\u0327o\u0303es e taxas | THE BEACH TULUM HOTEL","description":"Desfrute de nossas 6 su\u00edtes deluxe e 8 su\u00edtes j\u00fanior, com vistas espetaculares do mar da sua cama king-size e at\u00e9 mesmo da sua banheira.","robots":{"index":"index","follow":"follow","max-snippet":"max-snippet:-1","max-image-preview":"max-image-preview:large","max-video-preview":"max-video-preview:-1"},"canonical":"https:\/\/www.thebeach-tulum.com\/pt-br\/quartos\/","og_locale":"pt_BR","og_type":"article","og_title":"Abitac\u0327o\u0303es e taxas | THE BEACH TULUM HOTEL","og_description":"Desfrute de nossas 6 su\u00edtes deluxe e 8 su\u00edtes j\u00fanior, com vistas espetaculares do mar da sua cama king-size e at\u00e9 mesmo da sua banheira.","og_url":"https:\/\/www.thebeach-tulum.com\/pt-br\/quartos\/","og_site_name":"The Beach Tulum Hotel","article_modified_time":"2025-11-06T09:54:40+00:00","og_image":[{"url":"https:\/\/www.thebeach-tulum.com\/wp-content\/uploads\/2025\/01\/the-beach-tulum-drone.jpg","type":"","width":"","height":""}],"twitter_card":"summary_large_image","twitter_misc":{"Est. tempo de leitura":"5 minutos"},"schema":{"@context":"https:\/\/schema.org","@graph":[{"@type":"WebPage","@id":"https:\/\/www.thebeach-tulum.com\/pt-br\/quartos\/","url":"https:\/\/www.thebeach-tulum.com\/pt-br\/quartos\/","name":"Abitac\u0327o\u0303es e taxas | THE BEACH TULUM HOTEL","isPartOf":{"@id":"https:\/\/www.thebeach-tulum.com\/pt-br\/#website"},"primaryImageOfPage":{"@id":"https:\/\/www.thebeach-tulum.com\/pt-br\/quartos\/#primaryimage"},"image":{"@id":"https:\/\/www.thebeach-tulum.com\/pt-br\/quartos\/#primaryimage"},"thumbnailUrl":"https:\/\/www.thebeach-tulum.com\/wp-content\/uploads\/2025\/01\/the-beach-tulum-drone.jpg","datePublished":"2021-11-05T10:04:00+00:00","dateModified":"2025-11-06T09:54:40+00:00","description":"Desfrute de nossas 6 su\u00edtes deluxe e 8 su\u00edtes j\u00fanior, com vistas espetaculares do mar da sua cama king-size e at\u00e9 mesmo da sua banheira.","breadcrumb":{"@id":"https:\/\/www.thebeach-tulum.com\/pt-br\/quartos\/#breadcrumb"},"inLanguage":"pt-BR","potentialAction":[{"@type":"ReadAction","target":["https:\/\/www.thebeach-tulum.com\/pt-br\/quartos\/"]}]},{"@type":"ImageObject","inLanguage":"pt-BR","@id":"https:\/\/www.thebeach-tulum.com\/pt-br\/quartos\/#primaryimage","url":"https:\/\/www.thebeach-tulum.com\/wp-content\/uploads\/2025\/01\/the-beach-tulum-drone.jpg","contentUrl":"https:\/\/www.thebeach-tulum.com\/wp-content\/uploads\/2025\/01\/the-beach-tulum-drone.jpg"},{"@type":"BreadcrumbList","@id":"https:\/\/www.thebeach-tulum.com\/pt-br\/quartos\/#breadcrumb","itemListElement":[{"@type":"ListItem","position":1,"name":"Home","item":"https:\/\/www.thebeach-tulum.com\/pt-br\/"},{"@type":"ListItem","position":2,"name":"Quartos"}]},{"@type":"WebSite","@id":"https:\/\/www.thebeach-tulum.com\/pt-br\/#website","url":"https:\/\/www.thebeach-tulum.com\/pt-br\/","name":"The Beach Tulum Hotel","description":"Adult only Hotel in Tulum, Riviera Maya","publisher":{"@id":"https:\/\/www.thebeach-tulum.com\/pt-br\/#organization"},"potentialAction":[{"@type":"SearchAction","target":{"@type":"EntryPoint","urlTemplate":"https:\/\/www.thebeach-tulum.com\/pt-br\/?s={search_term_string}"},"query-input":{"@type":"PropertyValueSpecification","valueRequired":true,"valueName":"search_term_string"}}],"inLanguage":"pt-BR"},{"@type":"Organization","@id":"https:\/\/www.thebeach-tulum.com\/pt-br\/#organization","name":"The Beach Tulum Hotel","url":"https:\/\/www.thebeach-tulum.com\/pt-br\/","logo":{"@type":"ImageObject","inLanguage":"pt-BR","@id":"https:\/\/www.thebeach-tulum.com\/pt-br\/#\/schema\/logo\/image\/","url":"https:\/\/www.thebeach-tulum.com\/wp-content\/uploads\/2021\/05\/the-beach-tulum_logo_blue.png","contentUrl":"https:\/\/www.thebeach-tulum.com\/wp-content\/uploads\/2021\/05\/the-beach-tulum_logo_blue.png","width":295,"height":100,"caption":"The Beach Tulum Hotel"},"image":{"@id":"https:\/\/www.thebeach-tulum.com\/pt-br\/#\/schema\/logo\/image\/"}}]}},"uagb_featured_image_src":{"full":false,"thumbnail":false,"medium":false,"medium_large":false,"large":false,"gs-tiny":false,"xl":false,"xxl":false,"xxxl":false,"xxxxl":false,"xxxxxl":false,"1536x1536":false,"2048x2048":false,"es_600":false,"es_1024":false,"es_1200":false,"blog":false,"gallery_es":false},"uagb_author_info":{"display_name":"Naxa","author_link":"https:\/\/www.thebeach-tulum.com\/pt-br\/author\/luca\/"},"uagb_comment_info":0,"uagb_excerpt":"Quartos Sente-se, respire e absorva tudo. Oferecemos 3 tipos de quartos, todos \u00e0 beira-mar, a poucos passos da deslumbrante praia de Tulum. Acorde com o som das ondas e desfrute de vistas panor\u00e2micas do oceano de todos os quartos.","_links":{"self":[{"href":"https:\/\/www.thebeach-tulum.com\/pt-br\/wp-json\/wp\/v2\/pages\/8592","targetHints":{"allow":["GET"]}}],"collection":[{"href":"https:\/\/www.thebeach-tulum.com\/pt-br\/wp-json\/wp\/v2\/pages"}],"about":[{"href":"https:\/\/www.thebeach-tulum.com\/pt-br\/wp-json\/wp\/v2\/types\/page"}],"author":[{"embeddable":true,"href":"https:\/\/www.thebeach-tulum.com\/pt-br\/wp-json\/wp\/v2\/users\/6"}],"replies":[{"embeddable":true,"href":"https:\/\/www.thebeach-tulum.com\/pt-br\/wp-json\/wp\/v2\/comments?post=8592"}],"version-history":[{"count":4,"href":"https:\/\/www.thebeach-tulum.com\/pt-br\/wp-json\/wp\/v2\/pages\/8592\/revisions"}],"predecessor-version":[{"id":38902,"href":"https:\/\/www.thebeach-tulum.com\/pt-br\/wp-json\/wp\/v2\/pages\/8592\/revisions\/38902"}],"wp:attachment":[{"href":"https:\/\/www.thebeach-tulum.com\/pt-br\/wp-json\/wp\/v2\/media?parent=8592"}],"curies":[{"name":"wp","href":"https:\/\/api.w.org\/{rel}","templated":true}]}}