{"id":8937,"date":"2021-10-20T15:56:48","date_gmt":"2021-10-20T15:56:48","guid":{"rendered":"\/\/www.thebeach-tulum.com\/travel-insurance\/"},"modified":"2021-11-08T09:46:35","modified_gmt":"2021-11-08T09:46:35","slug":"seguro-de-viagem","status":"publish","type":"page","link":"https:\/\/www.thebeach-tulum.com\/pt-br\/seguro-de-viagem\/","title":{"rendered":"Seguro de viagem"},"content":{"rendered":"<div class=\"gb-container gb-container-ef4d8e1b bt-hero\"><div class=\"gb-inside-container\">\n<div class=\"gb-container gb-container-40e6069e bt-hero__image\"><div class=\"gb-inside-container\">\n\n<figure class=\"wp-block-image size-full\"><img decoding=\"async\" width=\"1798\" height=\"1200\" src=\"https:\/\/www.thebeach-tulum.com\/wp-content\/uploads\/2021\/10\/faq_1.jpg\" alt=\"\" class=\"wp-image-4040\" srcset=\"https:\/\/www.thebeach-tulum.com\/wp-content\/uploads\/2021\/10\/faq_1.jpg 1798w, https:\/\/www.thebeach-tulum.com\/wp-content\/uploads\/2021\/10\/faq_1-300x200.jpg 300w, https:\/\/www.thebeach-tulum.com\/wp-content\/uploads\/2021\/10\/faq_1-768x513.jpg 768w, https:\/\/www.thebeach-tulum.com\/wp-content\/uploads\/2021\/10\/faq_1-1600x1068.jpg 1600w, https:\/\/www.thebeach-tulum.com\/wp-content\/uploads\/2021\/10\/faq_1-1536x1025.jpg 1536w, https:\/\/www.thebeach-tulum.com\/wp-content\/uploads\/2021\/10\/faq_1-1024x683.jpg 1024w\" sizes=\"(max-width: 1798px) 100vw, 1798px\" \/><\/figure>\n\n<\/div><\/div>\n\n<div class=\"yoast-breadcrumbs bt-gutter--left\"><span><span><a href=\"https:\/\/www.thebeach-tulum.com\/pt-br\/\">Home<\/a><\/span> &gt; <span class=\"breadcrumb_last\" aria-current=\"page\">Seguro de viagem<\/span><\/span><\/div>\n\n\n<h1 class=\"gb-headline gb-headline-7f2a92bd gb-headline-text bt-gutter--left\">Seguro de viagem<\/h1>\n\n<\/div><\/div>\n\n<div class=\"gb-container gb-container-047e9928 bt-gutter\"><div class=\"gb-inside-container\">\n<div class=\"gb-container gb-container-5d725c83 bt-columns--two\"><div class=\"gb-inside-container\">\n\n<p>Somos um pequeno hotel com poucos quartos e as nossas pol\u00edticas de cancelamento s\u00e3o bastante r\u00edgidas, por isso, antes de fazer a reserva, recomendamos adquirir um seguro de viagem caso necessite de cancelar, adiar a sua visita ou sair mais cedo. O seguro de viagem geralmente \u00e9 barato e pode evitar muitas preocupa\u00e7\u00f5es.<\/p>\n\n\n\n<p>Embora o hotel n\u00e3o seja respons\u00e1vel por situa\u00e7\u00f5es fora de seu controle, ter um seguro de viagem pode cobrir algumas das seguintes situa\u00e7\u00f5es:<\/p>\n\n\n\n<ul class=\"wp-block-list\"><li>Cancelamento de suas f\u00e9rias em geral<\/li><li>Atrasos ou cancelamentos de voos<\/li><li>Alertas de viagem<\/li><li>Gastos m\u00e9dicos<\/li><li>Em caso de doen\u00e7a durante a viagem<\/li><li>Sa\u00edda antecipada do hotel<\/li><li>Desastres naturais<\/li><\/ul>\n\n\n\n<p>Verifique com sua administradora de cart\u00e3o de cr\u00e9dito, agente de viagens ou seguradora de viagens as op\u00e7\u00f5es e coberturas.Se voc\u00ea \u00e9 um cidad\u00e3o americano, pode visitar este link e verificar suas op\u00e7\u00f5es e adquirir seu seguro de viagem aqui: <a href=\"https:\/\/www.itravelinsured.com\/\">https:\/\/www.itravelinsured.com\/<\/a><\/p>\n\n<\/div><\/div>\n<\/div><\/div>\n\n<div class=\"gb-container gb-container-b5085311 bt-gutter\"><div class=\"gb-inside-container\">\n\n<h4 class=\"gb-headline gb-headline-e8162707 gb-headline-text\">See also:<\/h4>\n\n\n\n<p class=\"has-text-color\"><a class=\"bt-button--line\" href=\"\/pt-br\/politica-de-reserva\/\">Politica de reserva<\/a><\/p>\n\n\n\n<p class=\"has-text-color\"><a class=\"bt-button--line\" href=\"\/pt-br\/politica-de-cancelamento\/\">Politica de cancelamento<\/a><\/p>\n\n\n\n<p class=\"has-text-color\"><a class=\"bt-button--line\" href=\"\/pt-br\/politica-de-responsabilidad\/\">Politica de responsabilidad<\/a><\/p>\n\n<\/div><\/div>\n\n<div class=\"gb-container gb-container-070d2851 bt-tripadvisor-block\"><div class=\"gb-inside-container\">\n\n<div style=\"width:166px;margin: 0 auto;\"><div id=\"TA_tchotel941\" class=\"TA_tchotel\"><ul id=\"LnbgHoH\" class=\"TA_links egGC2Y\"><li id=\"z1XaoGBv\" class=\"bK012uAA7osq\"><a target=\"_blank\" href=\"https:\/\/www.tripadvisor.com\/Hotel_Review-g23240074-d3979959-Reviews-The_Beach_Tulum_Hotel-Tulum_Beach_Tulum_Yucatan_Peninsula.html\"><img decoding=\"async\" src=\"https:\/\/static.tacdn.com\/img2\/travelers_choice\/widgets\/tchotel_bob_2025_L.png\" alt=\"Tripadvisor\" class=\"false\" id=\"false\"\/><\/a><\/li><\/ul><\/div><script async src=\"https:\/\/www.jscache.com\/wejs?wtype=tchotel&amp;uniq=941&amp;locationId=3979959&amp;lang=en_US&amp;year=2025&amp;display_version=2\" data-loadtrk onload=\"this.loadtrk=true\"><\/script><\/div>\n\n\n\n<p class=\"has-text-align-center\"><a class=\"bt-button--line\" rel=\"noopener\" href=\"https:\/\/www.tripadvisor.com\/Hotel_Review-g23240074-d3979959-Reviews-The_Beach_Tulum_Hotel-Tulum_Beach_Tulum_Yucatan_Peninsula.html\" target=\"_blank\">Encontrar no Tripadvisor<\/a><\/p>\n\n<\/div><\/div>","protected":false},"excerpt":{"rendered":"<p>Seguro de viagem Somos um pequeno hotel com poucos quartos e as nossas pol\u00edticas de cancelamento s\u00e3o bastante r\u00edgidas, por isso, antes de fazer a reserva, recomendamos adquirir um seguro de viagem caso necessite de cancelar, adiar a sua visita ou sair mais cedo. O seguro de viagem geralmente \u00e9 barato e pode evitar muitas [&hellip;]<\/p>\n","protected":false},"author":6,"featured_media":0,"parent":0,"menu_order":126,"comment_status":"closed","ping_status":"closed","template":"","meta":{"_acf_changed":false,"_uag_custom_page_level_css":"","site-sidebar-layout":"default","site-content-layout":"default","ast-site-content-layout":"","site-content-style":"default","site-sidebar-style":"default","ast-global-header-display":"","ast-banner-title-visibility":"","ast-main-header-display":"","ast-hfb-above-header-display":"","ast-hfb-below-header-display":"","ast-hfb-mobile-header-display":"","site-post-title":"disabled","ast-breadcrumbs-content":"","ast-featured-img":"","footer-sml-layout":"","theme-transparent-header-meta":"enabled","adv-header-id-meta":"","stick-header-meta":"default","header-above-stick-meta":"","header-main-stick-meta":"","header-below-stick-meta":"","astra-migrate-meta-layouts":"default","ast-page-background-enabled":"default","ast-page-background-meta":{"desktop":{"background-color":"","background-image":"","background-repeat":"repeat","background-position":"center center","background-size":"auto","background-attachment":"scroll","background-type":"","background-media":"","overlay-type":"","overlay-color":"","overlay-opacity":"","overlay-gradient":""},"tablet":{"background-color":"","background-image":"","background-repeat":"repeat","background-position":"center center","background-size":"auto","background-attachment":"scroll","background-type":"","background-media":"","overlay-type":"","overlay-color":"","overlay-opacity":"","overlay-gradient":""},"mobile":{"background-color":"","background-image":"","background-repeat":"repeat","background-position":"center center","background-size":"auto","background-attachment":"scroll","background-type":"","background-media":"","overlay-type":"","overlay-color":"","overlay-opacity":"","overlay-gradient":""}},"ast-content-background-meta":{"desktop":{"background-color":"var(--ast-global-color-5)","background-image":"","background-repeat":"repeat","background-position":"center center","background-size":"auto","background-attachment":"scroll","background-type":"","background-media":"","overlay-type":"","overlay-color":"","overlay-opacity":"","overlay-gradient":""},"tablet":{"background-color":"var(--ast-global-color-5)","background-image":"","background-repeat":"repeat","background-position":"center center","background-size":"auto","background-attachment":"scroll","background-type":"","background-media":"","overlay-type":"","overlay-color":"","overlay-opacity":"","overlay-gradient":""},"mobile":{"background-color":"var(--ast-global-color-5)","background-image":"","background-repeat":"repeat","background-position":"center center","background-size":"auto","background-attachment":"scroll","background-type":"","background-media":"","overlay-type":"","overlay-color":"","overlay-opacity":"","overlay-gradient":""}},"pgc_sgb_lightbox_settings":"","footnotes":""},"class_list":["post-8937","page","type-page","status-publish","hentry"],"acf":[],"yoast_head":"<!-- This site is optimized with the Yoast SEO plugin v24.2 - https:\/\/yoast.com\/wordpress\/plugins\/seo\/ -->\n<title>Seguro de viagem | The Beach Tulum Hotel<\/title>\n<meta name=\"robots\" content=\"index, follow, max-snippet:-1, max-image-preview:large, max-video-preview:-1\" \/>\n<link rel=\"canonical\" href=\"https:\/\/www.thebeach-tulum.com\/pt-br\/seguro-de-viagem\/\" \/>\n<meta property=\"og:locale\" content=\"pt_BR\" \/>\n<meta property=\"og:type\" content=\"article\" \/>\n<meta property=\"og:title\" content=\"Seguro de viagem | The Beach Tulum Hotel\" \/>\n<meta property=\"og:description\" content=\"Seguro de viagem Somos um pequeno hotel com poucos quartos e as nossas pol\u00edticas de cancelamento s\u00e3o bastante r\u00edgidas, por isso, antes de fazer a reserva, recomendamos adquirir um seguro de viagem caso necessite de cancelar, adiar a sua visita ou sair mais cedo. O seguro de viagem geralmente \u00e9 barato e pode evitar muitas [&hellip;]\" \/>\n<meta property=\"og:url\" content=\"https:\/\/www.thebeach-tulum.com\/pt-br\/seguro-de-viagem\/\" \/>\n<meta property=\"og:site_name\" content=\"The Beach Tulum Hotel\" \/>\n<meta property=\"article:modified_time\" content=\"2021-11-08T09:46:35+00:00\" \/>\n<meta property=\"og:image\" content=\"https:\/\/www.thebeach-tulum.com\/wp-content\/uploads\/2021\/10\/faq_1.jpg\" \/>\n<meta name=\"twitter:card\" content=\"summary_large_image\" \/>\n<meta name=\"twitter:label1\" content=\"Est. tempo de leitura\" \/>\n\t<meta name=\"twitter:data1\" content=\"1 minuto\" \/>\n<!-- \/ Yoast SEO plugin. -->","yoast_head_json":{"title":"Seguro de viagem | The Beach Tulum Hotel","robots":{"index":"index","follow":"follow","max-snippet":"max-snippet:-1","max-image-preview":"max-image-preview:large","max-video-preview":"max-video-preview:-1"},"canonical":"https:\/\/www.thebeach-tulum.com\/pt-br\/seguro-de-viagem\/","og_locale":"pt_BR","og_type":"article","og_title":"Seguro de viagem | The Beach Tulum Hotel","og_description":"Seguro de viagem Somos um pequeno hotel com poucos quartos e as nossas pol\u00edticas de cancelamento s\u00e3o bastante r\u00edgidas, por isso, antes de fazer a reserva, recomendamos adquirir um seguro de viagem caso necessite de cancelar, adiar a sua visita ou sair mais cedo. O seguro de viagem geralmente \u00e9 barato e pode evitar muitas [&hellip;]","og_url":"https:\/\/www.thebeach-tulum.com\/pt-br\/seguro-de-viagem\/","og_site_name":"The Beach Tulum Hotel","article_modified_time":"2021-11-08T09:46:35+00:00","og_image":[{"url":"https:\/\/www.thebeach-tulum.com\/wp-content\/uploads\/2021\/10\/faq_1.jpg","type":"","width":"","height":""}],"twitter_card":"summary_large_image","twitter_misc":{"Est. tempo de leitura":"1 minuto"},"schema":{"@context":"https:\/\/schema.org","@graph":[{"@type":"WebPage","@id":"https:\/\/www.thebeach-tulum.com\/pt-br\/seguro-de-viagem\/","url":"https:\/\/www.thebeach-tulum.com\/pt-br\/seguro-de-viagem\/","name":"Seguro de viagem | The Beach Tulum Hotel","isPartOf":{"@id":"https:\/\/www.thebeach-tulum.com\/pt-br\/#website"},"primaryImageOfPage":{"@id":"https:\/\/www.thebeach-tulum.com\/pt-br\/seguro-de-viagem\/#primaryimage"},"image":{"@id":"https:\/\/www.thebeach-tulum.com\/pt-br\/seguro-de-viagem\/#primaryimage"},"thumbnailUrl":"https:\/\/www.thebeach-tulum.com\/wp-content\/uploads\/2021\/10\/faq_1.jpg","datePublished":"2021-10-20T15:56:48+00:00","dateModified":"2021-11-08T09:46:35+00:00","breadcrumb":{"@id":"https:\/\/www.thebeach-tulum.com\/pt-br\/seguro-de-viagem\/#breadcrumb"},"inLanguage":"pt-BR","potentialAction":[{"@type":"ReadAction","target":["https:\/\/www.thebeach-tulum.com\/pt-br\/seguro-de-viagem\/"]}]},{"@type":"ImageObject","inLanguage":"pt-BR","@id":"https:\/\/www.thebeach-tulum.com\/pt-br\/seguro-de-viagem\/#primaryimage","url":"https:\/\/www.thebeach-tulum.com\/wp-content\/uploads\/2021\/10\/faq_1.jpg","contentUrl":"https:\/\/www.thebeach-tulum.com\/wp-content\/uploads\/2021\/10\/faq_1.jpg"},{"@type":"BreadcrumbList","@id":"https:\/\/www.thebeach-tulum.com\/pt-br\/seguro-de-viagem\/#breadcrumb","itemListElement":[{"@type":"ListItem","position":1,"name":"Home","item":"https:\/\/www.thebeach-tulum.com\/pt-br\/"},{"@type":"ListItem","position":2,"name":"Seguro de viagem"}]},{"@type":"WebSite","@id":"https:\/\/www.thebeach-tulum.com\/pt-br\/#website","url":"https:\/\/www.thebeach-tulum.com\/pt-br\/","name":"The Beach Tulum Hotel","description":"Adult only Hotel in Tulum, Riviera Maya","publisher":{"@id":"https:\/\/www.thebeach-tulum.com\/pt-br\/#organization"},"potentialAction":[{"@type":"SearchAction","target":{"@type":"EntryPoint","urlTemplate":"https:\/\/www.thebeach-tulum.com\/pt-br\/?s={search_term_string}"},"query-input":{"@type":"PropertyValueSpecification","valueRequired":true,"valueName":"search_term_string"}}],"inLanguage":"pt-BR"},{"@type":"Organization","@id":"https:\/\/www.thebeach-tulum.com\/pt-br\/#organization","name":"The Beach Tulum Hotel","url":"https:\/\/www.thebeach-tulum.com\/pt-br\/","logo":{"@type":"ImageObject","inLanguage":"pt-BR","@id":"https:\/\/www.thebeach-tulum.com\/pt-br\/#\/schema\/logo\/image\/","url":"https:\/\/www.thebeach-tulum.com\/wp-content\/uploads\/2021\/05\/the-beach-tulum_logo_blue.png","contentUrl":"https:\/\/www.thebeach-tulum.com\/wp-content\/uploads\/2021\/05\/the-beach-tulum_logo_blue.png","width":295,"height":100,"caption":"The Beach Tulum Hotel"},"image":{"@id":"https:\/\/www.thebeach-tulum.com\/pt-br\/#\/schema\/logo\/image\/"}}]}},"uagb_featured_image_src":{"full":false,"thumbnail":false,"medium":false,"medium_large":false,"large":false,"gs-tiny":false,"xl":false,"xxl":false,"xxxl":false,"xxxxl":false,"xxxxxl":false,"1536x1536":false,"2048x2048":false,"es_600":false,"es_1024":false,"es_1200":false,"blog":false,"gallery_es":false},"uagb_author_info":{"display_name":"Naxa","author_link":"https:\/\/www.thebeach-tulum.com\/pt-br\/author\/luca\/"},"uagb_comment_info":0,"uagb_excerpt":"Seguro de viagem Somos um pequeno hotel com poucos quartos e as nossas pol\u00edticas de cancelamento s\u00e3o bastante r\u00edgidas, por isso, antes de fazer a reserva, recomendamos adquirir um seguro de viagem caso necessite de cancelar, adiar a sua visita ou sair mais cedo. O seguro de viagem geralmente \u00e9 barato e pode evitar muitas&hellip;","_links":{"self":[{"href":"https:\/\/www.thebeach-tulum.com\/pt-br\/wp-json\/wp\/v2\/pages\/8937","targetHints":{"allow":["GET"]}}],"collection":[{"href":"https:\/\/www.thebeach-tulum.com\/pt-br\/wp-json\/wp\/v2\/pages"}],"about":[{"href":"https:\/\/www.thebeach-tulum.com\/pt-br\/wp-json\/wp\/v2\/types\/page"}],"author":[{"embeddable":true,"href":"https:\/\/www.thebeach-tulum.com\/pt-br\/wp-json\/wp\/v2\/users\/6"}],"replies":[{"embeddable":true,"href":"https:\/\/www.thebeach-tulum.com\/pt-br\/wp-json\/wp\/v2\/comments?post=8937"}],"version-history":[{"count":0,"href":"https:\/\/www.thebeach-tulum.com\/pt-br\/wp-json\/wp\/v2\/pages\/8937\/revisions"}],"wp:attachment":[{"href":"https:\/\/www.thebeach-tulum.com\/pt-br\/wp-json\/wp\/v2\/media?parent=8937"}],"curies":[{"name":"wp","href":"https:\/\/api.w.org\/{rel}","templated":true}]}}